{"id":7027,"date":"2025-09-09T08:34:40","date_gmt":"2025-09-09T08:34:40","guid":{"rendered":"https:\/\/goldensoarpackage.com\/?post_type=product&#038;p=7027"},"modified":"2025-09-09T08:51:35","modified_gmt":"2025-09-09T08:51:35","slug":"dispensadores-de-locoes-pp-de-frascos-de-bomba-sem-ar","status":"publish","type":"product","link":"https:\/\/goldensoarpackage.com\/pt\/dispensadores-de-locoes-pp-de-frascos-de-bomba-sem-ar\/","title":{"rendered":"Garrafa de Bomba Airless PP Recipiente de Embalagem de Cosm\u00e9ticos | Dispensadores de Lo\u00e7\u00e3o Recarreg\u00e1veis para Serum Creme Shampoo 15ml 30ml 50ml"},"content":{"rendered":"<section style=\"font-family: Inter, Arial, sans-serif; color: #222; line-height: 1.6; width: 100%; margin: 0 auto;\">\n<header style=\"margin-bottom: 12px;\">\n<h1 style=\"font-size: 24px; margin: 0 0 6px 0; color: #0b63ce; text-align: center;\">Recipientes de cosm\u00e9ticos de garrafa de bomba sem ar premium com dispensadores de lo\u00e7\u00e3o recarreg\u00e1veis<\/h1>\n<\/header>\n<p style=\"margin-top: 14px;\">O frasco com bomba airless \u00e9 uma das bombas mais vendidas e mais fi\u00e1veis para embalagens de cosm\u00e9ticos. Equipados com um sistema de bomba de v\u00e1cuo fi\u00e1vel, estes recipientes evitar\u00e3o que os seus produtos (tais como soros, cremes, lo\u00e7\u00f5es e at\u00e9 champ\u00f4s) oxidem e fiquem contaminados, al\u00e9m de evitarem que sejam desperdi\u00e7ados devido ao excesso de distribui\u00e7\u00e3o. Estes dispensadores de lo\u00e7\u00f5es em PP (polipropileno) de alta qualidade oferecem a durabilidade do pl\u00e1stico e um aspeto elegante. Vem em embalagens de 15ml, 30ml, 50ml, o mini frasco a v\u00e1cuo adequado para viagens, para uso no varejo ou em cosm\u00e9ticos profissionais! \u2728<\/p>\n<h2 style=\"font-size: 20px; margin: 18px 0 8px 0; color: #0b63ce;\">Vantagens da garrafa de bomba sem ar<\/h2>\n<ul style=\"margin: 0 0 12px 20px; padding: 0; list-style: disc; color: #333;\">\n<li style=\"margin: 6px 0;\">Fabricado em pl\u00e1stico PP de alta qualidade e amigo do ambiente, com durabilidade duradoura para uma utiliza\u00e7\u00e3o segura dos cosm\u00e9ticos. \u267b\ufe0f<\/li>\n<li style=\"margin: 6px 0;\">Dispon\u00edvel em 3 tamanhos pr\u00e1ticos: <strong>15ml, 30ml, 50ml<\/strong>. \ud83d\udce6<\/li>\n<li style=\"margin: 6px 0;\">Design de mini jarro de v\u00e1cuo, n\u00e3o em contacto com o ar, para prolongar a vida \u00fatil do produto. \ud83d\udee1\ufe0f<\/li>\n<li style=\"margin: 6px 0;\">Peso leve: <strong>25g \/ 27g \/ 32g<\/strong> (peso l\u00edquido de acordo com a capacidade). \u2696\ufe0f<\/li>\n<li style=\"margin: 6px 0;\">Tamanho pequeno: alturas de <strong>79mm, 103mm, 135mm<\/strong> com um di\u00e2metro de <strong>33 mm<\/strong>. \ud83d\udccf<\/li>\n<li style=\"margin: 6px 0;\">Bombas de lo\u00e7\u00e3o com fecho para uma dosagem precisa e limpa. \ud83d\udca7<\/li>\n<li style=\"margin: 6px 0;\">Embalagem pr\u00e1tica para se adaptar a encomendas por grosso, a retalho ou OEM. \ud83d\udecd\ufe0f<\/li>\n<\/ul>\n<h2 style=\"font-size: 20px; margin: 18px 0 8px 0; color: #0b63ce;\">\ud83d\udccf Especifica\u00e7\u00f5es do produto<\/h2>\n<table style=\"width: 100%; border-collapse: collapse; font-size: 14px; margin-bottom: 14px;\">\n<thead>\n<tr style=\"background: #f6f8fa;\">\n<th style=\"border: 1px solid #e1e4e8; padding: 8px; text-align: center;\">Capacidade<\/th>\n<th style=\"border: 1px solid #e1e4e8; padding: 8px; text-align: center;\">Altura<\/th>\n<th style=\"border: 1px solid #e1e4e8; padding: 8px; text-align: center;\">Di\u00e2metro<\/th>\n<th style=\"border: 1px solid #e1e4e8; padding: 8px; text-align: center;\">Peso<\/th>\n<th style=\"border: 1px solid #e1e4e8; padding: 8px; text-align: center;\">Material<\/th>\n<th style=\"border: 1px solid #e1e4e8; padding: 8px; text-align: center;\">Embalagem<\/th>\n<\/tr>\n<\/thead>\n<tbody>\n<tr>\n<td style=\"border: 1px solid #e1e4e8; padding: 8px; text-align: center;\">15ml<\/td>\n<td style=\"border: 1px solid #e1e4e8; padding: 8px; text-align: center;\">79 mm<\/td>\n<td style=\"border: 1px solid #e1e4e8; padding: 8px; text-align: center;\">33 mm<\/td>\n<td style=\"border: 1px solid #e1e4e8; padding: 8px; text-align: center;\">25g<\/td>\n<td style=\"border: 1px solid #e1e4e8; padding: 8px; text-align: center;\">PP<\/td>\n<td style=\"border: 1px solid #e1e4e8; padding: 8px; text-align: center;\">Saco<\/td>\n<\/tr>\n<tr style=\"background: #fbfcfd;\">\n<td style=\"border: 1px solid #e1e4e8; padding: 8px; text-align: center;\">30ml<\/td>\n<td style=\"border: 1px solid #e1e4e8; padding: 8px; text-align: center;\">103 mm<\/td>\n<td style=\"border: 1px solid #e1e4e8; padding: 8px; text-align: center;\">33 mm<\/td>\n<td style=\"border: 1px solid #e1e4e8; padding: 8px; text-align: center;\">27g<\/td>\n<td style=\"border: 1px solid #e1e4e8; padding: 8px; text-align: center;\">PP<\/td>\n<td style=\"border: 1px solid #e1e4e8; padding: 8px; text-align: center;\">Saco<\/td>\n<\/tr>\n<tr>\n<td style=\"border: 1px solid #e1e4e8; padding: 8px; text-align: center;\">50ml<\/td>\n<td style=\"border: 1px solid #e1e4e8; padding: 8px; text-align: center;\">135 mm<\/td>\n<td style=\"border: 1px solid #e1e4e8; padding: 8px; text-align: center;\">33 mm<\/td>\n<td style=\"border: 1px solid #e1e4e8; padding: 8px; text-align: center;\">32g<\/td>\n<td style=\"border: 1px solid #e1e4e8; padding: 8px; text-align: center;\">PP<\/td>\n<td style=\"border: 1px solid #e1e4e8; padding: 8px; text-align: center;\">Saco<\/td>\n<\/tr>\n<\/tbody>\n<\/table>\n<h2 style=\"font-size: 20px; margin: 18px 0 8px 0; color: #0b63ce;\">Utiliza\u00e7\u00f5es das garrafas com bomba de ar<\/h2>\n<p style=\"margin: 0 0 12px 0;\">Estas garrafas de pl\u00e1stico com bomba sem ar s\u00e3o utilizadas em v\u00e1rias ind\u00fastrias. Nos cuidados da pele, s\u00e3o bombas ideais para s\u00e9runs anti-envelhecimento, cremes hidratantes e protectores solares. Como frascos de viagem para produtos de higiene pessoal, funcionam muito bem como pequenos recipientes de lo\u00e7\u00e3o para champ\u00f4s, amaciadores e lo\u00e7\u00f5es de bolsa. Tamb\u00e9m s\u00e3o \u00f3ptimos para uso farmac\u00eautico ou cosm\u00e9tico, como cremes, pomadas, extractos de ervas, etc. A sua escala diminuta tornou-os especialmente populares entre os viajantes e as marcas que promovem embalagens sustent\u00e1veis e recarreg\u00e1veis. \u2708\ufe0f\ud83c\udf31<\/p>\n<h2 style=\"font-size: 20px; margin: 18px 0 8px 0; color: #0b63ce;\">\ud83d\udca1 Porqu\u00ea escolher?<\/h2>\n<ul style=\"margin: 0 0 12px 20px; padding: 0; list-style: disc; color: #333;\">\n<li style=\"margin: 6px 0;\">20 de experi\u00eancia no fabrico de embalagens de cosm\u00e9ticos. \ud83c\udfed<\/li>\n<li style=\"margin: 6px 0;\">Personaliza\u00e7\u00e3o OEM e ODM dispon\u00edvel: log\u00f3tipo, cores autom\u00e1ticas e impress\u00e3o. \ud83c\udfa8<\/li>\n<li style=\"margin: 6px 0;\">Um dos fabricantes de alimentos seguros certificados pela FDA no mercado - orgulhosos dos nossos produtos, desempenho e servi\u00e7o. \u2705<\/li>\n<li style=\"margin: 6px 0;\">Flybox leve e dur\u00e1vel para transporte e armazenamento seguros. \ud83d\udce6<\/li>\n<li style=\"margin: 6px 0;\">Tamanhos pequenos adequados para pequenas \/ grandes empresas e marcas de inicializa\u00e7\u00e3o. \ud83d\ude80<\/li>\n<\/ul>\n<h2 style=\"font-size: 20px; margin: 18px 0 8px 0; color: #0b63ce;\">\ud83d\udce6 Embalagem e envio<\/h2>\n<p style=\"margin: 0 0 12px 0;\">Cada garrafa de bomba sem ar \u00e9 embalada num inv\u00f3lucro forte ou num saco de espuma para evitar danos durante o transporte. Os pedidos de volume s\u00e3o bem projetados para n\u00e3o causar arranh\u00f5es ou deforma\u00e7\u00f5es. Nosso servi\u00e7o de log\u00edstica confi\u00e1vel \u00e9 internacional, permitindo que os dispensadores de lo\u00e7\u00e3o sejam entregues nas portas dos clientes em qualquer lugar do mundo. \ud83d\ude9a<\/p>\n<h2 style=\"font-size: 20px; margin: 18px 0 8px 0; color: #0b63ce;\">Servi\u00e7os OEM e de personaliza\u00e7\u00e3o<\/h2>\n<p style=\"margin: 0 0 12px 0;\">Com mais de 20 anos de experi\u00eancia no sector, oferecemos embalagens de cosm\u00e9ticos OEM e embalagens de cosm\u00e9ticos ODM. Ao oferecer log\u00f3tipos e cores personalizados da marca, correspond\u00eancia de cores Pantone em recipientes e designs exclusivos de dispensadores, a nossa equipa acrescenta valor \u00e0 sua linha de cosm\u00e9ticos. Quer esteja a lan\u00e7ar um pequeno lote ou a aumentar a distribui\u00e7\u00e3o, personalizaremos um programa para si. \ud83d\udee0\ufe0f<\/p>\n<h2 style=\"font-size: 20px; margin: 18px 0 8px 0; color: #0b63ce;\">\ud83c\udf31 Sustentabilidade e vantagem ecol\u00f3gica<\/h2>\n<p style=\"margin: 0 0 12px 0;\">Num mundo cada vez mais preocupado com o ambiente, as embalagens sustent\u00e1veis j\u00e1 n\u00e3o s\u00e3o uma op\u00e7\u00e3o. A nossa garrafa bomba sem ar em PP \u00e9 recicl\u00e1vel, leve e recarreg\u00e1vel para ajudar a reduzir o pl\u00e1stico de utiliza\u00e7\u00e3o \u00fanica. Esta solu\u00e7\u00e3o ecol\u00f3gica n\u00e3o s\u00f3 poupa o ambiente, como tamb\u00e9m refor\u00e7a a sua marca ao satisfazer as exig\u00eancias de sustentabilidade a n\u00edvel mundial. \u267b\ufe0f<\/p>\n<\/section>","protected":false},"excerpt":{"rendered":"<p>Descubra os recipientes para cosm\u00e9ticos em frascos com bomba sem ar em PP de primeira qualidade, concebidos para soros, lo\u00e7\u00f5es, cremes e champ\u00f4s. Estes dispensadores de lo\u00e7\u00f5es recarreg\u00e1veis garantem higiene, dosagem precisa e mini-frascos de v\u00e1cuo elegantes dispon\u00edveis em 15 ml, 30 ml e 50 ml.<\/p>","protected":false},"featured_media":7030,"comment_status":"closed","ping_status":"closed","template":"","meta":{"_acf_changed":false},"product_brand":[],"product_cat":[36],"product_tag":[],"class_list":{"0":"post-7027","1":"product","2":"type-product","3":"status-publish","4":"has-post-thumbnail","6":"product_cat-pp-materials","8":"first","9":"instock","10":"shipping-taxable","11":"product-type-grouped"},"acf":[],"_links":{"self":[{"href":"https:\/\/goldensoarpackage.com\/pt\/wp-json\/wp\/v2\/product\/7027","targetHints":{"allow":["GET"]}}],"collection":[{"href":"https:\/\/goldensoarpackage.com\/pt\/wp-json\/wp\/v2\/product"}],"about":[{"href":"https:\/\/goldensoarpackage.com\/pt\/wp-json\/wp\/v2\/types\/product"}],"replies":[{"embeddable":true,"href":"https:\/\/goldensoarpackage.com\/pt\/wp-json\/wp\/v2\/comments?post=7027"}],"wp:featuredmedia":[{"embeddable":true,"href":"https:\/\/goldensoarpackage.com\/pt\/wp-json\/wp\/v2\/media\/7030"}],"wp:attachment":[{"href":"https:\/\/goldensoarpackage.com\/pt\/wp-json\/wp\/v2\/media?parent=7027"}],"wp:term":[{"taxonomy":"product_brand","embeddable":true,"href":"https:\/\/goldensoarpackage.com\/pt\/wp-json\/wp\/v2\/product_brand?post=7027"},{"taxonomy":"product_cat","embeddable":true,"href":"https:\/\/goldensoarpackage.com\/pt\/wp-json\/wp\/v2\/product_cat?post=7027"},{"taxonomy":"product_tag","embeddable":true,"href":"https:\/\/goldensoarpackage.com\/pt\/wp-json\/wp\/v2\/product_tag?post=7027"}],"curies":[{"name":"wp","href":"https:\/\/api.w.org\/{rel}","templated":true}]}}