{"id":6543,"date":"2025-08-30T10:04:26","date_gmt":"2025-08-30T10:04:26","guid":{"rendered":"https:\/\/goldensoarpackage.com\/?post_type=product&#038;p=6543"},"modified":"2025-09-09T05:10:20","modified_gmt":"2025-09-09T05:10:20","slug":"frasco-de-perfume-em-spray-frasco-de-aluminio-vazio","status":"publish","type":"product","link":"https:\/\/goldensoarpackage.com\/pt\/frasco-de-perfume-em-spray-frasco-de-aluminio-vazio\/","title":{"rendered":"Garrafa de alum\u00ednio UV vazia de 100 ml para perfume e l\u00edquidos cosm\u00e9ticos"},"content":{"rendered":"<section style=\"width: 100%; font-family: Arial, sans-serif; line-height: 1.5; color: #333;\">\n<header>\n<h1 style=\"font-size: 24px; font-weight: bold; color: #111; text-align: center;\">Frasco de spray cosm\u00e9tico vazio de 100 ml Frasco de alum\u00ednio UV para \u00e1lcool e l\u00edquido cosm\u00e9tico<\/h1>\n<p style=\"color: #666; width: 100%; margin: auto;\">Ideais para a apresenta\u00e7\u00e3o luxuosa das suas fragr\u00e2ncias de qualidade superior ou produtos cosm\u00e9ticos \u00e0 base de \u00e1lcool, os nossos frascos de spray de perfume de 100 ml (3,4 oz) e frascos de spray de desinfetante para as m\u00e3os tamb\u00e9m se adaptam perfeitamente a uma variedade de bebidas alco\u00f3licas e espirituosas de alta qualidade. \u00d3timo para retalho ou servi\u00e7os.<\/p>\n<p>&nbsp;<\/p>\n<\/header>\n<h2 style=\"font-size: 20px; font-weight: bold; margin-top: 25px;\">\ud83c\udf0d Frascos de alum\u00ednio para perfumes e cosm\u00e9ticos Premium<\/h2>\n<p>O 100ml <strong>frasco de perfume em spray<\/strong> e <strong>frascos de spray de \u00e1lcool<\/strong> s\u00e3o vers\u00e1teis e podem ser aplicados em v\u00e1rios cosm\u00e9ticos, aromas e produtos de cuidados pessoais. Estes frascos leves e ecol\u00f3gicos tamb\u00e9m proporcionam uma prote\u00e7\u00e3o leve para o seu produto e s\u00e3o resistentes ao impacto.<\/p>\n<h2 style=\"font-size: 20px; font-weight: bold; margin-top: 25px;\">Porque \u00e9 que o nosso frasco de spray de alum\u00ednio \u00e9 a melhor escolha<\/h2>\n<ul style=\"margin-left: 20px;\">\n<li>Fabricado em alum\u00ednio de alta qualidade para proporcionar um acabamento atraente e polido<\/li>\n<li>Revestimento UV, que oferece prote\u00e7\u00e3o \u00e0s f\u00f3rmulas sens\u00edveis \u00e0 luz<\/li>\n<li>Capacidade de 100ML: \u00f3ptima para perfumes, cosm\u00e9ticos \u00e0 base de \u00e1lcool, etc.<\/li>\n<li>Cor natural cl\u00e1ssica do alum\u00ednio para um aspeto elegante<\/li>\n<li>Leve e amigo do ambiente, reduzindo a utiliza\u00e7\u00e3o de pl\u00e1stico na ind\u00fastria<\/li>\n<li>O design \u00e0 prova de fugas evita derrames e fugas inc\u00f3modas<\/li>\n<li>Perfeito para uso pessoal e comercial para recipientes de cosm\u00e9ticos e perfumes<\/li>\n<\/ul>\n<h2 style=\"font-size: 20px; font-weight: bold; margin-top: 25px;\">\ud83d\udccf Especifica\u00e7\u00f5es t\u00e9cnicas<\/h2>\n<table style=\"width: 100%; border-collapse: collapse; margin-top: 15px; font-size: 14px; text-align: left;\">\n<tbody>\n<tr style=\"background: #f2f2f2; font-weight: bold;\">\n<td style=\"border: 1px solid #ccc; padding: 8px;\">Item<\/td>\n<td style=\"border: 1px solid #ccc; padding: 8px;\">Detalhes<\/td>\n<\/tr>\n<tr>\n<td style=\"border: 1px solid #ccc; padding: 8px;\">Modelo<\/td>\n<td style=\"border: 1px solid #ccc; padding: 8px;\">A-GS013<\/td>\n<\/tr>\n<tr>\n<td style=\"border: 1px solid #ccc; padding: 8px;\">Material<\/td>\n<td style=\"border: 1px solid #ccc; padding: 8px;\">Frasco de perfume em alum\u00ednio<\/td>\n<\/tr>\n<tr>\n<td style=\"border: 1px solid #ccc; padding: 8px;\">Capacidade<\/td>\n<td style=\"border: 1px solid #ccc; padding: 8px;\">100ml<\/td>\n<\/tr>\n<tr>\n<td style=\"border: 1px solid #ccc; padding: 8px;\">Especifica\u00e7\u00e3o<\/td>\n<td style=\"border: 1px solid #ccc; padding: 8px;\">110 mm de altura \u00d7 40 mm de di\u00e2metro<\/td>\n<\/tr>\n<tr>\n<td style=\"border: 1px solid #ccc; padding: 8px;\">Conte\u00fado Peso<\/td>\n<td style=\"border: 1px solid #ccc; padding: 8px;\">17.8g<\/td>\n<\/tr>\n<tr>\n<td style=\"border: 1px solid #ccc; padding: 8px;\">Acabamento da superf\u00edcie<\/td>\n<td style=\"border: 1px solid #ccc; padding: 8px;\">Revestimento de prote\u00e7\u00e3o UV (brilhante\/mate opcional)<\/td>\n<\/tr>\n<tr>\n<td style=\"border: 1px solid #ccc; padding: 8px;\">Op\u00e7\u00f5es de fecho<\/td>\n<td style=\"border: 1px solid #ccc; padding: 8px;\">Spray de n\u00e9voa fina, bomba de lo\u00e7\u00e3o, tampa de rosca<\/td>\n<\/tr>\n<\/tbody>\n<\/table>\n<h2 style=\"font-size: 20px; font-weight: bold; margin-top: 25px;\">Marca e usabilidade personaliz\u00e1veis<\/h2>\n<p>O frasco de spray com corpo em alum\u00ednio oferece uma \u00e1rea de marca de tamanho generoso. Quer necessite de serigrafia, grava\u00e7\u00e3o em relevo ou rotulagem personalizada, podemos ajud\u00e1-lo a fazer brilhar a sua marca. A cor natural do frasco \u00e9 perfeita para mostrar o seu produto, e a base lisa e reta acrescenta um design elegante para proporcionar um aspeto e uma sensa\u00e7\u00e3o superiores.<\/p>\n<h2 style=\"font-size: 20px; font-weight: bold; margin-top: 25px;\">\u2699\ufe0f Experi\u00eancia em OEM e personaliza\u00e7\u00e3o<\/h2>\n<p>Com anos de experi\u00eancia em solu\u00e7\u00f5es de embalagem OEM e ODM, fornecemos servi\u00e7os de embalagem \u00e0 medida para a ind\u00fastria de perfumes e cosm\u00e9ticos. Podemos personalizar o tamanho, a forma e o acabamento da sua embalagem para satisfazer as necessidades exclusivas da sua marca. Quer esteja \u00e0 procura de acabamentos mate, brilhantes ou met\u00e1licos, oferecemos v\u00e1rias op\u00e7\u00f5es para criar a embalagem perfeita para os seus produtos.<\/p>\n<ul style=\"margin-left: 20px;\">\n<li>Tamanhos e volumes de enchimento \u00e0 medida (incluindo 100 ml)<\/li>\n<li>Alum\u00ednio de qualidade superior e revestimentos ecol\u00f3gicos<\/li>\n<li>Cores, log\u00f3tipos e acabamentos de superf\u00edcie personalizados (mate, brilhante, met\u00e1lico, fosco...)<\/li>\n<li>Op\u00e7\u00f5es de marca, incluindo impress\u00e3o serigr\u00e1fica, estampagem a quente e etiquetagem<\/li>\n<li>Correspond\u00eancia de cores Pantone para uma integridade consistente da marca<\/li>\n<li>Quantidades de encomenda flex\u00edveis dispon\u00edveis, desde pequenos a grandes volumes<\/li>\n<\/ul>\n<h2 style=\"font-size: 20px; font-weight: bold; margin-top: 25px;\">\u267b\ufe0f Compromisso amigo do ambiente<\/h2>\n<p>O nosso <strong>frascos de perfume em spray<\/strong> enfatiza a sustentabilidade: constru\u00eddo em alum\u00ednio dur\u00e1vel, de qualidade alimentar, e equipado com uma palhinha reutiliz\u00e1vel para tornar a utiliza\u00e7\u00e3o mais segura e mais emocionante para as crian\u00e7as. Ao escolher o alum\u00ednio, est\u00e1 a ajudar a reduzir a polui\u00e7\u00e3o nos aterros, nos oceanos e nos cursos de \u00e1gua. Ao utilizar as nossas garrafas, est\u00e1 a contribuir para pr\u00e1ticas ecol\u00f3gicas, ao mesmo tempo que mant\u00e9m uma embalagem luxuosa e de alta qualidade para os seus produtos.<\/p>\n<h2 style=\"font-size: 20px; font-weight: bold; margin-top: 25px;\">\ud83d\ude80 Aplica\u00e7\u00f5es em todos os sectores<\/h2>\n<p>Os nossos 100ml <strong>frascos de alum\u00ednio para pulveriza\u00e7\u00e3o<\/strong> s\u00e3o adequados para uma variedade de ind\u00fastrias, incluindo:<\/p>\n<ul style=\"margin-left: 20px;\">\n<li>Produtos de perfumaria e fragr\u00e2ncias<\/li>\n<li>Cosm\u00e9ticos com \u00e1lcool como base, como t\u00f3nicos, sprays, etc.<\/li>\n<li>Produtos cosm\u00e9ticos que requerem embalagens herm\u00e9ticas e com prote\u00e7\u00e3o UV<\/li>\n<li>Artigos de prest\u00edgio para cuidados pessoais e bem-estar<\/li>\n<\/ul>\n<h2 style=\"font-size: 20px; font-weight: bold; margin-top: 25px;\">Porqu\u00ea escolher a nossa solu\u00e7\u00e3o de embalagem?<\/h2>\n<p>O nosso alum\u00ednio <strong>frascos de perfume em spray<\/strong> podem ser totalmente personalizados para oferecer a melhor experi\u00eancia de embalagem que distinguir\u00e1 o seu produto dos outros. Fornecemos ajustes personalizados de design, tamanho e marca para corresponder \u00e0 vis\u00e3o ambiental da sua marca e acrescentar valor aos seus produtos. Deixe-nos conceber a embalagem ideal para os seus produtos de perfumaria ou cosm\u00e9tica hoje mesmo!<\/p>\n<\/section>","protected":false},"excerpt":{"rendered":"<p>Comprar produtos de alta qualidade <strong data-start=\"202\" data-end=\"227\">frascos de perfume em spray<\/strong> e <strong data-start=\"232\" data-end=\"257\">frascos de spray de \u00e1lcool<\/strong>. Este frasco de alum\u00ednio com revestimento UV de 100 ml \u00e9 perfeito para cosm\u00e9ticos e perfumes, apresentando um design elegante e duradouro com uma cor natural. Ideal para solu\u00e7\u00f5es de embalagem de marcas premium.<\/p>","protected":false},"featured_media":6547,"comment_status":"closed","ping_status":"closed","template":"","meta":{"_acf_changed":false},"product_brand":[],"product_cat":[39],"product_tag":[],"class_list":{"0":"post-6543","1":"product","2":"type-product","3":"status-publish","4":"has-post-thumbnail","6":"product_cat-aluminum-materials","8":"first","9":"instock","10":"shipping-taxable","11":"product-type-grouped"},"acf":[],"_links":{"self":[{"href":"https:\/\/goldensoarpackage.com\/pt\/wp-json\/wp\/v2\/product\/6543","targetHints":{"allow":["GET"]}}],"collection":[{"href":"https:\/\/goldensoarpackage.com\/pt\/wp-json\/wp\/v2\/product"}],"about":[{"href":"https:\/\/goldensoarpackage.com\/pt\/wp-json\/wp\/v2\/types\/product"}],"replies":[{"embeddable":true,"href":"https:\/\/goldensoarpackage.com\/pt\/wp-json\/wp\/v2\/comments?post=6543"}],"wp:featuredmedia":[{"embeddable":true,"href":"https:\/\/goldensoarpackage.com\/pt\/wp-json\/wp\/v2\/media\/6547"}],"wp:attachment":[{"href":"https:\/\/goldensoarpackage.com\/pt\/wp-json\/wp\/v2\/media?parent=6543"}],"wp:term":[{"taxonomy":"product_brand","embeddable":true,"href":"https:\/\/goldensoarpackage.com\/pt\/wp-json\/wp\/v2\/product_brand?post=6543"},{"taxonomy":"product_cat","embeddable":true,"href":"https:\/\/goldensoarpackage.com\/pt\/wp-json\/wp\/v2\/product_cat?post=6543"},{"taxonomy":"product_tag","embeddable":true,"href":"https:\/\/goldensoarpackage.com\/pt\/wp-json\/wp\/v2\/product_tag?post=6543"}],"curies":[{"name":"wp","href":"https:\/\/api.w.org\/{rel}","templated":true}]}}