{"id":6532,"date":"2025-08-30T08:29:54","date_gmt":"2025-08-30T08:29:54","guid":{"rendered":"https:\/\/goldensoarpackage.com\/?post_type=product&#038;p=6532"},"modified":"2025-09-09T05:11:37","modified_gmt":"2025-09-09T05:11:37","slug":"latas-de-aerossol-de-aluminio-garrafas-de-rosca","status":"publish","type":"product","link":"https:\/\/goldensoarpackage.com\/pt\/latas-de-aerossol-de-aluminio-garrafas-de-rosca\/","title":{"rendered":"Latas de aerossol de alum\u00ednio personalizadas 8ml-200ml frascos com gargalo de rosca para medicina, cuidados pessoais e cosm\u00e9ticos"},"content":{"rendered":"<section style=\"width: 100%; font-family: Arial, sans-serif; line-height: 1.6; color: #333;\">\n<header>\n<h1 style=\"font-size: 22px; font-weight: bold; color: #111; text-align: center;\">Lata de aerossol de alum\u00ednio de metal vazia personalizada 8ml - 200ml Garrafa de alum\u00ednio com gargalo de rosca para medicina, cuidados pessoais e cosm\u00e9ticos<\/h1>\n<p style=\"color: #666; max-width: 900px; margin: auto;\">Descubra a nossa gama de latas de aerossol de alum\u00ednio personaliz\u00e1veis, concebidas para utiliza\u00e7\u00e3o m\u00e9dica, de cuidados pessoais e cosm\u00e9tica. Estes frascos de alum\u00ednio dur\u00e1veis, com gargalo de rosca, est\u00e3o dispon\u00edveis em tamanhos de 8 ml a 200 ml e oferecem uma distribui\u00e7\u00e3o segura e fi\u00e1vel para uma variedade de aplica\u00e7\u00f5es.<\/p>\n<\/header>\n<h2 style=\"font-size: 20px; font-weight: bold; margin-top: 25px;\">Latas de aerossol de alum\u00ednio personalizadas: A solu\u00e7\u00e3o de embalagem definitiva<\/h2>\n<p>O nosso <strong style=\"color: #0073e6;\">latas de aerossol de alum\u00ednio<\/strong> s\u00e3o a escolha de embalagem perfeita para produtos m\u00e9dicos, de cuidados pessoais e cosm\u00e9ticos. Estes recipientes s\u00e3o leves, dur\u00e1veis e altamente personaliz\u00e1veis, oferecendo uma op\u00e7\u00e3o premium e ecol\u00f3gica para as marcas que procuram criar uma experi\u00eancia de utilizador de alta qualidade.<\/p>\n<h2 style=\"font-size: 20px; font-weight: bold; margin-top: 25px;\">Carater\u00edsticas das nossas latas de aerossol de alum\u00ednio<\/h2>\n<ul style=\"margin-left: 20px;\">\n<li>Fabricado em alum\u00ednio de alta qualidade e duradouro<\/li>\n<li>Dispon\u00edvel numa vasta gama de tamanhos (8 ml a 200 ml) com gargalos de rosca para uma distribui\u00e7\u00e3o segura e controlada<\/li>\n<li>Personaliz\u00e1vel com log\u00f3tipos, trabalhos art\u00edsticos e grava\u00e7\u00e3o em relevo para aumentar o reconhecimento da marca<\/li>\n<li>Perfeito para utiliza\u00e7\u00e3o em aplica\u00e7\u00f5es m\u00e9dicas, de cuidados pessoais e cosm\u00e9ticas<\/li>\n<li>O design leve reduz os custos de transporte<\/li>\n<li>Material ecol\u00f3gico e totalmente recicl\u00e1vel<\/li>\n<li>Dispon\u00edvel em v\u00e1rios tamanhos de gargalo para se adaptar a diferentes sistemas de distribui\u00e7\u00e3o<\/li>\n<\/ul>\n<h2 style=\"font-size: 20px; font-weight: bold; margin-top: 25px;\">\ud83d\udccf Especifica\u00e7\u00f5es t\u00e9cnicas<\/h2>\n<table style=\"width: 100%; margin-top: 15px; font-size: 14px;\" border=\"1\" cellspacing=\"0\">\n<tbody>\n<tr style=\"background: #f7f7f7;\">\n<td>Nome<\/td>\n<td colspan=\"2\">Capacidade<\/td>\n<td>Peso da garrafa<\/td>\n<td>Tamanho do pesco\u00e7o<\/td>\n<td>Material<\/td>\n<td>Di\u00e2metro<\/td>\n<td>Altura<\/td>\n<\/tr>\n<tr>\n<td rowspan=\"4\">Lata de alum\u00ednio de 15 mm - gargalo com rosca<\/td>\n<td colspan=\"2\">8ml<\/td>\n<td>3g<\/td>\n<td>13 fios<\/td>\n<td>Alum\u00ednio<\/td>\n<td>15mm*62mm<\/td>\n<td>62 mm<\/td>\n<\/tr>\n<tr>\n<td colspan=\"2\">10ml<\/td>\n<td>3.7g<\/td>\n<td>13 fios<\/td>\n<td>Alum\u00ednio<\/td>\n<td>15mm*78mm<\/td>\n<td>78 mm<\/td>\n<\/tr>\n<tr>\n<td colspan=\"2\">15ml<\/td>\n<td>5.2g<\/td>\n<td>13 fios<\/td>\n<td>Alum\u00ednio<\/td>\n<td>15mm*110mm<\/td>\n<td>110 mm<\/td>\n<\/tr>\n<tr>\n<td colspan=\"2\">15ml<\/td>\n<td>5.2g<\/td>\n<td>13 fios<\/td>\n<td>Alum\u00ednio<\/td>\n<td>15mm*131mm<\/td>\n<td>131 mm<\/td>\n<\/tr>\n<tr>\n<td rowspan=\"4\">Lata de alum\u00ednio de 19 mm - gargalo com rosca<\/td>\n<td colspan=\"2\">10ml<\/td>\n<td>3.75g<\/td>\n<td>Linha 15<\/td>\n<td>Alum\u00ednio<\/td>\n<td>19mm*58mm<\/td>\n<td>58 mm<\/td>\n<\/tr>\n<tr>\n<td colspan=\"2\">20ml<\/td>\n<td>6.15g<\/td>\n<td>Linha 15<\/td>\n<td>Alum\u00ednio<\/td>\n<td>19mm*95mm<\/td>\n<td>95 mm<\/td>\n<\/tr>\n<tr>\n<td colspan=\"2\">25ml<\/td>\n<td>7.65g<\/td>\n<td>Linha 15<\/td>\n<td>Alum\u00ednio<\/td>\n<td>19mm*118mm<\/td>\n<td>118 mm<\/td>\n<\/tr>\n<tr>\n<td colspan=\"2\">25ml<\/td>\n<td>7.65g<\/td>\n<td>Linha 15<\/td>\n<td>Alum\u00ednio<\/td>\n<td>19mm*140mm<\/td>\n<td>140 mm<\/td>\n<\/tr>\n<tr>\n<td rowspan=\"4\">Lata de alum\u00ednio de 22 mm - gargalo com rosca<\/td>\n<td colspan=\"2\">10ml<\/td>\n<td>4.2g<\/td>\n<td>18 fios<\/td>\n<td>Alum\u00ednio<\/td>\n<td>22mm*50mm<\/td>\n<td>50mm<\/td>\n<\/tr>\n<tr>\n<td colspan=\"2\">15ml<\/td>\n<td>5.2g<\/td>\n<td>18 fios<\/td>\n<td>Alum\u00ednio<\/td>\n<td>22mm*60mm<\/td>\n<td>60 mm<\/td>\n<\/tr>\n<tr>\n<td colspan=\"2\">25ml<\/td>\n<td>6.3g<\/td>\n<td>18 fios<\/td>\n<td>Alum\u00ednio<\/td>\n<td>22mm*75mm<\/td>\n<td>75mm<\/td>\n<\/tr>\n<tr>\n<td colspan=\"2\">25ml<\/td>\n<td>6.3g<\/td>\n<td>18 fios<\/td>\n<td>Alum\u00ednio<\/td>\n<td>22mm*100mm<\/td>\n<td>100 mm<\/td>\n<\/tr>\n<tr>\n<td rowspan=\"4\">Lata de alum\u00ednio de 25 mm - gargalo com rosca<\/td>\n<td colspan=\"2\">20ml<\/td>\n<td>6.2g<\/td>\n<td>20 fios<\/td>\n<td>Alum\u00ednio<\/td>\n<td>25mm*65mm<\/td>\n<td>65 mm<\/td>\n<\/tr>\n<tr>\n<td colspan=\"2\">25ml<\/td>\n<td>7.65g<\/td>\n<td>20 fios<\/td>\n<td>Alum\u00ednio<\/td>\n<td>25mm*80mm<\/td>\n<td>80 mm<\/td>\n<\/tr>\n<tr>\n<td colspan=\"2\">30ml<\/td>\n<td>9.1g<\/td>\n<td>20 fios<\/td>\n<td>Alum\u00ednio<\/td>\n<td>25mm*95mm<\/td>\n<td>95 mm<\/td>\n<\/tr>\n<tr>\n<td colspan=\"2\">30ml<\/td>\n<td>9.1g<\/td>\n<td>20 fios<\/td>\n<td>Alum\u00ednio<\/td>\n<td>25mm*125mm<\/td>\n<td>125 mm<\/td>\n<\/tr>\n<tr>\n<td rowspan=\"4\">Lata de alum\u00ednio de 32 mm - gargalo com rosca<\/td>\n<td colspan=\"2\">30ml<\/td>\n<td>8.3g<\/td>\n<td>20 fios<\/td>\n<td>Alum\u00ednio<\/td>\n<td>32mm*58mm<\/td>\n<td>58 mm<\/td>\n<\/tr>\n<tr>\n<td colspan=\"2\">40ml<\/td>\n<td>11g<\/td>\n<td>20 fios<\/td>\n<td>Alum\u00ednio<\/td>\n<td>32mm*77mm<\/td>\n<td>77 mm<\/td>\n<\/tr>\n<tr>\n<td colspan=\"2\">50ml<\/td>\n<td>14g<\/td>\n<td>20 fios<\/td>\n<td>Alum\u00ednio<\/td>\n<td>32mm*98mm<\/td>\n<td>98 mm<\/td>\n<\/tr>\n<tr>\n<td colspan=\"2\">50ml<\/td>\n<td>14g<\/td>\n<td>20 fios<\/td>\n<td>Alum\u00ednio<\/td>\n<td>32mm*125mm<\/td>\n<td>125 mm<\/td>\n<\/tr>\n<tr>\n<td rowspan=\"4\">Lata de alum\u00ednio de 35 mm - gargalo com rosca<\/td>\n<td colspan=\"2\">45ml<\/td>\n<td>10.5g<\/td>\n<td>24 fios<\/td>\n<td>Alum\u00ednio<\/td>\n<td>35mm*72mm<\/td>\n<td>72 mm<\/td>\n<\/tr>\n<tr>\n<td colspan=\"2\">60ml<\/td>\n<td>14g<\/td>\n<td>24 fios<\/td>\n<td>Alum\u00ednio<\/td>\n<td>35mm*95mm<\/td>\n<td>95 mm<\/td>\n<\/tr>\n<tr>\n<td colspan=\"2\">80ml<\/td>\n<td>15.6g<\/td>\n<td>24 fios<\/td>\n<td>Alum\u00ednio<\/td>\n<td>35mm*106mm<\/td>\n<td>106 mm<\/td>\n<\/tr>\n<tr>\n<td colspan=\"2\">80ml<\/td>\n<td>15.6g<\/td>\n<td>24 fios<\/td>\n<td>Alum\u00ednio<\/td>\n<td>35mm*135mm<\/td>\n<td>135 mm<\/td>\n<\/tr>\n<tr>\n<td rowspan=\"4\">Lata de alum\u00ednio de 40 mm - gargalo com rosca<\/td>\n<td colspan=\"2\">90ml<\/td>\n<td>16.5g<\/td>\n<td>24 fios<\/td>\n<td>Alum\u00ednio<\/td>\n<td>40mm*98mm<\/td>\n<td>98 mm<\/td>\n<\/tr>\n<tr>\n<td colspan=\"2\">100ml<\/td>\n<td>19g<\/td>\n<td>24 fios<\/td>\n<td>Alum\u00ednio<\/td>\n<td>40mm*110mm<\/td>\n<td>110 mm<\/td>\n<\/tr>\n<tr>\n<td colspan=\"2\">120ml<\/td>\n<td>23.7g<\/td>\n<td>24 fios<\/td>\n<td>Alum\u00ednio<\/td>\n<td>40mm*135mm<\/td>\n<td>135 mm<\/td>\n<\/tr>\n<tr>\n<td colspan=\"2\">120ml<\/td>\n<td>23.7g<\/td>\n<td>24 fios<\/td>\n<td>Alum\u00ednio<\/td>\n<td>40mm*155mm<\/td>\n<td>155 mm<\/td>\n<\/tr>\n<tr>\n<td rowspan=\"4\">Lata de alum\u00ednio de 45\/48 mm - gargalo com rosca<\/td>\n<td colspan=\"2\">150ml<\/td>\n<td>29g<\/td>\n<td>24 fios<\/td>\n<td>Alum\u00ednio<\/td>\n<td>45mm*145mm<\/td>\n<td>145 mm<\/td>\n<\/tr>\n<tr>\n<td colspan=\"2\">200ml<\/td>\n<td>31.5g<\/td>\n<td>24 fios<\/td>\n<td>Alum\u00ednio<\/td>\n<td>48mm*150mm<\/td>\n<td>150 mm<\/td>\n<\/tr>\n<tr>\n<td colspan=\"2\">250ml<\/td>\n<td>36g<\/td>\n<td>24 fios<\/td>\n<td>Alum\u00ednio<\/td>\n<td>48mm*175mm<\/td>\n<td>175 mm<\/td>\n<\/tr>\n<tr>\n<td colspan=\"2\">250ml<\/td>\n<td>36g<\/td>\n<td>24 fios<\/td>\n<td>Alum\u00ednio<\/td>\n<td>48mm*195mm<\/td>\n<td>195 mm<\/td>\n<\/tr>\n<tr>\n<td rowspan=\"3\">Lata de alum\u00ednio de 50 mm - gargalo com rosca<\/td>\n<td colspan=\"2\">150ml<\/td>\n<td>25.8g<\/td>\n<td>42 fios<\/td>\n<td>Alum\u00ednio<\/td>\n<td>50mm*115mm<\/td>\n<td>115 mm<\/td>\n<\/tr>\n<tr>\n<td colspan=\"2\">200ml<\/td>\n<td>29.5g<\/td>\n<td>42 fios<\/td>\n<td>Alum\u00ednio<\/td>\n<td>50mm*150mm<\/td>\n<td>150 mm<\/td>\n<\/tr>\n<tr>\n<td colspan=\"2\">200ml<\/td>\n<td>29.5g<\/td>\n<td>42 fios<\/td>\n<td>Alum\u00ednio<\/td>\n<td>50mm*190mm<\/td>\n<td>190 mm<\/td>\n<\/tr>\n<\/tbody>\n<\/table>\n<h2 style=\"font-size: 20px; font-weight: bold; margin-top: 25px;\">Marca e usabilidade personaliz\u00e1veis<\/h2>\n<p>O nosso <strong style=\"color: #0073e6;\">latas de aerossol de alum\u00ednio<\/strong> proporcionam uma grande \u00e1rea de superf\u00edcie para a personaliza\u00e7\u00e3o da marca. Quer procure acabamentos mate, brilhantes, met\u00e1licos ou foscos, oferecemos capacidades completas de personaliza\u00e7\u00e3o da marca, tais como impress\u00e3o de log\u00f3tipos, grava\u00e7\u00e3o em relevo e integra\u00e7\u00e3o de trabalhos art\u00edsticos. Estes toques personalizados garantem que o seu produto se destaca nas prateleiras.<\/p>\n<h2 style=\"font-size: 20px; font-weight: bold; margin-top: 25px;\">\u2699\ufe0f Experi\u00eancia em OEM e personaliza\u00e7\u00e3o<\/h2>\n<p>Com anos de experi\u00eancia em solu\u00e7\u00f5es de embalagem OEM, oferecemos latas de aerossol totalmente personaliz\u00e1veis em tamanhos que variam de 8ml a 200ml. Podemos adaptar materiais, dimens\u00f5es e acabamentos para corresponder \u00e0 identidade da sua marca e aos requisitos do produto. A nossa equipa est\u00e1 empenhada em fornecer um servi\u00e7o r\u00e1pido, pre\u00e7os competitivos e resultados de alta qualidade para todas as suas necessidades de embalagens de aeross\u00f3is.<\/p>\n<ul style=\"margin-left: 20px;\">\n<li>Tamanhos e volumes de enchimento personalizados (8 ml a 200 ml dispon\u00edveis)<\/li>\n<li>Op\u00e7\u00f5es de materiais que incluem alum\u00ednio de alta qualidade e revestimentos ecol\u00f3gicos<\/li>\n<li>Tratamentos de superf\u00edcie, tais como acabamentos mate, brilhantes, met\u00e1licos ou foscos<\/li>\n<li>Personaliza\u00e7\u00e3o do log\u00f3tipo atrav\u00e9s de serigrafia, estampagem a quente ou etiquetagem<\/li>\n<li>Correspond\u00eancia de cores Pantone para consist\u00eancia da marca corporativa<\/li>\n<li>Volumes de encomendas flex\u00edveis, que permitem encomendas pequenas e grandes<\/li>\n<\/ul>\n<h2 style=\"font-size: 20px; font-weight: bold; margin-top: 25px;\">\u267b\ufe0f Compromisso amigo do ambiente<\/h2>\n<p>A sustentabilidade est\u00e1 no centro das nossas latas de aerossol. Todas as nossas latas s\u00e3o feitas de alum\u00ednio recicl\u00e1vel, assegurando que a sua solu\u00e7\u00e3o de embalagem \u00e9 t\u00e3o respons\u00e1vel do ponto de vista ambiental como funcional. Ao escolher os nossos produtos, est\u00e1 a ajudar a reduzir os res\u00edduos de embalagens e a apoiar pr\u00e1ticas amigas do ambiente em toda a cadeia de fornecimento.<\/p>\n<h2 style=\"font-size: 20px; font-weight: bold; margin-top: 25px;\">\ud83d\ude80 Aplica\u00e7\u00f5es em todos os sectores<\/h2>\n<p>O nosso <strong style=\"color: #d6336c;\">mini latas de aerossol<\/strong> s\u00e3o adequados para uma variedade de ind\u00fastrias, incluindo:<\/p>\n<ul style=\"margin-left: 20px;\">\n<li>Produtos m\u00e9dicos (tais como desinfectantes, pomadas e sprays)<\/li>\n<li>Produtos de higiene pessoal (como desodorizantes, sprays corporais e soros)<\/li>\n<li>Produtos cosm\u00e9ticos que necessitam de uma embalagem herm\u00e9tica<\/li>\n<li>Produtos farmac\u00eauticos e linhas de cuidados pessoais de luxo<\/li>\n<\/ul>\n<\/section>","protected":false},"excerpt":{"rendered":"<p>Explorar de alta qualidade <strong data-start=\"221\" data-end=\"243\">latas de aerossol<\/strong> feitas de alum\u00ednio dur\u00e1vel para aplica\u00e7\u00f5es m\u00e9dicas, de cuidados pessoais e cosm\u00e9ticas. Os nossos produtos personaliz\u00e1veis <strong data-start=\"343\" data-end=\"373\">embalagem de garrafas de alum\u00ednio<\/strong> est\u00e1 dispon\u00edvel numa variedade de tamanhos, de 8 ml a 200 ml, com op\u00e7\u00f5es de gargalo de rosca para uma distribui\u00e7\u00e3o segura.<\/p>","protected":false},"featured_media":6537,"comment_status":"closed","ping_status":"closed","template":"","meta":{"_acf_changed":false},"product_brand":[],"product_cat":[39],"product_tag":[],"class_list":{"0":"post-6532","1":"product","2":"type-product","3":"status-publish","4":"has-post-thumbnail","6":"product_cat-aluminum-materials","8":"first","9":"instock","10":"shipping-taxable","11":"product-type-grouped"},"acf":[],"_links":{"self":[{"href":"https:\/\/goldensoarpackage.com\/pt\/wp-json\/wp\/v2\/product\/6532","targetHints":{"allow":["GET"]}}],"collection":[{"href":"https:\/\/goldensoarpackage.com\/pt\/wp-json\/wp\/v2\/product"}],"about":[{"href":"https:\/\/goldensoarpackage.com\/pt\/wp-json\/wp\/v2\/types\/product"}],"replies":[{"embeddable":true,"href":"https:\/\/goldensoarpackage.com\/pt\/wp-json\/wp\/v2\/comments?post=6532"}],"wp:featuredmedia":[{"embeddable":true,"href":"https:\/\/goldensoarpackage.com\/pt\/wp-json\/wp\/v2\/media\/6537"}],"wp:attachment":[{"href":"https:\/\/goldensoarpackage.com\/pt\/wp-json\/wp\/v2\/media?parent=6532"}],"wp:term":[{"taxonomy":"product_brand","embeddable":true,"href":"https:\/\/goldensoarpackage.com\/pt\/wp-json\/wp\/v2\/product_brand?post=6532"},{"taxonomy":"product_cat","embeddable":true,"href":"https:\/\/goldensoarpackage.com\/pt\/wp-json\/wp\/v2\/product_cat?post=6532"},{"taxonomy":"product_tag","embeddable":true,"href":"https:\/\/goldensoarpackage.com\/pt\/wp-json\/wp\/v2\/product_tag?post=6532"}],"curies":[{"name":"wp","href":"https:\/\/api.w.org\/{rel}","templated":true}]}}