{"id":6524,"date":"2025-08-30T07:56:16","date_gmt":"2025-08-30T07:56:16","guid":{"rendered":"https:\/\/goldensoarpackage.com\/?post_type=product&#038;p=6524"},"modified":"2025-10-13T06:49:50","modified_gmt":"2025-10-13T06:49:50","slug":"mini-latas-de-aerossol-de-aluminio-para-uso-medico-personalizadas","status":"publish","type":"product","link":"https:\/\/goldensoarpackage.com\/pt\/mini-latas-de-aerossol-de-aluminio-para-uso-medico-personalizadas\/","title":{"rendered":"Mini latas de aerossol de alum\u00ednio personalizadas com baioneta para uso m\u00e9dico, de cuidados pessoais e cosm\u00e9tico"},"content":{"rendered":"<section style=\"width: 100%; font-family: Arial, sans-serif; line-height: 1.6; color: #333;\">\n<header>\n<h1 style=\"font-size: 22px; font-weight: bold; color: #111; text-align: center;\">Lata de aerossol de alum\u00ednio de metal vazia personalizada Mini latas de aerossol com baioneta para cuidados m\u00e9dicos\/pessoais\/cosm\u00e9ticos<\/h1>\n<p style=\"color: #666; max-width: 900px; margin: auto;\">Fornecimento de uma gama flex\u00edvel de <strong style=\"color: #0073e6;\">latas de aerossol de alum\u00ednio<\/strong> para uso m\u00e9dico, de cuidados pessoais e cosm\u00e9tico. Os nossos <strong style=\"color: #d6336c;\">mini latas de aerossol<\/strong> s\u00e3o personaliz\u00e1veis e constru\u00eddos de acordo com as mais rigorosas normas de qualidade.<\/p>\n<\/header>\n<h2 style=\"font-size: 20px; font-weight: bold; margin-top: 25px;\">\ud83c\udf0d Latas de aerossol de alum\u00ednio feitas \u00e0 medida: A solu\u00e7\u00e3o de embalagem perfeita<\/h2>\n<p>O <strong style=\"color: #0073e6;\">lata de aerossol de alum\u00ednio<\/strong> \u00e9 uma op\u00e7\u00e3o de embalagem de elevado desempenho, que \u00e9 leve, duradoura e f\u00e1cil de utilizar. Perfeitos para produtos m\u00e9dicos, de beleza e de cuidados pessoais, estes recipientes proporcionam uma op\u00e7\u00e3o de embalagem sofisticada e fi\u00e1vel. Quer esteja a introduzir um produto ou a mudar de marca, os nossos <strong style=\"color: #d6336c;\">mini latas de aerossol<\/strong> est\u00e3o prontos para si.<\/p>\n<h2 style=\"font-size: 20px; font-weight: bold; margin-top: 25px;\">Carater\u00edsticas das nossas latas de aerossol de alum\u00ednio transparente<\/h2>\n<ul style=\"margin-left: 20px;\">\n<li>Fabricado em alum\u00ednio de alta qualidade e duradouro<\/li>\n<li>Dispon\u00edvel em 5 tamanhos entre 5ml e 180ml<\/li>\n<li>Personalize com o log\u00f3tipo, nome ou arte de um indiv\u00edduo para uma apresenta\u00e7\u00e3o de alta qualidade<\/li>\n<li>Com fecho de baioneta para uma boa e f\u00e1cil dosagem<\/li>\n<li>Ideal para aplica\u00e7\u00f5es medicinais, de cuidados pessoais e cosm\u00e9ticas<\/li>\n<li>O design leve reduz os custos de transporte<\/li>\n<li>Material ecol\u00f3gico e recicl\u00e1vel<\/li>\n<\/ul>\n<h2 style=\"font-size: 20px; font-weight: bold; margin-top: 25px;\">\ud83d\udccf Especifica\u00e7\u00f5es t\u00e9cnicas<\/h2>\n<table style=\"margin-top: 15px; font-size: 14px;\" border=\"1\" width=\"100%\" cellspacing=\"0\" cellpadding=\"0\">\n<tbody>\n<tr style=\"background: #f7f7f7;\">\n<td><strong>Nome<\/strong><\/td>\n<td><strong>Capacidade<\/strong><\/td>\n<td><strong>Peso da garrafa<\/strong><\/td>\n<td><strong>Material<\/strong><\/td>\n<td><strong>Di\u00e2metro<\/strong><\/td>\n<td><strong>Altura<\/strong><\/td>\n<\/tr>\n<tr>\n<td rowspan=\"4\">Lata de alum\u00ednio de 19 mm com baioneta<\/td>\n<td>5ml<\/td>\n<td>3.66g<\/td>\n<td>Alum\u00ednio<\/td>\n<td>19mm*49mm<\/td>\n<td>49 mm<\/td>\n<\/tr>\n<tr>\n<td>8ml<\/td>\n<td>4.15g<\/td>\n<td>Alum\u00ednio<\/td>\n<td>19mm*58mm<\/td>\n<td>58 mm<\/td>\n<\/tr>\n<tr>\n<td>8ml<\/td>\n<td>4.15g<\/td>\n<td>Alum\u00ednio<\/td>\n<td>19mm*75mm<\/td>\n<td>75mm<\/td>\n<\/tr>\n<tr>\n<td>8ml<\/td>\n<td>4.15g<\/td>\n<td>Alum\u00ednio<\/td>\n<td>19mm*82mm<\/td>\n<td>82 mm<\/td>\n<\/tr>\n<tr>\n<td rowspan=\"4\">Lata de alum\u00ednio de 25 mm com baioneta<\/td>\n<td>20ml<\/td>\n<td>6.3g<\/td>\n<td>Alum\u00ednio<\/td>\n<td>25mm*65mm<\/td>\n<td>65 mm<\/td>\n<\/tr>\n<tr>\n<td>30ml<\/td>\n<td>7.76g<\/td>\n<td>Alum\u00ednio<\/td>\n<td>25mm*85mm<\/td>\n<td>85 mm<\/td>\n<\/tr>\n<tr>\n<td>50ml<\/td>\n<td>9.97g<\/td>\n<td>Alum\u00ednio<\/td>\n<td>25mm*100mm<\/td>\n<td>100 mm<\/td>\n<\/tr>\n<tr>\n<td>50ml<\/td>\n<td>9.97g<\/td>\n<td>Alum\u00ednio<\/td>\n<td>25mm*125mm<\/td>\n<td>125 mm<\/td>\n<\/tr>\n<tr>\n<td rowspan=\"2\">Lata de alum\u00ednio de 28 mm com baioneta<\/td>\n<td>50ml<\/td>\n<td>14.37g<\/td>\n<td>Alum\u00ednio<\/td>\n<td>28mm*110mm<\/td>\n<td>110 mm<\/td>\n<\/tr>\n<tr>\n<td>50ml<\/td>\n<td>14.37g<\/td>\n<td>Alum\u00ednio<\/td>\n<td>28mm*135mm<\/td>\n<td>135 mm<\/td>\n<\/tr>\n<tr>\n<td rowspan=\"6\">Lata de alum\u00ednio de 35 mm com baioneta<\/td>\n<td>30-100ml<\/td>\n<td>11.72g<\/td>\n<td>Alum\u00ednio<\/td>\n<td>35mm*88mm<\/td>\n<td>65-120 mm<\/td>\n<\/tr>\n<tr>\n<td>30-100ml<\/td>\n<td>11.72g<\/td>\n<td>Alum\u00ednio<\/td>\n<td>35mm*110mm<\/td>\n<td>65-120 mm<\/td>\n<\/tr>\n<tr>\n<td>30-100ml<\/td>\n<td>10.06g<\/td>\n<td>Alum\u00ednio<\/td>\n<td>35mm*65mm<\/td>\n<td>65-120 mm<\/td>\n<\/tr>\n<tr>\n<td>30-100ml<\/td>\n<td>10.06g<\/td>\n<td>Alum\u00ednio<\/td>\n<td>35mm*95mm<\/td>\n<td>65-120 mm<\/td>\n<\/tr>\n<tr>\n<td>30-100ml<\/td>\n<td>15.08g<\/td>\n<td>Alum\u00ednio<\/td>\n<td>35mm*110mm<\/td>\n<td>65-120 mm<\/td>\n<\/tr>\n<tr>\n<td>30-100ml<\/td>\n<td>15.08g<\/td>\n<td>Alum\u00ednio<\/td>\n<td>35mm*140mm<\/td>\n<td>65-120 mm<\/td>\n<\/tr>\n<tr>\n<td rowspan=\"2\">Lata de alum\u00ednio de 40 mm com baioneta<\/td>\n<td>80-180ml<\/td>\n<td>16.57g<\/td>\n<td>Alum\u00ednio<\/td>\n<td>40mm*108mm<\/td>\n<td>90-190mm<\/td>\n<\/tr>\n<tr>\n<td>80-180ml<\/td>\n<td>16.57g<\/td>\n<td>Alum\u00ednio<\/td>\n<td>40mm*140mm<\/td>\n<td>90-190mm<\/td>\n<\/tr>\n<\/tbody>\n<\/table>\n<h2 style=\"font-size: 20px; font-weight: bold; margin-top: 25px;\">Marca e usabilidade personaliz\u00e1veis<\/h2>\n<p>O <strong style=\"color: #0073e6;\">lata de aerossol de alum\u00ednio<\/strong> oferece uma grande superf\u00edcie de marca para um impacto m\u00e1ximo da marca. O mesmo se aplica a cores personalizadas, log\u00f3tipos, trabalhos art\u00edsticos e at\u00e9 op\u00e7\u00f5es de grava\u00e7\u00e3o em relevo, que ajudar\u00e3o absolutamente a fazer sobressair a sua marca. Quer pretenda uma apar\u00eancia profissional limpa ou algo selvagem para chamar a aten\u00e7\u00e3o, podemos ajud\u00e1-lo a transformar a sua ideia em realidade.<\/p>\n<h2 style=\"font-size: 20px; font-weight: bold; margin-top: 25px;\">\u2699\ufe0f Experi\u00eancia em OEM e personaliza\u00e7\u00e3o<\/h2>\n<p>Oferecemos servi\u00e7o de embalagem OEM personalizado ODM para os nossos <strong style=\"color: #d6336c;\">mini latas de aerossol<\/strong> com anos de experi\u00eancia. Podemos personalizar o tamanho, o material e os acabamentos para satisfazer os seus requisitos espec\u00edficos - desde formas e tamanhos \u00e0 medida at\u00e9 acabamentos mate ou brilhantes ou correspond\u00eancia de cores Pantone. A nossa equipa de classe mundial est\u00e1 empenhada num servi\u00e7o r\u00e1pido e em pre\u00e7os competitivos para todas as suas necessidades de embalagens de aeross\u00f3is.<\/p>\n<ul style=\"margin-left: 20px;\">\n<li>Tamanhos e volumes de enchimento normalizados e por medida (gama de op\u00e7\u00f5es de 5 ml a 180 ml)<\/li>\n<li>Alum\u00ednio de alta qualidade e revestimentos ecol\u00f3gicos<\/li>\n<li>Tratamentos de superf\u00edcie, tais como efeitos mate, brilhantes, met\u00e1licos ou foscos<\/li>\n<li>Impress\u00e3o serigr\u00e1fica, estampagem a quente ou etiquetagem para op\u00e7\u00f5es de log\u00f3tipo<\/li>\n<li>Correspond\u00eancia de cores Pantone para a sua marca<\/li>\n<li>Volumes de encomendas flex\u00edveis, sendo bem-vindas encomendas pequenas e grandes<\/li>\n<\/ul>\n<h2 style=\"font-size: 20px; font-weight: bold; margin-top: 25px;\">\u267b\ufe0f Compromisso amigo do ambiente<\/h2>\n<p>A sustentabilidade est\u00e1 no centro das nossas <strong style=\"color: #0073e6;\">latas de aerossol<\/strong>. As nossas latas s\u00e3o totalmente recicl\u00e1veis no processo \"lata a lata\" para reduzir os res\u00edduos e a sua pegada de carbono. Ao selecionar a nossa linha de produtos, est\u00e1 a apoiar pr\u00e1ticas empresariais amigas do ambiente, enquanto desfruta de embalagens robustas e de alta qualidade para os seus artigos.<\/p>\n<h2 style=\"font-size: 20px; font-weight: bold; margin-top: 25px;\">\ud83d\ude80 Aplica\u00e7\u00f5es em todos os sectores<\/h2>\n<p>O nosso <strong style=\"color: #d6336c;\">mini latas de aerossol<\/strong> s\u00e3o ideais para uma vasta gama de ind\u00fastrias, incluindo:<\/p>\n<ul style=\"margin-left: 20px;\">\n<li>Produtos m\u00e9dicos<\/li>\n<li>Produtos de cuidados pessoais como desodorizantes, sprays e soros<\/li>\n<li>Produtos cosm\u00e9ticos que necessitam de uma embalagem herm\u00e9tica<\/li>\n<li>Embalagens de luxo para cuidados pessoais e produtos farmac\u00eauticos<\/li>\n<\/ul>\n<\/section>","protected":false},"excerpt":{"rendered":"<p>Descubra latas de aerossol de alum\u00ednio personalizadas de alta qualidade para aplica\u00e7\u00f5es m\u00e9dicas, de cuidados pessoais e cosm\u00e9ticas. As nossas mini latas de aerossol est\u00e3o dispon\u00edveis em v\u00e1rios tamanhos, com uma constru\u00e7\u00e3o em alum\u00ednio dur\u00e1vel e designs personaliz\u00e1veis. Perfeitas para as suas necessidades de marca e embalagem.<\/p>","protected":false},"featured_media":9162,"comment_status":"closed","ping_status":"closed","template":"","meta":{"_acf_changed":false},"product_brand":[],"product_cat":[39],"product_tag":[],"class_list":{"0":"post-6524","1":"product","2":"type-product","3":"status-publish","4":"has-post-thumbnail","6":"product_cat-aluminum-materials","8":"first","9":"instock","10":"shipping-taxable","11":"product-type-grouped"},"acf":[],"_links":{"self":[{"href":"https:\/\/goldensoarpackage.com\/pt\/wp-json\/wp\/v2\/product\/6524","targetHints":{"allow":["GET"]}}],"collection":[{"href":"https:\/\/goldensoarpackage.com\/pt\/wp-json\/wp\/v2\/product"}],"about":[{"href":"https:\/\/goldensoarpackage.com\/pt\/wp-json\/wp\/v2\/types\/product"}],"replies":[{"embeddable":true,"href":"https:\/\/goldensoarpackage.com\/pt\/wp-json\/wp\/v2\/comments?post=6524"}],"wp:featuredmedia":[{"embeddable":true,"href":"https:\/\/goldensoarpackage.com\/pt\/wp-json\/wp\/v2\/media\/9162"}],"wp:attachment":[{"href":"https:\/\/goldensoarpackage.com\/pt\/wp-json\/wp\/v2\/media?parent=6524"}],"wp:term":[{"taxonomy":"product_brand","embeddable":true,"href":"https:\/\/goldensoarpackage.com\/pt\/wp-json\/wp\/v2\/product_brand?post=6524"},{"taxonomy":"product_cat","embeddable":true,"href":"https:\/\/goldensoarpackage.com\/pt\/wp-json\/wp\/v2\/product_cat?post=6524"},{"taxonomy":"product_tag","embeddable":true,"href":"https:\/\/goldensoarpackage.com\/pt\/wp-json\/wp\/v2\/product_tag?post=6524"}],"curies":[{"name":"wp","href":"https:\/\/api.w.org\/{rel}","templated":true}]}}