{"id":6517,"date":"2025-08-30T05:20:14","date_gmt":"2025-08-30T05:20:14","guid":{"rendered":"https:\/\/goldensoarpackage.com\/?post_type=product&#038;p=6517"},"modified":"2025-10-13T06:26:42","modified_gmt":"2025-10-13T06:26:42","slug":"garrafa-airless-substituivel-garrafa-pet-de-recarga","status":"publish","type":"product","link":"https:\/\/goldensoarpackage.com\/pt\/garrafa-airless-substituivel-garrafa-pet-de-recarga\/","title":{"rendered":"Garrafa Airless substitu\u00edvel | Garrafa de recarga PET Recipiente de v\u00e1cuo inovador Solu\u00e7\u00e3o de embalagem personaliz\u00e1vel OEM"},"content":{"rendered":"<div style=\"width: 100%; font-family: Arial, Helvetica, sans-serif; line-height: 1.7; color: #333;\">\n<h1 style=\"font-size: 26px; color: #222222; margin-bottom: 15px; text-align: center;\">Conce\u00e7\u00e3o inovadora e recipiente de substitui\u00e7\u00e3o para v\u00e1cuo funcional<\/h1>\n<p>O <strong style=\"color: #c00;\">garrafa airless substitu\u00edvel<\/strong> \u00e9 uma solu\u00e7\u00e3o de embalagem moderna concebida para as ind\u00fastrias actuais de cuidados da pele, cosm\u00e9ticos e cuidados pessoais. Com um mecanismo de v\u00e1cuo inovador e uma constru\u00e7\u00e3o amiga do ambiente, esta <strong style=\"color: #0066cc;\">Garrafa de recarga PET <\/strong>oferece funcionalidade e sustentabilidade. Quer se trate de marcas de beleza de topo, de startups de cosm\u00e9tica de nicho ou de projectos OEM globais, oferece desempenho, durabilidade e personaliza\u00e7\u00e3o.<\/p>\n<h2 style=\"font-size: 22px; margin-top: 25px; color: #111;\">Tecnologia Airless Sustent\u00e1vel e Substitu\u00edvel<\/h2>\n<p>Ao contr\u00e1rio dos frascos de cosm\u00e9ticos tradicionais, o integra um sistema de distribui\u00e7\u00e3o a v\u00e1cuo que minimiza o desperd\u00edcio de produto e prolonga o prazo de validade reduzindo a oxida\u00e7\u00e3o. O <span style=\"color: #c00; font-weight: bold;\">garrafa airless substitu\u00edvel<\/span> permite recargas e substitui\u00e7\u00f5es f\u00e1ceis, garantindo que as marcas podem oferecer aos consumidores uma escolha mais sustent\u00e1vel. Em vez de se desfazerem de garrafas inteiras, os utilizadores substituem simplesmente a garrafa interior PET e continuam a utilizar o mesmo mecanismo de bomba, reduzindo significativamente os res\u00edduos de pl\u00e1stico.<\/p>\n<h2 style=\"font-size: 20px; font-weight: bold; margin-top: 25px;\">Carater\u00edsticas principais da garrafa de substitui\u00e7\u00e3o Airless<\/h2>\n<div style=\"display: flex; flex-wrap: wrap; gap: 20px;\">\n<p><!-- Left Side --><\/p>\n<div style=\"flex: 1; min-width: 800px;\">\n<ul style=\"margin-left: 20px;\">\n<li style=\"margin-top: 25px;\">Nasceu uma nova garrafa de separa\u00e7\u00e3o interlayer com um ombro suavemente arredondado e curvas suaves.<\/li>\n<li style=\"margin-top: 25px;\">A sua estrutura de dupla camada, constitu\u00edda por uma camada exterior e uma bolsa interior, permite que a bolsa interior se contraia \u00e0 medida que o conte\u00fado \u00e9 dispensado, minimizando assim os res\u00edduos.<\/li>\n<li style=\"margin-top: 25px;\">A bomba de v\u00e1cuo adoptada impede a entrada de ar na garrafa atrav\u00e9s do bocal, reduzindo o contacto entre o conte\u00fado e o ar exterior. Em compara\u00e7\u00e3o com as garrafas normais, este design preserva melhor a higiene e a qualidade do produto, tornando-o especialmente adequado para produtos org\u00e2nicos ou sem aditivos que requerem uma frescura prolongada.<\/li>\n<li style=\"margin-top: 25px;\">O brilho carater\u00edstico do material PET confere-lhe um aspeto e um toque de qualidade superior. Uma vez que tanto a camada exterior como a bolsa interior s\u00e3o feitas do mesmo material PET, a garrafa pode ser facilmente selecionada e reciclada ap\u00f3s a utiliza\u00e7\u00e3o.<\/li>\n<li style=\"margin-top: 25px;\">Para al\u00e9m do produto aqui apresentado, tamb\u00e9m oferecemos outra garrafa de separa\u00e7\u00e3o intercalar \u00e0 base de PET - com um design elegante de ombro inclinado.<\/li>\n<li style=\"margin-top: 25px;\">Os OEM e personaliz\u00e1veis podem selecionar o modelo que melhor se adequa ao seu conceito de produto.<\/li>\n<\/ul>\n<\/div>\n<div style=\"flex: 1; min-width: 300px;\">\n<p><img decoding=\"async\" class=\"alignnone wp-image-6551\" src=\"https:\/\/goldensoarpackage.com\/wp-content\/uploads\/2025\/08\/replaceable-airless-bottle-300x178.jpg\" alt=\"\" width=\"400\" height=\"237\" srcset=\"https:\/\/goldensoarpackage.com\/wp-content\/uploads\/2025\/08\/replaceable-airless-bottle-300x178.jpg 300w, https:\/\/goldensoarpackage.com\/wp-content\/uploads\/2025\/08\/replaceable-airless-bottle-768x454.jpg 768w, https:\/\/goldensoarpackage.com\/wp-content\/uploads\/2025\/08\/replaceable-airless-bottle.jpg 948w\" sizes=\"(max-width: 400px) 100vw, 400px\" \/><\/p>\n<p><img decoding=\"async\" class=\"alignnone wp-image-6552\" src=\"https:\/\/goldensoarpackage.com\/wp-content\/uploads\/2025\/08\/replaceable-airless-bottle-2-300x187.jpg\" alt=\"\" width=\"400\" height=\"250\" srcset=\"https:\/\/goldensoarpackage.com\/wp-content\/uploads\/2025\/08\/replaceable-airless-bottle-2-300x187.jpg 300w, https:\/\/goldensoarpackage.com\/wp-content\/uploads\/2025\/08\/replaceable-airless-bottle-2-768x479.jpg 768w, https:\/\/goldensoarpackage.com\/wp-content\/uploads\/2025\/08\/replaceable-airless-bottle-2.jpg 896w\" sizes=\"(max-width: 400px) 100vw, 400px\" \/><\/p>\n<\/div>\n<\/div>\n<h2 style=\"font-size: 22px; margin-top: 25px; color: #111;\">\ud83d\udca1 Porqu\u00ea escolher?<\/h2>\n<ol style=\"margin: 15px 0 25px 20px;\">\n<li><strong>Bomba Airless inovadora:<\/strong> Dispensa suavemente, evita a contamina\u00e7\u00e3o e protege a integridade da f\u00f3rmula.<\/li>\n<li><strong>Materiais duradouros:<\/strong> A combina\u00e7\u00e3o de PP e PET oferece resist\u00eancia, transpar\u00eancia e portabilidade leve.<\/li>\n<li><strong>Design recarreg\u00e1vel:<\/strong> Como <span style=\"color: #0066cc; font-weight: bold;\">Garrafa de recarga PET<\/span>, A marca \u00e9 compat\u00edvel com uma imagem de marca ecol\u00f3gica e com uma utiliza\u00e7\u00e3o a longo prazo.<\/li>\n<li><strong>Op\u00e7\u00f5es personaliz\u00e1veis:<\/strong> Solu\u00e7\u00f5es OEM, incluindo impress\u00e3o de log\u00f3tipos, revestimento de superf\u00edcies, correspond\u00eancia de cores Pantone e moldes de design exclusivo.<\/li>\n<li><strong>Versatilidade de aplica\u00e7\u00e3o:<\/strong> Perfeito para cremes, soros, lo\u00e7\u00f5es, g\u00e9is e at\u00e9 bases l\u00edquidas.<\/li>\n<\/ol>\n<h2 style=\"font-size: 22px; margin-top: 25px; color: #111;\">Experi\u00eancia em OEM e personaliza\u00e7\u00e3o<\/h2>\n<p>Com anos de experi\u00eancia em solu\u00e7\u00f5es de embalagem OEM e personaliz\u00e1veis, fornecemos apoio completo desde o conceito de design at\u00e9 \u00e0 produ\u00e7\u00e3o em massa. Quer necessite de uma solu\u00e7\u00e3o de marca pr\u00f3pria, elementos de marca de luxo ou certifica\u00e7\u00f5es de embalagens ecol\u00f3gicas, a nossa equipa de engenharia garante que cada <span style=\"color: #c00; font-weight: bold;\">garrafa airless substitu\u00edvel<\/span> satisfaz os requisitos da sua marca. Os servi\u00e7os personaliz\u00e1veis incluem:<\/p>\n<ul style=\"margin: 15px 0 25px 20px;\">\n<li>Log\u00f3tipo e marca com serigrafia, estampagem a quente ou impress\u00e3o UV<\/li>\n<li>Cor da bomba personalizada, acabamento brilhante ou mate<\/li>\n<li>Ajustes de capacidade de 200 ml a 280 ml e mais<\/li>\n<li>Correspond\u00eancia de tonalidades Pantone para uma identidade de marca coesa<\/li>\n<li>Op\u00e7\u00f5es de embalagem ecol\u00f3gicas com materiais PET e PP recicl\u00e1veis<\/li>\n<\/ul>\n<h2 style=\"font-size: 22px; margin-top: 25px; color: #111;\">\ud83d\udce6 Aplica\u00e7\u00f5es em v\u00e1rios sectores<\/h2>\n<p>A garrafa airless n\u00e3o \u00e9 apenas mais um recipiente para cosm\u00e9ticos - \u00e9 uma solu\u00e7\u00e3o vers\u00e1til concebida para se adequar a uma vasta gama de ind\u00fastrias e produtos:<\/p>\n<ul style=\"margin: 15px 0 25px 20px;\">\n<li>Cremes e lo\u00e7\u00f5es para a pele de alta qualidade<\/li>\n<li>Serums e ess\u00eancias cosm\u00e9ticas profissionais<\/li>\n<li>Tratamentos para o cabelo e \u00f3leos nutritivos<\/li>\n<li>Solu\u00e7\u00f5es t\u00f3picas de qualidade farmac\u00eautica ou m\u00e9dica<\/li>\n<li>Linhas de cosm\u00e9ticos premium para viagem e para levar<\/li>\n<\/ul>\n<h2 style=\"font-size: 22px; margin-top: 25px; color: #111;\">Tabela de especifica\u00e7\u00f5es t\u00e9cnicas<\/h2>\n<table style=\"width: 100%; border-collapse: collapse; margin-bottom: 10px; font-size: 14px;\">\n<thead>\n<tr style=\"background-color: #f4f4f4;\">\n<th style=\"border: 1px solid #ccc; padding: 8px;\">Item<\/th>\n<th style=\"border: 1px solid #ccc; padding: 8px;\">Detalhes<\/th>\n<\/tr>\n<\/thead>\n<tbody>\n<tr>\n<td style=\"border: 1px solid #ccc; padding: 8px;\">Nome do produto<\/td>\n<td style=\"border: 1px solid #ccc; padding: 8px;\">Garrafa Airless substitu\u00edvel<\/td>\n<\/tr>\n<tr>\n<td style=\"border: 1px solid #ccc; padding: 8px;\">C\u00f3digo do produto<\/td>\n<td style=\"border: 1px solid #ccc; padding: 8px;\">P-GS004-1(280ml)\/P-GS004-2(200ml)<\/td>\n<\/tr>\n<tr>\n<td style=\"border: 1px solid #ccc; padding: 8px;\" rowspan=\"3\">Material<\/td>\n<td style=\"border: 1px solid #ccc; padding: 8px;\">Bomba: PP<\/td>\n<\/tr>\n<tr>\n<td style=\"border: 1px solid #ccc; padding: 8px;\">Frasco interior: PET<\/td>\n<\/tr>\n<tr>\n<td style=\"border: 1px solid #ccc; padding: 8px;\">Garrafa: PPT<\/td>\n<\/tr>\n<tr>\n<td style=\"border: 1px solid #ccc; padding: 8px;\" rowspan=\"2\">Capacidade<\/td>\n<td style=\"border: 1px solid #ccc; padding: 8px;\">200ml Capacidade total: 230ml<\/td>\n<\/tr>\n<tr>\n<td style=\"border: 1px solid #ccc; padding: 8px;\">280ml Capacidade total: 316,7ml<\/td>\n<\/tr>\n<tr>\n<td style=\"border: 1px solid #ccc; padding: 8px;\" rowspan=\"3\">Conte\u00fado Peso<\/td>\n<td style=\"border: 1px solid #ccc; padding: 8px;\">Bomba: 12,8 g<\/td>\n<\/tr>\n<tr>\n<td style=\"border: 1px solid #ccc; padding: 8px;\">Frasco de 200ml: 31,45g<\/td>\n<\/tr>\n<tr>\n<td style=\"border: 1px solid #ccc; padding: 8px;\">Garrafa de 280ml: 31,45g<\/td>\n<\/tr>\n<tr>\n<td style=\"border: 1px solid #ccc; padding: 8px;\" rowspan=\"3\">Especifica\u00e7\u00e3o<\/td>\n<td style=\"border: 1px solid #ccc; padding: 8px;\">Bomba: 93*29*29mm<\/td>\n<\/tr>\n<tr>\n<td style=\"border: 1px solid #ccc; padding: 8px;\">Garrafa interior: 127*55*55mm<\/td>\n<\/tr>\n<tr>\n<td style=\"border: 1px solid #ccc; padding: 8px;\">Caixa exterior: 127*66*66mm<\/td>\n<\/tr>\n<tr>\n<td style=\"border: 1px solid #ccc; padding: 8px;\">OEM\/ODM<\/td>\n<td style=\"border: 1px solid #ccc; padding: 8px;\">Dispon\u00edvel (log\u00f3tipo personalizado, embalagem, cor)<\/td>\n<\/tr>\n<\/tbody>\n<\/table>\n<h2 style=\"font-size: 22px; margin-top: 25px; color: #111;\">Vantagens do mercado global<\/h2>\n<p>O nosso <strong>garrafa airless substitu\u00edvel<\/strong> j\u00e1 foi adoptada por marcas internacionais que procuram embalagens de cosm\u00e9ticos sustent\u00e1veis, personaliz\u00e1veis e de qualidade superior. Concebida para cumprir as normas de exporta\u00e7\u00e3o para a Am\u00e9rica do Norte, Europa e \u00c1sia, esta solu\u00e7\u00e3o de embalagem cumpre os regulamentos de seguran\u00e7a e os requisitos de sustentabilidade.<\/p>\n<h2 style=\"font-size: 22px; margin-top: 25px; color: #111;\">\u2705 Conclus\u00e3o<\/h2>\n<p>A garrafa de recarga PET \u00e9 mais do que um simples recipiente - \u00e9 uma <span style=\"color: #0066cc; font-weight: bold;\">garrafa airless<\/span> que aborda a sustentabilidade, a conveni\u00eancia para o consumidor e o posicionamento de marca de qualidade superior. Ao combinar a durabilidade do PET e do PP com carater\u00edsticas OEM personaliz\u00e1veis, a <strong>garrafa airless substitu\u00edvel<\/strong> \u00e9 a escolha ideal para as marcas que procuram destacar-se nos mercados competitivos da cosm\u00e9tica e dos cuidados pessoais.<\/p>\n<\/div>","protected":false},"excerpt":{"rendered":"<p>Descubra o frasco airless substitu\u00edvel e a garrafa de recarga pet, fabricados em PET e PP com um design inovador a v\u00e1cuo. Ideal para cuidados da pele, cosm\u00e9ticos e cuidados pessoais, oferecendo solu\u00e7\u00f5es de embalagem OEM e personaliz\u00e1veis.<\/p>","protected":false},"featured_media":9157,"comment_status":"closed","ping_status":"closed","template":"","meta":{"_acf_changed":false},"product_brand":[],"product_cat":[34],"product_tag":[],"class_list":{"0":"post-6517","1":"product","2":"type-product","3":"status-publish","4":"has-post-thumbnail","6":"product_cat-pet-materials","8":"first","9":"instock","10":"shipping-taxable","11":"product-type-grouped"},"acf":[],"_links":{"self":[{"href":"https:\/\/goldensoarpackage.com\/pt\/wp-json\/wp\/v2\/product\/6517","targetHints":{"allow":["GET"]}}],"collection":[{"href":"https:\/\/goldensoarpackage.com\/pt\/wp-json\/wp\/v2\/product"}],"about":[{"href":"https:\/\/goldensoarpackage.com\/pt\/wp-json\/wp\/v2\/types\/product"}],"replies":[{"embeddable":true,"href":"https:\/\/goldensoarpackage.com\/pt\/wp-json\/wp\/v2\/comments?post=6517"}],"wp:featuredmedia":[{"embeddable":true,"href":"https:\/\/goldensoarpackage.com\/pt\/wp-json\/wp\/v2\/media\/9157"}],"wp:attachment":[{"href":"https:\/\/goldensoarpackage.com\/pt\/wp-json\/wp\/v2\/media?parent=6517"}],"wp:term":[{"taxonomy":"product_brand","embeddable":true,"href":"https:\/\/goldensoarpackage.com\/pt\/wp-json\/wp\/v2\/product_brand?post=6517"},{"taxonomy":"product_cat","embeddable":true,"href":"https:\/\/goldensoarpackage.com\/pt\/wp-json\/wp\/v2\/product_cat?post=6517"},{"taxonomy":"product_tag","embeddable":true,"href":"https:\/\/goldensoarpackage.com\/pt\/wp-json\/wp\/v2\/product_tag?post=6517"}],"curies":[{"name":"wp","href":"https:\/\/api.w.org\/{rel}","templated":true}]}}