{"id":6510,"date":"2025-08-30T03:35:30","date_gmt":"2025-08-30T03:35:30","guid":{"rendered":"https:\/\/goldensoarpackage.com\/?post_type=product&#038;p=6510"},"modified":"2025-10-13T06:19:44","modified_gmt":"2025-10-13T06:19:44","slug":"sistema-de-recarga-de-garrafas-com-bomba-airless","status":"publish","type":"product","link":"https:\/\/goldensoarpackage.com\/pt\/sistema-de-recarga-de-garrafas-com-bomba-airless\/","title":{"rendered":"Sistema de garrafa de recarga com garrafas de bomba sem ar Embalagem ecol\u00f3gica inovadora Solu\u00e7\u00e3o personaliz\u00e1vel OEM"},"content":{"rendered":"<section style=\"width: 100%; font-family: Arial, sans-serif; line-height: 1.6; color: #333;\">\n<header>\n<h1 style=\"font-size: 26px; font-weight: bold; text-align: center; color: #111;\">Sistema inovador de garrafas de recarga Garrafas de bomba sem ar<\/h1>\n<p style=\"color: #555; width: 100%; margin: auto;\">Uma nova gera\u00e7\u00e3o <span style=\"color: #0073e6; font-weight: bold;\">recarga <\/span><span style=\"color: #d6336c; font-weight: bold;\">garrafas com bomba airless<\/span> que combina design ecol\u00f3gico, facilidade de utiliza\u00e7\u00e3o de alta qualidade e funcionalidades OEM personaliz\u00e1veis para marcas globais.<\/p>\n<\/header>\n<h2 style=\"font-size: 20px; font-weight: bold; margin-top: 25px;\">\ud83c\udf0d Embalagens sustent\u00e1veis com elevado desempenho<\/h2>\n<p>O <strong style=\"color: #0073e6;\">sistema de recarga de garrafas<\/strong> foi concebido para marcas que pretendem reduzir a utiliza\u00e7\u00e3o de pl\u00e1stico, mantendo ao mesmo tempo uma experi\u00eancia de produto de luxo. O estojo exterior duradouro foi concebido para ser reutilizado, enquanto o interior <strong style=\"color: #d6336c;\">garrafas airless<\/strong> podem ser substitu\u00eddos de forma r\u00e1pida e segura com um simples clique. Este sistema n\u00e3o s\u00f3 minimiza os res\u00edduos, como tamb\u00e9m cria novas oportunidades de marca atrav\u00e9s de designs de caixas arrojados e credenciais ecol\u00f3gicas.<\/p>\n<h2 style=\"font-size: 20px; font-weight: bold; margin-top: 25px;\">Carater\u00edsticas principais do sistema de garrafa de recarga<\/h2>\n<div style=\"display: flex; flex-wrap: wrap; gap: 20px;\">\n<p><!-- Left Side --><\/p>\n<div style=\"flex: 1; min-width: 800px;\">\n<ul style=\"margin-left: 20px;\">\n<li style=\"margin-top: 25px;\">Sendo o \u201crosto\u201d que representa o produto, apresenta fielmente as carater\u00edsticas do produto. Com a simples substitui\u00e7\u00e3o da garrafa interior, o inv\u00f3lucro exterior pode ser continuamente reutilizado.<\/li>\n<li style=\"margin-top: 25px;\">Atrav\u00e9s da abertura reservada na parte de tr\u00e1s do inv\u00f3lucro exterior, \u00e9 poss\u00edvel ver como a garrafa interior se contrai. O frasco interior tem um design de tipo v\u00e1cuo, garantindo que o conte\u00fado nunca \u00e9 exposto ao ar exterior. Ao mesmo tempo, \u00e0 medida que o frasco se contrai, mesmo as formula\u00e7\u00f5es espessas podem ser dispensadas com um m\u00ednimo de res\u00edduos no interior.<\/li>\n<li style=\"margin-top: 25px;\">O inv\u00f3lucro exterior funciona como uma estrutura de suporte, mantendo a estabilidade geral, apesar de a garrafa interior de tipo v\u00e1cuo ter sido concebida para se contrair e deformar. N\u00e3o s\u00f3 o design exterior proporciona um forte impacto visual, mas a estrutura espiral \u00fanica da garrafa interior tamb\u00e9m cria um padr\u00e3o de contra\u00e7\u00e3o elegante \u00e0 medida que o conte\u00fado \u00e9 gradualmente consumido.<\/li>\n<li style=\"margin-top: 25px;\">Quando combinada com uma bomba de alavanca, o design da garrafa torna-se surpreendentemente inovador e apelativo. A bomba foi concebida para ser pr\u00e1tica, permitindo aos utilizadores dispensar facilmente o conte\u00fado com apenas uma m\u00e3o.<\/li>\n<li style=\"margin-top: 25px;\">A conce\u00e7\u00e3o ecol\u00f3gica reduz o consumo global de pl\u00e1stico.<\/li>\n<li style=\"margin-top: 25px;\">Op\u00e7\u00f5es de marca OEM e personaliz\u00e1veis para marcas globais de cosm\u00e9ticos, cuidados com o cabelo e cuidados com a pele.<\/li>\n<\/ul>\n<\/div>\n<p><!-- Right Side --><\/p>\n<div style=\"flex: 1; min-width: 300px;\">\n<figure id=\"attachment_6550\" aria-describedby=\"caption-attachment-6550\" style=\"width: 290px\" class=\"wp-caption alignnone\"><img decoding=\"async\" class=\"size-medium wp-image-6550\" src=\"https:\/\/goldensoarpackage.com\/wp-content\/uploads\/2025\/08\/refill-bottle-system3-300x236.jpg\" alt=\"\" width=\"300\" height=\"236\" srcset=\"https:\/\/goldensoarpackage.com\/wp-content\/uploads\/2025\/08\/refill-bottle-system3-300x236.jpg 300w, https:\/\/goldensoarpackage.com\/wp-content\/uploads\/2025\/08\/refill-bottle-system3-768x604.jpg 768w, https:\/\/goldensoarpackage.com\/wp-content\/uploads\/2025\/08\/refill-bottle-system3.jpg 1000w\" sizes=\"(max-width: 300px) 100vw, 300px\" \/><figcaption id=\"caption-attachment-6550\" class=\"wp-caption-text\"><\/p>\n<p><img decoding=\"async\" class=\"alignnone size-medium wp-image-6549\" style=\"font-size: 16px;\" src=\"https:\/\/goldensoarpackage.com\/wp-content\/uploads\/2025\/08\/refill-bottle-system2-300x224.jpg\" alt=\"\" width=\"300\" height=\"224\" srcset=\"https:\/\/goldensoarpackage.com\/wp-content\/uploads\/2025\/08\/refill-bottle-system2-300x224.jpg 300w, https:\/\/goldensoarpackage.com\/wp-content\/uploads\/2025\/08\/refill-bottle-system2-768x574.jpg 768w, https:\/\/goldensoarpackage.com\/wp-content\/uploads\/2025\/08\/refill-bottle-system2.jpg 1000w\" sizes=\"(max-width: 300px) 100vw, 300px\" \/><\/figcaption><\/figure>\n<\/div>\n<\/div>\n<h2 style=\"font-size: 20px; font-weight: bold; margin-top: 25px;\">\ud83e\uddf4 Frascos com bomba sem ar: Preservar a integridade da f\u00f3rmula<\/h2>\n<p>Ao contr\u00e1rio das embalagens tradicionais, as nossas <span style=\"color: #d6336c; font-weight: bold;\">garrafas com bomba airless<\/span> utilizam uma estrutura avan\u00e7ada sem ar para proteger as f\u00f3rmulas sens\u00edveis. \u00c0 medida que o frasco de recarga se fecha ao longo dos seus vincos pr\u00e9-desenhados, n\u00e3o h\u00e1 refluxo de ar, garantindo que mesmo as f\u00f3rmulas altamente viscosas, como m\u00e1scaras capilares, soros ou lo\u00e7\u00f5es, possam ser totalmente dispensadas. Isto torna o sistema ideal para aplica\u00e7\u00f5es cosm\u00e9ticas, farmac\u00eauticas e de cuidados pessoais de alta qualidade, onde a estabilidade do produto \u00e9 cr\u00edtica.<\/p>\n<h2 style=\"font-size: 20px; font-weight: bold; margin-top: 25px;\">\ud83d\udccf Especifica\u00e7\u00f5es t\u00e9cnicas<\/h2>\n<table style=\"width: 100%; border-collapse: collapse; margin-bottom: 10px; font-size: 14px;\">\n<thead>\n<tr style=\"background-color: #f4f4f4;\">\n<th style=\"border: 1px solid #ccc; padding: 8px;\">Item<\/th>\n<th style=\"border: 1px solid #ccc; padding: 8px;\">Detalhes<\/th>\n<\/tr>\n<\/thead>\n<tbody>\n<tr>\n<td style=\"border: 1px solid #ccc; padding: 8px;\">Nome do produto<\/td>\n<td style=\"border: 1px solid #ccc; padding: 8px;\">Garrafas de bomba sem ar<\/td>\n<\/tr>\n<tr>\n<td style=\"border: 1px solid #ccc; padding: 8px;\">C\u00f3digo do produto<\/td>\n<td style=\"border: 1px solid #ccc; padding: 8px;\">P-GS003<\/td>\n<\/tr>\n<tr>\n<td style=\"border: 1px solid #ccc; padding: 8px;\" rowspan=\"3\">Material<\/td>\n<td style=\"border: 1px solid #ccc; padding: 8px;\">Bomba: PP<\/td>\n<\/tr>\n<tr>\n<td style=\"border: 1px solid #ccc; padding: 8px;\">Garrafa interior: PE<\/td>\n<\/tr>\n<tr>\n<td style=\"border: 1px solid #ccc; padding: 8px;\">Caixa exterior: PP<\/td>\n<\/tr>\n<tr>\n<td style=\"border: 1px solid #ccc; padding: 8px;\" rowspan=\"2\">Capacidade<\/td>\n<td style=\"border: 1px solid #ccc; padding: 8px;\">Capacidade total: 451,9 ml<\/td>\n<\/tr>\n<tr>\n<td style=\"border: 1px solid #ccc; padding: 8px;\">Capacidade recomendada: 420 ml<\/td>\n<\/tr>\n<tr>\n<td style=\"border: 1px solid #ccc; padding: 8px;\" rowspan=\"3\">Conte\u00fado Peso<\/td>\n<td style=\"border: 1px solid #ccc; padding: 8px;\">Bomba: 17,3 g<\/td>\n<\/tr>\n<tr>\n<td style=\"border: 1px solid #ccc; padding: 8px;\">Frasco interior: 25,5g<\/td>\n<\/tr>\n<tr>\n<td style=\"border: 1px solid #ccc; padding: 8px;\">Caixa exterior: 65g<\/td>\n<\/tr>\n<tr>\n<td style=\"border: 1px solid #ccc; padding: 8px;\" rowspan=\"3\">Especifica\u00e7\u00e3o<\/td>\n<td style=\"border: 1px solid #ccc; padding: 8px;\">Bomba: 94*33*33mm<\/td>\n<\/tr>\n<tr>\n<td style=\"border: 1px solid #ccc; padding: 8px;\">Garrafa interior: 151*69*74mm<\/td>\n<\/tr>\n<tr>\n<td style=\"border: 1px solid #ccc; padding: 8px;\">Caixa exterior: 165*87*88mm<\/td>\n<\/tr>\n<tr>\n<td style=\"border: 1px solid #ccc; padding: 8px;\">OEM\/ODM<\/td>\n<td style=\"border: 1px solid #ccc; padding: 8px;\">Dispon\u00edvel (log\u00f3tipo personalizado, embalagem, cor)<\/td>\n<\/tr>\n<\/tbody>\n<\/table>\n<h2 style=\"font-size: 20px; font-weight: bold; margin-top: 25px;\">Design inovador para a marca e a usabilidade<\/h2>\n<p>A caixa exterior apresenta superf\u00edcies arrojadas ideais para uma marca de grande impacto. As empresas podem utilizar cores personalizadas, log\u00f3tipos em relevo ou trabalhos art\u00edsticos impressos para criar uma forte presen\u00e7a nas prateleiras. O design da moldura entreaberta n\u00e3o s\u00f3 melhora a est\u00e9tica, como tamb\u00e9m permite a visibilidade da garrafa interior, uma vez que esta se fecha durante a utiliza\u00e7\u00e3o - dando aos consumidores um indicador visual da quantidade restante.<\/p>\n<h2 style=\"font-size: 20px; font-weight: bold; margin-top: 25px;\">\u2699\ufe0f Experi\u00eancia em OEM e personaliza\u00e7\u00e3o<\/h2>\n<p>Com uma vasta experi\u00eancia no sector das solu\u00e7\u00f5es de embalagem OEM e ODM, oferecemos uma personaliza\u00e7\u00e3o completa para <span style=\"color: #0073e6; font-weight: bold;\">recarga<\/span>\u00a0<span style=\"color: #d6336c; font-weight: bold;\">garrafas com bomba airless<\/span>. Desde dimens\u00f5es \u00e0 medida e materiais personalizados a cores e acabamentos de superf\u00edcie compat\u00edveis com Pantone, a nossa equipa apoia requisitos espec\u00edficos de marcas em embalagens para cosm\u00e9ticos, cuidados da pele, cuidados do cabelo e cuidados de sa\u00fade. Os clientes OEM beneficiam de volumes de encomenda flex\u00edveis, pre\u00e7os competitivos e capacidades de exporta\u00e7\u00e3o globais.<\/p>\n<ul style=\"margin-left: 20px;\">\n<li>Tamanhos e volumes de enchimento personalizados (gama de 100 ml-500 ml dispon\u00edvel)<\/li>\n<li>Op\u00e7\u00f5es de materiais, incluindo PP, PET, HDPE e bio-resinas ecol\u00f3gicas<\/li>\n<li>Tratamentos de superf\u00edcie, tais como acabamentos mate, brilhantes, met\u00e1licos ou foscos<\/li>\n<li>Personaliza\u00e7\u00e3o do log\u00f3tipo atrav\u00e9s de serigrafia, estampagem a quente ou etiquetagem<\/li>\n<li>Correspond\u00eancia de cores Pantone para consist\u00eancia da marca corporativa<\/li>\n<li>Apoio \u00e0 conce\u00e7\u00e3o de embalagens para canais profissionais e de retalho<\/li>\n<\/ul>\n<h2 style=\"font-size: 20px; font-weight: bold; margin-top: 25px;\">\u267b\ufe0f Compromisso amigo do ambiente<\/h2>\n<p>A sustentabilidade est\u00e1 no centro das nossas <strong style=\"color: #0073e6;\">garrafa de recarga<\/strong> sistema. Ao reutilizar a caixa exterior e substituir apenas a garrafa interior, o consumo de pl\u00e1stico \u00e9 reduzido significativamente. As garrafas de recarga leves em PEAD + PEBD utilizam menos material, garantindo simultaneamente a durabilidade e a seguran\u00e7a de armazenamento. Este design n\u00e3o s\u00f3 vai ao encontro das tend\u00eancias globais de embalagem ecol\u00f3gica, como tamb\u00e9m aumenta a perce\u00e7\u00e3o do consumidor em rela\u00e7\u00e3o a marcas ambientalmente respons\u00e1veis.<\/p>\n<h2 style=\"font-size: 20px; font-weight: bold; margin-top: 25px;\">\ud83d\ude80 Aplica\u00e7\u00f5es em todos os sectores<\/h2>\n<p>A nossa recarga <strong style=\"color: #d6336c;\">garrafas airless<\/strong> O sistema de embalagem \u00e9 vers\u00e1til e adequado para:<\/p>\n<ul style=\"margin-left: 20px;\">\n<li>Produtos para o cabelo, como champ\u00f4s, amaciadores e m\u00e1scaras<\/li>\n<li>Produtos de cuidados da pele, como cremes, lo\u00e7\u00f5es e s\u00e9runs<\/li>\n<li>Produtos cosm\u00e9ticos que requerem uma conserva\u00e7\u00e3o sens\u00edvel ao oxig\u00e9nio<\/li>\n<li>Cremes farmac\u00eauticos e formula\u00e7\u00f5es de qualidade m\u00e9dica<\/li>\n<li>Linhas de produtos de higiene pessoal de luxo e com preocupa\u00e7\u00f5es ecol\u00f3gicas<\/li>\n<\/ul>\n<h2 style=\"font-size: 20px; font-weight: bold; margin-top: 25px;\">Porqu\u00ea escolher a nossa solu\u00e7\u00e3o de embalagem?<\/h2>\n<ul style=\"margin-left: 20px;\">\n<li>Tecnologia airless inovadora para uma dosagem completa<\/li>\n<li>Design OEM personaliz\u00e1vel para satisfazer as necessidades da marca<\/li>\n<li>Solu\u00e7\u00e3o ecol\u00f3gica para reduzir os res\u00edduos de pl\u00e1stico<\/li>\n<li>Excelente facilidade de utiliza\u00e7\u00e3o com opera\u00e7\u00e3o da bomba com uma s\u00f3 m\u00e3o<\/li>\n<li>Experi\u00eancia comprovada na exporta\u00e7\u00e3o de embalagens cosm\u00e9ticas e industriais<\/li>\n<\/ul>\n<h2 style=\"font-size: 20px; font-weight: bold; margin-top: 25px;\">F\u00e1cil montagem e experi\u00eancia do utilizador<\/h2>\n<p>O sistema de recarga foi concebido para uma utiliza\u00e7\u00e3o sem esfor\u00e7o. Basta encaixar a bomba no frasco de recarga, desliz\u00e1-la para dentro da caixa exterior e fix\u00e1-la no lugar com um clique. Os consumidores beneficiam de uma distribui\u00e7\u00e3o suave, com uma s\u00f3 m\u00e3o, e de um indicador vis\u00edvel do produto restante. Esta experi\u00eancia intuitiva aumenta a satisfa\u00e7\u00e3o do cliente e promove a repeti\u00e7\u00e3o da compra.<\/p>\n<\/section>","protected":false},"excerpt":{"rendered":"<p>Descubra o nosso inovador sistema de frascos de recarga com garrafas de bomba sem ar, concebido para embalagens ecol\u00f3gicas. Com uma caixa exterior reutiliz\u00e1vel, f\u00e1cil substitui\u00e7\u00e3o e solu\u00e7\u00f5es OEM personaliz\u00e1veis para aplica\u00e7\u00f5es de cuidados capilares, cuidados da pele e cosm\u00e9tica.<\/p>","protected":false},"featured_media":9152,"comment_status":"closed","ping_status":"closed","template":"","meta":{"_acf_changed":false},"product_brand":[],"product_cat":[31],"product_tag":[],"class_list":{"0":"post-6510","1":"product","2":"type-product","3":"status-publish","4":"has-post-thumbnail","6":"product_cat-pe-materials","8":"first","9":"instock","10":"shipping-taxable","11":"product-type-grouped"},"acf":[],"_links":{"self":[{"href":"https:\/\/goldensoarpackage.com\/pt\/wp-json\/wp\/v2\/product\/6510","targetHints":{"allow":["GET"]}}],"collection":[{"href":"https:\/\/goldensoarpackage.com\/pt\/wp-json\/wp\/v2\/product"}],"about":[{"href":"https:\/\/goldensoarpackage.com\/pt\/wp-json\/wp\/v2\/types\/product"}],"replies":[{"embeddable":true,"href":"https:\/\/goldensoarpackage.com\/pt\/wp-json\/wp\/v2\/comments?post=6510"}],"wp:featuredmedia":[{"embeddable":true,"href":"https:\/\/goldensoarpackage.com\/pt\/wp-json\/wp\/v2\/media\/9152"}],"wp:attachment":[{"href":"https:\/\/goldensoarpackage.com\/pt\/wp-json\/wp\/v2\/media?parent=6510"}],"wp:term":[{"taxonomy":"product_brand","embeddable":true,"href":"https:\/\/goldensoarpackage.com\/pt\/wp-json\/wp\/v2\/product_brand?post=6510"},{"taxonomy":"product_cat","embeddable":true,"href":"https:\/\/goldensoarpackage.com\/pt\/wp-json\/wp\/v2\/product_cat?post=6510"},{"taxonomy":"product_tag","embeddable":true,"href":"https:\/\/goldensoarpackage.com\/pt\/wp-json\/wp\/v2\/product_tag?post=6510"}],"curies":[{"name":"wp","href":"https:\/\/api.w.org\/{rel}","templated":true}]}}