{"id":6161,"date":"2025-08-26T09:03:21","date_gmt":"2025-08-26T09:03:21","guid":{"rendered":"https:\/\/goldensoarpackage.com\/?post_type=product&#038;p=6161"},"modified":"2025-09-08T09:32:36","modified_gmt":"2025-09-08T09:32:36","slug":"garrafas-de-espuma-de-250ml-para-animais-de-estimacao","status":"publish","type":"product","link":"https:\/\/goldensoarpackage.com\/pt\/garrafas-de-espuma-de-250ml-para-animais-de-estimacao\/","title":{"rendered":"Garrafas de Bomba de Espuma de 250ml Garrafas de Espuma PET para Crian\u00e7as Lavagem Facial Shampoo Lavagem Corporal Sabonete para M\u00e3os Embalagem Cosm\u00e9tica"},"content":{"rendered":"<section style=\"font-family: Arial, sans-serif; line-height: 1.7; color: #333; width: 100%; padding: 15px;\">\n<h1 style=\"font-size: 24px; text-align: center;\">Garrafas PET com bomba de espuma de 250 ml para lavagem facial de crian\u00e7as, champ\u00f4, lavagem corporal, sabonete para as m\u00e3os<\/h1>\n<p>Descubra a combina\u00e7\u00e3o perfeita de comodidade, seguran\u00e7a e estilo com a nossa garrafa de 250 ml <strong style=\"color: #ff6600;\">garrafas com bomba de espuma<\/strong> e <strong style=\"color: #ff6600;\">Garrafas de espuma PET<\/strong>. Concebidos tanto para crian\u00e7as como para adultos, estes frascos proporcionam uma forma f\u00e1cil e higi\u00e9nica de dispensar sabonete l\u00edquido, produto de limpeza facial, champ\u00f4 e gel de banho. Fabricados com material PE de alta qualidade e uma cabe\u00e7a de bomba PP dur\u00e1vel, cada frasco garante uma utiliza\u00e7\u00e3o duradoura, proporcionando uma espuma rica e luxuosa com cada bomba.<\/p>\n<h3 style=\"margin-top: 20px;\">Materiais de alta qualidade e design seguro<\/h3>\n<p>As nossas garrafas de bomba de espuma s\u00e3o feitas de <strong style=\"color: #ff6600;\">Garrafas de espuma PET<\/strong> para o corpo e PE de alta qualidade, que n\u00e3o cont\u00e9m BPA e \u00e9 seguro para as crian\u00e7as. A cabe\u00e7a da bomba \u00e9 feita de PP, garantindo um funcionamento suave e evitando fugas ou entupimentos. Com um design de 28 roscas e uma capacidade de 250 ml, estes biber\u00f5es s\u00e3o leves (45 g), mas suficientemente dur\u00e1veis para uma utiliza\u00e7\u00e3o quotidiana. O material PET claro e transparente permite uma f\u00e1cil monitoriza\u00e7\u00e3o dos n\u00edveis de l\u00edquido, tornando o reabastecimento c\u00f3modo e eficiente.<\/p>\n<h3 style=\"margin-top: 20px;\">Funcionalidade polivalente<\/h3>\n<p>Os nossos frascos com bomba de espuma de 250 ml s\u00e3o perfeitos para uma variedade de produtos de cuidados pessoais. Podem ser utilizados para:<\/p>\n<ul>\n<li>Gel de banho para crian\u00e7as<\/li>\n<li>Champ\u00f4<\/li>\n<li>Gel de banho<\/li>\n<li>Sabonete para as m\u00e3os<\/li>\n<li>Produtos de limpeza facial<\/li>\n<li>Outros produtos cosm\u00e9ticos l\u00edquidos<\/li>\n<\/ul>\n<p>O mecanismo da bomba de espuma transforma qualquer l\u00edquido numa espuma rica e luxuosa que \u00e9 suave para a pele e reduz o desperd\u00edcio de produto. Estes frascos s\u00e3o ideais para as rotinas de higiene quotidiana em casa, nas creches e em viagem.<\/p>\n<h3 style=\"margin-top: 20px;\">Solu\u00e7\u00f5es OEM personaliz\u00e1veis<\/h3>\n<p>Somos especializados em solu\u00e7\u00f5es de embalagem OEM e personaliz\u00e1veis para as ind\u00fastrias de cuidados pessoais e cosm\u00e9tica. Os nossos <strong style=\"color: #ff6600;\">garrafas com bomba de espuma<\/strong> podem ser adaptados \u00e0s especifica\u00e7\u00f5es da sua marca com etiquetas, cores e op\u00e7\u00f5es de impress\u00e3o personalizadas. A nossa equipa tem anos de experi\u00eancia em <em>conce\u00e7\u00e3o de embalagens de cosm\u00e9ticos<\/em> e fabrico, assegurando que os seus produtos n\u00e3o s\u00f3 t\u00eam um aspeto profissional como tamb\u00e9m cumprem as normas de seguran\u00e7a internacionais.<\/p>\n<h3 style=\"margin-top: 20px;\">Especifica\u00e7\u00f5es t\u00e9cnicas<\/h3>\n<table style=\"width: 100%; border-collapse: collapse; margin-bottom: 10px; font-size: 14px;\">\n<thead>\n<tr style=\"background-color: #f4f4f4;\">\n<th style=\"border: 1px solid #ccc; padding: 8px;\">Item<\/th>\n<th style=\"border: 1px solid #ccc; padding: 8px;\">Detalhes<\/th>\n<\/tr>\n<\/thead>\n<tbody>\n<tr>\n<td style=\"border: 1px solid #ccc; padding: 8px;\">Nome do produto<\/td>\n<td style=\"border: 1px solid #ccc; padding: 8px;\">Frascos com bomba de espuma<\/td>\n<\/tr>\n<tr>\n<td style=\"border: 1px solid #ccc; padding: 8px;\">C\u00f3digo do produto<\/td>\n<td style=\"border: 1px solid #ccc; padding: 8px;\">P-GS019<\/td>\n<\/tr>\n<tr>\n<td style=\"border: 1px solid #ccc; padding: 8px;\">Material<\/td>\n<td style=\"border: 1px solid #ccc; padding: 8px;\">Garrafa PET + cabe\u00e7a da bomba PP<\/td>\n<\/tr>\n<tr>\n<td style=\"border: 1px solid #ccc; padding: 8px;\">Capacidade<\/td>\n<td style=\"border: 1px solid #ccc; padding: 8px;\">250ml<\/td>\n<\/tr>\n<tr>\n<td style=\"border: 1px solid #ccc; padding: 8px;\">Peso<\/td>\n<td style=\"border: 1px solid #ccc; padding: 8px;\">45g<\/td>\n<\/tr>\n<tr>\n<td style=\"border: 1px solid #ccc; padding: 8px;\">Linha<\/td>\n<td style=\"border: 1px solid #ccc; padding: 8px;\">28 fios<\/td>\n<\/tr>\n<tr>\n<td style=\"border: 1px solid #ccc; padding: 8px;\">Cor<\/td>\n<td style=\"border: 1px solid #ccc; padding: 8px;\">Combina\u00e7\u00e3o personalizada dispon\u00edvel<\/td>\n<\/tr>\n<tr>\n<td style=\"border: 1px solid #ccc; padding: 8px;\">M\u00e9todos do log\u00f3tipo<\/td>\n<td style=\"border: 1px solid #ccc; padding: 8px;\">Impress\u00e3o em seda, relevo, relevo<\/td>\n<\/tr>\n<tr>\n<td style=\"border: 1px solid #ccc; padding: 8px;\">Aplic\u00e1vel<\/td>\n<td style=\"border: 1px solid #ccc; padding: 8px;\">Gel de duche, Champ\u00f4, Lo\u00e7\u00e3o corporal<\/td>\n<\/tr>\n<tr>\n<td style=\"border: 1px solid #ccc; padding: 8px;\">OEM\/ODM<\/td>\n<td style=\"border: 1px solid #ccc; padding: 8px;\">Dispon\u00edvel (log\u00f3tipo personalizado, embalagem, cor)<\/td>\n<\/tr>\n<\/tbody>\n<\/table>\n<h3><img decoding=\"async\" class=\"wp-image-6174 size-full aligncenter\" src=\"https:\/\/goldensoarpackage.com\/wp-content\/uploads\/2025\/08\/size-4.jpg\" alt=\"\" width=\"414\" height=\"574\" srcset=\"https:\/\/goldensoarpackage.com\/wp-content\/uploads\/2025\/08\/size-4.jpg 414w, https:\/\/goldensoarpackage.com\/wp-content\/uploads\/2025\/08\/size-4-216x300.jpg 216w\" sizes=\"(max-width: 414px) 100vw, 414px\" \/><\/h3>\n<h3 style=\"margin-top: 20px;\">Dur\u00e1vel e amigo do ambiente<\/h3>\n<p>As nossas garrafas de espuma PET s\u00e3o feitas para durar. S\u00e3o resistentes ao impacto, leves e recicl\u00e1veis, apoiando pr\u00e1ticas de embalagem sustent\u00e1veis. O design reutiliz\u00e1vel promove o consumo ecol\u00f3gico, permitindo que os seus clientes voltem a encher as garrafas v\u00e1rias vezes em vez de as deitarem fora ap\u00f3s uma \u00fanica utiliza\u00e7\u00e3o. Isto torna-as uma excelente escolha para consumidores e empresas com consci\u00eancia ambiental que procuram reduzir os res\u00edduos de pl\u00e1stico.<\/p>\n<h3 style=\"margin-top: 20px;\">Carater\u00edsticas de f\u00e1cil utiliza\u00e7\u00e3o<\/h3>\n<p>Cada garrafa possui uma bomba suave e f\u00e1cil de premir, proporcionando uma sa\u00edda de espuma consistente. O design com 28 roscas garante um ajuste seguro sem fugas. O corpo transparente permite aos utilizadores monitorizar os n\u00edveis de l\u00edquido num relance, enquanto o tamanho compacto de 250 ml o torna port\u00e1til e conveniente para viagens, escolas ou creches. Quer seja para uso dom\u00e9stico, comercial ou em viagem, estas garrafas oferecem a m\u00e1xima facilidade de utiliza\u00e7\u00e3o sem comprometer o estilo ou a funcionalidade.<\/p>\n<h3 style=\"margin-top: 20px;\">Porqu\u00ea escolher as nossas garrafas com bomba de espuma?<\/h3>\n<ul>\n<li>Garrafa PE de alta qualidade com cabe\u00e7a de bomba PP dur\u00e1vel<\/li>\n<li>Seguro para crian\u00e7as e adultos<\/li>\n<li>Polivalente: sabonete, champ\u00f4, gel de banho, produto de limpeza facial<\/li>\n<li>Solu\u00e7\u00f5es OEM personaliz\u00e1veis com op\u00e7\u00f5es de marca<\/li>\n<li>Amigo do ambiente, reutiliz\u00e1vel e recicl\u00e1vel<\/li>\n<li>Design port\u00e1til e \u00e0 prova de fugas<\/li>\n<li>Sa\u00edda de espuma rica com cada bomba<\/li>\n<\/ul>\n<h3 style=\"margin-top: 20px;\">Aplica\u00e7\u00f5es<\/h3>\n<p>Estas garrafas de espuma PET de 250 ml s\u00e3o amplamente utilizadas em v\u00e1rios contextos:<\/p>\n<ul>\n<li>Casas de banho e cozinhas de uso dom\u00e9stico<\/li>\n<li>Creches e escolas<\/li>\n<li>Viagens e actividades ao ar livre<\/li>\n<li>Hot\u00e9is, spas e centros de bem-estar<\/li>\n<li>Embalagem de produtos de higiene pessoal e cosm\u00e9ticos<\/li>\n<\/ul>\n<h3 style=\"margin-top: 20px;\">Especializa\u00e7\u00e3o no sector e experi\u00eancia em OEM<\/h3>\n<p>Com anos de experi\u00eancia no sector <strong style=\"color: #ff6600;\">ind\u00fastria de embalagens de cosm\u00e9ticos<\/strong>, A nossa empresa fornece servi\u00e7os OEM personalizados que cumprem as normas de qualidade internacionais. A nossa equipa apoia os clientes na conce\u00e7\u00e3o de frascos, impress\u00e3o, rotulagem e produ\u00e7\u00e3o em massa, garantindo uma entrega atempada e produtos acabados de alta qualidade. Ao escolher os nossos frascos com bomba de espuma, ganha um parceiro fi\u00e1vel para todas as suas necessidades de embalagem de cuidados pessoais.<\/p>\n<h3 style=\"margin-top: 20px;\">Conclus\u00e3o<\/h3>\n<p>Os nossos 250ml <strong style=\"color: #ff6600;\">garrafas com bomba de espuma<\/strong> e <strong style=\"color: #ff6600;\">Garrafas de espuma PET<\/strong> combinam durabilidade, seguran\u00e7a e estilo numa solu\u00e7\u00e3o pr\u00e1tica para embalagens de cosm\u00e9ticos e cuidados pessoais. Ideais para crian\u00e7as e adultos, garantem a distribui\u00e7\u00e3o higi\u00e9nica de produtos l\u00edquidos, apoiando simultaneamente pr\u00e1ticas ecol\u00f3gicas. Personaliz\u00e1veis, reutiliz\u00e1veis e profissionais, estes frascos s\u00e3o a escolha perfeita para empresas que procuram solu\u00e7\u00f5es de embalagem de alta qualidade e prontas para OEM. \ud83c\udf3f\ud83e\uddfc\ud83d\udca6<\/p>\n<\/section>","protected":false},"excerpt":{"rendered":"<p>250ml de alta qualidade <strong data-start=\"322\" data-end=\"346\">Frascos com bomba de espuma<\/strong> e <strong data-start=\"351\" data-end=\"373\">Garrafas de espuma PET<\/strong> para crian\u00e7as, champ\u00f4, sabonete para o corpo e sabonete para as m\u00e3os. Dur\u00e1vel, recarreg\u00e1vel e personaliz\u00e1vel, ideal para solu\u00e7\u00f5es de embalagem de cosm\u00e9ticos e cuidados pessoais OEM.<\/p>","protected":false},"featured_media":6285,"comment_status":"closed","ping_status":"closed","template":"","meta":{"_acf_changed":false},"product_brand":[],"product_cat":[34],"product_tag":[],"class_list":{"0":"post-6161","1":"product","2":"type-product","3":"status-publish","4":"has-post-thumbnail","6":"product_cat-pet-materials","8":"first","9":"instock","10":"shipping-taxable","11":"product-type-grouped"},"acf":[],"_links":{"self":[{"href":"https:\/\/goldensoarpackage.com\/pt\/wp-json\/wp\/v2\/product\/6161","targetHints":{"allow":["GET"]}}],"collection":[{"href":"https:\/\/goldensoarpackage.com\/pt\/wp-json\/wp\/v2\/product"}],"about":[{"href":"https:\/\/goldensoarpackage.com\/pt\/wp-json\/wp\/v2\/types\/product"}],"replies":[{"embeddable":true,"href":"https:\/\/goldensoarpackage.com\/pt\/wp-json\/wp\/v2\/comments?post=6161"}],"wp:featuredmedia":[{"embeddable":true,"href":"https:\/\/goldensoarpackage.com\/pt\/wp-json\/wp\/v2\/media\/6285"}],"wp:attachment":[{"href":"https:\/\/goldensoarpackage.com\/pt\/wp-json\/wp\/v2\/media?parent=6161"}],"wp:term":[{"taxonomy":"product_brand","embeddable":true,"href":"https:\/\/goldensoarpackage.com\/pt\/wp-json\/wp\/v2\/product_brand?post=6161"},{"taxonomy":"product_cat","embeddable":true,"href":"https:\/\/goldensoarpackage.com\/pt\/wp-json\/wp\/v2\/product_cat?post=6161"},{"taxonomy":"product_tag","embeddable":true,"href":"https:\/\/goldensoarpackage.com\/pt\/wp-json\/wp\/v2\/product_tag?post=6161"}],"curies":[{"name":"wp","href":"https:\/\/api.w.org\/{rel}","templated":true}]}}