{"id":6137,"date":"2025-08-26T05:57:41","date_gmt":"2025-08-26T05:57:41","guid":{"rendered":"https:\/\/goldensoarpackage.com\/?post_type=product&#038;p=6137"},"modified":"2025-08-26T06:25:37","modified_gmt":"2025-08-26T06:25:37","slug":"latas-de-aerossol-de-aluminio-latas-de-aluminio-vazias","status":"publish","type":"product","link":"https:\/\/goldensoarpackage.com\/pt\/latas-de-aerossol-de-aluminio-latas-de-aluminio-vazias\/","title":{"rendered":"Latas de alum\u00ednio vazias | Latas de aerossol de alum\u00ednio de alta qualidade para spray cosm\u00e9tico e embalagem de inseticida OEM personaliz\u00e1vel"},"content":{"rendered":"<div style=\"width: 1200px;\" class=\"wp-video\"><video class=\"wp-video-shortcode\" id=\"video-6137-1\" width=\"1200\" height=\"675\" preload=\"metadata\" controls=\"controls\"><source type=\"video\/mp4\" src=\"https:\/\/goldensoarpackage.com\/wp-content\/uploads\/2025\/08\/A-GS014.mp4?_=1\" \/><a href=\"https:\/\/goldensoarpackage.com\/wp-content\/uploads\/2025\/08\/A-GS014.mp4\">https:\/\/goldensoarpackage.com\/wp-content\/uploads\/2025\/08\/A-GS014.mp4<\/a><\/video><\/div>\n<section style=\"font-family: Arial, sans-serif; line-height: 1.7; color: #333; max-width: 100%; padding: 15px;\">\n<header>\n<h1 style=\"color: #0073aa; font-size: 26px; text-align: center; margin-bottom: 15px;\">\ud83c\udf0d Latas de aerossol de alum\u00ednio cil\u00edndricas vazias de metal para spray cosm\u00e9tico e embalagem de inseticida<\/h1>\n<\/header>\n<p><!-- Introduction --><\/p>\n<section>\n<h2 style=\"color: #d35400; font-size: 22px; margin-top: 20px;\">\ud83d\udccc Introdu\u00e7\u00e3o<\/h2>\n<p>O nosso <span style=\"color: #0073aa; font-weight: bold;\">latas de aerossol de alum\u00ednio<\/span> e <span style=\"color: #0073aa; font-weight: bold;\">latas de alum\u00ednio vazias<\/span> s\u00e3o fabricadas com alum\u00ednio de alta pureza para satisfazer a procura crescente de solu\u00e7\u00f5es de embalagem seguras, duradouras e personaliz\u00e1veis. Estas latas de metal cil\u00edndricas s\u00e3o amplamente utilizadas em ind\u00fastrias que v\u00e3o desde cosm\u00e9ticos e produtos farmac\u00eauticos a insecticidas dom\u00e9sticos e sprays industriais.<br \/>\nCom um design sem costuras, excelente veda\u00e7\u00e3o e resist\u00eancia \u00e0 corros\u00e3o, oferecem uma op\u00e7\u00e3o de embalagem de qualidade superior para marcas globais que valorizam o desempenho, a sustentabilidade e a atra\u00e7\u00e3o do mercado.<\/p>\n<\/section>\n<p><!-- OEM + Customization --><\/p>\n<section>\n<h2 style=\"color: #27ae60; font-size: 22px; margin-top: 20px;\">Experi\u00eancia em OEM e personaliza\u00e7\u00e3o<\/h2>\n<p>Com mais de uma d\u00e9cada de experi\u00eancia no sector, somos especializados em <strong>Produ\u00e7\u00e3o OEM e personaliz\u00e1vel<\/strong> de latas de aerossol de alum\u00ednio. As nossas capacidades incluem tamanhos \u00e0 medida, acabamentos de superf\u00edcie personalizados, impress\u00e3o de r\u00f3tulos privados e revestimentos interiores protectores concebidos para corresponder \u00e0 formula\u00e7\u00e3o do seu produto.<br \/>\nQuer necessite de <span style=\"color: #0073aa; font-weight: bold;\">embalagem de spray cosm\u00e9tico<\/span>, <span style=\"color: #0073aa; font-weight: bold;\">recipientes para aeross\u00f3is farmac\u00eauticos<\/span>, ou <span style=\"color: #0073aa; font-weight: bold;\">latas de inseticida<\/span>, A nossa empresa oferece solu\u00e7\u00f5es flex\u00edveis que se adaptam \u00e0 sua estrat\u00e9gia de marca e aos seus requisitos de conformidade.<\/p>\n<ul style=\"margin-left: 20px;\">\n<li>Impress\u00e3o personalizada at\u00e9 8 cores com acabamento brilhante ou mate<\/li>\n<li>Design de marca pr\u00f3pria e OEM para mercados globais<\/li>\n<li>Revestimentos interiores para prote\u00e7\u00e3o contra formula\u00e7\u00f5es agressivas<\/li>\n<li>\u2699\ufe0f MOQ flex\u00edvel com capacidade de produ\u00e7\u00e3o a granel<\/li>\n<li>Alum\u00ednio recicl\u00e1vel amigo do ambiente para apoiar os objectivos de sustentabilidade<\/li>\n<\/ul>\n<\/section>\n<p><!-- Applications --><\/p>\n<section>\n<h2 style=\"color: #8e44ad; font-size: 22px; margin-top: 20px;\">\ud83d\udee0\ufe0f Aplica\u00e7\u00f5es das latas de aerossol de alum\u00ednio<\/h2>\n<p>A versatilidade do <span style=\"color: #0073aa; font-weight: bold;\">latas de alum\u00ednio vazias <\/span>torna-os adequados para uma vasta gama de aplica\u00e7\u00f5es de embalagem:<\/p>\n<ul style=\"margin-left: 20px;\">\n<li><strong>Ind\u00fastria cosm\u00e9tica:<\/strong> Sprays para o cabelo, desodorizantes, espumas de barbear, perfumes para o corpo<\/li>\n<li><strong>Produtos farmac\u00eauticos:<\/strong> Sprays m\u00e9dicos, desinfectantes, aeross\u00f3is para tratamento da pele<\/li>\n<li><strong>Produtos para o lar:<\/strong> Ambientadores, repelentes de insectos, sprays de limpeza<\/li>\n<li><strong>Alimentos e bebidas:<\/strong> Natas batidas, \u00f3leos alimentares em spray<\/li>\n<li><strong>Industrial e autom\u00f3vel:<\/strong> Lubrificantes, sprays anti-ferrugem, produtos de limpeza para autom\u00f3veis<\/li>\n<\/ul>\n<\/section>\n<p><!-- Specifications --><\/p>\n<section>\n<h2 style=\"color: #c0392b; font-size: 22px; margin-top: 20px;\">\ud83d\udccf Especifica\u00e7\u00f5es do produto<\/h2>\n<p>A nossa gama de <span style=\"color: #0073aa; font-weight: bold;\">latas de aerossol de alum\u00ednio <\/span>inclui v\u00e1rios tamanhos e capacidades para satisfazer diversas necessidades de embalagem. Abaixo est\u00e3o as dimens\u00f5es padr\u00e3o:<\/p>\n<div style=\"overflow-x: auto;\">\n<table border=\"1\" width=\"100%\" cellspacing=\"0\" cellpadding=\"0\">\n<tbody>\n<tr style=\"background: #0073aa; color: #fff; text-align: center;\">\n<td style=\"text-align: center;\">Di\u00e2metro (mm)<\/td>\n<td style=\"text-align: center;\">Altura (mm)<\/td>\n<td style=\"text-align: center;\" colspan=\"3\">Capacidade nominal (ml)<\/td>\n<td style=\"text-align: center;\" colspan=\"3\">Capacidade de enchimento (ml)<\/td>\n<\/tr>\n<tr>\n<td style=\"text-align: center;\" rowspan=\"5\">\u00d845<\/td>\n<td style=\"text-align: center;\">100<\/td>\n<td style=\"text-align: center;\" colspan=\"3\">70\/100<\/td>\n<td style=\"text-align: center;\" colspan=\"3\">140<\/td>\n<\/tr>\n<tr style=\"background: #f9f9f9;\">\n<td style=\"text-align: center;\">105<\/td>\n<td style=\"text-align: center;\" colspan=\"3\">120<\/td>\n<td style=\"text-align: center;\" colspan=\"3\">150<\/td>\n<\/tr>\n<tr>\n<td style=\"text-align: center;\">118<\/td>\n<td style=\"text-align: center;\" colspan=\"3\">125<\/td>\n<td style=\"text-align: center;\" colspan=\"3\">165<\/td>\n<\/tr>\n<tr style=\"background: #f9f9f9;\">\n<td style=\"text-align: center;\">140<\/td>\n<td style=\"text-align: center;\" colspan=\"3\">150<\/td>\n<td style=\"text-align: center;\" colspan=\"3\">200<\/td>\n<\/tr>\n<tr>\n<td style=\"text-align: center;\">178<\/td>\n<td style=\"text-align: center;\" colspan=\"3\">200<\/td>\n<td style=\"text-align: center;\" colspan=\"3\">250<\/td>\n<\/tr>\n<tr style=\"background: #0073aa; color: #fff;\">\n<td style=\"text-align: center;\">Di\u00e2metro (mm)<\/td>\n<td style=\"text-align: center;\">Altura (mm)<\/td>\n<td style=\"text-align: center;\" colspan=\"3\">Capacidade nominal (ml)<\/td>\n<td style=\"text-align: center;\" colspan=\"3\">Capacidade de enchimento (ml)<\/td>\n<\/tr>\n<tr>\n<td style=\"text-align: center;\" rowspan=\"8\">\u00d852<\/td>\n<td style=\"text-align: center;\">105<\/td>\n<td style=\"text-align: center;\" colspan=\"3\">150<\/td>\n<td style=\"text-align: center;\" colspan=\"3\">200<\/td>\n<\/tr>\n<tr style=\"background: #f9f9f9;\">\n<td style=\"text-align: center;\">130<\/td>\n<td style=\"text-align: center;\" colspan=\"3\">200<\/td>\n<td style=\"text-align: center;\" colspan=\"3\">250<\/td>\n<\/tr>\n<tr>\n<td style=\"text-align: center;\">141<\/td>\n<td style=\"text-align: center;\" colspan=\"3\">210<\/td>\n<td style=\"text-align: center;\" colspan=\"3\">270<\/td>\n<\/tr>\n<tr style=\"background: #f9f9f9;\">\n<td style=\"text-align: center;\">156<\/td>\n<td style=\"text-align: center;\" colspan=\"3\">220<\/td>\n<td style=\"text-align: center;\" colspan=\"3\">295<\/td>\n<\/tr>\n<tr>\n<td style=\"text-align: center;\">165<\/td>\n<td style=\"text-align: center;\" colspan=\"3\">300<\/td>\n<td style=\"text-align: center;\" colspan=\"3\">320<\/td>\n<\/tr>\n<tr style=\"background: #f9f9f9;\">\n<td style=\"text-align: center;\">195<\/td>\n<td style=\"text-align: center;\" colspan=\"3\">330<\/td>\n<td style=\"text-align: center;\" colspan=\"3\">400<\/td>\n<\/tr>\n<tr>\n<td style=\"text-align: center;\">200<\/td>\n<td style=\"text-align: center;\" colspan=\"3\">320\/330<\/td>\n<td style=\"text-align: center;\" colspan=\"3\">420<\/td>\n<\/tr>\n<tr style=\"background: #f9f9f9;\">\n<td style=\"text-align: center;\">210<\/td>\n<td style=\"text-align: center;\" colspan=\"3\">320\/380<\/td>\n<td style=\"text-align: center;\" colspan=\"3\">440<\/td>\n<\/tr>\n<tr style=\"background: #0073aa; color: #fff;\">\n<td style=\"text-align: center;\">Di\u00e2metro (mm)<\/td>\n<td style=\"text-align: center;\">Altura (mm)<\/td>\n<td style=\"text-align: center;\" colspan=\"3\">Capacidade nominal (ml)<\/td>\n<td style=\"text-align: center;\" colspan=\"3\">Capacidade de enchimento (ml)<\/td>\n<\/tr>\n<tr>\n<td style=\"text-align: center;\" rowspan=\"3\">\u00d857<\/td>\n<td style=\"text-align: center;\">164<\/td>\n<td style=\"text-align: center;\" colspan=\"3\">300<\/td>\n<td style=\"text-align: center;\" colspan=\"3\">375<\/td>\n<\/tr>\n<tr style=\"background: #f9f9f9;\">\n<td style=\"text-align: center;\">207<\/td>\n<td style=\"text-align: center;\" colspan=\"3\">400<\/td>\n<td style=\"text-align: center;\" colspan=\"3\">480<\/td>\n<\/tr>\n<tr>\n<td style=\"text-align: center;\">257<\/td>\n<td style=\"text-align: center;\" colspan=\"3\">500<\/td>\n<td style=\"text-align: center;\" colspan=\"3\">600<\/td>\n<\/tr>\n<tr style=\"background: #0073aa; color: #fff;\">\n<td style=\"text-align: center;\">Di\u00e2metro (mm)<\/td>\n<td style=\"text-align: center;\">Altura (mm)<\/td>\n<td style=\"text-align: center;\" colspan=\"3\">Capacidade nominal (ml)<\/td>\n<td style=\"text-align: center;\" colspan=\"3\">Capacidade de enchimento (ml)<\/td>\n<\/tr>\n<tr>\n<td style=\"text-align: center;\" rowspan=\"6\">\u00d865<\/td>\n<td style=\"text-align: center;\">100<\/td>\n<td style=\"text-align: center;\" colspan=\"3\">235\/300<\/td>\n<td style=\"text-align: center;\" colspan=\"3\">290<\/td>\n<\/tr>\n<tr style=\"background: #f9f9f9;\">\n<td style=\"text-align: center;\">125<\/td>\n<td style=\"text-align: center;\" colspan=\"3\">300<\/td>\n<td style=\"text-align: center;\" colspan=\"3\">350<\/td>\n<\/tr>\n<tr>\n<td style=\"text-align: center;\">158<\/td>\n<td style=\"text-align: center;\" colspan=\"3\">400\/450<\/td>\n<td style=\"text-align: center;\" colspan=\"3\">460<\/td>\n<\/tr>\n<tr style=\"background: #f9f9f9;\">\n<td style=\"text-align: center;\">195<\/td>\n<td style=\"text-align: center;\" colspan=\"3\">500<\/td>\n<td style=\"text-align: center;\" colspan=\"3\">580<\/td>\n<\/tr>\n<tr>\n<td style=\"text-align: center;\">240<\/td>\n<td style=\"text-align: center;\" colspan=\"3\">600<\/td>\n<td style=\"text-align: center;\" colspan=\"3\">720<\/td>\n<\/tr>\n<tr style=\"background: #f9f9f9;\">\n<td style=\"text-align: center;\">300<\/td>\n<td style=\"text-align: center;\" colspan=\"3\">750<\/td>\n<td style=\"text-align: center;\" colspan=\"3\">920<\/td>\n<\/tr>\n<tr style=\"background: #0073aa; color: #fff;\">\n<td style=\"text-align: center;\">Di\u00e2metro (mm)<\/td>\n<td style=\"text-align: center;\">Altura (mm)<\/td>\n<td style=\"text-align: center;\" colspan=\"3\">Capacidade nominal (ml)<\/td>\n<td style=\"text-align: center;\" colspan=\"3\">Capacidade de enchimento (ml)<\/td>\n<\/tr>\n<tr>\n<td style=\"text-align: center;\" rowspan=\"2\">\u00d870<\/td>\n<td style=\"text-align: center;\">210<\/td>\n<td style=\"text-align: center;\" colspan=\"3\">650\/750<\/td>\n<td style=\"text-align: center;\" colspan=\"3\">750<\/td>\n<\/tr>\n<tr style=\"background: #f9f9f9;\">\n<td style=\"text-align: center;\">240<\/td>\n<td style=\"text-align: center;\" colspan=\"3\">750\/850<\/td>\n<td style=\"text-align: center;\" colspan=\"3\">\u00a0850<\/td>\n<\/tr>\n<\/tbody>\n<\/table>\n<\/div>\n<\/section>\n<p><!-- Advantages --><\/p>\n<section>\n<h2 style=\"color: #2980b9; font-size: 22px; margin-top: 20px;\">\ud83d\udca1 Vantagens de escolher latas de aerossol de alum\u00ednio<\/h2>\n<ul style=\"margin-left: 20px;\">\n<li>Estrutura sem costuras para m\u00e1xima resist\u00eancia \u00e0 press\u00e3o e seguran\u00e7a<\/li>\n<li>Design leve com grande durabilidade<\/li>\n<li>\ud83c\udf31 Material totalmente recicl\u00e1vel que apoia objectivos ecol\u00f3gicos<\/li>\n<li>Ampla personaliza\u00e7\u00e3o com op\u00e7\u00f5es de impress\u00e3o, grava\u00e7\u00e3o em relevo e revestimento<\/li>\n<li>MOQ flex\u00edvel e prazo de entrega r\u00e1pido para clientes OEM<\/li>\n<\/ul>\n<\/section>\n<p><!-- Packaging & Delivery --><\/p>\n<section>\n<h2 style=\"color: #16a085; font-size: 22px; margin-top: 20px;\">\ud83d\udce6 Embalagem e entrega<\/h2>\n<p>Todos <span style=\"color: #0073aa; font-weight: bold;\">latas de alum\u00ednio vazias<\/span> s\u00e3o cuidadosamente embalados para garantir uma entrega segura:<\/p>\n<ul style=\"margin-left: 20px;\">\n<li><strong>Embalagem:<\/strong> Caixas de cart\u00e3o com divis\u00f3rias de prote\u00e7\u00e3o ou paletes de exporta\u00e7\u00e3o<\/li>\n<li><strong>MOQ:<\/strong> Negoci\u00e1vel, normalmente 10.000 unidades por especifica\u00e7\u00e3o<\/li>\n<li><strong>Prazo de entrega:<\/strong> 15 a 25 dias \u00fateis ap\u00f3s a confirma\u00e7\u00e3o<\/li>\n<li><strong>Personaliza\u00e7\u00e3o:<\/strong> Impress\u00e3o de log\u00f3tipos, revestimentos e desenhos multicoloridos dispon\u00edveis<\/li>\n<\/ul>\n<\/section>\n<p><!-- Sustainability --><\/p>\n<section>\n<h2 style=\"color: #9b59b6; font-size: 22px; margin-top: 20px;\">\ud83c\udf31 Compromisso de sustentabilidade<\/h2>\n<p>Estamos empenhados em reduzir o impacto ambiental, oferecendo <span style=\"color: #0073aa; font-weight: bold;\">Embalagem de alum\u00ednio recicl\u00e1vel 100%<\/span>.<br \/>\nAo escolher o nosso <strong>latas de aerossol de alum\u00ednio<\/strong>, A sua empresa est\u00e1 em conformidade com as pr\u00e1ticas ecol\u00f3gicas, ao mesmo tempo que fornece embalagens de elevado desempenho aos consumidores.<br \/>\nO nosso processo de produ\u00e7\u00e3o privilegia a efici\u00eancia energ\u00e9tica, a recupera\u00e7\u00e3o de materiais e o cumprimento das normas de seguran\u00e7a internacionais.<\/p>\n<\/section>\n<p><!-- Conclusion --><\/p>\n<section>\n<h2 style=\"color: #e67e22; font-size: 22px; margin-top: 20px;\">\ud83d\ude80 Conclus\u00e3o<\/h2>\n<p>O nosso <span style=\"color: #0073aa; font-weight: bold;\">latas de alum\u00ednio vazias<\/span> e <span style=\"color: #0073aa; font-weight: bold;\">latas de aerossol de alum\u00ednio<\/span> oferecem uma solu\u00e7\u00e3o de embalagem premium para cosm\u00e9ticos, insecticidas, produtos farmac\u00eauticos, alimentos e produtos industriais. Com fortes capacidades de personaliza\u00e7\u00e3o OEM, materiais de alta qualidade e um compromisso com a sustentabilidade, somos o seu parceiro de confian\u00e7a para as necessidades globais de embalagem.<\/p>\n<\/section>\n<\/section>","protected":false},"excerpt":{"rendered":"<p>Descubra as latas de aerossol de alum\u00ednio premium e as latas de alum\u00ednio vazias concebidas para embalagens de spray cosm\u00e9tico e inseticida. OEM e personaliza\u00e7\u00e3o dispon\u00edveis com alum\u00ednio dur\u00e1vel, leve e recicl\u00e1vel para ind\u00fastrias globais.<\/p>","protected":false},"featured_media":6096,"comment_status":"closed","ping_status":"closed","template":"","meta":{"_acf_changed":false},"product_brand":[],"product_cat":[39],"product_tag":[],"class_list":{"0":"post-6137","1":"product","2":"type-product","3":"status-publish","4":"has-post-thumbnail","6":"product_cat-aluminum-materials","8":"first","9":"instock","10":"shipping-taxable","11":"product-type-grouped"},"acf":[],"_links":{"self":[{"href":"https:\/\/goldensoarpackage.com\/pt\/wp-json\/wp\/v2\/product\/6137","targetHints":{"allow":["GET"]}}],"collection":[{"href":"https:\/\/goldensoarpackage.com\/pt\/wp-json\/wp\/v2\/product"}],"about":[{"href":"https:\/\/goldensoarpackage.com\/pt\/wp-json\/wp\/v2\/types\/product"}],"replies":[{"embeddable":true,"href":"https:\/\/goldensoarpackage.com\/pt\/wp-json\/wp\/v2\/comments?post=6137"}],"wp:featuredmedia":[{"embeddable":true,"href":"https:\/\/goldensoarpackage.com\/pt\/wp-json\/wp\/v2\/media\/6096"}],"wp:attachment":[{"href":"https:\/\/goldensoarpackage.com\/pt\/wp-json\/wp\/v2\/media?parent=6137"}],"wp:term":[{"taxonomy":"product_brand","embeddable":true,"href":"https:\/\/goldensoarpackage.com\/pt\/wp-json\/wp\/v2\/product_brand?post=6137"},{"taxonomy":"product_cat","embeddable":true,"href":"https:\/\/goldensoarpackage.com\/pt\/wp-json\/wp\/v2\/product_cat?post=6137"},{"taxonomy":"product_tag","embeddable":true,"href":"https:\/\/goldensoarpackage.com\/pt\/wp-json\/wp\/v2\/product_tag?post=6137"}],"curies":[{"name":"wp","href":"https:\/\/api.w.org\/{rel}","templated":true}]}}