{"id":6098,"date":"2025-08-25T08:59:37","date_gmt":"2025-08-25T08:59:37","guid":{"rendered":"https:\/\/goldensoarpackage.com\/?post_type=product&#038;p=6098"},"modified":"2025-08-26T02:26:33","modified_gmt":"2025-08-26T02:26:33","slug":"componentes-superiores-e-inferiores-de-latas-de-aerossol","status":"publish","type":"product","link":"https:\/\/goldensoarpackage.com\/pt\/componentes-superiores-e-inferiores-de-latas-de-aerossol\/","title":{"rendered":"Componentes da lata de aerossol vazia Pe\u00e7as de pulveriza\u00e7\u00e3o superior e inferior da lata de aerossol Cone e c\u00fapula OEM personaliz\u00e1veis"},"content":{"rendered":"<div style=\"width: 1200px;\" class=\"wp-video\"><video class=\"wp-video-shortcode\" id=\"video-6098-1\" width=\"1200\" height=\"675\" preload=\"metadata\" controls=\"controls\"><source type=\"video\/mp4\" src=\"https:\/\/goldensoarpackage.com\/wp-content\/uploads\/2025\/08\/A-GS015.mp4?_=1\" \/><a href=\"https:\/\/goldensoarpackage.com\/wp-content\/uploads\/2025\/08\/A-GS015.mp4\">https:\/\/goldensoarpackage.com\/wp-content\/uploads\/2025\/08\/A-GS015.mp4<\/a><\/video><\/div>\n<section style=\"font-family: Arial, sans-serif; line-height: 1.7; color: #333; max-width: 100%; padding: 15px;\">\n<header>\n<h1 style=\"color: #0073aa; font-size: 26px; text-align: center; margin-bottom: 15px;\">\u2699\ufe0f Componentes de latas de aerossol vazias - Pe\u00e7as de pulveriza\u00e7\u00e3o superior e inferior de latas de aerossol em cone e c\u00fapula, tampas, tampas, c\u00e1psulas<\/h1>\n<\/header>\n<p><!-- Introduction --><\/p>\n<section>\n<h2 style=\"color: #d35400; font-size: 22px; margin-top: 20px;\">\ud83d\udccc Introdu\u00e7\u00e3o<\/h2>\n<p>O nosso <span style=\"color: #0073aa; font-weight: bold;\">componentes de latas de aerossol<\/span>, incluindo <span style=\"color: #0073aa; font-weight: bold;\">tampa e fundo da lata de aerossol<\/span> s\u00e3o concebidas para proporcionar um desempenho fi\u00e1vel, uma excelente veda\u00e7\u00e3o e um aspeto est\u00e9tico para v\u00e1rias ind\u00fastrias.<br \/>\nProduzidos com folha de Flandres e alum\u00ednio de alta qualidade, estes cones, c\u00fapulas e tampas de pulveriza\u00e7\u00e3o s\u00e3o concebidos com precis\u00e3o para se adaptarem a latas de aerossol met\u00e1licas de diferentes di\u00e2metros. Quer sejam utilizados em cosm\u00e9ticos, sprays dom\u00e9sticos, produtos farmac\u00eauticos ou aplica\u00e7\u00f5es industriais, os nossos componentes garantem seguran\u00e7a, durabilidade e compatibilidade com as normas globais de embalagem.<\/p>\n<\/section>\n<p><!-- OEM Customization --><\/p>\n<section>\n<h2 style=\"color: #27ae60; font-size: 22px; margin-top: 20px;\">Experi\u00eancia em OEM e personaliza\u00e7\u00e3o<\/h2>\n<p>Com fortes capacidades de OEM e personaliza\u00e7\u00e3o, fornecemos solu\u00e7\u00f5es flex\u00edveis adaptadas \u00e0s suas necessidades de mercado. Os nossos <strong>componentes de latas de aerossol<\/strong> suportam impress\u00e3o personalizada, m\u00faltiplos acabamentos de revestimento, ajustes de resist\u00eancia \u00e0 press\u00e3o e marcas personalizadas.<br \/>\nIsto permite aos clientes conceber embalagens \u00fanicas que aumentam o reconhecimento da marca e a prote\u00e7\u00e3o do produto.<\/p>\n<ul style=\"margin-left: 20px;\">\n<li>V\u00e1rias cores exteriores: branco, prateado, dourado, vermelho, preto<\/li>\n<li>\ud83d\udee1\ufe0f Lacas interiores: lisa, laca dourada para maior prote\u00e7\u00e3o<\/li>\n<li>\u2699\ufe0f Op\u00e7\u00f5es para diferentes di\u00e2metros e espessuras<\/li>\n<li>MOQ flex\u00edvel e produ\u00e7\u00e3o a granel em grande escala<\/li>\n<li>\ud83c\udf31 Materiais recicl\u00e1veis que suportam embalagens ecol\u00f3gicas<\/li>\n<\/ul>\n<\/section>\n<p><!-- Applications --><\/p>\n<section>\n<h2 style=\"color: #8e44ad; font-size: 22px; margin-top: 20px;\">\ud83d\udee0\ufe0f Aplica\u00e7\u00f5es de componentes de latas de aerossol<\/h2>\n<p>O nosso <span style=\"color: #0073aa; font-weight: bold;\">tampa e fundo da lata de aerossol<\/span> As pe\u00e7as s\u00e3o compat\u00edveis com uma grande variedade de aplica\u00e7\u00f5es, incluindo<\/p>\n<ul style=\"margin-left: 20px;\">\n<li><strong>Embalagem de cosm\u00e9ticos:<\/strong> Sprays para o cabelo, desodorizantes, n\u00e9voas corporais, espumas de barbear<\/li>\n<li><strong>Produtos farmac\u00eauticos:<\/strong> Sprays m\u00e9dicos, desinfectantes, aeross\u00f3is terap\u00eauticos<\/li>\n<li><strong>Bens de uso dom\u00e9stico:<\/strong> Repelentes de insectos, ambientadores, sprays de limpeza<\/li>\n<li><strong>Industrial e autom\u00f3vel:<\/strong> Lubrificantes, sprays anti-ferrugem, produtos de limpeza<\/li>\n<li><strong>Aplica\u00e7\u00f5es alimentares:<\/strong> Distribuidores de chantilly, pulverizadores de \u00f3leos alimentares<\/li>\n<\/ul>\n<\/section>\n<p><!-- Specifications --><\/p>\n<section>\n<h2 style=\"color: #c0392b; font-size: 22px; margin-top: 20px;\">\ud83d\udccf Especifica\u00e7\u00f5es do produto<\/h2>\n<p>Segue-se a ficha de especifica\u00e7\u00f5es t\u00e9cnicas da nossa <span style=\"color: #0073aa; font-weight: bold;\">componentes de latas de aerossol<\/span>, incluindo topos e fundos de cones e c\u00fapulas. Estes par\u00e2metros garantem o desempenho e a seguran\u00e7a em diferentes condi\u00e7\u00f5es de enchimento e de pulveriza\u00e7\u00e3o:<\/p>\n<div style=\"overflow-x: auto;\">\n<table style=\"width: 100%; border-collapse: collapse; text-align: center; margin-top: 10px;\">\n<thead>\n<tr style=\"background: #0073aa; color: #fff;\">\n<th style=\"padding: 8px; border: 1px solid #ddd; text-align: center;\">Di\u00e2metro (mm)<\/th>\n<th style=\"padding: 8px; border: 1px solid #ddd; text-align: center;\">Cor exterior<\/th>\n<th style=\"padding: 8px; border: 1px solid #ddd; text-align: center;\">Laca interior<\/th>\n<th style=\"padding: 8px; border: 1px solid #ddd; text-align: center;\">Press\u00e3o de deforma\u00e7\u00e3o (MPa)<\/th>\n<th style=\"padding: 8px; border: 1px solid #ddd; text-align: center;\">Press\u00e3o de rutura (MPa)<\/th>\n<th style=\"padding: 8px; border: 1px solid #ddd; text-align: center;\">Espessura (mm)<\/th>\n<\/tr>\n<\/thead>\n<tbody>\n<tr>\n<td style=\"text-align: center;\">\u00f845<\/td>\n<td style=\"text-align: center;\" rowspan=\"5\">Branco<br \/>\nPrata<br \/>\nDourado<br \/>\nVermelho<br \/>\nPreto<\/td>\n<td style=\"text-align: center;\" rowspan=\"5\">Simples<br \/>\nDourado<br \/>\nLaca<\/td>\n<td style=\"text-align: center;\">1.2 ~ 1.8<\/td>\n<td style=\"text-align: center;\">1.2 ~ 1.8<\/td>\n<td style=\"text-align: center;\">0.28<\/td>\n<\/tr>\n<tr style=\"background: #f9f9f9;\">\n<td style=\"text-align: center;\">\u00f852<\/td>\n<td style=\"text-align: center;\">1.2 ~ 1.8<\/td>\n<td style=\"text-align: center;\">1.2 ~ 1.8<\/td>\n<td style=\"text-align: center;\">0.28<\/td>\n<\/tr>\n<tr>\n<td style=\"text-align: center;\">\u00f857<\/td>\n<td style=\"text-align: center;\">1.2<\/td>\n<td style=\"text-align: center;\">1.2<\/td>\n<td style=\"text-align: center;\">0.28<\/td>\n<\/tr>\n<tr style=\"background: #f9f9f9;\">\n<td style=\"text-align: center;\">\u00f865<\/td>\n<td style=\"text-align: center;\">1.2 ~ 1.8<\/td>\n<td style=\"text-align: center;\">1.2 ~ 1.8<\/td>\n<td style=\"text-align: center;\">0.32 \/ 0.35 \/ 0.40<\/td>\n<\/tr>\n<tr>\n<td style=\"text-align: center;\">\u00f870<\/td>\n<td style=\"text-align: center;\">1.2<\/td>\n<td style=\"text-align: center;\">1.2<\/td>\n<td style=\"text-align: center;\">0.35<\/td>\n<\/tr>\n<\/tbody>\n<\/table>\n<\/div>\n<\/section>\n<p><!-- Advantages --><\/p>\n<section>\n<h2 style=\"color: #2980b9; font-size: 22px; margin-top: 20px;\">Vantagens dos nossos componentes para latas de aerossol<\/h2>\n<ul style=\"margin-left: 20px;\">\n<li>Forte resist\u00eancia \u00e0 press\u00e3o, garantindo uma utiliza\u00e7\u00e3o e armazenamento seguros<\/li>\n<li>\ud83d\udee1\ufe0f Veda\u00e7\u00e3o fi\u00e1vel para evitar fugas e manter a integridade do produto<\/li>\n<li>\ud83e\udeb6 Leve e dur\u00e1vel para um transporte f\u00e1cil<\/li>\n<li>Ampla gama de cores e op\u00e7\u00f5es de revestimento para flexibilidade de marca<\/li>\n<li>Totalmente recicl\u00e1vel, contribuindo para uma embalagem amiga do ambiente<\/li>\n<li>\u2699\ufe0f Suporte OEM com espessuras, n\u00edveis de press\u00e3o e acabamentos personalizados<\/li>\n<\/ul>\n<\/section>\n<p><!-- Packaging & Delivery --><\/p>\n<section>\n<h2 style=\"color: #16a085; font-size: 22px; margin-top: 20px;\">\ud83d\udce6 Embalagem e entrega<\/h2>\n<p>Para garantir a qualidade do produto durante o transporte e a armazenagem, a nossa <strong>tampa e fundo da lata de aerossol <\/strong>as pe\u00e7as s\u00e3o embaladas com medidas de prote\u00e7\u00e3o:<\/p>\n<ul style=\"margin-left: 20px;\">\n<li><strong>Embalagem:<\/strong> Caixas de cart\u00e3o normalizadas para exporta\u00e7\u00e3o com separadores ou paletes<\/li>\n<li><strong>MOQ:<\/strong> Negoci\u00e1vel, flex\u00edvel para clientes OEM<\/li>\n<li><strong>Prazo de entrega:<\/strong> 15 - 25 dias \u00fateis consoante a quantidade e a personaliza\u00e7\u00e3o<\/li>\n<li><strong>Entrega:<\/strong> Por via mar\u00edtima, a\u00e9rea ou por correio expresso<\/li>\n<\/ul>\n<\/section>\n<p><!-- Sustainability --><\/p>\n<section>\n<h2 style=\"color: #9b59b6; font-size: 22px; margin-top: 20px;\">\ud83c\udf31 Compromisso com a sustentabilidade<\/h2>\n<p>O nosso processo de produ\u00e7\u00e3o privilegia pr\u00e1ticas respeitadoras do ambiente, desde o aprovisionamento de materiais at\u00e9 \u00e0 reciclagem e redu\u00e7\u00e3o de res\u00edduos. Ao escolher <span style=\"color: #0073aa; font-weight: bold;\">componentes de latas de aerossol <\/span>fabricados a partir de metais recicl\u00e1veis, n\u00e3o s\u00f3 garante a seguran\u00e7a e o desempenho, como tamb\u00e9m contribui para iniciativas de sustentabilidade global. Isto torna as nossas solu\u00e7\u00f5es ideais para as marcas que procuram refor\u00e7ar a sua responsabilidade ambiental.<\/p>\n<\/section>\n<p><!-- Conclusion --><\/p>\n<section>\n<h2 style=\"color: #e67e22; font-size: 22px; margin-top: 20px;\">\ud83d\ude80 Conclus\u00e3o<\/h2>\n<p>O nosso <span style=\"color: #0073aa; font-weight: bold;\">componentes de latas de aerossol<\/span>, incluindo <span style=\"color: #0073aa; font-weight: bold;\">tampa e fundo da lata de aerossol<\/span>, A nossa empresa, a Firma, fornece solu\u00e7\u00f5es seguras, duradouras e personaliz\u00e1veis para as necessidades globais de embalagem. Com capacidades OEM, t\u00e9cnicas de produ\u00e7\u00e3o avan\u00e7adas e um controlo de qualidade rigoroso, fornecemos componentes que cumprem as normas internacionais e apoiam o crescimento da sua marca. Quer necessite de cones, c\u00fapulas, tampas, c\u00e1psulas ou coberturas de pulveriza\u00e7\u00e3o, somos o seu parceiro de confian\u00e7a em embalagens de aeross\u00f3is de elevado desempenho.<\/p>\n<\/section>\n<\/section>","protected":false},"excerpt":{"rendered":"<p>Componentes de latas de aerossol de qualidade superior, incluindo pe\u00e7as superiores e inferiores de latas de aerossol, cones, c\u00fapulas, tampas e coberturas de pulveriza\u00e7\u00e3o. Est\u00e3o dispon\u00edveis designs OEM e personaliz\u00e1veis com materiais duradouros, resist\u00eancia \u00e0 press\u00e3o e op\u00e7\u00f5es multicoloridas.<\/p>","protected":false},"featured_media":6099,"comment_status":"closed","ping_status":"closed","template":"","meta":{"_acf_changed":false},"product_brand":[],"product_cat":[39],"product_tag":[],"class_list":{"0":"post-6098","1":"product","2":"type-product","3":"status-publish","4":"has-post-thumbnail","6":"product_cat-aluminum-materials","8":"first","9":"instock","10":"shipping-taxable","11":"product-type-grouped"},"acf":[],"_links":{"self":[{"href":"https:\/\/goldensoarpackage.com\/pt\/wp-json\/wp\/v2\/product\/6098","targetHints":{"allow":["GET"]}}],"collection":[{"href":"https:\/\/goldensoarpackage.com\/pt\/wp-json\/wp\/v2\/product"}],"about":[{"href":"https:\/\/goldensoarpackage.com\/pt\/wp-json\/wp\/v2\/types\/product"}],"replies":[{"embeddable":true,"href":"https:\/\/goldensoarpackage.com\/pt\/wp-json\/wp\/v2\/comments?post=6098"}],"wp:featuredmedia":[{"embeddable":true,"href":"https:\/\/goldensoarpackage.com\/pt\/wp-json\/wp\/v2\/media\/6099"}],"wp:attachment":[{"href":"https:\/\/goldensoarpackage.com\/pt\/wp-json\/wp\/v2\/media?parent=6098"}],"wp:term":[{"taxonomy":"product_brand","embeddable":true,"href":"https:\/\/goldensoarpackage.com\/pt\/wp-json\/wp\/v2\/product_brand?post=6098"},{"taxonomy":"product_cat","embeddable":true,"href":"https:\/\/goldensoarpackage.com\/pt\/wp-json\/wp\/v2\/product_cat?post=6098"},{"taxonomy":"product_tag","embeddable":true,"href":"https:\/\/goldensoarpackage.com\/pt\/wp-json\/wp\/v2\/product_tag?post=6098"}],"curies":[{"name":"wp","href":"https:\/\/api.w.org\/{rel}","templated":true}]}}