{"id":6017,"date":"2025-08-23T05:35:26","date_gmt":"2025-08-23T05:35:26","guid":{"rendered":"https:\/\/goldensoarpackage.com\/?post_type=product&#038;p=6017"},"modified":"2025-08-23T08:18:04","modified_gmt":"2025-08-23T08:18:04","slug":"recipientes-para-champo-de-viagem-frasco-de-viagem","status":"publish","type":"product","link":"https:\/\/goldensoarpackage.com\/pt\/recipientes-para-champo-de-viagem-frasco-de-viagem\/","title":{"rendered":"Frascos para champ\u00f4 de tamanho de viagem \u00e0 prova de fugas Frascos de silicone vazios de tamanho de viagem recarreg\u00e1veis Lo\u00e7\u00e3o Gel de duche Artigos de higiene pessoal"},"content":{"rendered":"<section style=\"width: 100%; font-family: Arial,sans-serif; line-height: 1.6; color: #333;\">\n<header>\n<h1 style=\"font-size: 24px; font-weight: bold; text-align: center;\">Frasco de champ\u00f4 de viagem em silicone macio port\u00e1til para gel de duche e lo\u00e7\u00e3o<\/h1>\n<\/header>\n<p>Vamos tornar as suas viagens mais f\u00e1ceis, mais ecol\u00f3gicas e mais bonitas com <strong>Frascos de champ\u00f4 de viagem<\/strong>! Feitos de silicone de qualidade alimentar 100% com tampa PP dur\u00e1vel, estes biber\u00f5es de viagem s\u00e3o macios, leves e dur\u00e1veis. O silicone n\u00e3o \u00e9 t\u00f3xico e n\u00e3o tem sabor, e a tampa PP \u00e9 segura e \u00e0 prova de fugas, tornando-os adequados para viagens a\u00e9reas. Quer esteja a guardar champ\u00f4, gel de banho, amaciador, lo\u00e7\u00e3o corporal ou desinfetante, este frasco de viagem de 90 ml proporciona-lhe comodidade com um design sustent\u00e1vel.<\/p>\n<h2 style=\"font-size: 20px; font-weight: bold; margin-top: 20px;\">\ud83c\udf1f Destaques do produto<\/h2>\n<ul style=\"margin: 10px 0 10px 20px;\">\n<li>90ml \/ 3oz Tamanho de viagem aprovado pela TSA, perfeito para voos.<\/li>\n<li>Fabricado com silicone de qualidade alimentar 100% + tampa PP para maior durabilidade.<\/li>\n<li>O design \u00e0 prova de fugas evita derrames na bagagem.<\/li>\n<li>Corpo macio e compress\u00edvel para uma distribui\u00e7\u00e3o f\u00e1cil.<\/li>\n<li>Servi\u00e7o OEM e ODM para marcas e embalagens.<\/li>\n<\/ul>\n<h2 style=\"font-size: 20px; font-weight: bold; margin-top: 20px;\">\u2714\ufe0f Porqu\u00ea escolher garrafas de viagem vazias?<\/h2>\n<p>Superior \u00e0s garrafas de pl\u00e1stico duro, estas <strong>embalagens de champ\u00f4 para viagem<\/strong> s\u00e3o flex\u00edveis mas resistentes. O corpo de silicone macio facilita a distribui\u00e7\u00e3o, enquanto a tampa estanque evita fugas. Perfeitas para voos, gin\u00e1sios, campismo ou desloca\u00e7\u00f5es di\u00e1rias. Leves e reutiliz\u00e1veis, ajudam a reduzir os res\u00edduos de pl\u00e1stico, mantendo os seus cuidados pessoais seguros e port\u00e1teis.<\/p>\n<h2 style=\"font-size: 20px; font-weight: bold; margin-top: 20px;\">Aplica\u00e7\u00f5es vers\u00e1teis<\/h2>\n<p>Estas mini garrafas de viagem s\u00e3o multifuncionais, adequadas para:<\/p>\n<ul style=\"margin: 10px 0 10px 20px;\">\n<li>Cuidados com o cabelo - Champ\u00f4, amaciador, s\u00e9runs para penteados.<\/li>\n<li>\ud83d\udc84 Cuidados com a pele - Lo\u00e7\u00f5es, cremes, protectores solares, hidratantes.<\/li>\n<li>Essenciais para beb\u00e9s - \u00d3leo para beb\u00e9s, lo\u00e7\u00e3o, champ\u00f4 suave.<\/li>\n<li>\ud83e\udd57 Alimenta\u00e7\u00e3o e cozinha - Molhos, molhos para salada, condimentos.<\/li>\n<li>\ud83c\udfd5\ufe0f Outdoor Adventures - Desinfectantes, sab\u00e3o, g\u00e9is, protetor solar.<\/li>\n<\/ul>\n<h2 style=\"font-size: 20px; font-weight: bold; margin-top: 20px;\">\ud83d\udcca Especifica\u00e7\u00f5es do produto<\/h2>\n<table style=\"width: 100%; border-collapse: collapse; font-size: 14px; margin-bottom: 10px;\">\n<thead>\n<tr style=\"background-color: #f4f4f4;\">\n<th style=\"border: 1px solid #ccc; padding: 8px;\">Item<\/th>\n<th style=\"border: 1px solid #ccc; padding: 8px;\">Detalhes<\/th>\n<\/tr>\n<\/thead>\n<tbody>\n<tr>\n<td style=\"border: 1px solid #ccc; padding: 8px;\">Nome do produto<\/td>\n<td style=\"border: 1px solid #ccc; padding: 8px;\">Embalagens de champ\u00f4 de viagem<\/td>\n<\/tr>\n<tr>\n<td style=\"border: 1px solid #ccc; padding: 8px;\">Modelo<\/td>\n<td style=\"border: 1px solid #ccc; padding: 8px;\">S-GS019<\/td>\n<\/tr>\n<tr>\n<td style=\"border: 1px solid #ccc; padding: 8px;\">Material<\/td>\n<td style=\"border: 1px solid #ccc; padding: 8px;\">Silicone de qualidade alimentar (garrafa) + PP (tampa)<\/td>\n<\/tr>\n<tr>\n<td style=\"border: 1px solid #ccc; padding: 8px;\">Tamanho<\/td>\n<td style=\"border: 1px solid #ccc; padding: 8px;\">30*130mm<\/td>\n<\/tr>\n<tr>\n<td style=\"border: 1px solid #ccc; padding: 8px;\">Capacidade<\/td>\n<td style=\"border: 1px solid #ccc; padding: 8px;\">90ml<\/td>\n<\/tr>\n<tr>\n<td style=\"border: 1px solid #ccc; padding: 8px;\">Cor<\/td>\n<td style=\"border: 1px solid #ccc; padding: 8px;\">Personaliz\u00e1vel<\/td>\n<\/tr>\n<tr>\n<td style=\"border: 1px solid #ccc; padding: 8px;\">Carater\u00edsticas<\/td>\n<td style=\"border: 1px solid #ccc; padding: 8px;\">Rato em forma de animal dos desenhos animados, \u00e0 prova de fugas, esprem\u00edvel, recarreg\u00e1vel, compacto, f\u00e1cil de transportar<\/td>\n<\/tr>\n<tr>\n<td style=\"border: 1px solid #ccc; padding: 8px;\">Op\u00e7\u00f5es OEM<\/td>\n<td style=\"border: 1px solid #ccc; padding: 8px;\">Cores personalizadas, impress\u00e3o do log\u00f3tipo, embalagem, etiquetagem<\/td>\n<\/tr>\n<\/tbody>\n<\/table>\n<h2 style=\"font-size: 20px; font-weight: bold; margin-top: 20px;\">Experi\u00eancia em OEM e personaliza\u00e7\u00e3o<\/h2>\n<p>Somos fabricantes profissionais que oferecem <strong>Servi\u00e7os OEM e ODM<\/strong> para marcas e retalhistas globais. Com d\u00e9cadas de experi\u00eancia na produ\u00e7\u00e3o de garrafas de silicone, fornecemos personaliza\u00e7\u00e3o flex\u00edvel, incluindo:<\/p>\n<ul style=\"margin: 10px 0 10px 20px;\">\n<li>Correspond\u00eancia das cores Pantone com as paletas da marca.<\/li>\n<li>\ud83d\udda8\ufe0f Impress\u00e3o do log\u00f3tipo: serigrafia, grava\u00e7\u00e3o em relevo, transfer\u00eancia t\u00e9rmica.<\/li>\n<li>\ud83d\udce6 Embalagem personalizada: caixas de papel\u00e3o ecol\u00f3gicas, cart\u00f5es blister, caixas de presente.<\/li>\n<li>MOQ flex\u00edvel, tanto para encomendas pequenas como para encomendas a granel.<\/li>\n<\/ul>\n<h2 style=\"font-size: 20px; font-weight: bold; margin-top: 20px;\">\ud83c\udf0d Sustentabilidade e potencial de mercado<\/h2>\n<p>Com o aumento da procura de solu\u00e7\u00f5es ecol\u00f3gicas, a <strong>embalagens de champ\u00f4 para viagem<\/strong>\u00a0oferecem grandes oportunidades nos mercados de com\u00e9rcio eletr\u00f3nico, retalho de estilo de vida, cosm\u00e9ticos e acess\u00f3rios de viagem. Elegantes, pr\u00e1ticos e reutiliz\u00e1veis, ajudam a posicionar a sua marca como ambientalmente respons\u00e1vel.<\/p>\n<h2 style=\"font-size: 20px; font-weight: bold; margin-top: 20px;\">\ud83d\udee1\ufe0f Normas de qualidade e seguran\u00e7a<\/h2>\n<p>Cada garrafa \u00e9 submetida a testes rigorosos para detetar fugas, durabilidade e desempenho em v\u00e1rias condi\u00e7\u00f5es. Fabricados com silicone de qualidade alimentar importado e PP, cumprem <strong>Certifica\u00e7\u00f5es FDA, SGS e ISO<\/strong>, garantindo fiabilidade e utiliza\u00e7\u00e3o a longo prazo em todo o mundo.<\/p>\n<h2 style=\"font-size: 20px; font-weight: bold; margin-top: 20px;\">\ud83d\ude9a Embalagem e entrega<\/h2>\n<ul style=\"margin: 10px 0 10px 20px;\">\n<li>Embalagem normalizada: Saco OPP com caixa de cart\u00e3o a granel.<\/li>\n<li>Op\u00e7\u00f5es personalizadas: caixas de cart\u00e3o ecol\u00f3gicas de marca, caixas de oferta, embalagens para venda a retalho.<\/li>\n<li>Prazo de entrega: 7-15 dias \u00fateis para encomendas em grandes quantidades.<\/li>\n<li>Apoio log\u00edstico global para uma entrega segura.<\/li>\n<\/ul>\n<h2 style=\"font-size: 20px; font-weight: bold; margin-top: 20px;\">Principais vantagens<\/h2>\n<ul style=\"margin: 10px 0 10px 20px;\">\n<li>Tamanho de 90ml \/ 3oz aprovado pela TSA.<\/li>\n<li>Design \u00e0 prova de fugas, compress\u00edvel e recarreg\u00e1vel.<\/li>\n<li>\u2705 Utiliza\u00e7\u00e3o polivalente: produtos de higiene pessoal, cosm\u00e9ticos, alimentos, beb\u00e9, exterior.<\/li>\n<li>\u2705 Reutiliz\u00e1vel e amigo do ambiente.<\/li>\n<li>Personaliza\u00e7\u00e3o OEM e ODM para a marca.<\/li>\n<li>Certificado de acordo com as normas internacionais de qualidade.<\/li>\n<\/ul>\n<h2 style=\"font-size: 20px; font-weight: bold; margin-top: 20px;\">\ud83c\udfaf Conclus\u00e3o<\/h2>\n<p>O <strong>S-GS019 garrafa de viagem recarreg\u00e1vel amiga do ambiente<\/strong> \u00e9 uma solu\u00e7\u00e3o pr\u00e1tica e personaliz\u00e1vel para viajantes, fam\u00edlias e marcas. Com o seu design elegante, garantia \u00e0 prova de fugas e foco na sustentabilidade, \u00e9 a escolha ideal para o estilo de vida eco-consciente de hoje. \ud83c\udf31<\/p>\n<\/section>","protected":false},"excerpt":{"rendered":"<p>Frascos de champ\u00f4 de viagem duradouros feitos de silicone de qualidade alimentar com tampas PP \u00e0 prova de fugas. Estes frascos de viagem vazios s\u00e3o esprem\u00edveis, recarreg\u00e1veis, aprovados pela TSA e personaliz\u00e1veis para produtos de higiene pessoal, champ\u00f4, amaciador, lo\u00e7\u00e3o e gel de banho.<\/p>","protected":false},"featured_media":6041,"comment_status":"closed","ping_status":"closed","template":"","meta":{"_acf_changed":false},"product_brand":[],"product_cat":[49],"product_tag":[],"class_list":{"0":"post-6017","1":"product","2":"type-product","3":"status-publish","4":"has-post-thumbnail","6":"product_cat-silicone-materials","8":"first","9":"instock","10":"shipping-taxable","11":"product-type-grouped"},"acf":[],"_links":{"self":[{"href":"https:\/\/goldensoarpackage.com\/pt\/wp-json\/wp\/v2\/product\/6017","targetHints":{"allow":["GET"]}}],"collection":[{"href":"https:\/\/goldensoarpackage.com\/pt\/wp-json\/wp\/v2\/product"}],"about":[{"href":"https:\/\/goldensoarpackage.com\/pt\/wp-json\/wp\/v2\/types\/product"}],"replies":[{"embeddable":true,"href":"https:\/\/goldensoarpackage.com\/pt\/wp-json\/wp\/v2\/comments?post=6017"}],"wp:featuredmedia":[{"embeddable":true,"href":"https:\/\/goldensoarpackage.com\/pt\/wp-json\/wp\/v2\/media\/6041"}],"wp:attachment":[{"href":"https:\/\/goldensoarpackage.com\/pt\/wp-json\/wp\/v2\/media?parent=6017"}],"wp:term":[{"taxonomy":"product_brand","embeddable":true,"href":"https:\/\/goldensoarpackage.com\/pt\/wp-json\/wp\/v2\/product_brand?post=6017"},{"taxonomy":"product_cat","embeddable":true,"href":"https:\/\/goldensoarpackage.com\/pt\/wp-json\/wp\/v2\/product_cat?post=6017"},{"taxonomy":"product_tag","embeddable":true,"href":"https:\/\/goldensoarpackage.com\/pt\/wp-json\/wp\/v2\/product_tag?post=6017"}],"curies":[{"name":"wp","href":"https:\/\/api.w.org\/{rel}","templated":true}]}}