{"id":6016,"date":"2025-08-23T05:34:17","date_gmt":"2025-08-23T05:34:17","guid":{"rendered":"https:\/\/goldensoarpackage.com\/?post_type=product&#038;p=6016"},"modified":"2025-08-23T07:35:31","modified_gmt":"2025-08-23T07:35:31","slug":"conjunto-de-frascos-de-viagem-para-artigos-de-higiene-pessoal","status":"publish","type":"product","link":"https:\/\/goldensoarpackage.com\/pt\/conjunto-de-frascos-de-viagem-para-artigos-de-higiene-pessoal\/","title":{"rendered":"Frascos de viagem para artigos de higiene pessoal Conjunto de recipientes de viagem recarreg\u00e1veis \u00e0 prova de fugas de 3 oz Acess\u00f3rios de silicone compress\u00edveis sem BPA"},"content":{"rendered":"<section style=\"width: 100%; font-family: Arial,sans-serif; line-height: 1.6; color: #333;\">\n<header>\n<h1 style=\"font-size: 24px; font-weight: bold; text-align: center;\">Frascos de viagem com produtos de higiene pessoal | Conjunto de recipientes de viagem de silicone recarreg\u00e1veis \u00e0 prova de fugas de 3 oz<\/h1>\n<\/header>\n<p>O <strong>Frascos de viagem para produtos de higiene pessoal<\/strong>, O nosso conjunto de frascos de viagem de 3 oz \u00e9 amigo do ambiente, permitindo-lhe reduzir o uso de pl\u00e1stico e fornecendo-lhe acess\u00f3rios de viagem reutiliz\u00e1veis e seguros. O nosso conjunto de garrafas de viagem de 3 oz \u00e9 amigo do ambiente, permitindo-lhe reduzir os res\u00edduos de pl\u00e1stico ao mesmo tempo que lhe fornece acess\u00f3rios de viagem reutiliz\u00e1veis e seguros. O corpo de silicone de qualidade alimentar 100% coberto com uma tampa de PP \u00e0 prova de fugas, os frascos s\u00e3o macios, f\u00e1ceis de espremer e sem BPA. Quer esteja a armazenar champ\u00f4, amaciador, lo\u00e7\u00e3o, desinfetante para as m\u00e3os ou cuidados com a pele, estes recipientes mant\u00eam os seus bens essenciais seguros e sem stress durante qualquer viagem.<\/p>\n<h2 style=\"font-size: 20px; font-weight: bold; margin-top: 20px;\">\ud83c\udf1f Destaques do produto<\/h2>\n<ul style=\"margin: 10px 0 10px 20px;\">\n<li>3oz \/ 90ml Tamanho de viagem aprovado pela TSA - ideal para voos.<\/li>\n<li>100% silicone de qualidade alimentar + tampa PP, segura e duradoura.<\/li>\n<li>O design \u00e0 prova de fugas elimina as fugas e os derrames na bagagem.<\/li>\n<li>Esprem\u00edvel e recarreg\u00e1vel, c\u00f3modo e amigo do ambiente.<\/li>\n<li>Personaliz\u00e1vel por OEM \/ ODM para marca e embalagem.<\/li>\n<\/ul>\n<h2 style=\"font-size: 20px; font-weight: bold; margin-top: 20px;\">\u2714\ufe0f Porqu\u00ea este conjunto de recipientes de viagem?<\/h2>\n<p>O conjunto Travel Container \u00e9 feito de silicone de primeira qualidade, oferecendo uma excelente durabilidade em compara\u00e7\u00e3o com os frascos de pl\u00e1stico tradicionais. O seu corpo apert\u00e1vel torna a distribui\u00e7\u00e3o f\u00e1cil e a tampa \u00e0 prova de fugas evita derrames durante os voos, sess\u00f5es de gin\u00e1sio, pr\u00e1tica de ioga ou aventuras ao ar livre. N\u00e3o s\u00e3o apenas pr\u00e1ticos <strong>frascos de viagem para produtos de higiene pessoal<\/strong>, s\u00e3o reutiliz\u00e1veis e sustent\u00e1veis, ajudando-o a reduzir o pl\u00e1stico de utiliza\u00e7\u00e3o \u00fanica enquanto mant\u00e9m um estilo de vida moderno e em movimento.<\/p>\n<h2 style=\"font-size: 20px; font-weight: bold; margin-top: 20px;\">Aplica\u00e7\u00f5es vers\u00e1teis<\/h2>\n<p>Este <strong>conjunto de garrafas de viagem<\/strong> vai para al\u00e9m dos produtos de higiene pessoal e adequa-se a muitas utiliza\u00e7\u00f5es di\u00e1rias:<\/p>\n<ul style=\"margin: 10px 0 10px 20px;\">\n<li>Cuidados com o cabelo - Champ\u00f4, amaciador e s\u00e9runs para o cabelo.<\/li>\n<li>\ud83d\udc84 Cuidados com a pele e maquilhagem - Lo\u00e7\u00f5es, cremes, protetor solar.<\/li>\n<li>Cuidados com o beb\u00e9 - Lo\u00e7\u00e3o, \u00f3leo ou champ\u00f4 suaves para beb\u00e9s.<\/li>\n<li>\ud83e\udd57 Alimenta\u00e7\u00e3o e cozinha - Molhos, molhos para salada, condimentos.<\/li>\n<li>\ud83c\udfd5\ufe0f Outdoor Adventures - Desinfetante, sabonete, gel, protetor solar.<\/li>\n<\/ul>\n<h2 style=\"font-size: 20px; font-weight: bold; margin-top: 20px;\">\ud83d\udcca Especifica\u00e7\u00f5es do produto<\/h2>\n<table style=\"width: 100%; border-collapse: collapse; font-size: 14px; margin-bottom: 10px;\">\n<thead>\n<tr style=\"background-color: #f4f4f4;\">\n<th style=\"border: 1px solid #ccc; padding: 8px;\">Item<\/th>\n<th style=\"border: 1px solid #ccc; padding: 8px;\">Detalhes<\/th>\n<\/tr>\n<\/thead>\n<tbody>\n<tr>\n<td style=\"border: 1px solid #ccc; padding: 8px;\">Nome do produto<\/td>\n<td style=\"border: 1px solid #ccc; padding: 8px;\">Conjunto de recipientes de viagem<\/td>\n<\/tr>\n<tr>\n<td style=\"border: 1px solid #ccc; padding: 8px;\">Modelo<\/td>\n<td style=\"border: 1px solid #ccc; padding: 8px;\">S-GS018<\/td>\n<\/tr>\n<tr>\n<td style=\"border: 1px solid #ccc; padding: 8px;\">Material<\/td>\n<td style=\"border: 1px solid #ccc; padding: 8px;\">Silicone de qualidade alimentar (garrafa) + PP (tampa)<\/td>\n<\/tr>\n<tr>\n<td style=\"border: 1px solid #ccc; padding: 8px;\">Tamanho<\/td>\n<td style=\"border: 1px solid #ccc; padding: 8px;\">35*130mm<\/td>\n<\/tr>\n<tr>\n<td style=\"border: 1px solid #ccc; padding: 8px;\">Capacidade<\/td>\n<td style=\"border: 1px solid #ccc; padding: 8px;\">90ml<\/td>\n<\/tr>\n<tr>\n<td style=\"border: 1px solid #ccc; padding: 8px;\">Cor<\/td>\n<td style=\"border: 1px solid #ccc; padding: 8px;\">Personaliz\u00e1vel<\/td>\n<\/tr>\n<tr>\n<td style=\"border: 1px solid #ccc; padding: 8px;\">Carater\u00edsticas<\/td>\n<td style=\"border: 1px solid #ccc; padding: 8px;\">Rato em forma de animal dos desenhos animados, \u00e0 prova de fugas, esprem\u00edvel, recarreg\u00e1vel, compacto, f\u00e1cil de transportar<\/td>\n<\/tr>\n<tr>\n<td style=\"border: 1px solid #ccc; padding: 8px;\">Op\u00e7\u00f5es OEM<\/td>\n<td style=\"border: 1px solid #ccc; padding: 8px;\">Cores personalizadas, impress\u00e3o do log\u00f3tipo, embalagem, etiquetagem<\/td>\n<\/tr>\n<\/tbody>\n<\/table>\n<h2 style=\"font-size: 20px; font-weight: bold; margin-top: 20px;\">Experi\u00eancia em OEM e personaliza\u00e7\u00e3o<\/h2>\n<p>Com anos de experi\u00eancia de fabrico e exporta\u00e7\u00e3o, oferecemos <strong>Servi\u00e7os OEM e ODM<\/strong>. A nossa equipa apoia marcas e retalhistas internacionais com solu\u00e7\u00f5es personalizadas que refor\u00e7am a competitividade do mercado. As op\u00e7\u00f5es incluem:<\/p>\n<ul style=\"margin: 10px 0 10px 20px;\">\n<li>Personaliza\u00e7\u00e3o de cores Pantone para consist\u00eancia da marca.<\/li>\n<li>\ud83d\udda8\ufe0f Impress\u00e3o do log\u00f3tipo: serigrafia, grava\u00e7\u00e3o em relevo, transfer\u00eancia t\u00e9rmica.<\/li>\n<li>Embalagem personalizada: caixas de oferta, caixas de cart\u00e3o ecol\u00f3gicas, cart\u00f5es blister.<\/li>\n<li>MOQ flex\u00edvel com aceita\u00e7\u00e3o de encomendas pequenas e a granel.<\/li>\n<\/ul>\n<h2 style=\"font-size: 20px; font-weight: bold; margin-top: 20px;\">\ud83c\udf0d Sustentabilidade e potencial de mercado<\/h2>\n<p>\u00c0 medida que os estilos de vida com consci\u00eancia ecol\u00f3gica crescem, os biber\u00f5es de silicone reutiliz\u00e1veis est\u00e3o a tornar-se cada vez mais populares. O conjunto S-GS018 oferece durabilidade, moda e responsabilidade ambiental. Os retalhistas, as marcas de estilo de vida, as empresas de cosm\u00e9tica e as plataformas de com\u00e9rcio eletr\u00f3nico podem posicionar estes <strong>frascos de viagem para produtos de higiene pessoal<\/strong> como solu\u00e7\u00f5es rent\u00e1veis e ecol\u00f3gicas para os viajantes de hoje.<\/p>\n<h2 style=\"font-size: 20px; font-weight: bold; margin-top: 20px;\">\ud83d\udee1\ufe0f Normas de qualidade e seguran\u00e7a<\/h2>\n<p>Cada garrafa S-GS018 \u00e9 submetida a testes rigorosos de resist\u00eancia \u00e0 press\u00e3o, vibra\u00e7\u00e3o e temperatura. Fabricados com silicone importado e materiais PP, estes frascos cumprem as normas FDA, SGS e ISO, garantindo seguran\u00e7a, durabilidade e fiabilidade global.<\/p>\n<h2 style=\"font-size: 20px; font-weight: bold; margin-top: 20px;\">\ud83d\ude9a Embalagem e entrega<\/h2>\n<ul style=\"margin: 10px 0 10px 20px;\">\n<li>Embalagem padr\u00e3o: Saco OPP com caixa de cart\u00e3o a granel.<\/li>\n<li>Embalagem personalizada: caixas de oferta, caixas de cart\u00e3o ecol\u00f3gicas, embalagens de marca.<\/li>\n<li>Prazo de entrega: 7-15 dias \u00fateis para encomendas em grandes quantidades.<\/li>\n<li>Expedi\u00e7\u00e3o para todo o mundo com apoio log\u00edstico fi\u00e1vel.<\/li>\n<\/ul>\n<h2 style=\"font-size: 20px; font-weight: bold; margin-top: 20px;\">Principais vantagens<\/h2>\n<ul style=\"margin: 10px 0 10px 20px;\">\n<li>3 oz de tamanho de viagem aprovado pela TSA, perfeito para voos.<\/li>\n<li>\u00c0 prova de fugas e compress\u00edvel para uma distribui\u00e7\u00e3o f\u00e1cil.<\/li>\n<li>\u2705 Multiusos: produtos de higiene pessoal, cosm\u00e9ticos, cuidados com o beb\u00e9, cozinha, exterior.<\/li>\n<li>Amigo do ambiente e reutiliz\u00e1vel para reduzir os res\u00edduos de pl\u00e1stico.<\/li>\n<li>Servi\u00e7os OEM\/ODM para marcas e embalagens.<\/li>\n<li>Certificado de acordo com as normas internacionais de seguran\u00e7a e qualidade.<\/li>\n<\/ul>\n<h2 style=\"font-size: 20px; font-weight: bold; margin-top: 20px;\">\ud83c\udfaf Conclus\u00e3o<\/h2>\n<p>O <strong>S-GS018 Frascos de viagem de 3 oz para artigos de higiene pessoal<\/strong> combinam um design requintado com funcionalidade. Como um produto reutiliz\u00e1vel e personaliz\u00e1vel <strong>conjunto de recipientes de viagem<\/strong>, S\u00e3o \u00e0 prova de fugas, ecol\u00f3gicos e perfeitos para indiv\u00edduos ou empresas que procuram acess\u00f3rios de viagem de marca. \ud83c\udf31<\/p>\n<\/section>","protected":false},"excerpt":{"rendered":"<p>Melhore a sua viagem com frascos de viagem para artigos de higiene pessoal. Este conjunto de recipientes de viagem de 3 oz \u00e9 isento de BPA, \u00e0 prova de fugas, recarreg\u00e1vel e fabricado em silicone compress\u00edvel. Ideal para champ\u00f4, amaciador, lo\u00e7\u00e3o e outros produtos essenciais. Amigo do ambiente e aprovado pela TSA.<\/p>","protected":false},"featured_media":6036,"comment_status":"closed","ping_status":"closed","template":"","meta":{"_acf_changed":false},"product_brand":[],"product_cat":[49],"product_tag":[],"class_list":{"0":"post-6016","1":"product","2":"type-product","3":"status-publish","4":"has-post-thumbnail","6":"product_cat-silicone-materials","8":"first","9":"instock","10":"shipping-taxable","11":"product-type-grouped"},"acf":[],"_links":{"self":[{"href":"https:\/\/goldensoarpackage.com\/pt\/wp-json\/wp\/v2\/product\/6016","targetHints":{"allow":["GET"]}}],"collection":[{"href":"https:\/\/goldensoarpackage.com\/pt\/wp-json\/wp\/v2\/product"}],"about":[{"href":"https:\/\/goldensoarpackage.com\/pt\/wp-json\/wp\/v2\/types\/product"}],"replies":[{"embeddable":true,"href":"https:\/\/goldensoarpackage.com\/pt\/wp-json\/wp\/v2\/comments?post=6016"}],"wp:featuredmedia":[{"embeddable":true,"href":"https:\/\/goldensoarpackage.com\/pt\/wp-json\/wp\/v2\/media\/6036"}],"wp:attachment":[{"href":"https:\/\/goldensoarpackage.com\/pt\/wp-json\/wp\/v2\/media?parent=6016"}],"wp:term":[{"taxonomy":"product_brand","embeddable":true,"href":"https:\/\/goldensoarpackage.com\/pt\/wp-json\/wp\/v2\/product_brand?post=6016"},{"taxonomy":"product_cat","embeddable":true,"href":"https:\/\/goldensoarpackage.com\/pt\/wp-json\/wp\/v2\/product_cat?post=6016"},{"taxonomy":"product_tag","embeddable":true,"href":"https:\/\/goldensoarpackage.com\/pt\/wp-json\/wp\/v2\/product_tag?post=6016"}],"curies":[{"name":"wp","href":"https:\/\/api.w.org\/{rel}","templated":true}]}}