{"id":6013,"date":"2025-08-23T05:24:12","date_gmt":"2025-08-23T05:24:12","guid":{"rendered":"https:\/\/goldensoarpackage.com\/?post_type=product&#038;p=6013"},"modified":"2025-08-25T01:39:37","modified_gmt":"2025-08-25T01:39:37","slug":"conjunto-de-garrafas-de-viagem-pequenos-recipientes-espremidos","status":"publish","type":"product","link":"https:\/\/goldensoarpackage.com\/pt\/conjunto-de-garrafas-de-viagem-pequenos-recipientes-espremidos\/","title":{"rendered":"Conjunto de frascos de viagem de 90 ml Recipiente pequeno para espremer Sub-garrafa de silicone Frascos de cosm\u00e9ticos de higiene pessoal recarreg\u00e1veis para champ\u00f4 e lo\u00e7\u00e3o"},"content":{"rendered":"<section style=\"width: 100%; font-family: Arial,Helvetica,sans-serif; line-height: 1.6; color: #333;\">\n<header>\n<h1 style=\"font-size: 24px; margin-bottom: 10px; text-align: center;\">Conjunto de garrafas de viagem criativas de silicone de 90 ml para subgarrafas Pequenos recipientes para apertar<\/h1>\n<\/header>\n<p style=\"margin-bottom: 15px;\">Viajar deve ser uma experi\u00eancia de conforto, sem se preocupar com garrafas pesadas ou com a confus\u00e3o na sua mala. O conjunto de frascos de viagem de 90 ml destina-se a facilitar as suas viagens com frascos mais pequenos que s\u00e3o port\u00e1teis e f\u00e1ceis de transportar, e aprovados para bagagem de m\u00e3o. Fabricadas em silicone de qualidade alimentar, cada garrafa \u00e9 segura, macia e amiga do ambiente Fabuloso Produto Garrafas de Viagem de 7ml. Independentemente do que estiver a levar na mala, champ\u00f4s, amaciadores, lo\u00e7\u00f5es ou qualquer outro produto essencial, estes frascos reduzir\u00e3o a frustra\u00e7\u00e3o e far\u00e3o com que se sinta mais eficiente e confort\u00e1vel.<\/p>\n<h2 style=\"font-size: 20px; margin: 15px 0;\">Design pr\u00e1tico e funcionalidade<\/h2>\n<p style=\"margin-bottom: 15px;\">Estas garrafas n\u00e3o s\u00e3o fr\u00e1geis, as garrafas de gotejamento dur\u00e1veis t\u00eam um design moderno que facilita o aperto e a distribui\u00e7\u00e3o. O pr\u00e1tico tubo de 90 ml de tamanho de viagem aprovado pela TSA significa que pode levar o seu Honey Punch consigo para todo o lado. A sua abertura de boca larga facilita o enchimento e a limpeza e tem uma tampa \u00e0 prova de fugas que pode prender \u00e0 garrafa vazia para facilitar o transporte.<\/p>\n<ul style=\"margin-bottom: 15px;\">\n<li>Corpo de silicone macio - Pode ser dobrado e torcido para facilitar a press\u00e3o de trabalho.<\/li>\n<li>Tamanho pequeno - Ideal para malas de m\u00e3o, bagagem de m\u00e3o, sacos de gin\u00e1stica.<\/li>\n<li>Slght \u00e0 prova de fugas - Tampa PP de encaixe para uma viagem anti-derrame.<\/li>\n<li>Port\u00e1til e dur\u00e1vel - Leve para uma f\u00e1cil portabilidade, mas dur\u00e1vel para uma utiliza\u00e7\u00e3o regular.<\/li>\n<\/ul>\n<h2 style=\"font-size: 20px; margin: 15px 0;\">Principais carater\u00edsticas e vantagens<\/h2>\n<ul style=\"margin-bottom: 15px;\">\n<li>Material seguro - silicone de qualidade alimentar 100% + tampa PP, saud\u00e1vel e n\u00e3o t\u00f3xico.<\/li>\n<li>Eco-Consciente - Diga n\u00e3o \u00e0 \u00e1gua engarrafada de utiliza\u00e7\u00e3o \u00fanica.<\/li>\n<li>F\u00e1cil de viajar - Os 90 ml s\u00e3o compat\u00edveis com a TSA para evitar l\u00edquidos no aeroporto.<\/li>\n<li>Personaliz\u00e1vel - com log\u00f3tipo, cores Pantone, embalagem. Servi\u00e7os OEM e ODM com personaliza\u00e7\u00e3o para v\u00e1rios produtos.<\/li>\n<li>F\u00e1cil de manter - Grande abertura para encher ou limpar.<\/li>\n<li>Multiusos - Ideal para produtos de higiene pessoal, cosm\u00e9ticos e at\u00e9 mesmo especiarias de cozinha.<\/li>\n<\/ul>\n<h2 style=\"font-size: 20px; margin: 15px 0;\">\ud83e\uddf4 Aplica\u00e7\u00f5es<\/h2>\n<ul style=\"margin-bottom: 15px;\">\n<li>Champ\u00f4 e amaciador - Acabou-se a confus\u00e3o.<\/li>\n<li>\ud83d\udc84 Cuidados com a pele e maquilhagem - Hidratantes, s\u00e9runs, protetor solar.<\/li>\n<li>Artigos de higiene pessoal - Gel de banho, desinfetante para as m\u00e3os, gel de banho.<\/li>\n<li>\ud83d\udc76 Cuidados do beb\u00e9 - \u00d3leos, lo\u00e7\u00f5es suaves e cremes para beb\u00e9s.<\/li>\n<li>\ud83e\udd57 Cozinha e Condimentos - Molhos para salada, molhos, \u00f3leo de cozinha.<\/li>\n<li>\ud83c\udfd5\ufe0f Outdoor &amp; Travel - Companheiro de confian\u00e7a para campismo, desporto e aventuras.<\/li>\n<\/ul>\n<h2 style=\"font-size: 20px; margin: 15px 0;\">\ud83d\udcca Especifica\u00e7\u00f5es<\/h2>\n<table style=\"width: 100%; border-collapse: collapse; font-size: 14px; margin-bottom: 10px;\">\n<thead>\n<tr style=\"background-color: #f4f4f4;\">\n<th style=\"border: 1px solid #ccc; padding: 8px;\">Item<\/th>\n<th style=\"border: 1px solid #ccc; padding: 8px;\">Detalhes<\/th>\n<\/tr>\n<\/thead>\n<tbody>\n<tr>\n<td style=\"border: 1px solid #ccc; padding: 8px;\">Nome do produto<\/td>\n<td style=\"border: 1px solid #ccc; padding: 8px;\">Conjunto de garrafas de viagem<\/td>\n<\/tr>\n<tr>\n<td style=\"border: 1px solid #ccc; padding: 8px;\">Modelo<\/td>\n<td style=\"border: 1px solid #ccc; padding: 8px;\">S-GS015<\/td>\n<\/tr>\n<tr>\n<td style=\"border: 1px solid #ccc; padding: 8px;\">Material<\/td>\n<td style=\"border: 1px solid #ccc; padding: 8px;\">Silicone de qualidade alimentar (garrafa) + PP (tampa)<\/td>\n<\/tr>\n<tr>\n<td style=\"border: 1px solid #ccc; padding: 8px;\">Tamanho<\/td>\n<td style=\"border: 1px solid #ccc; padding: 8px;\">62mm(35mm)*140mm<\/td>\n<\/tr>\n<tr>\n<td style=\"border: 1px solid #ccc; padding: 8px;\">Capacidade<\/td>\n<td style=\"border: 1px solid #ccc; padding: 8px;\">90ml<\/td>\n<\/tr>\n<tr>\n<td style=\"border: 1px solid #ccc; padding: 8px;\">Peso<\/td>\n<td style=\"border: 1px solid #ccc; padding: 8px;\">39g<\/td>\n<\/tr>\n<tr>\n<td style=\"border: 1px solid #ccc; padding: 8px;\">Cor<\/td>\n<td style=\"border: 1px solid #ccc; padding: 8px;\">Personaliz\u00e1vel<\/td>\n<\/tr>\n<tr>\n<td style=\"border: 1px solid #ccc; padding: 8px;\">Carater\u00edsticas<\/td>\n<td style=\"border: 1px solid #ccc; padding: 8px;\">Rato em forma de animal dos desenhos animados, \u00e0 prova de fugas, esprem\u00edvel, recarreg\u00e1vel, compacto, f\u00e1cil de transportar<\/td>\n<\/tr>\n<tr>\n<td style=\"border: 1px solid #ccc; padding: 8px;\">Op\u00e7\u00f5es OEM<\/td>\n<td style=\"border: 1px solid #ccc; padding: 8px;\">Cores personalizadas, impress\u00e3o do log\u00f3tipo, embalagem, etiquetagem<\/td>\n<\/tr>\n<\/tbody>\n<\/table>\n<h2 style=\"font-size: 20px; margin: 15px 0;\">Capacidade de personaliza\u00e7\u00e3o e OEM<\/h2>\n<p style=\"margin-bottom: 15px;\">Temos experi\u00eancia em OEM e ODM, os nossos clientes incluem empresas de marca, retalhistas e distribuidores em todo o mundo. A nossa equipa oferece marcas personalizadas, embalagens, correspond\u00eancia de cores, decora\u00e7\u00e3o interna e muito mais para atualizar a sua linha de produtos.<\/p>\n<ul style=\"margin-bottom: 15px;\">\n<li>Op\u00e7\u00f5es de impress\u00e3o: Impress\u00e3o em serigrafia, relevo, transfer\u00eancia t\u00e9rmica.<\/li>\n<li>Correspond\u00eancia de cores Pantone para garantir uma identidade de marca exacta.<\/li>\n<li>\ud83d\udd39 Embalagem: Caixas de oferta, cart\u00f5es blister, caixas de cart\u00e3o com design ecol\u00f3gico.<\/li>\n<li>\ud83d\udd39 MOQ flex\u00edvel para pedidos grandes e pequenos.<\/li>\n<\/ul>\n<h2 style=\"font-size: 20px; margin: 15px 0;\">\ud83c\udf0d Potencial de mercado<\/h2>\n<p style=\"margin-bottom: 15px;\">H\u00e1 uma procura crescente de acess\u00f3rios de viagem sustent\u00e1veis, reutiliz\u00e1veis e orientados para as tend\u00eancias em todo o mundo. O nosso kit de garrafas de viagem \u00e9 ideal para viajantes, profissionais e consumidores eco-conscientes. Com um tamanho compacto, um visual encantador e uma fun\u00e7\u00e3o pr\u00e1tica, \u00e9 amplamente aceite por marcas, lojas de presentes e plataformas de com\u00e9rcio eletr\u00f3nico em todo o mundo.<\/p>\n<h2 style=\"font-size: 20px; margin: 15px 0;\">\ud83d\udee1\ufe0f Normas de qualidade e seguran\u00e7a<\/h2>\n<p style=\"margin-bottom: 15px;\">Cada garrafa \u00e9 testada para garantir um desempenho \u00e0 prova de fugas e durabilidade. Certificado com as normas FDA, SGS e ISO. Produzido de forma sustent\u00e1vel com o m\u00ednimo de res\u00edduos e processos ecol\u00f3gicos.<\/p>\n<h2 style=\"font-size: 20px; margin: 15px 0;\">\ud83d\ude9a Embalagem e entrega<\/h2>\n<ul style=\"margin-bottom: 15px;\">\n<li>Embalagem normal: Saco OPP, caixa de cart\u00e3o a granel.<\/li>\n<li>Personaliza\u00e7\u00e3o: Caixas de oferta com a marca Premium.<\/li>\n<li>Prazo de entrega: 7-15 dias \u00fateis para encomendas a granel.<\/li>\n<li>Expedi\u00e7\u00e3o: Apoio log\u00edstico global fi\u00e1vel.<\/li>\n<\/ul>\n<h2 style=\"font-size: 20px; margin: 15px 0;\">Vantagens deste conjunto de garrafas de viagem<\/h2>\n<ul style=\"margin-bottom: 15px;\">\n<li>Alternativa amiga do ambiente \u00e0s garrafas de pl\u00e1stico descart\u00e1veis.<\/li>\n<li>Compacto, leve e aprovado pela companhia a\u00e9rea.<\/li>\n<li>\u2705 Multiuso para casa, viagens, camping, academia ou escrit\u00f3rio.<\/li>\n<li>OEM dispon\u00edvel com personaliza\u00e7\u00e3o de logotipo, cor e embalagem.<\/li>\n<li>Concebido para ser pr\u00e1tico e sustent\u00e1vel.<\/li>\n<\/ul>\n<h2 style=\"font-size: 20px; margin: 15px 0;\">\ud83c\udfaf Conclus\u00e3o<\/h2>\n<p style=\"margin-bottom: 15px;\">O <strong>Conjunto de garrafas de viagem de silicone criativas de 90 ml<\/strong> n\u00e3o \u00e9 apenas uma solu\u00e7\u00e3o de armazenamento, mas tamb\u00e9m um reflexo de um estilo de vida ecol\u00f3gico e moderno. Quer seja uma empresa que procura op\u00e7\u00f5es personaliz\u00e1veis OEM ou um viajante que precisa de conveni\u00eancia, estas garrafas squeeze s\u00e3o perfeitas: leves, herm\u00e9ticas, reutiliz\u00e1veis e sustent\u00e1veis. \ud83c\udf31<\/p>\n<\/section>","protected":false},"excerpt":{"rendered":"<p>Veja o conjunto de frascos de viagem de 90 ml de frascos de viagem puros, que s\u00e3o pequenos frascos de 50 ml fabricados em silicone que pode ser espremido. Recipientes de viagem reutiliz\u00e1veis para champ\u00f4, amaciador, lo\u00e7\u00e3o ou produtos de higiene pessoal. Op\u00e7\u00f5es OEM personaliz\u00e1veis dispon\u00edveis.<\/p>","protected":false},"featured_media":6022,"comment_status":"closed","ping_status":"closed","template":"","meta":{"_acf_changed":false},"product_brand":[],"product_cat":[49],"product_tag":[],"class_list":{"0":"post-6013","1":"product","2":"type-product","3":"status-publish","4":"has-post-thumbnail","6":"product_cat-silicone-materials","8":"first","9":"instock","10":"shipping-taxable","11":"product-type-grouped"},"acf":[],"_links":{"self":[{"href":"https:\/\/goldensoarpackage.com\/pt\/wp-json\/wp\/v2\/product\/6013","targetHints":{"allow":["GET"]}}],"collection":[{"href":"https:\/\/goldensoarpackage.com\/pt\/wp-json\/wp\/v2\/product"}],"about":[{"href":"https:\/\/goldensoarpackage.com\/pt\/wp-json\/wp\/v2\/types\/product"}],"replies":[{"embeddable":true,"href":"https:\/\/goldensoarpackage.com\/pt\/wp-json\/wp\/v2\/comments?post=6013"}],"wp:featuredmedia":[{"embeddable":true,"href":"https:\/\/goldensoarpackage.com\/pt\/wp-json\/wp\/v2\/media\/6022"}],"wp:attachment":[{"href":"https:\/\/goldensoarpackage.com\/pt\/wp-json\/wp\/v2\/media?parent=6013"}],"wp:term":[{"taxonomy":"product_brand","embeddable":true,"href":"https:\/\/goldensoarpackage.com\/pt\/wp-json\/wp\/v2\/product_brand?post=6013"},{"taxonomy":"product_cat","embeddable":true,"href":"https:\/\/goldensoarpackage.com\/pt\/wp-json\/wp\/v2\/product_cat?post=6013"},{"taxonomy":"product_tag","embeddable":true,"href":"https:\/\/goldensoarpackage.com\/pt\/wp-json\/wp\/v2\/product_tag?post=6013"}],"curies":[{"name":"wp","href":"https:\/\/api.w.org\/{rel}","templated":true}]}}