{"id":6006,"date":"2025-08-23T03:42:14","date_gmt":"2025-08-23T03:42:14","guid":{"rendered":"https:\/\/goldensoarpackage.com\/?post_type=product&#038;p=6006"},"modified":"2025-09-23T03:40:06","modified_gmt":"2025-09-23T03:40:06","slug":"frascos-de-viagem-de-silicone-para-champo-e-amaciador","status":"publish","type":"product","link":"https:\/\/goldensoarpackage.com\/pt\/frascos-de-viagem-de-silicone-para-champo-e-amaciador\/","title":{"rendered":"Frascos de viagem com garra de gato para champ\u00f4 e condicionador Frascos de silicone para produtos de higiene pessoal e cosm\u00e9ticos"},"content":{"rendered":"<div style=\"width: 1200px;\" class=\"wp-video\"><video class=\"wp-video-shortcode\" id=\"video-6006-1\" width=\"1200\" height=\"675\" poster=\"https:\/\/goldensoarpackage.com\/wp-content\/uploads\/2025\/08\/Shampoo-conditioner-travel-bottles-1.jpg\" preload=\"metadata\" controls=\"controls\"><source type=\"video\/mp4\" src=\"https:\/\/goldensoarpackage.com\/wp-content\/uploads\/2025\/08\/Silicone-Squeeze-Travel-Bottles.mp4?_=1\" \/><a href=\"https:\/\/goldensoarpackage.com\/wp-content\/uploads\/2025\/08\/Silicone-Squeeze-Travel-Bottles.mp4\">https:\/\/goldensoarpackage.com\/wp-content\/uploads\/2025\/08\/Silicone-Squeeze-Travel-Bottles.mp4<\/a><\/video><\/div>\n<section style=\"width: 100%; font-family: Arial,Helvetica,sans-serif; line-height: 1.6; color: #333;\">\n<header>\n<h1 style=\"font-size: 24px; margin-bottom: 10px; text-align: center;\">Frascos de viagem para champ\u00f4 e amaciador com garras de gato bonitas Frasco dispensador de silicone Frasco de massagem port\u00e1til para armazenamento em viagem Tipo de clipe<\/h1>\n<\/header>\n<p style=\"margin-bottom: 15px;\">Quando viaja pelo mundo, precisa de uma forma mais f\u00e1cil de manter o champ\u00f4 e o amaciador facilmente acess\u00edveis. <strong>Frascos de viagem para champ\u00f4 e amaciador<\/strong> s\u00e3o perfeitos para todos os que est\u00e3o a tentar tornar as viagens um pouco mais f\u00e1ceis. Feita de silicone macio de seguran\u00e7a de qualidade alimentar, os seus amigos tamb\u00e9m ter\u00e3o um sorriso no rosto. Esta Garra de Gato Fofa <strong>Frasco de silicone para apertar<\/strong> n\u00e3o s\u00f3 tem um aspeto bonito, como tamb\u00e9m pode ser esticado, espremido e reciclado para utiliza\u00e7\u00e3o.<\/p>\n<h2 style=\"font-size: 20px; margin-top: 20px; margin-bottom: 10px;\">Design fixe e praticidade<\/h2>\n<p style=\"margin-bottom: 15px;\">Ao contr\u00e1rio das viagens normais <strong>Frasco de silicone para apertar<\/strong>, Este tem um design de garra de gato super giro que \u00e9 tamb\u00e9m um massajador de silicone macio. Isto significa que \u00e9 mais do que um simples recipiente de armazenamento - funciona como uma mini ferramenta de auto-cuidado. A seguran\u00e7a, a suavidade e a flexibilidade prov\u00eam do material de silicone de qualidade alimentar 100%, enquanto a tampa em PP ret\u00e9m os l\u00edquidos no interior e evita fugas.<\/p>\n<ul style=\"margin-bottom: 15px;\">\n<li>Design ador\u00e1vel da garra de gato: Traz comodidade e alegria \u00e0 vida quotidiana.<\/li>\n<li>Massajador incorporado: Perfeito para uma massagem suave do couro cabeludo quando se utiliza champ\u00f4 ou amaciador.<\/li>\n<li>Port\u00e1til e compacto: Pequeno, leve e f\u00e1cil de transportar em malas de m\u00e3o, malas de viagem ou sacos de gin\u00e1stica.<\/li>\n<\/ul>\n<h2 style=\"font-size: 20px; margin-top: 20px; margin-bottom: 10px;\">Principais carater\u00edsticas e vantagens<\/h2>\n<ul style=\"margin-bottom: 15px;\">\n<li>Materiais seguros - 100% silicone de qualidade alimentar + tampa PP, sem BPA, inodoro, seguro para os cuidados da pele e do beb\u00e9.<\/li>\n<li>\u00c0 prova de fugas e resistente - O corpo de silicone espesso resiste a fissuras ou deforma\u00e7\u00f5es, a tampa macia garante que n\u00e3o h\u00e1 fugas ou derrames.<\/li>\n<li>Design compress\u00edvel - O silicone flex\u00edvel facilita a distribui\u00e7\u00e3o de lo\u00e7\u00f5es e l\u00edquidos.<\/li>\n<li>Amigo do ambiente e reutiliz\u00e1vel - Um substituto sustent\u00e1vel para as garrafas descart\u00e1veis.<\/li>\n<li>F\u00e1cil de viajar - Capacidade aprovada pela TSA, perfeita para voos.<\/li>\n<li>Personaliz\u00e1vel - Servi\u00e7os OEM e ODM dispon\u00edveis com log\u00f3tipo, cores Pantone e op\u00e7\u00f5es de embalagem.<\/li>\n<\/ul>\n<h2 style=\"font-size: 20px; margin-top: 20px; margin-bottom: 10px;\">\ud83e\uddf4 Aplica\u00e7\u00f5es<\/h2>\n<ul style=\"margin-bottom: 15px;\">\n<li>Champ\u00f4 e amaciador - Dispensa com o conforto de um massajador.<\/li>\n<li>Cosm\u00e9ticos e cuidados com a pele - Lo\u00e7\u00f5es, soros, protectores solares.<\/li>\n<li>Produtos de higiene pessoal - Gel de banho, gel de duche, desinfetante para as m\u00e3os.<\/li>\n<li>\ud83d\udc76 Cuidados da maternidade e do beb\u00e9 - \u00d3leos para beb\u00e9s, cremes e lo\u00e7\u00f5es suaves.<\/li>\n<li>\ud83e\udd57 Condimentos e utiliza\u00e7\u00e3o na cozinha - Molhos, temperos, \u00f3leos.<\/li>\n<li>\ud83c\udfd5\ufe0f Outdoor &amp; Travel - Campismo, caminhadas, actividades desportivas.<\/li>\n<\/ul>\n<h2 style=\"font-size: 20px; margin-top: 20px; margin-bottom: 10px;\">\ud83d\udcca Especifica\u00e7\u00f5es<\/h2>\n<table style=\"width: 100%; border-collapse: collapse; font-size: 14px; margin-bottom: 10px;\">\n<thead>\n<tr style=\"background-color: #f4f4f4;\">\n<th style=\"border: 1px solid #ccc; padding: 8px;\">Item<\/th>\n<th style=\"border: 1px solid #ccc; padding: 8px;\">Detalhes<\/th>\n<\/tr>\n<\/thead>\n<tbody>\n<tr>\n<td style=\"border: 1px solid #ccc; padding: 8px;\">Nome do produto<\/td>\n<td style=\"border: 1px solid #ccc; padding: 8px;\">Frascos de viagem para champ\u00f4 e condicionador<\/td>\n<\/tr>\n<tr>\n<td style=\"border: 1px solid #ccc; padding: 8px;\">Modelo<\/td>\n<td style=\"border: 1px solid #ccc; padding: 8px;\">S-GS011<\/td>\n<\/tr>\n<tr>\n<td style=\"border: 1px solid #ccc; padding: 8px;\">Material<\/td>\n<td style=\"border: 1px solid #ccc; padding: 8px;\">Silicone ecol\u00f3gico (frasco) + PP (tampa)<\/td>\n<\/tr>\n<tr>\n<td style=\"border: 1px solid #ccc; padding: 8px;\">Tamanho<\/td>\n<td style=\"border: 1px solid #ccc; padding: 8px;\">51*82mm<\/td>\n<\/tr>\n<tr>\n<td style=\"border: 1px solid #ccc; padding: 8px;\">Capacidade<\/td>\n<td style=\"border: 1px solid #ccc; padding: 8px;\">40ml<\/td>\n<\/tr>\n<tr>\n<td style=\"border: 1px solid #ccc; padding: 8px;\">Peso<\/td>\n<td style=\"border: 1px solid #ccc; padding: 8px;\">29g<\/td>\n<\/tr>\n<tr>\n<td style=\"border: 1px solid #ccc; padding: 8px;\">Cor<\/td>\n<td style=\"border: 1px solid #ccc; padding: 8px;\">Personaliz\u00e1vel<\/td>\n<\/tr>\n<tr>\n<td style=\"border: 1px solid #ccc; padding: 8px;\">Carater\u00edsticas<\/td>\n<td style=\"border: 1px solid #ccc; padding: 8px;\">Rato em forma de animal dos desenhos animados, \u00e0 prova de fugas, esprem\u00edvel, recarreg\u00e1vel, compacto, f\u00e1cil de transportar<\/td>\n<\/tr>\n<tr>\n<td style=\"border: 1px solid #ccc; padding: 8px;\">Op\u00e7\u00f5es OEM<\/td>\n<td style=\"border: 1px solid #ccc; padding: 8px;\">Cores personalizadas, impress\u00e3o do log\u00f3tipo, embalagem, etiquetagem<\/td>\n<\/tr>\n<\/tbody>\n<\/table>\n<h2 style=\"font-size: 20px; margin-top: 20px; margin-bottom: 10px;\">Capacidade de personaliza\u00e7\u00e3o e OEM<\/h2>\n<p style=\"margin-bottom: 15px;\">Fornecemos solu\u00e7\u00f5es OEM e ODM para marcas globais, retalhistas e distribuidores. Com uma vasta experi\u00eancia, oferecemos servi\u00e7os personalizados para elevar o reconhecimento da marca e a atra\u00e7\u00e3o do produto.<\/p>\n<ul style=\"margin-bottom: 15px;\">\n<li>Personaliza\u00e7\u00e3o do log\u00f3tipo: Tela de seda, relevo, transfer\u00eancia de calor.<\/li>\n<li>Correspond\u00eancia de cores Pantone para uma identidade de marca precisa.<\/li>\n<li>\ud83d\udd39 Embalagem: Caixas de oferta, cart\u00f5es blister, caixas de cart\u00e3o ecol\u00f3gicas.<\/li>\n<li>\ud83d\udd39 MOQ flex\u00edvel para clientes grossistas.<\/li>\n<\/ul>\n<h2 style=\"font-size: 20px; margin-top: 20px; margin-bottom: 10px;\">\ud83c\udf0d Potencial de mercado<\/h2>\n<p style=\"margin-bottom: 15px;\">A procura de acess\u00f3rios de viagem ecol\u00f3gicos, elegantes e pr\u00e1ticos continua a crescer. Os nossos frascos de silicone com garras de gato t\u00eam um forte apelo nos mercados nacional e internacional. S\u00e3o adequados para marcas de cosm\u00e9ticos, retalhistas de estilo de vida, lojas de presentes e plataformas em linha. O design giro atrai jovens compradores, viajantes frequentes e consumidores ecologicamente conscientes que desejam tanto funcionalidade como moda.<\/p>\n<h2 style=\"font-size: 20px; margin-top: 20px; margin-bottom: 10px;\">\ud83d\udee1\ufe0f Normas de qualidade e seguran\u00e7a<\/h2>\n<p style=\"margin-bottom: 15px;\">Cada garrafa \u00e9 submetida a testes rigorosos de resist\u00eancia a fugas, durabilidade e seguran\u00e7a. Em conformidade com as normas FDA, SGS e ISO, estas garrafas cumprem os requisitos de seguran\u00e7a internacionais. A produ\u00e7\u00e3o segue pr\u00e1ticas sustent\u00e1veis, tendo em mente a minimiza\u00e7\u00e3o de res\u00edduos e a prote\u00e7\u00e3o ambiental.<\/p>\n<h2 style=\"font-size: 20px; margin-top: 20px; margin-bottom: 10px;\">\ud83d\ude9a Embalagem e entrega<\/h2>\n<ul style=\"margin-bottom: 15px;\">\n<li>Embalagem padr\u00e3o: Saco OPP, caixa de cart\u00e3o a granel.<\/li>\n<li>Embalagem de luxo: Caixas de oferta personalizadas com op\u00e7\u00f5es de marca.<\/li>\n<li>Prazo de entrega: 7-15 dias \u00fateis para encomendas a granel.<\/li>\n<li>Expedi\u00e7\u00e3o para todo o mundo com parceiros log\u00edsticos fi\u00e1veis.<\/li>\n<\/ul>\n<h2 style=\"font-size: 20px; margin-top: 20px; margin-bottom: 10px;\">Porqu\u00ea escolher frascos de viagem para champ\u00f4 e condicionador?<\/h2>\n<ul style=\"margin-bottom: 15px;\">\n<li>Alternativa ecol\u00f3gica \u00e0s garrafas de pl\u00e1stico descart\u00e1veis.<\/li>\n<li>Adequado para viagens, casa e uso ao ar livre.<\/li>\n<li>Acrescenta valor \u00e0 marca atrav\u00e9s da personaliza\u00e7\u00e3o OEM.<\/li>\n<li>Combina funcionalidade, beleza e sustentabilidade.<\/li>\n<\/ul>\n<h2 style=\"font-size: 20px; margin-top: 20px; margin-bottom: 10px;\">\ud83c\udfaf Conclus\u00e3o<\/h2>\n<p style=\"margin-bottom: 15px;\">O <strong>Garrafas de silicone com garras de gato<\/strong>\u00a0\u00e9 mais do que um mero acess\u00f3rio de viagem - \u00e9 uma mistura de arte, funcionalidade e vida eco-consciente. Perfeito para cuidados de pele, cosm\u00e9ticos, produtos de higiene pessoal ou condimentos, permite m\u00faltiplas utiliza\u00e7\u00f5es, ao mesmo tempo que ajuda a reduzir os res\u00edduos de pl\u00e1stico. Para as marcas, representa uma solu\u00e7\u00e3o OEM ideal que une funcionalidade, design e sustentabilidade no mercado competitivo de hoje. \ud83c\udf31<\/p>\n<\/section>","protected":false},"excerpt":{"rendered":"<p>Descubra os bonitos frascos de viagem para champ\u00f4 e amaciador com garras de gato concebidos com silicone de qualidade alimentar. Estes frascos de silicone s\u00e3o \u00e0 prova de fugas, port\u00e1teis e ecol\u00f3gicos, perfeitos para cuidados de pele, produtos de higiene pessoal e solu\u00e7\u00f5es de embalagem OEM personaliz\u00e1veis.<\/p>","protected":false},"featured_media":6009,"comment_status":"closed","ping_status":"closed","template":"","meta":{"_acf_changed":false},"product_brand":[],"product_cat":[49],"product_tag":[],"class_list":{"0":"post-6006","1":"product","2":"type-product","3":"status-publish","4":"has-post-thumbnail","6":"product_cat-silicone-materials","8":"first","9":"instock","10":"shipping-taxable","11":"product-type-grouped"},"acf":[],"_links":{"self":[{"href":"https:\/\/goldensoarpackage.com\/pt\/wp-json\/wp\/v2\/product\/6006","targetHints":{"allow":["GET"]}}],"collection":[{"href":"https:\/\/goldensoarpackage.com\/pt\/wp-json\/wp\/v2\/product"}],"about":[{"href":"https:\/\/goldensoarpackage.com\/pt\/wp-json\/wp\/v2\/types\/product"}],"replies":[{"embeddable":true,"href":"https:\/\/goldensoarpackage.com\/pt\/wp-json\/wp\/v2\/comments?post=6006"}],"wp:featuredmedia":[{"embeddable":true,"href":"https:\/\/goldensoarpackage.com\/pt\/wp-json\/wp\/v2\/media\/6009"}],"wp:attachment":[{"href":"https:\/\/goldensoarpackage.com\/pt\/wp-json\/wp\/v2\/media?parent=6006"}],"wp:term":[{"taxonomy":"product_brand","embeddable":true,"href":"https:\/\/goldensoarpackage.com\/pt\/wp-json\/wp\/v2\/product_brand?post=6006"},{"taxonomy":"product_cat","embeddable":true,"href":"https:\/\/goldensoarpackage.com\/pt\/wp-json\/wp\/v2\/product_cat?post=6006"},{"taxonomy":"product_tag","embeddable":true,"href":"https:\/\/goldensoarpackage.com\/pt\/wp-json\/wp\/v2\/product_tag?post=6006"}],"curies":[{"name":"wp","href":"https:\/\/api.w.org\/{rel}","templated":true}]}}