{"id":6000,"date":"2025-08-23T02:43:09","date_gmt":"2025-08-23T02:43:09","guid":{"rendered":"https:\/\/goldensoarpackage.com\/?post_type=product&#038;p=6000"},"modified":"2025-08-23T10:00:57","modified_gmt":"2025-08-23T10:00:57","slug":"garrafas-de-viagem-a-prova-de-fugas-pequenos-recipientes","status":"publish","type":"product","link":"https:\/\/goldensoarpackage.com\/pt\/garrafas-de-viagem-a-prova-de-fugas-pequenos-recipientes\/","title":{"rendered":"Frascos de viagem de silicone \u00e0 prova de fugas Frascos de viagem de 40 ml Pequenos recipientes de viagem Recarreg\u00e1veis Cosm\u00e9ticos Produtos de higiene pessoal Port\u00e1til Frasco de cuidados de pele OEM personaliz\u00e1vel"},"content":{"rendered":"<section style=\"width: 100%; font-family: Arial, sans-serif; line-height: 1.6; color: #333;\">\n<header>\n<h1 style=\"font-size: 1.8em; color: #222222; text-align: center;\">Frascos de viagem \u00e0 prova de fugas Frasco de armazenamento port\u00e1til de silicone 40ml para produtos de cuidados da pele, cosm\u00e9ticos, produtos de higiene pessoal, produtos materno-infantis<\/h1>\n<\/header>\n<p>Quando est\u00e1 em viagem, a comodidade e a seguran\u00e7a s\u00e3o tudo o que importa. Os frascos de tamanho de viagem do nosso pr\u00e1tico conjunto de frascos de viagem \u00e0 prova de fugas evitar\u00e3o que os seus produtos de cuidados da pele, maquilhagem e cuidados pessoais se derramem ou deixem uma trag\u00e9dia na mala. O nosso frasco de viagem port\u00e1til de silicone de 40 ml \u00e9 a solu\u00e7\u00e3o ideal se estiver \u00e0 procura da combina\u00e7\u00e3o perfeita entre design ecol\u00f3gico e funcionalidade compacta. Onde quer que o leve, sentir-se-\u00e1 livre de preocupa\u00e7\u00f5es, sem a preocupa\u00e7\u00e3o de transportar demasiado l\u00edquido durante a sua viagem.<\/p>\n<h2 style=\"font-size: 1.6em; margin-top: 20px; color: #444;\">Porqu\u00ea escolher os pequenos contentores de viagem?<\/h2>\n<p>Com o aumento das restri\u00e7\u00f5es impostas pelas companhias a\u00e9reas e uma maior necessidade de produtos de higiene pessoal, os frascos de tamanho pequeno para viagem tornaram-se uma necessidade. Em vez de pl\u00e1stico fr\u00e1gil, obt\u00e9m-se uma constru\u00e7\u00e3o flex\u00edvel, leve e resistente com material de silicone. Elimina as fugas, oferece uma grande durabilidade e constitui uma alternativa ecol\u00f3gica aos frascos descart\u00e1veis. O tamanho de 40 ml \u00e9 pr\u00e1tico para transportar em viagem ou para colocar numa mala de m\u00e3o, estojo de higiene, bolsa de maquilhagem ou bagagem de m\u00e3o.<\/p>\n<h2 style=\"font-size: 1.6em; margin-top: 20px; color: #444;\">Especifica\u00e7\u00f5es principais<\/h2>\n<table style=\"width: 100%; border-collapse: collapse; font-size: 14px; margin-bottom: 10px;\">\n<thead>\n<tr style=\"background-color: #f4f4f4;\">\n<th style=\"border: 1px solid #ccc; padding: 8px;\">Item<\/th>\n<th style=\"border: 1px solid #ccc; padding: 8px;\">Detalhes<\/th>\n<\/tr>\n<\/thead>\n<tbody>\n<tr>\n<td style=\"border: 1px solid #ccc; padding: 8px;\">Nome do produto<\/td>\n<td style=\"border: 1px solid #ccc; padding: 8px;\">Garrafas de viagem \u00e0 prova de fugas<\/td>\n<\/tr>\n<tr>\n<td style=\"border: 1px solid #ccc; padding: 8px;\">Modelo<\/td>\n<td style=\"border: 1px solid #ccc; padding: 8px;\">S-GS010<\/td>\n<\/tr>\n<tr>\n<td style=\"border: 1px solid #ccc; padding: 8px;\">Material<\/td>\n<td style=\"border: 1px solid #ccc; padding: 8px;\">Silicone ecol\u00f3gico (frasco) + PP (tampa)<\/td>\n<\/tr>\n<tr>\n<td style=\"border: 1px solid #ccc; padding: 8px;\">Tamanho<\/td>\n<td style=\"border: 1px solid #ccc; padding: 8px;\">70*93mm<\/td>\n<\/tr>\n<tr>\n<td style=\"border: 1px solid #ccc; padding: 8px;\">Capacidade<\/td>\n<td style=\"border: 1px solid #ccc; padding: 8px;\">40ml<\/td>\n<\/tr>\n<tr>\n<td style=\"border: 1px solid #ccc; padding: 8px;\">Peso<\/td>\n<td style=\"border: 1px solid #ccc; padding: 8px;\">29.5g<\/td>\n<\/tr>\n<tr>\n<td style=\"border: 1px solid #ccc; padding: 8px;\">Cor<\/td>\n<td style=\"border: 1px solid #ccc; padding: 8px;\">Personaliz\u00e1vel<\/td>\n<\/tr>\n<tr>\n<td style=\"border: 1px solid #ccc; padding: 8px;\">Carater\u00edsticas<\/td>\n<td style=\"border: 1px solid #ccc; padding: 8px;\">Rato em forma de animal dos desenhos animados, \u00e0 prova de fugas, esprem\u00edvel, recarreg\u00e1vel, compacto, f\u00e1cil de transportar<\/td>\n<\/tr>\n<tr>\n<td style=\"border: 1px solid #ccc; padding: 8px;\">Op\u00e7\u00f5es OEM<\/td>\n<td style=\"border: 1px solid #ccc; padding: 8px;\">Cores personalizadas, impress\u00e3o do log\u00f3tipo, embalagem, etiquetagem<\/td>\n<\/tr>\n<\/tbody>\n<\/table>\n<h2 style=\"font-size: 1.6em; margin-top: 20px; color: #444;\">Carater\u00edsticas e vantagens<\/h2>\n<ul style=\"padding-left: 20px; list-style: disc;\">\n<li>Seguro, ecol\u00f3gico e saud\u00e1vel: Sem BPA, amigo do ambiente, adequado para l\u00edquidos sens\u00edveis.<\/li>\n<li>\u00c0 prova de fugas: Concebidas com tampas PP seguras para evitar derrames.<\/li>\n<li>Port\u00e1til: Tamanho de viagem de 40 ml, perfeito para bolsas, malas e malas de m\u00e3o.<\/li>\n<li>Fi\u00e1vel: O silicone de elevada elasticidade n\u00e3o racha nem deforma.<\/li>\n<li>Personalizado: Op\u00e7\u00f5es OEM\/ODM com o seu log\u00f3tipo, cores e embalagem.<\/li>\n<li>Reutiliz\u00e1vel e amigo do ambiente: Fabricado para reduzir os pl\u00e1sticos de utiliza\u00e7\u00e3o \u00fanica.<\/li>\n<\/ul>\n<h2 style=\"font-size: 1.6em; margin-top: 20px; color: #444;\">Aplica\u00e7\u00f5es<\/h2>\n<ul style=\"padding-left: 20px; list-style: circle;\">\n<li>Cosm\u00e9ticos e cuidados com a pele - cremes, lo\u00e7\u00f5es, bases, s\u00e9runs.<\/li>\n<li>Suporte de fragr\u00e2ncia - suficientemente compacto para transportar a fragr\u00e2ncia sem derrames.<\/li>\n<li>Artigos de higiene pessoal - champ\u00f4, amaciador e gel de banho para viagens curtas.<\/li>\n<li>\ud83c\udf7c Produtos para m\u00e3es e beb\u00e9s - perfeito para \u00f3leo ou lo\u00e7\u00e3o para beb\u00e9s.<\/li>\n<li>\ud83e\udd57 Condimentos - solu\u00e7\u00e3o port\u00e1til para molhos, temperos e \u00f3leos.<\/li>\n<li>\ud83c\udfde\ufe0f Actividades ao ar livre - campismo, caminhadas, kits de viagem desportivos.<\/li>\n<\/ul>\n<h2 style=\"font-size: 1.6em; margin-top: 20px; color: #444;\">Especializa\u00e7\u00e3o em OEM e personaliza\u00e7\u00e3o<\/h2>\n<p>A nossa f\u00e1brica fornece servi\u00e7os OEM e ODM para pequenos contentores de viagem. Com uma vasta experi\u00eancia em marcas e embalagens, simplificamos as embalagens de retalho, as campanhas promocionais e o fornecimento por grosso com op\u00e7\u00f5es de personaliza\u00e7\u00e3o completas.<\/p>\n<ul style=\"padding-left: 20px; list-style: square;\">\n<li>Log\u00f3tipo: Tela de seda, relevo, transfer\u00eancia de calor.<\/li>\n<li>Correspond\u00eancia de cores Pantone: personaliza\u00e7\u00e3o precisa das cores da marca.<\/li>\n<li>Embalagem: Caixas de oferta, cart\u00f5es blister ou caixas de cart\u00e3o ecol\u00f3gicas.<\/li>\n<li>\ud83d\udd39 Venda por atacado: MOQ flex\u00edvel com pre\u00e7os competitivos.<\/li>\n<\/ul>\n<h2 style=\"font-size: 1.6em; margin-top: 20px; color: #444;\">Normas de qualidade e seguran\u00e7a<\/h2>\n<p>A preven\u00e7\u00e3o de fugas, a durabilidade e a seguran\u00e7a s\u00e3o as principais prioridades do design do S-GS010. Fabricada com silicone de qualidade alimentar importado e materiais PP, a garrafa cumpre as normas FDA, SGS e ISO. Tamb\u00e9m utilizamos pr\u00e1ticas de produ\u00e7\u00e3o amigas do ambiente para minimizar o impacto ambiental.<\/p>\n<h2 style=\"font-size: 1.6em; margin-top: 20px; color: #444;\">Porque \u00e9 que este produto se destaca<\/h2>\n<p>As nossas garrafas de viagem \u00e0 prova de fugas superam as garrafas de pl\u00e1stico normais. S\u00e3o flex\u00edveis, n\u00e3o t\u00f3xicas e duradouras. Leves e port\u00e1teis, s\u00e3o ideais para viagens. As empresas podem beneficiar de solu\u00e7\u00f5es personalizadas que melhoram o reconhecimento da marca e refor\u00e7am a fidelidade do cliente.<\/p>\n<h2 style=\"font-size: 1.6em; margin-top: 20px; color: #444;\">Potencial de mercado global<\/h2>\n<p>A procura de acess\u00f3rios de viagem miniaturizados e ecol\u00f3gicos est\u00e1 a crescer rapidamente. Os nossos pequenos recipientes de viagem em silicone de 40 ml atraem os mercados globais, incluindo marcas de cosm\u00e9ticos, retalhistas de estilos de vida e plataformas de com\u00e9rcio eletr\u00f3nico. A sua portabilidade, seguran\u00e7a e design sustent\u00e1vel atraem consumidores preocupados com o ambiente em todo o mundo.<\/p>\n<h2 style=\"font-size: 1.6em; margin-top: 20px; color: #444;\">Embalagem e entrega<\/h2>\n<ul style=\"padding-left: 20px; list-style: disc;\">\n<li>\ud83d\udce6 Padr\u00e3o: Saco OPP, caixa de cart\u00e3o a granel.<\/li>\n<li>\ud83c\udf81 Premium: Caixa de presente personalizada, op\u00e7\u00f5es de marca.<\/li>\n<li>Prazo de entrega: 7-15 dias \u00fateis para encomendas a granel.<\/li>\n<li>\ud83c\udf0d Envio para todo o mundo com parceiros log\u00edsticos de confian\u00e7a.<\/li>\n<\/ul>\n<h2 style=\"font-size: 1.6em; margin-top: 20px; color: #444;\">Conclus\u00e3o<\/h2>\n<p>A garrafa de viagem port\u00e1til de silicone de 40 ml \u00e9 mais do que uma simples garrafa vazia. Representa durabilidade, valor de marca e sustentabilidade. Ideal para uso pessoal ou aplica\u00e7\u00f5es OEM, liga a conveni\u00eancia do consumidor \u00e0 personaliza\u00e7\u00e3o de n\u00edvel empresarial. Ao escolher as nossas garrafas de viagem \u00e0 prova de fugas e pequenos recipientes de viagem, ganha inova\u00e7\u00e3o, fiabilidade e oportunidades de marca global.<\/p>\n<\/section>","protected":false},"excerpt":{"rendered":"<p>Descubra os frascos de viagem de 40 ml em silicone \u00e0 prova de fugas, concebidos como pequenos recipientes de viagem recarreg\u00e1veis para cuidados da pele, cosm\u00e9ticos e produtos de higiene pessoal. Leves, dur\u00e1veis, sem BPA, personaliz\u00e1veis com op\u00e7\u00f5es de marca OEM para mercados globais.<\/p>","protected":false},"featured_media":6004,"comment_status":"closed","ping_status":"closed","template":"","meta":{"_acf_changed":false},"product_brand":[],"product_cat":[49],"product_tag":[],"class_list":{"0":"post-6000","1":"product","2":"type-product","3":"status-publish","4":"has-post-thumbnail","6":"product_cat-silicone-materials","8":"first","9":"instock","10":"shipping-taxable","11":"product-type-grouped"},"acf":[],"_links":{"self":[{"href":"https:\/\/goldensoarpackage.com\/pt\/wp-json\/wp\/v2\/product\/6000","targetHints":{"allow":["GET"]}}],"collection":[{"href":"https:\/\/goldensoarpackage.com\/pt\/wp-json\/wp\/v2\/product"}],"about":[{"href":"https:\/\/goldensoarpackage.com\/pt\/wp-json\/wp\/v2\/types\/product"}],"replies":[{"embeddable":true,"href":"https:\/\/goldensoarpackage.com\/pt\/wp-json\/wp\/v2\/comments?post=6000"}],"wp:featuredmedia":[{"embeddable":true,"href":"https:\/\/goldensoarpackage.com\/pt\/wp-json\/wp\/v2\/media\/6004"}],"wp:attachment":[{"href":"https:\/\/goldensoarpackage.com\/pt\/wp-json\/wp\/v2\/media?parent=6000"}],"wp:term":[{"taxonomy":"product_brand","embeddable":true,"href":"https:\/\/goldensoarpackage.com\/pt\/wp-json\/wp\/v2\/product_brand?post=6000"},{"taxonomy":"product_cat","embeddable":true,"href":"https:\/\/goldensoarpackage.com\/pt\/wp-json\/wp\/v2\/product_cat?post=6000"},{"taxonomy":"product_tag","embeddable":true,"href":"https:\/\/goldensoarpackage.com\/pt\/wp-json\/wp\/v2\/product_tag?post=6000"}],"curies":[{"name":"wp","href":"https:\/\/api.w.org\/{rel}","templated":true}]}}