{"id":5666,"date":"2025-08-19T10:21:49","date_gmt":"2025-08-19T10:21:49","guid":{"rendered":"https:\/\/goldensoarpackage.com\/?post_type=product&#038;p=5666"},"modified":"2025-08-19T10:37:36","modified_gmt":"2025-08-19T10:37:36","slug":"recipientes-de-silicone-garrafa-squeeze-de-viagem","status":"publish","type":"product","link":"https:\/\/goldensoarpackage.com\/pt\/recipientes-de-silicone-garrafa-squeeze-de-viagem\/","title":{"rendered":"Recipientes de silicone personaliz\u00e1veis para viagem Frasco de 90 ml \u00e0 prova de fugas para champ\u00f4, lo\u00e7\u00e3o, cosm\u00e9ticos e cuidados da pele"},"content":{"rendered":"<section style=\"width: 100%; font-family: Arial, sans-serif; line-height: 1.6; color: #333;\">\n<header style=\"text-align: center; margin-bottom: 20px;\">\n<h1 style=\"font-size: 24px; font-weight: bold; margin: 0;\">Recipientes de silicone personaliz\u00e1veis de 90 ml para viagem com garrafa de aperto de viagem com cerdas<\/h1>\n<p style=\"margin: 10px 0; font-size: 16px;\">Solu\u00e7\u00e3o de viagem premium \u00e0 prova de fugas para champ\u00f4, lo\u00e7\u00e3o, desinfetante e cuidados com a pele. Op\u00e7\u00f5es OEM e personaliz\u00e1veis dispon\u00edveis.<\/p>\n<\/header>\n<section style=\"margin-bottom: 25px;\">\n<h2 style=\"font-size: 20px; margin-bottom: 8px;\">\ud83d\udce6 Descri\u00e7\u00e3o geral do produto<\/h2>\n<p>Os nossos recipientes de silicone para viagem foram concebidos para serem pr\u00e1ticos, higi\u00e9nicos e port\u00e1teis. Este frasco squeeze de viagem de 90 ml possui um aplicador de cerdas incorporado, perfeito para champ\u00f4, lo\u00e7\u00e3o, desinfetante ou outros l\u00edquidos cosm\u00e9ticos. O design \u00e0 prova de fugas garante uma viagem sem confus\u00e3o para uso pessoal ou profissional.<\/p>\n<ul style=\"padding-left: 18px; margin: 0;\">\n<li>Capacidade: 90ml \/ 50g<\/li>\n<li>Material: Frasco de silicone de qualidade alimentar + tampa PP<\/li>\n<li>Dimens\u00f5es: 55*50*127mm<\/li>\n<li>Aplicador de cerdas para uma aplica\u00e7\u00e3o f\u00e1cil do champ\u00f4 ou dos produtos para a pele<\/li>\n<li>\u00c0 prova de fugas, reutiliz\u00e1vel e dur\u00e1vel<\/li>\n<li>Design 2 em 1 para champ\u00f4, lo\u00e7\u00e3o, desinfetante e cosm\u00e9ticos<\/li>\n<li>Op\u00e7\u00f5es OEM e personaliz\u00e1veis dispon\u00edveis para encomendas a granel ou de marca<\/li>\n<\/ul>\n<\/section>\n<section style=\"margin-bottom: 25px;\">\n<h2 style=\"font-size: 20px; margin-bottom: 8px;\">\ud83d\udccf Especifica\u00e7\u00f5es do produto<\/h2>\n<table style=\"width: 100%; border-collapse: collapse; font-size: 14px; margin-bottom: 10px;\">\n<thead>\n<tr style=\"background-color: #f4f4f4;\">\n<th style=\"border: 1px solid #ccc; padding: 8px;\">Item<\/th>\n<th style=\"border: 1px solid #ccc; padding: 8px;\">Detalhes<\/th>\n<\/tr>\n<\/thead>\n<tbody>\n<tr>\n<td style=\"border: 1px solid #ccc; padding: 8px;\">Nome do produto<\/td>\n<td style=\"border: 1px solid #ccc; padding: 8px;\">Garrafa de viagem<\/td>\n<\/tr>\n<tr>\n<td style=\"border: 1px solid #ccc; padding: 8px;\">Modelo<\/td>\n<td style=\"border: 1px solid #ccc; padding: 8px;\">S-GS021<\/td>\n<\/tr>\n<tr>\n<td style=\"border: 1px solid #ccc; padding: 8px;\">Material<\/td>\n<td style=\"border: 1px solid #ccc; padding: 8px;\">Silicone de qualidade alimentar (garrafa) + PP (tampa)<\/td>\n<\/tr>\n<tr>\n<td style=\"border: 1px solid #ccc; padding: 8px;\">Capacidade e tamanho<\/td>\n<td style=\"border: 1px solid #ccc; padding: 8px;\">90ml (55*50*127mm)<\/td>\n<\/tr>\n<tr>\n<td style=\"border: 1px solid #ccc; padding: 8px;\">Peso<\/td>\n<td style=\"border: 1px solid #ccc; padding: 8px;\">50g<\/td>\n<\/tr>\n<tr>\n<td style=\"border: 1px solid #ccc; padding: 8px;\">Cor<\/td>\n<td style=\"border: 1px solid #ccc; padding: 8px;\">Personaliz\u00e1vel<\/td>\n<\/tr>\n<tr>\n<td style=\"border: 1px solid #ccc; padding: 8px;\">Carater\u00edsticas<\/td>\n<td style=\"border: 1px solid #ccc; padding: 8px;\">\u00c0 prova de fugas, esprem\u00edvel, recarreg\u00e1vel, compacto, f\u00e1cil de viajar<\/td>\n<\/tr>\n<tr>\n<td style=\"border: 1px solid #ccc; padding: 8px;\">Op\u00e7\u00f5es OEM<\/td>\n<td style=\"border: 1px solid #ccc; padding: 8px;\">Cores personalizadas, impress\u00e3o do log\u00f3tipo, embalagem, etiquetagem<\/td>\n<\/tr>\n<\/tbody>\n<\/table>\n<\/section>\n<section style=\"margin-bottom: 25px;\">\n<h2 style=\"font-size: 20px; margin-bottom: 8px;\">\ud83e\uddf4 Carater\u00edsticas principais<\/h2>\n<ul style=\"padding-left: 18px; margin: 0;\">\n<li>Feito de silicone de alta qualidade, flex\u00edvel e de qualidade alimentar, seguro para lo\u00e7\u00f5es, champ\u00f4, creme e muito mais.<\/li>\n<li>Sem BPA e amigo do ambiente, reutiliz\u00e1vel para utiliza\u00e7\u00e3o a longo prazo.<\/li>\n<li>O design 2 em 1 armazena o champ\u00f4 e a lo\u00e7\u00e3o num \u00fanico frasco.<\/li>\n<li>Fino e leve, cabe em malas de viagem, mochilas ou kits de gin\u00e1stica.<\/li>\n<li>A tampa PP \u00e0 prova de fugas garante uma viagem sem confus\u00e3o.<\/li>\n<li>Op\u00e7\u00f5es OEM e personaliz\u00e1veis dispon\u00edveis: cores, log\u00f3tipo e embalagem.<\/li>\n<\/ul>\n<\/section>\n<section style=\"margin-bottom: 25px;\">\n<h2 style=\"font-size: 20px; margin-bottom: 8px;\">Porqu\u00ea escolher esta garrafa t\u00e9rmica de viagem<\/h2>\n<ul style=\"padding-left: 18px; margin: 0;\">\n<li>Armazenamento de viagem sem confus\u00e3o e \u00e0 prova de fugas<\/li>\n<li>Material de silicone dur\u00e1vel e compress\u00edvel<\/li>\n<li>Design com cerdas para uma aplica\u00e7\u00e3o f\u00e1cil de l\u00edquidos<\/li>\n<li>Solu\u00e7\u00e3o reutiliz\u00e1vel e amiga do ambiente<\/li>\n<li>OEM e personaliz\u00e1vel para marca ou oferta<\/li>\n<\/ul>\n<\/section>\n<section style=\"margin-bottom: 25px;\">\n<h2 style=\"font-size: 20px; margin-bottom: 8px;\">\ud83d\udca1 Aplica\u00e7\u00f5es<\/h2>\n<ul style=\"padding-left: 18px; margin: 0;\">\n<li>Armazenamento de champ\u00f4 e amaciador para viagens ou gin\u00e1sios<\/li>\n<li>Lo\u00e7\u00e3o e hidratante para os cuidados da pele em viagem<\/li>\n<li>Desinfetante para fins de higiene e sa\u00fade<\/li>\n<li>L\u00edquidos cosm\u00e9ticos para viagem ou uso pessoal<\/li>\n<li>Acampar, fazer caminhadas e aventuras ao ar livre<\/li>\n<\/ul>\n<\/section>\n<section style=\"margin-bottom: 25px;\">\n<h2 style=\"font-size: 20px; margin-bottom: 8px;\">Qualidade e durabilidade<\/h2>\n<p>Constru\u00eddos com silicone de qualidade alimentar de primeira qualidade e tampas PP, estes frascos proporcionam uma durabilidade duradoura. O design que pode ser espremido garante uma distribui\u00e7\u00e3o controlada, enquanto o aplicador de cerdas facilita uma aplica\u00e7\u00e3o suave do l\u00edquido. Estes frascos s\u00e3o testados quanto \u00e0 resist\u00eancia a fugas, durabilidade e utiliza\u00e7\u00e3o segura, o que os torna ideais para viajantes frequentes e aplica\u00e7\u00f5es profissionais.<\/p>\n<p>Cada garrafa \u00e9 submetida a um rigoroso controlo de qualidade para cumprir as normas internacionais, garantindo que as suas encomendas OEM ou personalizadas s\u00e3o entregues com a maior precis\u00e3o e fiabilidade.<\/p>\n<\/section>\n<section style=\"margin-bottom: 25px;\">\n<h2 style=\"font-size: 20px; margin-bottom: 8px;\">Op\u00e7\u00f5es OEM e personaliz\u00e1veis<\/h2>\n<ul style=\"padding-left: 18px; margin: 0;\">\n<li>Cores, tamanhos e formas de garrafa personalizados<\/li>\n<li>Impress\u00e3o do log\u00f3tipo ou grava\u00e7\u00e3o em relevo nas garrafas<\/li>\n<li>Embalagens especiais para presentes de retalho ou de empresas<\/li>\n<li>Produ\u00e7\u00e3o de encomendas em massa com um controlo de qualidade preciso<\/li>\n<\/ul>\n<\/section>\n<section style=\"margin-bottom: 25px;\">\n<h2 style=\"font-size: 20px; margin-bottom: 8px;\">\u2728 Conclus\u00e3o<\/h2>\n<p>Escolha os nossos recipientes de silicone de 90 ml para viagem com garrafa squeeze de viagem de cerdas para uma solu\u00e7\u00e3o fi\u00e1vel, \u00e0 prova de fugas e vers\u00e1til. Ideal para champ\u00f4, lo\u00e7\u00e3o, desinfetante e produtos de cuidados da pele. As op\u00e7\u00f5es OEM e personaliz\u00e1veis tornam-no perfeito para empresas, uso pessoal ou para oferecer. Viaje de forma mais inteligente, aplique mais facilmente e desfrute de comodidade com frascos de silicone de alta qualidade concebidos para a vida moderna.<\/p>\n<\/section>\n<\/section>","protected":false},"excerpt":{"rendered":"<p>Premium 90ml <strong>recipientes de silicone para viagem<\/strong> e <strong>garrafa t\u00e9rmica de viagem<\/strong> com cerdas, design \u00e0 prova de fugas. Ideal para champ\u00f4, lo\u00e7\u00e3o, desinfetante e cosm\u00e9ticos. OEM e personaliz\u00e1vel para necessidades pessoais ou empresariais.<\/p>","protected":false},"featured_media":5670,"comment_status":"closed","ping_status":"closed","template":"","meta":{"_acf_changed":false},"product_brand":[],"product_cat":[49],"product_tag":[],"class_list":{"0":"post-5666","1":"product","2":"type-product","3":"status-publish","4":"has-post-thumbnail","6":"product_cat-silicone-materials","8":"first","9":"instock","10":"shipping-taxable","11":"product-type-grouped"},"acf":[],"_links":{"self":[{"href":"https:\/\/goldensoarpackage.com\/pt\/wp-json\/wp\/v2\/product\/5666","targetHints":{"allow":["GET"]}}],"collection":[{"href":"https:\/\/goldensoarpackage.com\/pt\/wp-json\/wp\/v2\/product"}],"about":[{"href":"https:\/\/goldensoarpackage.com\/pt\/wp-json\/wp\/v2\/types\/product"}],"replies":[{"embeddable":true,"href":"https:\/\/goldensoarpackage.com\/pt\/wp-json\/wp\/v2\/comments?post=5666"}],"wp:featuredmedia":[{"embeddable":true,"href":"https:\/\/goldensoarpackage.com\/pt\/wp-json\/wp\/v2\/media\/5670"}],"wp:attachment":[{"href":"https:\/\/goldensoarpackage.com\/pt\/wp-json\/wp\/v2\/media?parent=5666"}],"wp:term":[{"taxonomy":"product_brand","embeddable":true,"href":"https:\/\/goldensoarpackage.com\/pt\/wp-json\/wp\/v2\/product_brand?post=5666"},{"taxonomy":"product_cat","embeddable":true,"href":"https:\/\/goldensoarpackage.com\/pt\/wp-json\/wp\/v2\/product_cat?post=5666"},{"taxonomy":"product_tag","embeddable":true,"href":"https:\/\/goldensoarpackage.com\/pt\/wp-json\/wp\/v2\/product_tag?post=5666"}],"curies":[{"name":"wp","href":"https:\/\/api.w.org\/{rel}","templated":true}]}}