{"id":5638,"date":"2025-08-19T07:28:31","date_gmt":"2025-08-19T07:28:31","guid":{"rendered":"https:\/\/goldensoarpackage.com\/?post_type=product&#038;p=5638"},"modified":"2025-08-21T02:26:58","modified_gmt":"2025-08-21T02:26:58","slug":"rolo-de-gelo-facial-escova-de-limpeza-em-silicone","status":"publish","type":"product","link":"https:\/\/goldensoarpackage.com\/pt\/rolo-de-gelo-facial-escova-de-limpeza-em-silicone\/","title":{"rendered":"Rolo de gelo para o rosto Escova de limpeza para massagem de silicone Escova de limpeza para massagem de silicone OEM personaliz\u00e1vel"},"content":{"rendered":"<section class=\"product-card\" style=\"font-family: Arial,Helvetica,sans-serif; line-height: 1.6; color: #111;\">\n<header style=\"text-align: center; margin-bottom: 1rem;\">\n<h1 style=\"font-size: 24px; font-weight: bold; margin: 0;\">Rolo de Gelo para Rosto Silicone Poliresina e Escova de Limpeza para Massagem - Ferramenta Multifuncional<\/h1>\n<p style=\"margin: 10px 0; font-size: 16px;\">Ajuda a acalmar e a suavizar a pele, trata os olhos inchados e a vermelhid\u00e3o da pele. Presentes para mulheres - Marybuty<\/p>\n<\/header>\n<section style=\"margin-bottom: 25px;\">Conhe\u00e7a o revolucion\u00e1rio rolo de gelo facial em silicone com uma escova de limpeza de massagem incorporada. Esta ferramenta cosm\u00e9tica 2 em 1 combina o al\u00edvio do arrefecimento e a magia da limpeza profunda, perfeita tanto para profissionais como para entusiastas dos cuidados da pele. Com op\u00e7\u00f5es OEM personaliz\u00e1veis, \u00e9 a escolha ideal para empresas de beleza que procuram expandir a oferta de produtos.<\/section>\n<section style=\"margin-bottom: 25px;\">\n<h2 style=\"font-size: 20px; margin-bottom: 8px;\">\ud83d\udccf Especifica\u00e7\u00f5es do produto<\/h2>\n<table style=\"width: 100%; border-collapse: collapse; font-size: 14px; margin-bottom: 10px;\">\n<thead>\n<tr style=\"background-color: #f4f4f4;\">\n<th style=\"border: 1px solid #ccc; padding: 8px;\">Item<\/th>\n<th style=\"border: 1px solid #ccc; padding: 8px;\">Detalhes<\/th>\n<\/tr>\n<\/thead>\n<tbody>\n<tr>\n<td style=\"border: 1px solid #ccc; padding: 8px;\">Nome do produto<\/td>\n<td style=\"border: 1px solid #ccc; padding: 8px;\">Rolo de gelo facial de silicone<\/td>\n<\/tr>\n<tr>\n<td style=\"border: 1px solid #ccc; padding: 8px;\">Modelo<\/td>\n<td style=\"border: 1px solid #ccc; padding: 8px;\">S-GS014<\/td>\n<\/tr>\n<tr>\n<td style=\"border: 1px solid #ccc; padding: 8px;\">Material<\/td>\n<td style=\"border: 1px solid #ccc; padding: 8px;\">Silicone<\/td>\n<\/tr>\n<tr>\n<td style=\"border: 1px solid #ccc; padding: 8px;\">Tamanho<\/td>\n<td style=\"border: 1px solid #ccc; padding: 8px;\">69,9*105,2*75,5 mm<\/td>\n<\/tr>\n<tr>\n<td style=\"border: 1px solid #ccc; padding: 8px;\">Peso<\/td>\n<td style=\"border: 1px solid #ccc; padding: 8px;\">110g<\/td>\n<\/tr>\n<tr>\n<td style=\"border: 1px solid #ccc; padding: 8px;\">Cor<\/td>\n<td style=\"border: 1px solid #ccc; padding: 8px;\">Personaliz\u00e1vel<\/td>\n<\/tr>\n<tr>\n<td style=\"border: 1px solid #ccc; padding: 8px;\">Embalagem<\/td>\n<td style=\"border: 1px solid #ccc; padding: 8px;\">Saco individual OPP<\/td>\n<\/tr>\n<tr>\n<td style=\"border: 1px solid #ccc; padding: 8px;\">Op\u00e7\u00f5es OEM<\/td>\n<td style=\"border: 1px solid #ccc; padding: 8px;\">Cores personalizadas, impress\u00e3o do log\u00f3tipo, embalagem, etiquetagem<\/td>\n<\/tr>\n<\/tbody>\n<\/table>\n<\/section>\n<section style=\"margin-bottom: 25px;\">\n<h2 style=\"font-size: 20px; margin-bottom: 8px;\">Principais benef\u00edcios do rolo de gelo facial de silicone<\/h2>\n<ul style=\"padding-left: 18px; margin: 0;\">\n<li>Refresca e refresca a pele ap\u00f3s a exposi\u00e7\u00e3o solar.<\/li>\n<li>Reduz o incha\u00e7o dos olhos, os papos e os poros dilatados.<\/li>\n<li>Promove a circula\u00e7\u00e3o sangu\u00ednea para uma tez saud\u00e1vel e luminosa.<\/li>\n<li>Parece uma massagem facial.<\/li>\n<li>Leve e f\u00e1cil de transportar para uso di\u00e1rio.<\/li>\n<\/ul>\n<\/section>\n<section style=\"margin-bottom: 25px;\">\n<h2 style=\"font-size: 20px; margin-bottom: 8px;\">Principais vantagens da escova de silicone para limpeza de massagens<\/h2>\n<ul style=\"padding-left: 18px; margin: 0;\">\n<li>As suaves cerdas de silicone limpam at\u00e9 aos poros sem irritar.<\/li>\n<li>Remove eficazmente a maquilhagem e o excesso de \u00f3leo.<\/li>\n<li>Melhora a absor\u00e7\u00e3o de soros, t\u00f3nicos e cremes.<\/li>\n<li>Seguro para todos os tipos de pele, incluindo a pele sens\u00edvel.<\/li>\n<li>Design reutiliz\u00e1vel, higi\u00e9nico e amigo do ambiente.<\/li>\n<\/ul>\n<\/section>\n<section style=\"margin-bottom: 25px;\">\n<h2 style=\"font-size: 20px; margin-bottom: 8px;\">Poder Combinado dos Cuidados da Pele<\/h2>\n<p>O rolo de gelo de silicone para massagem facial e a escova de limpeza trabalham em conjunto para esfoliar, remover impurezas, suavizar a pele e fechar os poros. Este processo 2 em 1 actua como um produto de limpeza e um t\u00f3nico para uma pele mais limpa, fresca e vibrante.<\/p>\n<\/section>\n<section style=\"margin-bottom: 25px;\">\n<h2 style=\"font-size: 20px; margin-bottom: 8px;\">\ud83d\udca1 Aplica\u00e7\u00f5es<\/h2>\n<ul style=\"padding-left: 18px; margin: 0;\">\n<li>Regime de beleza matinal para despertar e refrescar o rosto.<\/li>\n<li>Tratamento de pele calmante p\u00f3s-treino.<\/li>\n<li>Limpeza nocturna duas vezes por dia para evitar as impurezas.<\/li>\n<li>Tratamentos de spa\/sal\u00e3o para cuidados profissionais.<\/li>\n<li>Aplica\u00e7\u00e3o pr\u00e9-maquilhagem para uma base perfeita.<\/li>\n<\/ul>\n<\/section>\n<section style=\"margin-bottom: 25px;\">\n<h2 style=\"font-size: 20px; margin-bottom: 8px;\">Servi\u00e7os OEM e de personaliza\u00e7\u00e3o<\/h2>\n<p>Oferecemos servi\u00e7os OEM e ODM para marcas de beleza em todo o mundo. Personalize o rolo de gelo facial de silicone e a escova de massagem para a sua marca com op\u00e7\u00f5es como:<\/p>\n<ul style=\"padding-left: 18px; margin: 0;\">\n<li>Op\u00e7\u00f5es de cor (dispon\u00edvel silicone com correspond\u00eancia de pantone)<\/li>\n<li>\ud83d\udda8\ufe0f Impress\u00e3o da marca (serigrafia, relevo, grava\u00e7\u00e3o a laser)<\/li>\n<li>Embalagem personalizada (caixas de oferta, embalagens para venda a retalho, tamanho personalizado)<\/li>\n<li>Afina\u00e7\u00e3o de materiais e texturas para colec\u00e7\u00f5es de luxo<\/li>\n<\/ul>\n<\/section>\n<section style=\"margin-bottom: 25px;\">\n<h2 style=\"font-size: 20px; margin-bottom: 8px;\">\ud83c\udf31 Compromisso amigo do ambiente<\/h2>\n<p>Ambos os utens\u00edlios s\u00e3o fabricados em silicone de qualidade alimentar, sem BPA, seguro para todos os tipos de pele. O design lav\u00e1vel e reutiliz\u00e1vel minimiza o desperd\u00edcio em compara\u00e7\u00e3o com os produtos de utiliza\u00e7\u00e3o \u00fanica, apoiando um futuro sustent\u00e1vel para os cuidados da pele.<\/p>\n<\/section>\n<section style=\"margin-bottom: 25px;\">\n<h2 style=\"font-size: 20px; margin-bottom: 8px;\">Como utilizar o rolo de gelo facial e a escova<\/h2>\n<ul style=\"padding-left: 18px; margin: 0;\">\n<li>Funcionalidade 2 em 1 para um cuidado da pele eficiente em termos de tempo.<\/li>\n<li>A tecnologia de silicone suave garante um cuidado seguro da pele.<\/li>\n<li>Dur\u00e1vel, duradouro e econ\u00f3mico.<\/li>\n<li>A personaliza\u00e7\u00e3o OEM permite a cria\u00e7\u00e3o de marcas para a sua pr\u00f3pria linha de produtos.<\/li>\n<li>Adequado para uso dom\u00e9stico e profissional de beleza.<\/li>\n<\/ul>\n<\/section>\n<section style=\"margin-bottom: 25px;\">\n<h2 style=\"font-size: 20px; margin-bottom: 8px;\">\ud83d\udce6 Embalagem e entrega<\/h2>\n<p>Cada unidade \u00e9 embalada num saco OPP individual para manter a higiene e a qualidade. Est\u00e3o dispon\u00edveis op\u00e7\u00f5es de embalagem para venda a retalho por grosso e com marca, incluindo caixas ecol\u00f3gicas, conjuntos de oferta e embalagens blister. Enviamos para todo o mundo com uma capacidade de produ\u00e7\u00e3o fi\u00e1vel e entrega atempada.<\/p>\n<\/section>\n<section style=\"margin-bottom: 25px;\">\n<h2 style=\"font-size: 20px; margin-bottom: 8px;\">\u2728 Conclus\u00e3o<\/h2>\n<p>O rolo de gelo facial e a escova de limpeza para massagem de silicone combinam-se para melhorar a sa\u00fade e a beleza da pele. Dur\u00e1veis, ecol\u00f3gicos e personaliz\u00e1veis por OEM, s\u00e3o ideais para marcas de beleza, spas e distribuidores que procuram ferramentas inovadoras para o cuidado da pele.<\/p>\n<p style=\"font-weight: bold; margin-top: 10px;\">\ud83c\udf0d Escolha a inova\u00e7\u00e3o personaliz\u00e1vel de cuidados com a pele. Escolha solu\u00e7\u00f5es de beleza sustent\u00e1veis. Selecione instrumentos faciais OEM para a sua marca.<\/p>\n<\/section>\n<\/section>","protected":false},"excerpt":{"rendered":"<p>Rolo de gelo facial de silicone de alta qualidade com escova de limpeza de massagem de silicone para cuidados com a pele, arrefecimento e limpeza. Ferramenta cosm\u00e9tica OEM reutiliz\u00e1vel, dur\u00e1vel e personaliz\u00e1vel, ideal para massagem facial, esfolia\u00e7\u00e3o e aplica\u00e7\u00f5es de beleza profissional.<\/p>","protected":false},"featured_media":5652,"comment_status":"closed","ping_status":"closed","template":"","meta":{"_acf_changed":false},"product_brand":[],"product_cat":[49],"product_tag":[],"class_list":{"0":"post-5638","1":"product","2":"type-product","3":"status-publish","4":"has-post-thumbnail","6":"product_cat-silicone-materials","8":"first","9":"instock","10":"shipping-taxable","11":"product-type-grouped"},"acf":[],"_links":{"self":[{"href":"https:\/\/goldensoarpackage.com\/pt\/wp-json\/wp\/v2\/product\/5638","targetHints":{"allow":["GET"]}}],"collection":[{"href":"https:\/\/goldensoarpackage.com\/pt\/wp-json\/wp\/v2\/product"}],"about":[{"href":"https:\/\/goldensoarpackage.com\/pt\/wp-json\/wp\/v2\/types\/product"}],"replies":[{"embeddable":true,"href":"https:\/\/goldensoarpackage.com\/pt\/wp-json\/wp\/v2\/comments?post=5638"}],"wp:featuredmedia":[{"embeddable":true,"href":"https:\/\/goldensoarpackage.com\/pt\/wp-json\/wp\/v2\/media\/5652"}],"wp:attachment":[{"href":"https:\/\/goldensoarpackage.com\/pt\/wp-json\/wp\/v2\/media?parent=5638"}],"wp:term":[{"taxonomy":"product_brand","embeddable":true,"href":"https:\/\/goldensoarpackage.com\/pt\/wp-json\/wp\/v2\/product_brand?post=5638"},{"taxonomy":"product_cat","embeddable":true,"href":"https:\/\/goldensoarpackage.com\/pt\/wp-json\/wp\/v2\/product_cat?post=5638"},{"taxonomy":"product_tag","embeddable":true,"href":"https:\/\/goldensoarpackage.com\/pt\/wp-json\/wp\/v2\/product_tag?post=5638"}],"curies":[{"name":"wp","href":"https:\/\/api.w.org\/{rel}","templated":true}]}}