{"id":5415,"date":"2025-08-15T08:30:53","date_gmt":"2025-08-15T08:30:53","guid":{"rendered":"https:\/\/goldensoarpackage.com\/?post_type=product&#038;p=5415"},"modified":"2025-08-19T10:01:25","modified_gmt":"2025-08-19T10:01:25","slug":"garrafa-de-metal-tampas-de-folha-de-flandres-tampa-de-rosca","status":"publish","type":"product","link":"https:\/\/goldensoarpackage.com\/pt\/garrafa-de-metal-tampas-de-folha-de-flandres-tampa-de-rosca\/","title":{"rendered":"Tampas de folha de Flandres com rosca para enlatamento de garrafas de condimentos de bebidas em v\u00e1rios tamanhos com veda\u00e7\u00e3o segura"},"content":{"rendered":"<section style=\"font-family: Arial, sans-serif; line-height: 1.6; color: #333; width: 100%; margin: auto;\">\n<header style=\"margin-bottom: 20px;\">\n<h1 style=\"font-size: 24px; margin-bottom: 10px;\">Tampas de folha de Flandres de metal - Tampas de rosca e tampas de rosca<\/h1>\n<p style=\"margin-bottom: 15px;\">Esta tampa met\u00e1lica para garrafas beneficia de um design acess\u00edvel de rosca\/tor\u00e7\u00e3o para selar com seguran\u00e7a os produtos no interior.<br \/>\nConcebidas para frascos de conservas, garrafas de bebidas e recipientes de condimentos, as nossas tampas s\u00e3o feitas de folha de Flandres de alta qualidade para proporcionar uma veda\u00e7\u00e3o de n\u00edvel superior, robustez e um acabamento est\u00e9tico limpo.<br \/>\nQuer seja um produtor de bebidas, um fabricante de alimentos ou um entusiasta de conservas caseiras, os nossos designs de rosca e de tor\u00e7\u00e3o de quatro garras ajudam a manter o conte\u00fado fresco e seguro durante o transporte e o armazenamento.<\/p>\n<\/header>\n<section style=\"margin-bottom: 25px;\">\n<h2 style=\"font-size: 20px; margin-bottom: 10px;\">Carater\u00edsticas da tampa de rosca Outbest<\/h2>\n<ul style=\"padding-left: 20px; margin-bottom: 0;\">\n<li>Material: Folha de Flandres de alta qualidade para uma longa vida \u00fatil e resist\u00eancia \u00e0 corros\u00e3o.<\/li>\n<li>Modelos: Aparafusado ou com quatro garras para uma veda\u00e7\u00e3o estanque.<\/li>\n<li>Tamanhos: V\u00e1rios modelos de 30# a 82#.<\/li>\n<li>Veda\u00e7\u00e3o: Desempenho herm\u00e9tico, \u00e0 prova de humidade e de bloqueio de frescura.<\/li>\n<li>Aplica\u00e7\u00f5es: Alimentos enlatados, bebidas, molhos e muito mais.<\/li>\n<li>Rotulagem privada: Impress\u00e3o do log\u00f3tipo e personaliza\u00e7\u00e3o da cor dispon\u00edveis.<\/li>\n<\/ul>\n<\/section>\n<section style=\"margin-bottom: 25px;\">\n<h2 style=\"font-size: 20px; margin-bottom: 10px;\">\ud83d\udccf Especifica\u00e7\u00f5es do produto<\/h2>\n<table style=\"width: 100%; border-collapse: collapse; font-size: 14px; margin-bottom: 10px;\">\n<thead>\n<tr style=\"background-color: #f4f4f4;\">\n<th style=\"border: 1px solid #ccc; padding: 8px;\">Modelo da tampa<\/th>\n<th style=\"border: 1px solid #ccc; padding: 8px;\">Dimens\u00f5es externas da tampa (\u00b10,15mm)<\/th>\n<th style=\"border: 1px solid #ccc; padding: 8px;\">Dimens\u00f5es externas recomendadas da rosca do frasco (\u00b10,15 mm)<\/th>\n<th style=\"border: 1px solid #ccc; padding: 8px;\">Altura da tampa (\u00b10,30mm)<\/th>\n<th style=\"border: 1px solid #ccc; padding: 8px;\">N\u00famero de garras<\/th>\n<\/tr>\n<\/thead>\n<tbody>\n<tr>\n<td style=\"border: 1px solid #ccc; padding: 8px;\">30#<\/td>\n<td style=\"border: 1px solid #ccc; padding: 8px;\">33.55<\/td>\n<td style=\"border: 1px solid #ccc; padding: 8px;\">28.60<\/td>\n<td style=\"border: 1px solid #ccc; padding: 8px;\">12.65<\/td>\n<td style=\"border: 1px solid #ccc; padding: 8px;\">3<\/td>\n<\/tr>\n<tr>\n<td style=\"border: 1px solid #ccc; padding: 8px;\">38#<\/td>\n<td style=\"border: 1px solid #ccc; padding: 8px;\">42.05<\/td>\n<td style=\"border: 1px solid #ccc; padding: 8px;\">37.10<\/td>\n<td style=\"border: 1px solid #ccc; padding: 8px;\">9.65<\/td>\n<td style=\"border: 1px solid #ccc; padding: 8px;\">3<\/td>\n<\/tr>\n<tr>\n<td style=\"border: 1px solid #ccc; padding: 8px;\">43#<\/td>\n<td style=\"border: 1px solid #ccc; padding: 8px;\">44.75<\/td>\n<td style=\"border: 1px solid #ccc; padding: 8px;\">40.40<\/td>\n<td style=\"border: 1px solid #ccc; padding: 8px;\">8.60<\/td>\n<td style=\"border: 1px solid #ccc; padding: 8px;\">4<\/td>\n<\/tr>\n<tr>\n<td style=\"border: 1px solid #ccc; padding: 8px;\">48#<\/td>\n<td style=\"border: 1px solid #ccc; padding: 8px;\">49.85<\/td>\n<td style=\"border: 1px solid #ccc; padding: 8px;\">45.50<\/td>\n<td style=\"border: 1px solid #ccc; padding: 8px;\">8.60<\/td>\n<td style=\"border: 1px solid #ccc; padding: 8px;\">4<\/td>\n<\/tr>\n<tr>\n<td style=\"border: 1px solid #ccc; padding: 8px;\">53#<\/td>\n<td style=\"border: 1px solid #ccc; padding: 8px;\">56.25<\/td>\n<td style=\"border: 1px solid #ccc; padding: 8px;\">51.90<\/td>\n<td style=\"border: 1px solid #ccc; padding: 8px;\">9.70<\/td>\n<td style=\"border: 1px solid #ccc; padding: 8px;\">4<\/td>\n<\/tr>\n<tr>\n<td style=\"border: 1px solid #ccc; padding: 8px;\">58#<\/td>\n<td style=\"border: 1px solid #ccc; padding: 8px;\">60.15<\/td>\n<td style=\"border: 1px solid #ccc; padding: 8px;\">55.80<\/td>\n<td style=\"border: 1px solid #ccc; padding: 8px;\">9.70<\/td>\n<td style=\"border: 1px solid #ccc; padding: 8px;\">4<\/td>\n<\/tr>\n<tr>\n<td style=\"border: 1px solid #ccc; padding: 8px;\">63#<\/td>\n<td style=\"border: 1px solid #ccc; padding: 8px;\">66.35<\/td>\n<td style=\"border: 1px solid #ccc; padding: 8px;\">62.05<\/td>\n<td style=\"border: 1px solid #ccc; padding: 8px;\">9.70<\/td>\n<td style=\"border: 1px solid #ccc; padding: 8px;\">4<\/td>\n<\/tr>\n<tr>\n<td style=\"border: 1px solid #ccc; padding: 8px;\">66#<\/td>\n<td style=\"border: 1px solid #ccc; padding: 8px;\">69.25<\/td>\n<td style=\"border: 1px solid #ccc; padding: 8px;\">64.95<\/td>\n<td style=\"border: 1px solid #ccc; padding: 8px;\">9.70<\/td>\n<td style=\"border: 1px solid #ccc; padding: 8px;\">4<\/td>\n<\/tr>\n<tr>\n<td style=\"border: 1px solid #ccc; padding: 8px;\">70#<\/td>\n<td style=\"border: 1px solid #ccc; padding: 8px;\">73.25<\/td>\n<td style=\"border: 1px solid #ccc; padding: 8px;\">68.95<\/td>\n<td style=\"border: 1px solid #ccc; padding: 8px;\">9.70<\/td>\n<td style=\"border: 1px solid #ccc; padding: 8px;\">4<\/td>\n<\/tr>\n<tr>\n<td style=\"border: 1px solid #ccc; padding: 8px;\">77#<\/td>\n<td style=\"border: 1px solid #ccc; padding: 8px;\">80.03<\/td>\n<td style=\"border: 1px solid #ccc; padding: 8px;\">75.73<\/td>\n<td style=\"border: 1px solid #ccc; padding: 8px;\">9.80<\/td>\n<td style=\"border: 1px solid #ccc; padding: 8px;\">6<\/td>\n<\/tr>\n<tr>\n<td style=\"border: 1px solid #ccc; padding: 8px;\">82#<\/td>\n<td style=\"border: 1px solid #ccc; padding: 8px;\">85.05<\/td>\n<td style=\"border: 1px solid #ccc; padding: 8px;\">80.75<\/td>\n<td style=\"border: 1px solid #ccc; padding: 8px;\">10.90<\/td>\n<td style=\"border: 1px solid #ccc; padding: 8px;\">6<\/td>\n<\/tr>\n<\/tbody>\n<\/table>\n<p style=\"font-size: 13px; color: #555;\">Nota: Os valores acima est\u00e3o formatados como fornecidos. Se necessitar de um desenho de engenharia finalizado ou de contagens exactas de garras, verifique as especifica\u00e7\u00f5es do gargalo da sua garrafa ou frasco.<\/p>\n<\/section>\n<section style=\"margin-bottom: 25px;\">\n<h2 style=\"font-size: 20px; margin-bottom: 10px;\">Porqu\u00ea a nossa tampa de rosca?<\/h2>\n<p>As nossas tampas de rosca s\u00e3o concebidas para uma tor\u00e7\u00e3o suave, um enfiamento consistente e uma press\u00e3o de veda\u00e7\u00e3o fi\u00e1vel. A constru\u00e7\u00e3o em folha de Flandres aumenta a resist\u00eancia \u00e0 corros\u00e3o para conte\u00fados \u00e1cidos e n\u00e3o \u00e1cidos. A personaliza\u00e7\u00e3o extensiva - cores, log\u00f3tipos impressos e estampagem - ajuda a sua embalagem a destacar-se na prateleira, mantendo o desempenho.<\/p>\n<\/section>\n<section style=\"margin-bottom: 25px;\">\n<h2 style=\"font-size: 20px; margin-bottom: 10px;\">\ud83d\udee0 Aplica\u00e7\u00f5es<\/h2>\n<ul style=\"padding-left: 20px;\">\n<li>Enlatamento de frascos de vidro para uso dom\u00e9stico e industrial<\/li>\n<li>Linhas de engarrafamento de sumos, cerveja e bebidas gaseificadas<\/li>\n<li>Embalagens de molhos, compotas, mel e xaropes<\/li>\n<li>Selagem de produtos cosm\u00e9ticos e de higiene pessoal<\/li>\n<\/ul>\n<\/section>\n<section style=\"margin-bottom: 25px;\">\n<h2 style=\"font-size: 20px; margin-top: 10px;\">\ud83d\udca1 Tampa de rosca - Vantagens<\/h2>\n<ul style=\"padding-left: 20px;\">\n<li>Prazo de validade mais longo: O selo herm\u00e9tico protege contra a oxida\u00e7\u00e3o e os contaminantes.<\/li>\n<li>Sem derrames durante o transporte: O ajuste confort\u00e1vel ajuda a evitar fugas.<\/li>\n<li>Conveni\u00eancia: F\u00e1cil utiliza\u00e7\u00e3o de aparafusar e rodar.<\/li>\n<li>Marca: Os acabamentos personalizados permitem uma forte presen\u00e7a e reconhecimento nas prateleiras.<\/li>\n<\/ul>\n<\/section>\n<section style=\"margin-bottom: 25px;\">\n<h2 style=\"font-size: 20px; margin-bottom: 10px;\">\ud83d\udd0d Escolher o tamanho certo<\/h2>\n<p>A nossa s\u00e9rie abrange uma vasta gama de di\u00e2metros e estilos para se adaptar a v\u00e1rios gargalos de garrafas e frascos. Para uma correspond\u00eancia perfeita, compare as dimens\u00f5es recomendadas da rosca externa com as especifica\u00e7\u00f5es do seu recipiente.<\/p>\n<\/section>\n<section style=\"margin-bottom: 25px;\">\n<h2 style=\"font-size: 20px; margin-bottom: 10px;\">\ud83c\udf3f Sustentabilidade<\/h2>\n<p>Damos prioridade a uma produ\u00e7\u00e3o amiga do ambiente. A folha de Flandres \u00e9 100% recicl\u00e1vel, apoiando um ciclo de vida de embalagem mais sustent\u00e1vel.<\/p>\n<\/section>\n<section style=\"margin-bottom: 25px;\">\n<h2 style=\"font-size: 20px; margin-bottom: 10px;\">\ud83d\udce6 Embalagem e fornecimento<\/h2>\n<p>As embalagens de cart\u00e3o \u00e0 prova de humidade protegem cada envio. Apoiamos tanto linhas de produ\u00e7\u00e3o de grande volume como opera\u00e7\u00f5es artesanais\/dom\u00e9sticas mais pequenas com MOQs flex\u00edveis.<\/p>\n<\/section>\n<section>\n<h2 style=\"font-size: 20px; margin-bottom: 10px;\">\ud83d\ude80 Resumo<\/h2>\n<p>Uma solu\u00e7\u00e3o fi\u00e1vel e vers\u00e1til para selar garrafas e frascos, dispon\u00edvel em v\u00e1rios tamanhos e configura\u00e7\u00f5es para utiliza\u00e7\u00e3o comercial e dom\u00e9stica. Escolha as nossas tampas met\u00e1licas de rosca para obter uma qualidade consistente, um forte desempenho de veda\u00e7\u00e3o e uma personaliza\u00e7\u00e3o pronta para a marca.<\/p>\n<\/section>\n<\/section>\n<p><img decoding=\"async\" class=\"size-full wp-image-5363\" src=\"https:\/\/goldensoarpackage.com\/wp-content\/uploads\/2025\/07\/\u5fae\u4fe1\u56fe\u7247_20250815142437_459.jpg\" alt=\"tampas de frascos de rosca\" width=\"1200\" height=\"1200\" srcset=\"https:\/\/goldensoarpackage.com\/wp-content\/uploads\/2025\/07\/\u5fae\u4fe1\u56fe\u7247_20250815142437_459.jpg 1200w, https:\/\/goldensoarpackage.com\/wp-content\/uploads\/2025\/07\/\u5fae\u4fe1\u56fe\u7247_20250815142437_459-300x300.jpg 300w, https:\/\/goldensoarpackage.com\/wp-content\/uploads\/2025\/07\/\u5fae\u4fe1\u56fe\u7247_20250815142437_459-1024x1024.jpg 1024w, https:\/\/goldensoarpackage.com\/wp-content\/uploads\/2025\/07\/\u5fae\u4fe1\u56fe\u7247_20250815142437_459-150x150.jpg 150w, https:\/\/goldensoarpackage.com\/wp-content\/uploads\/2025\/07\/\u5fae\u4fe1\u56fe\u7247_20250815142437_459-768x768.jpg 768w, https:\/\/goldensoarpackage.com\/wp-content\/uploads\/2025\/07\/\u5fae\u4fe1\u56fe\u7247_20250815142437_459-100x100.jpg 100w\" sizes=\"(max-width: 1200px) 100vw, 1200px\" \/><\/p>\n<p><img decoding=\"async\" class=\"size-full wp-image-5327\" src=\"https:\/\/goldensoarpackage.com\/wp-content\/uploads\/2025\/07\/\u5fae\u4fe1\u56fe\u7247_20250814155706_417-1.jpg\" alt=\"tampas de rosca para frascos\" width=\"1200\" height=\"1200\" srcset=\"https:\/\/goldensoarpackage.com\/wp-content\/uploads\/2025\/07\/\u5fae\u4fe1\u56fe\u7247_20250814155706_417-1.jpg 1200w, https:\/\/goldensoarpackage.com\/wp-content\/uploads\/2025\/07\/\u5fae\u4fe1\u56fe\u7247_20250814155706_417-1-300x300.jpg 300w, https:\/\/goldensoarpackage.com\/wp-content\/uploads\/2025\/07\/\u5fae\u4fe1\u56fe\u7247_20250814155706_417-1-1024x1024.jpg 1024w, https:\/\/goldensoarpackage.com\/wp-content\/uploads\/2025\/07\/\u5fae\u4fe1\u56fe\u7247_20250814155706_417-1-150x150.jpg 150w, https:\/\/goldensoarpackage.com\/wp-content\/uploads\/2025\/07\/\u5fae\u4fe1\u56fe\u7247_20250814155706_417-1-768x768.jpg 768w, https:\/\/goldensoarpackage.com\/wp-content\/uploads\/2025\/07\/\u5fae\u4fe1\u56fe\u7247_20250814155706_417-1-100x100.jpg 100w\" sizes=\"(max-width: 1200px) 100vw, 1200px\" \/><\/p>","protected":false},"excerpt":{"rendered":"<p>Tampas de folha de Flandres com tampa de tor\u00e7\u00e3o dur\u00e1veis, concebidas para uma veda\u00e7\u00e3o segura de frascos para conservas, garrafas de bebidas e recipientes para condimentos. Dispon\u00edveis em v\u00e1rios tamanhos para embalagens de alimentos e bebidas, garantem a frescura e evitam fugas.<\/p>","protected":false},"featured_media":5609,"comment_status":"closed","ping_status":"closed","template":"","meta":{"_acf_changed":false},"product_brand":[],"product_cat":[43],"product_tag":[],"class_list":{"0":"post-5415","1":"product","2":"type-product","3":"status-publish","4":"has-post-thumbnail","6":"product_cat-tinplate-materials","8":"first","9":"instock","10":"shipping-taxable","11":"product-type-simple"},"acf":[],"_links":{"self":[{"href":"https:\/\/goldensoarpackage.com\/pt\/wp-json\/wp\/v2\/product\/5415","targetHints":{"allow":["GET"]}}],"collection":[{"href":"https:\/\/goldensoarpackage.com\/pt\/wp-json\/wp\/v2\/product"}],"about":[{"href":"https:\/\/goldensoarpackage.com\/pt\/wp-json\/wp\/v2\/types\/product"}],"replies":[{"embeddable":true,"href":"https:\/\/goldensoarpackage.com\/pt\/wp-json\/wp\/v2\/comments?post=5415"}],"wp:featuredmedia":[{"embeddable":true,"href":"https:\/\/goldensoarpackage.com\/pt\/wp-json\/wp\/v2\/media\/5609"}],"wp:attachment":[{"href":"https:\/\/goldensoarpackage.com\/pt\/wp-json\/wp\/v2\/media?parent=5415"}],"wp:term":[{"taxonomy":"product_brand","embeddable":true,"href":"https:\/\/goldensoarpackage.com\/pt\/wp-json\/wp\/v2\/product_brand?post=5415"},{"taxonomy":"product_cat","embeddable":true,"href":"https:\/\/goldensoarpackage.com\/pt\/wp-json\/wp\/v2\/product_cat?post=5415"},{"taxonomy":"product_tag","embeddable":true,"href":"https:\/\/goldensoarpackage.com\/pt\/wp-json\/wp\/v2\/product_tag?post=5415"}],"curies":[{"name":"wp","href":"https:\/\/api.w.org\/{rel}","templated":true}]}}