{"id":5311,"date":"2025-08-14T02:48:15","date_gmt":"2025-08-14T02:48:15","guid":{"rendered":"https:\/\/goldensoarpackage.com\/?post_type=product&#038;p=5311"},"modified":"2025-10-13T03:14:09","modified_gmt":"2025-10-13T03:14:09","slug":"latas-de-atum-redondas-vazias-de-folha-de-flandres-com-tampa","status":"publish","type":"product","link":"https:\/\/goldensoarpackage.com\/pt\/latas-de-atum-redondas-vazias-de-folha-de-flandres-com-tampa\/","title":{"rendered":"Latas de atum redondas de ferro de duas pe\u00e7as vazias com tampas 170g Folha de flandres de qualidade alimentar para embalagem de sardinha e atum OEM"},"content":{"rendered":"<section style=\"font-family: Arial, sans-serif; line-height: 1.6; color: #333; width: 100%; margin: auto;\">\n<header style=\"margin-bottom: 20px;\">\n<h1 style=\"font-size: 24px; margin-bottom: 10px;\">Latas de atum vazias de 170g com tampa para embalagem de sardinha e atum - lata redonda de duas pe\u00e7as em ferro de qualidade alimentar<\/h1>\n<p style=\"margin-bottom: 15px;\">H\u00e1 3 coisas que s\u00e3o realmente importantes quando se trata de embalar e conservar o seu marisco: <strong>seguran\u00e7a, frescura e durabilidade<\/strong>. A nossa gama de latas de duas pe\u00e7as, fabricadas com folha de Flandres de qualidade alimentar certificada, cumpre os requisitos rigorosos das ind\u00fastrias de embalagem de atum, sardinha e outros mariscos. Com a confian\u00e7a de marcas alimentares globais, temos mais de uma d\u00e9cada de experi\u00eancia em personaliza\u00e7\u00e3o OEM.<\/p>\n<\/header>\n<section style=\"margin-bottom: 25px;\">\n<h2 style=\"font-size: 20px; margin-bottom: 10px;\">Especifica\u00e7\u00f5es dispon\u00edveis<\/h2>\n<table style=\"width: 100%; border-collapse: collapse; font-size: 14px; margin-bottom: 10px;\">\n<thead>\n<tr style=\"background-color: #f4f4f4;\">\n<th style=\"border: 1px solid #ccc; padding: 8px;\">C\u00f3digo<\/th>\n<th style=\"border: 1px solid #ccc; padding: 8px;\">Tamanho (mm)<\/th>\n<th style=\"border: 1px solid #ccc; padding: 8px;\">Tamanho (polegadas)<\/th>\n<\/tr>\n<\/thead>\n<tbody>\n<tr>\n<td style=\"border: 1px solid #ccc; padding: 8px;\">536<\/td>\n<td style=\"border: 1px solid #ccc; padding: 8px;\">52,3\u00d736mm<\/td>\n<td style=\"border: 1px solid #ccc; padding: 8px;\">202\u00d7108<\/td>\n<\/tr>\n<tr>\n<td style=\"border: 1px solid #ccc; padding: 8px;\">639<\/td>\n<td style=\"border: 1px solid #ccc; padding: 8px;\">65,3\u00d739 mm<\/td>\n<td style=\"border: 1px solid #ccc; padding: 8px;\">211\u00d7109<\/td>\n<\/tr>\n<tr>\n<td style=\"border: 1px solid #ccc; padding: 8px;\">732<\/td>\n<td style=\"border: 1px solid #ccc; padding: 8px;\">72,9\u00d732 mm<\/td>\n<td style=\"border: 1px solid #ccc; padding: 8px;\">300\u00d7104<\/td>\n<\/tr>\n<tr>\n<td style=\"border: 1px solid #ccc; padding: 8px;\">740<\/td>\n<td style=\"border: 1px solid #ccc; padding: 8px;\">72,9\u00d740mm<\/td>\n<td style=\"border: 1px solid #ccc; padding: 8px;\">300\u00d7109<\/td>\n<\/tr>\n<tr>\n<td style=\"border: 1px solid #ccc; padding: 8px;\">753<\/td>\n<td style=\"border: 1px solid #ccc; padding: 8px;\">72,9\u00d753mm<\/td>\n<td style=\"border: 1px solid #ccc; padding: 8px;\">300\u00d7201<\/td>\n<\/tr>\n<tr>\n<td style=\"border: 1px solid #ccc; padding: 8px;\">757<\/td>\n<td style=\"border: 1px solid #ccc; padding: 8px;\">72,9\u00d757 mm<\/td>\n<td style=\"border: 1px solid #ccc; padding: 8px;\">300\u00d7204<\/td>\n<\/tr>\n<tr>\n<td style=\"border: 1px solid #ccc; padding: 8px;\">838<\/td>\n<td style=\"border: 1px solid #ccc; padding: 8px;\">83,3\u00d738 mm<\/td>\n<td style=\"border: 1px solid #ccc; padding: 8px;\">307\u00d7108<\/td>\n<\/tr>\n<tr>\n<td style=\"border: 1px solid #ccc; padding: 8px;\">846<\/td>\n<td style=\"border: 1px solid #ccc; padding: 8px;\">83,3\u00d746 mm<\/td>\n<td style=\"border: 1px solid #ccc; padding: 8px;\">307\u00d7113<\/td>\n<\/tr>\n<tr>\n<td style=\"border: 1px solid #ccc; padding: 8px;\">854<\/td>\n<td style=\"border: 1px solid #ccc; padding: 8px;\">83,3\u00d754 mm<\/td>\n<td style=\"border: 1px solid #ccc; padding: 8px;\">307\u00d7201<\/td>\n<\/tr>\n<tr>\n<td style=\"border: 1px solid #ccc; padding: 8px;\">946<\/td>\n<td style=\"border: 1px solid #ccc; padding: 8px;\">98,9\u00d746 mm<\/td>\n<td style=\"border: 1px solid #ccc; padding: 8px;\">401\u00d7113<\/td>\n<\/tr>\n<\/tbody>\n<\/table>\n<\/section>\n<section style=\"margin-bottom: 25px;\">\n<h2 style=\"font-size: 20px; margin-bottom: 10px;\">Carater\u00edsticas principais - Latas de atum vazias com tampa<\/h2>\n<ul style=\"padding-left: 20px;\">\n<li>Seguro para alimentos - Feito de folha de flandres dur\u00e1vel aprovada pela FDA 100% de grau aliment\u00edcio.<\/li>\n<li>Veda\u00e7\u00e3o herm\u00e9tica - a tecnologia fresh-tap\u00ae garante que o oxig\u00e9nio e a humidade s\u00e3o mantidos fora, mantendo a frescura durante mais tempo.<\/li>\n<li>Resist\u00eancia \u00e0 corros\u00e3o - Revestimento anti-ferrugem aplicado tanto no exterior como no interior.<\/li>\n<li>Design de lata de duas pe\u00e7as - Constru\u00e7\u00e3o sem costuras para resist\u00eancia e higiene.<\/li>\n<li>Personaliza\u00e7\u00e3o OEM - Tamanhos, impress\u00f5es e estilos de tampa dispon\u00edveis.<\/li>\n<\/ul>\n<\/section>\n<section style=\"margin-bottom: 25px;\">\n<h2 style=\"font-size: 20px; margin-bottom: 10px;\">\ud83d\udc1f Utiliza\u00e7\u00f5es<\/h2>\n<ul style=\"padding-left: 20px;\">\n<li>Marisco: Atum, mexilh\u00f5es, sardinhas, arenque, cavala, salm\u00e3o<\/li>\n<li>Conservas de carne: frango, porco, vaca<\/li>\n<li>Conservas de legumes e frutas<\/li>\n<li>Refei\u00e7\u00f5es prontas a comer e sopas<\/li>\n<li>Alimentos h\u00famidos para animais de companhia<\/li>\n<\/ul>\n<\/section>\n<section style=\"margin-bottom: 25px;\">\n<h2 style=\"font-size: 20px; margin-bottom: 10px;\">Servi\u00e7os OEM e de personaliza\u00e7\u00e3o<\/h2>\n<ul style=\"padding-left: 20px;\">\n<li>Di\u00e2metros, alturas e capacidades personalizados<\/li>\n<li>Log\u00f3tipo da marca, impress\u00e3o a cores CMYK ou a cores diretas<\/li>\n<li>Op\u00e7\u00f5es de tampa: Extremidade de abertura f\u00e1cil (EOE), aba de puxar ou com costura<\/li>\n<li>Revestimentos de laca protetora para interiores e exteriores<\/li>\n<li>Entrega r\u00e1pida e em todo o mundo<\/li>\n<\/ul>\n<\/section>\n<section style=\"margin-bottom: 25px;\">\n<h2 style=\"font-size: 20px; margin-bottom: 10px;\">Processo de produ\u00e7\u00e3o e controlo de qualidade<\/h2>\n<ul style=\"padding-left: 20px;\">\n<li>100% folha de Flandres de seguran\u00e7a alimentar<\/li>\n<li>Processo de estampagem profunda para uma higiene e resist\u00eancia sem costuras<\/li>\n<li>Sem ferrugem ou compostos de contamina\u00e7\u00e3o<\/li>\n<li>Impress\u00e3o digital ecol\u00f3gica<\/li>\n<li>Veda\u00e7\u00e3o de precis\u00e3o e ajuste da tampa<\/li>\n<li>Controlos de lotes para verificar as dimens\u00f5es, o revestimento e a integridade da selagem<\/li>\n<\/ul>\n<\/section>\n<section style=\"margin-bottom: 25px;\">\n<h2 style=\"font-size: 20px; margin-bottom: 10px;\">Benef\u00edcios da conce\u00e7\u00e3o de latas de duas pe\u00e7as<\/h2>\n<ul style=\"padding-left: 20px;\">\n<li>Sem costura lateral - estrutura mais forte<\/li>\n<li>F\u00e1cil de limpar e higi\u00e9nico<\/li>\n<li>Melhor empilhamento e transporte mais seguro<\/li>\n<li>Aspeto elegante e de qualidade superior para apelar \u00e0s prateleiras<\/li>\n<\/ul>\n<\/section>\n<section style=\"margin-bottom: 25px;\">\n<h2 style=\"font-size: 20px; margin-bottom: 10px;\">\ud83c\udf7d Seguran\u00e7a e frescura dos alimentos<\/h2>\n<p>As nossas latas preservam o sabor, a textura e os nutrientes originais, mantendo a frescura desde a f\u00e1brica at\u00e9 \u00e0 mesa sem quebrar o selo herm\u00e9tico.<\/p>\n<\/section>\n<section style=\"margin-bottom: 25px;\">\n<h2 style=\"font-size: 20px; margin-bottom: 10px;\">Compromisso de respeito pelo ambiente<\/h2>\n<p>Folha de Flandres recicl\u00e1vel 100% com perda de qualidade zero - apoiando uma economia circular e reduzindo o impacto ambiental.<\/p>\n<\/section>\n<section style=\"margin-bottom: 25px;\">\n<h2 style=\"font-size: 20px; margin-bottom: 10px;\">\ud83d\udce6 Embalagem e entrega<\/h2>\n<ul style=\"padding-left: 20px;\">\n<li>Embalado em caixas de cart\u00e3o a granel ou paletizado<\/li>\n<li>Expedi\u00e7\u00e3o: Mar\u00edtimo, a\u00e9reo ou expresso (DHL, TNT, UPS, FedEx)<\/li>\n<li>Entrega: Normalmente 15-30 dias para projectos personalizados<\/li>\n<\/ul>\n<\/section>\n<section>\n<h2 style=\"font-size: 20px; margin-bottom: 10px;\">\u2705 Conclus\u00e3o<\/h2>\n<p>As nossas latas de atum vazias de 2 pe\u00e7as com tampa oferecem qualidade superior, seguran\u00e7a e personaliza\u00e7\u00e3o para sardinhas, atum e outros produtos alimentares. Com mais de 10 anos de experi\u00eancia em OEM, garantimos que cada lata cumpre os padr\u00f5es de marca e desempenho.<br \/>\nConcebida por dentro e por fora para a excel\u00eancia - mantendo os produtos frescos, seguros e prontos para o mercado.<\/p>\n<\/section>\n<\/section>","protected":false},"excerpt":{"rendered":"<p>Latas de duas pe\u00e7as de qualidade alimentar de 170 g e latas de atum vazias com tampas feitas de folha de Flandres dur\u00e1vel. Dispon\u00edveis em v\u00e1rios tamanhos, perfeitas para embalar sardinhas e atum, com veda\u00e7\u00e3o herm\u00e9tica, personaliza\u00e7\u00e3o OEM e mais de 10 anos de experi\u00eancia no fabrico.<\/p>","protected":false},"featured_media":9111,"comment_status":"closed","ping_status":"closed","template":"","meta":{"_acf_changed":false},"product_brand":[],"product_cat":[43],"product_tag":[],"class_list":{"0":"post-5311","1":"product","2":"type-product","3":"status-publish","4":"has-post-thumbnail","6":"product_cat-tinplate-materials","8":"first","9":"instock","10":"shipping-taxable","11":"product-type-grouped"},"acf":[],"_links":{"self":[{"href":"https:\/\/goldensoarpackage.com\/pt\/wp-json\/wp\/v2\/product\/5311","targetHints":{"allow":["GET"]}}],"collection":[{"href":"https:\/\/goldensoarpackage.com\/pt\/wp-json\/wp\/v2\/product"}],"about":[{"href":"https:\/\/goldensoarpackage.com\/pt\/wp-json\/wp\/v2\/types\/product"}],"replies":[{"embeddable":true,"href":"https:\/\/goldensoarpackage.com\/pt\/wp-json\/wp\/v2\/comments?post=5311"}],"wp:featuredmedia":[{"embeddable":true,"href":"https:\/\/goldensoarpackage.com\/pt\/wp-json\/wp\/v2\/media\/9111"}],"wp:attachment":[{"href":"https:\/\/goldensoarpackage.com\/pt\/wp-json\/wp\/v2\/media?parent=5311"}],"wp:term":[{"taxonomy":"product_brand","embeddable":true,"href":"https:\/\/goldensoarpackage.com\/pt\/wp-json\/wp\/v2\/product_brand?post=5311"},{"taxonomy":"product_cat","embeddable":true,"href":"https:\/\/goldensoarpackage.com\/pt\/wp-json\/wp\/v2\/product_cat?post=5311"},{"taxonomy":"product_tag","embeddable":true,"href":"https:\/\/goldensoarpackage.com\/pt\/wp-json\/wp\/v2\/product_tag?post=5311"}],"curies":[{"name":"wp","href":"https:\/\/api.w.org\/{rel}","templated":true}]}}