{"id":6543,"date":"2025-08-30T10:04:26","date_gmt":"2025-08-30T10:04:26","guid":{"rendered":"https:\/\/goldensoarpackage.com\/?post_type=product&#038;p=6543"},"modified":"2025-09-09T05:10:20","modified_gmt":"2025-09-09T05:10:20","slug":"flacon-pulverisateur-de-parfum-flacon-vide-en-aluminium","status":"publish","type":"product","link":"https:\/\/goldensoarpackage.com\/fr\/flacon-pulverisateur-de-parfum-flacon-vide-en-aluminium\/","title":{"rendered":"Bouteille vide en aluminium UV 100ml Bouteille vaporisateur de parfum pour alcool et liquides cosm\u00e9tiques"},"content":{"rendered":"<section style=\"width: 100%; font-family: Arial, sans-serif; line-height: 1.5; color: #333;\">\n<header>\n<h1 style=\"font-size: 24px; font-weight: bold; color: #111; text-align: center;\">100ml Bouteille de pulv\u00e9risation cosm\u00e9tique vide Bouteille en aluminium UV pour alcool et liquide cosm\u00e9tique<\/h1>\n<p style=\"color: #666; width: 100%; margin: auto;\">Id\u00e9al pour la pr\u00e9sentation luxueuse de vos parfums haut de gamme ou de vos produits cosm\u00e9tiques \u00e0 base d'alcool, nos vaporisateurs de parfum et nos vaporisateurs de d\u00e9sinfectant pour les mains de 100 ml sont \u00e9galement parfaitement adapt\u00e9s \u00e0 une vari\u00e9t\u00e9 d'alcools et de spiritueux haut de gamme. Id\u00e9al pour la vente au d\u00e9tail ou les services.<\/p>\n<p>&nbsp;<\/p>\n<\/header>\n<h2 style=\"font-size: 20px; font-weight: bold; margin-top: 25px;\">Flacons pulv\u00e9risateurs en aluminium pour parfums et cosm\u00e9tiques \ud83c\udf0d Premium<\/h2>\n<p>Les 100ml <strong>flacon pulv\u00e9risateur de parfum<\/strong> et <strong>flacons pulv\u00e9risateurs d'alcool<\/strong> sont polyvalents et peuvent \u00eatre utilis\u00e9s pour divers cosm\u00e9tiques, parfums et produits de soins personnels. Ces flacons l\u00e9gers et respectueux de l'environnement offrent \u00e9galement une protection l\u00e9g\u00e8re \u00e0 votre produit et sont r\u00e9sistants aux chocs.<\/p>\n<h2 style=\"font-size: 20px; font-weight: bold; margin-top: 25px;\">\ud83d\udd27 Pourquoi notre flacon pulv\u00e9risateur en aluminium est-il le meilleur choix ?<\/h2>\n<ul style=\"margin-left: 20px;\">\n<li>Fabriqu\u00e9 en aluminium de haute qualit\u00e9 pour une finition attrayante et polie.<\/li>\n<li>Rev\u00eatement UV, qui offre une protection aux formules sensibles \u00e0 la lumi\u00e8re<\/li>\n<li>Capacit\u00e9 de 100ML : id\u00e9al pour les parfums, les cosm\u00e9tiques \u00e0 base d'alcool, etc.<\/li>\n<li>Couleur naturelle classique de l'aluminium pour une apparence \u00e9l\u00e9gante<\/li>\n<li>L\u00e9ger et \u00e9cologique, il r\u00e9duit l'utilisation du plastique dans l'industrie<\/li>\n<li>La conception \u00e9tanche emp\u00eache les fuites et les d\u00e9bordements.<\/li>\n<li>Parfait pour un usage personnel et commercial pour les contenants de cosm\u00e9tiques et de parfums<\/li>\n<\/ul>\n<h2 style=\"font-size: 20px; font-weight: bold; margin-top: 25px;\">\ud83d\udccf Sp\u00e9cifications techniques<\/h2>\n<table style=\"width: 100%; border-collapse: collapse; margin-top: 15px; font-size: 14px; text-align: left;\">\n<tbody>\n<tr style=\"background: #f2f2f2; font-weight: bold;\">\n<td style=\"border: 1px solid #ccc; padding: 8px;\">Objet<\/td>\n<td style=\"border: 1px solid #ccc; padding: 8px;\">D\u00e9tails<\/td>\n<\/tr>\n<tr>\n<td style=\"border: 1px solid #ccc; padding: 8px;\">Mod\u00e8le<\/td>\n<td style=\"border: 1px solid #ccc; padding: 8px;\">A-GS013<\/td>\n<\/tr>\n<tr>\n<td style=\"border: 1px solid #ccc; padding: 8px;\">Mat\u00e9riau<\/td>\n<td style=\"border: 1px solid #ccc; padding: 8px;\">Flacon pulv\u00e9risateur de parfum en aluminium<\/td>\n<\/tr>\n<tr>\n<td style=\"border: 1px solid #ccc; padding: 8px;\">Capacit\u00e9<\/td>\n<td style=\"border: 1px solid #ccc; padding: 8px;\">100ml<\/td>\n<\/tr>\n<tr>\n<td style=\"border: 1px solid #ccc; padding: 8px;\">Sp\u00e9cifications<\/td>\n<td style=\"border: 1px solid #ccc; padding: 8px;\">110 mm de hauteur \u00d7 40 mm de diam\u00e8tre<\/td>\n<\/tr>\n<tr>\n<td style=\"border: 1px solid #ccc; padding: 8px;\">Contenu Poids<\/td>\n<td style=\"border: 1px solid #ccc; padding: 8px;\">17.8g<\/td>\n<\/tr>\n<tr>\n<td style=\"border: 1px solid #ccc; padding: 8px;\">Finition de la surface<\/td>\n<td style=\"border: 1px solid #ccc; padding: 8px;\">Rev\u00eatement protecteur contre les UV (brillant\/mat en option)<\/td>\n<\/tr>\n<tr>\n<td style=\"border: 1px solid #ccc; padding: 8px;\">Options de fermeture<\/td>\n<td style=\"border: 1px solid #ccc; padding: 8px;\">Vaporisateur de brume fine, pompe \u00e0 lotion, bouchon \u00e0 vis<\/td>\n<\/tr>\n<\/tbody>\n<\/table>\n<h2 style=\"font-size: 20px; font-weight: bold; margin-top: 25px;\">\ud83d\udca1 Personnalisation de l'image de marque et de la convivialit\u00e9<\/h2>\n<p>Le flacon pulv\u00e9risateur en aluminium offre une surface de marquage g\u00e9n\u00e9reuse. Que vous ayez besoin d'une s\u00e9rigraphie, d'un gaufrage ou d'un \u00e9tiquetage personnalis\u00e9, nous pouvons vous aider \u00e0 faire briller votre marque. La couleur naturelle du flacon est parfaite pour mettre en valeur votre produit, et la base lisse et droite ajoute un design \u00e9l\u00e9gant pour un aspect et une sensation sup\u00e9rieurs.<\/p>\n<h2 style=\"font-size: 20px; font-weight: bold; margin-top: 25px;\">\u2699\ufe0f Expertise en mati\u00e8re d'OEM et de personnalisation<\/h2>\n<p>Forts de nos ann\u00e9es d'exp\u00e9rience en mati\u00e8re de solutions d'emballage OEM et ODM, nous fournissons des services d'emballage sur mesure pour l'industrie des parfums et des cosm\u00e9tiques. Nous pouvons personnaliser la taille, la forme et la finition de votre emballage pour r\u00e9pondre aux besoins exclusifs de votre marque. Que vous recherchiez des finitions mates, brillantes ou m\u00e9talliques, nous vous proposons diff\u00e9rentes options pour cr\u00e9er l'emballage parfait pour vos produits.<\/p>\n<ul style=\"margin-left: 20px;\">\n<li>Tailles et volumes de remplissage sur mesure (y compris 100 ml)<\/li>\n<li>Aluminium de premi\u00e8re qualit\u00e9 et rev\u00eatements \u00e9cologiques<\/li>\n<li>Couleurs, logos et finitions de surface personnalis\u00e9s (mat, brillant, m\u00e9tallique, givr\u00e9...)<\/li>\n<li>Options de marquage comprenant la s\u00e9rigraphie, le marquage \u00e0 chaud et l'\u00e9tiquetage<\/li>\n<li>Correspondance des couleurs Pantone pour une int\u00e9grit\u00e9 coh\u00e9rente de la marque<\/li>\n<li>Des quantit\u00e9s de commande flexibles sont disponibles, des petits aux grands volumes.<\/li>\n<\/ul>\n<h2 style=\"font-size: 20px; font-weight: bold; margin-top: 25px;\">\u267b\ufe0f Engagement \u00e9cologique<\/h2>\n<p>Notre <strong>flacons pulv\u00e9risateurs de parfum<\/strong> mettent l'accent sur la durabilit\u00e9 : fabriqu\u00e9s en aluminium durable de qualit\u00e9 alimentaire, ils sont \u00e9quip\u00e9s d'une paille r\u00e9utilisable qui rend leur utilisation plus s\u00fbre et plus excitante pour les enfants. En choisissant l'aluminium, vous contribuez \u00e0 r\u00e9duire la pollution des d\u00e9charges, des oc\u00e9ans et des cours d'eau. En utilisant nos bouteilles, vous contribuez \u00e0 des pratiques respectueuses de l'environnement tout en conservant un emballage haut de gamme et luxueux pour vos produits.<\/p>\n<h2 style=\"font-size: 20px; font-weight: bold; margin-top: 25px;\">\ud83d\ude80 Applications dans tous les secteurs d'activit\u00e9<\/h2>\n<p>Nos 100ml <strong>flacons pulv\u00e9risateurs en aluminium<\/strong> conviennent \u00e0 une vari\u00e9t\u00e9 d'industries, y compris :<\/p>\n<ul style=\"margin-left: 20px;\">\n<li>Parfums et produits parfum\u00e9s<\/li>\n<li>Cosm\u00e9tiques \u00e0 base d'alcool, comme les toniques, les sprays, etc.<\/li>\n<li>Produits cosm\u00e9tiques n\u00e9cessitant un emballage \u00e9tanche et protecteur contre les UV<\/li>\n<li>Articles de prestige pour les soins personnels et le bien-\u00eatre<\/li>\n<\/ul>\n<h2 style=\"font-size: 20px; font-weight: bold; margin-top: 25px;\">Pourquoi choisir notre solution d'emballage ?<\/h2>\n<p>Notre aluminium <strong>flacons pulv\u00e9risateurs de parfum<\/strong> peuvent \u00eatre enti\u00e8rement personnalis\u00e9s pour offrir une exp\u00e9rience d'emballage ultime qui distinguera votre produit des autres. Nous proposons des ajustements personnalis\u00e9s en termes de design, de taille et d'image de marque afin de correspondre \u00e0 la vision environnementale de votre marque et d'ajouter de la valeur \u00e0 vos produits. Laissez-nous concevoir l'emballage id\u00e9al pour vos produits de parfumerie ou de cosm\u00e9tique d\u00e8s aujourd'hui !<\/p>\n<\/section>","protected":false},"excerpt":{"rendered":"<p>Magasin de produits de haute qualit\u00e9 <strong data-start=\"202\" data-end=\"227\">flacons pulv\u00e9risateurs de parfum<\/strong> et <strong data-start=\"232\" data-end=\"257\">flacons pulv\u00e9risateurs d'alcool<\/strong>. Ce flacon de 100 ml en aluminium rev\u00eatu d'UV est parfait pour les cosm\u00e9tiques et les parfums. Il pr\u00e9sente un design \u00e9l\u00e9gant et durable et une couleur naturelle. Id\u00e9al pour les solutions d'emballage de marques haut de gamme.<\/p>","protected":false},"featured_media":6547,"comment_status":"closed","ping_status":"closed","template":"","meta":{"_acf_changed":false},"product_brand":[],"product_cat":[39],"product_tag":[],"class_list":{"0":"post-6543","1":"product","2":"type-product","3":"status-publish","4":"has-post-thumbnail","6":"product_cat-aluminum-materials","8":"first","9":"instock","10":"shipping-taxable","11":"product-type-grouped"},"acf":[],"_links":{"self":[{"href":"https:\/\/goldensoarpackage.com\/fr\/wp-json\/wp\/v2\/product\/6543","targetHints":{"allow":["GET"]}}],"collection":[{"href":"https:\/\/goldensoarpackage.com\/fr\/wp-json\/wp\/v2\/product"}],"about":[{"href":"https:\/\/goldensoarpackage.com\/fr\/wp-json\/wp\/v2\/types\/product"}],"replies":[{"embeddable":true,"href":"https:\/\/goldensoarpackage.com\/fr\/wp-json\/wp\/v2\/comments?post=6543"}],"wp:featuredmedia":[{"embeddable":true,"href":"https:\/\/goldensoarpackage.com\/fr\/wp-json\/wp\/v2\/media\/6547"}],"wp:attachment":[{"href":"https:\/\/goldensoarpackage.com\/fr\/wp-json\/wp\/v2\/media?parent=6543"}],"wp:term":[{"taxonomy":"product_brand","embeddable":true,"href":"https:\/\/goldensoarpackage.com\/fr\/wp-json\/wp\/v2\/product_brand?post=6543"},{"taxonomy":"product_cat","embeddable":true,"href":"https:\/\/goldensoarpackage.com\/fr\/wp-json\/wp\/v2\/product_cat?post=6543"},{"taxonomy":"product_tag","embeddable":true,"href":"https:\/\/goldensoarpackage.com\/fr\/wp-json\/wp\/v2\/product_tag?post=6543"}],"curies":[{"name":"wp","href":"https:\/\/api.w.org\/{rel}","templated":true}]}}