{"id":6532,"date":"2025-08-30T08:29:54","date_gmt":"2025-08-30T08:29:54","guid":{"rendered":"https:\/\/goldensoarpackage.com\/?post_type=product&#038;p=6532"},"modified":"2025-09-09T05:11:37","modified_gmt":"2025-09-09T05:11:37","slug":"bombes-aerosols-en-aluminium-bouteilles-a-vis","status":"publish","type":"product","link":"https:\/\/goldensoarpackage.com\/fr\/bombes-aerosols-en-aluminium-bouteilles-a-vis\/","title":{"rendered":"Flacons a\u00e9rosols en aluminium 8ml-200ml avec col \u00e0 vis pour le secteur m\u00e9dical, les soins personnels et les cosm\u00e9tiques"},"content":{"rendered":"<section style=\"width: 100%; font-family: Arial, sans-serif; line-height: 1.6; color: #333;\">\n<header>\n<h1 style=\"font-size: 22px; font-weight: bold; color: #111; text-align: center;\">Bombe a\u00e9rosol m\u00e9tal aluminium vide 8ml - 200ml Bouteille aluminium \u00e0 col viss\u00e9 pour le m\u00e9dical, les soins personnels et la cosm\u00e9tique<\/h1>\n<p style=\"color: #666; max-width: 900px; margin: auto;\">D\u00e9couvrez notre gamme de bombes a\u00e9rosols en aluminium personnalisables, con\u00e7ues pour un usage m\u00e9dical, de soins personnels et cosm\u00e9tique. Ces flacons durables en aluminium \u00e0 col viss\u00e9 sont disponibles dans des tailles allant de 8 ml \u00e0 200 ml et offrent une distribution s\u00fbre et fiable pour une vari\u00e9t\u00e9 d'applications.<\/p>\n<\/header>\n<h2 style=\"font-size: 20px; font-weight: bold; margin-top: 25px;\">\ud83c\udf0d Bombes a\u00e9rosols en aluminium sur mesure : La solution d'emballage ultime<\/h2>\n<p>Notre <strong style=\"color: #0073e6;\">bombes a\u00e9rosols en aluminium<\/strong> sont le choix d'emballage id\u00e9al pour les produits m\u00e9dicaux, de soins personnels et cosm\u00e9tiques. Ces conteneurs sont l\u00e9gers, durables et hautement personnalisables. Ils constituent une option \u00e9cologique de premier ordre pour les marques qui cherchent \u00e0 cr\u00e9er une exp\u00e9rience utilisateur haut de gamme.<\/p>\n<h2 style=\"font-size: 20px; font-weight: bold; margin-top: 25px;\">\ud83d\udd27 Caract\u00e9ristiques de nos bombes a\u00e9rosols en aluminium<\/h2>\n<ul style=\"margin-left: 20px;\">\n<li>Fabriqu\u00e9 en aluminium de haute qualit\u00e9 et durable<\/li>\n<li>Disponibles dans une large gamme de tailles (de 8 ml \u00e0 200 ml) avec des cols \u00e0 vis pour une distribution s\u00fbre et contr\u00f4l\u00e9e.<\/li>\n<li>Personnalisable avec des logos, des illustrations et des gaufrages pour renforcer la reconnaissance de la marque<\/li>\n<li>Parfait pour les applications m\u00e9dicales, les soins personnels et les cosm\u00e9tiques<\/li>\n<li>La conception l\u00e9g\u00e8re r\u00e9duit les co\u00fbts d'exp\u00e9dition<\/li>\n<li>Mat\u00e9riau \u00e9cologique et enti\u00e8rement recyclable<\/li>\n<li>Disponible en plusieurs tailles de cols pour s'adapter \u00e0 diff\u00e9rents syst\u00e8mes de distribution<\/li>\n<\/ul>\n<h2 style=\"font-size: 20px; font-weight: bold; margin-top: 25px;\">\ud83d\udccf Sp\u00e9cifications techniques<\/h2>\n<table style=\"width: 100%; margin-top: 15px; font-size: 14px;\" border=\"1\" cellspacing=\"0\">\n<tbody>\n<tr style=\"background: #f7f7f7;\">\n<td>Nom<\/td>\n<td colspan=\"2\">Capacit\u00e9<\/td>\n<td>Poids de la bouteille<\/td>\n<td>Taille du cou<\/td>\n<td>Mat\u00e9riau<\/td>\n<td>Diam\u00e8tre<\/td>\n<td>Hauteur<\/td>\n<\/tr>\n<tr>\n<td rowspan=\"4\">Bo\u00eete en aluminium de 15 mm - col \u00e0 vis<\/td>\n<td colspan=\"2\">8ml<\/td>\n<td>3g<\/td>\n<td>13 fils<\/td>\n<td>Aluminium<\/td>\n<td>15mm*62mm<\/td>\n<td>62mm<\/td>\n<\/tr>\n<tr>\n<td colspan=\"2\">10ml<\/td>\n<td>3.7g<\/td>\n<td>13 fils<\/td>\n<td>Aluminium<\/td>\n<td>15mm*78mm<\/td>\n<td>78mm<\/td>\n<\/tr>\n<tr>\n<td colspan=\"2\">15ml<\/td>\n<td>5.2g<\/td>\n<td>13 fils<\/td>\n<td>Aluminium<\/td>\n<td>15mm*110mm<\/td>\n<td>110 mm<\/td>\n<\/tr>\n<tr>\n<td colspan=\"2\">15ml<\/td>\n<td>5.2g<\/td>\n<td>13 fils<\/td>\n<td>Aluminium<\/td>\n<td>15mm*131mm<\/td>\n<td>131mm<\/td>\n<\/tr>\n<tr>\n<td rowspan=\"4\">Bo\u00eete en aluminium de 19 mm - col \u00e0 vis<\/td>\n<td colspan=\"2\">10ml<\/td>\n<td>3.75g<\/td>\n<td>15-fil<\/td>\n<td>Aluminium<\/td>\n<td>19mm*58mm<\/td>\n<td>58mm<\/td>\n<\/tr>\n<tr>\n<td colspan=\"2\">20ml<\/td>\n<td>6.15g<\/td>\n<td>15-fil<\/td>\n<td>Aluminium<\/td>\n<td>19mm*95mm<\/td>\n<td>95mm<\/td>\n<\/tr>\n<tr>\n<td colspan=\"2\">25ml<\/td>\n<td>7.65g<\/td>\n<td>15-fil<\/td>\n<td>Aluminium<\/td>\n<td>19mm*118mm<\/td>\n<td>118mm<\/td>\n<\/tr>\n<tr>\n<td colspan=\"2\">25ml<\/td>\n<td>7.65g<\/td>\n<td>15-fil<\/td>\n<td>Aluminium<\/td>\n<td>19mm*140mm<\/td>\n<td>140mm<\/td>\n<\/tr>\n<tr>\n<td rowspan=\"4\">Bo\u00eete en aluminium de 22 mm - col \u00e0 vis<\/td>\n<td colspan=\"2\">10ml<\/td>\n<td>4.2g<\/td>\n<td>18 fils<\/td>\n<td>Aluminium<\/td>\n<td>22mm*50mm<\/td>\n<td>50 mm<\/td>\n<\/tr>\n<tr>\n<td colspan=\"2\">15ml<\/td>\n<td>5.2g<\/td>\n<td>18 fils<\/td>\n<td>Aluminium<\/td>\n<td>22mm*60mm<\/td>\n<td>60 mm<\/td>\n<\/tr>\n<tr>\n<td colspan=\"2\">25ml<\/td>\n<td>6.3g<\/td>\n<td>18 fils<\/td>\n<td>Aluminium<\/td>\n<td>22mm*75mm<\/td>\n<td>75 mm<\/td>\n<\/tr>\n<tr>\n<td colspan=\"2\">25ml<\/td>\n<td>6.3g<\/td>\n<td>18 fils<\/td>\n<td>Aluminium<\/td>\n<td>22mm*100mm<\/td>\n<td>100mm<\/td>\n<\/tr>\n<tr>\n<td rowspan=\"4\">Bo\u00eete en aluminium de 25 mm - col \u00e0 vis<\/td>\n<td colspan=\"2\">20ml<\/td>\n<td>6.2g<\/td>\n<td>20-fil<\/td>\n<td>Aluminium<\/td>\n<td>25mm*65mm<\/td>\n<td>65mm<\/td>\n<\/tr>\n<tr>\n<td colspan=\"2\">25ml<\/td>\n<td>7.65g<\/td>\n<td>20-fil<\/td>\n<td>Aluminium<\/td>\n<td>25mm*80mm<\/td>\n<td>80mm<\/td>\n<\/tr>\n<tr>\n<td colspan=\"2\">30ml<\/td>\n<td>9.1g<\/td>\n<td>20-fil<\/td>\n<td>Aluminium<\/td>\n<td>25mm*95mm<\/td>\n<td>95mm<\/td>\n<\/tr>\n<tr>\n<td colspan=\"2\">30ml<\/td>\n<td>9.1g<\/td>\n<td>20-fil<\/td>\n<td>Aluminium<\/td>\n<td>25mm*125mm<\/td>\n<td>125 mm<\/td>\n<\/tr>\n<tr>\n<td rowspan=\"4\">Bo\u00eete en aluminium de 32 mm - col \u00e0 vis<\/td>\n<td colspan=\"2\">30ml<\/td>\n<td>8.3g<\/td>\n<td>20-fil<\/td>\n<td>Aluminium<\/td>\n<td>32mm*58mm<\/td>\n<td>58mm<\/td>\n<\/tr>\n<tr>\n<td colspan=\"2\">40ml<\/td>\n<td>11g<\/td>\n<td>20-fil<\/td>\n<td>Aluminium<\/td>\n<td>32mm*77mm<\/td>\n<td>77mm<\/td>\n<\/tr>\n<tr>\n<td colspan=\"2\">50ml<\/td>\n<td>14g<\/td>\n<td>20-fil<\/td>\n<td>Aluminium<\/td>\n<td>32mm*98mm<\/td>\n<td>98mm<\/td>\n<\/tr>\n<tr>\n<td colspan=\"2\">50ml<\/td>\n<td>14g<\/td>\n<td>20-fil<\/td>\n<td>Aluminium<\/td>\n<td>32mm*125mm<\/td>\n<td>125 mm<\/td>\n<\/tr>\n<tr>\n<td rowspan=\"4\">Bo\u00eete en aluminium de 35 mm - col \u00e0 vis<\/td>\n<td colspan=\"2\">45ml<\/td>\n<td>10.5g<\/td>\n<td>24 filets<\/td>\n<td>Aluminium<\/td>\n<td>35mm*72mm<\/td>\n<td>72mm<\/td>\n<\/tr>\n<tr>\n<td colspan=\"2\">60ml<\/td>\n<td>14g<\/td>\n<td>24 filets<\/td>\n<td>Aluminium<\/td>\n<td>35mm*95mm<\/td>\n<td>95mm<\/td>\n<\/tr>\n<tr>\n<td colspan=\"2\">80ml<\/td>\n<td>15.6g<\/td>\n<td>24 filets<\/td>\n<td>Aluminium<\/td>\n<td>35mm*106mm<\/td>\n<td>106 mm<\/td>\n<\/tr>\n<tr>\n<td colspan=\"2\">80ml<\/td>\n<td>15.6g<\/td>\n<td>24 filets<\/td>\n<td>Aluminium<\/td>\n<td>35mm*135mm<\/td>\n<td>135 mm<\/td>\n<\/tr>\n<tr>\n<td rowspan=\"4\">Bo\u00eete en aluminium de 40 mm - col \u00e0 vis<\/td>\n<td colspan=\"2\">90ml<\/td>\n<td>16.5g<\/td>\n<td>24 filets<\/td>\n<td>Aluminium<\/td>\n<td>40mm*98mm<\/td>\n<td>98mm<\/td>\n<\/tr>\n<tr>\n<td colspan=\"2\">100ml<\/td>\n<td>19g<\/td>\n<td>24 filets<\/td>\n<td>Aluminium<\/td>\n<td>40mm*110mm<\/td>\n<td>110 mm<\/td>\n<\/tr>\n<tr>\n<td colspan=\"2\">120ml<\/td>\n<td>23.7g<\/td>\n<td>24 filets<\/td>\n<td>Aluminium<\/td>\n<td>40mm*135mm<\/td>\n<td>135 mm<\/td>\n<\/tr>\n<tr>\n<td colspan=\"2\">120ml<\/td>\n<td>23.7g<\/td>\n<td>24 filets<\/td>\n<td>Aluminium<\/td>\n<td>40mm*155mm<\/td>\n<td>155 mm<\/td>\n<\/tr>\n<tr>\n<td rowspan=\"4\">Bo\u00eete en aluminium 45\/48mm - col \u00e0 vis<\/td>\n<td colspan=\"2\">150ml<\/td>\n<td>29g<\/td>\n<td>24 filets<\/td>\n<td>Aluminium<\/td>\n<td>45mm*145mm<\/td>\n<td>145mm<\/td>\n<\/tr>\n<tr>\n<td colspan=\"2\">200ml<\/td>\n<td>31.5g<\/td>\n<td>24 filets<\/td>\n<td>Aluminium<\/td>\n<td>48mm*150mm<\/td>\n<td>150 mm<\/td>\n<\/tr>\n<tr>\n<td colspan=\"2\">250ml<\/td>\n<td>36g<\/td>\n<td>24 filets<\/td>\n<td>Aluminium<\/td>\n<td>48mm*175mm<\/td>\n<td>175 mm<\/td>\n<\/tr>\n<tr>\n<td colspan=\"2\">250ml<\/td>\n<td>36g<\/td>\n<td>24 filets<\/td>\n<td>Aluminium<\/td>\n<td>48mm*195mm<\/td>\n<td>195mm<\/td>\n<\/tr>\n<tr>\n<td rowspan=\"3\">Bo\u00eete en aluminium de 50 mm - col \u00e0 vis<\/td>\n<td colspan=\"2\">150ml<\/td>\n<td>25.8g<\/td>\n<td>Filet de 42<\/td>\n<td>Aluminium<\/td>\n<td>50mm*115mm<\/td>\n<td>115 mm<\/td>\n<\/tr>\n<tr>\n<td colspan=\"2\">200ml<\/td>\n<td>29.5g<\/td>\n<td>Filet de 42<\/td>\n<td>Aluminium<\/td>\n<td>50mm*150mm<\/td>\n<td>150 mm<\/td>\n<\/tr>\n<tr>\n<td colspan=\"2\">200ml<\/td>\n<td>29.5g<\/td>\n<td>Filet de 42<\/td>\n<td>Aluminium<\/td>\n<td>50mm*190mm<\/td>\n<td>190mm<\/td>\n<\/tr>\n<\/tbody>\n<\/table>\n<h2 style=\"font-size: 20px; font-weight: bold; margin-top: 25px;\">\ud83d\udca1 Personnalisation de l'image de marque et de la convivialit\u00e9<\/h2>\n<p>Notre <strong style=\"color: #0073e6;\">bombes a\u00e9rosols en aluminium<\/strong> offrent une grande surface pour la personnalisation de la marque. Que vous recherchiez des finitions mates, brillantes, m\u00e9talliques ou givr\u00e9es, nous offrons des possibilit\u00e9s de marquage compl\u00e8tes telles que l'impression de logos, le gaufrage et l'int\u00e9gration de maquettes. Ces touches personnalis\u00e9es permettent \u00e0 votre produit de se d\u00e9marquer dans les rayons.<\/p>\n<h2 style=\"font-size: 20px; font-weight: bold; margin-top: 25px;\">\u2699\ufe0f Expertise en mati\u00e8re d'OEM et de personnalisation<\/h2>\n<p>Forts de nos ann\u00e9es d'exp\u00e9rience en mati\u00e8re de solutions d'emballage OEM, nous proposons des bombes a\u00e9rosols enti\u00e8rement personnalisables dans des tailles allant de 8 \u00e0 200 ml. Nous pouvons adapter les mat\u00e9riaux, les dimensions et les finitions \u00e0 l'identit\u00e9 de votre marque et aux exigences de votre produit. Notre \u00e9quipe s'engage \u00e0 fournir un service rapide, des prix comp\u00e9titifs et des r\u00e9sultats de haute qualit\u00e9 pour tous vos besoins en mati\u00e8re d'emballage d'a\u00e9rosols.<\/p>\n<ul style=\"margin-left: 20px;\">\n<li>Tailles et volumes de remplissage personnalis\u00e9s (de 8 ml \u00e0 200 ml)<\/li>\n<li>Options de mat\u00e9riaux comprenant de l'aluminium de haute qualit\u00e9 et des rev\u00eatements respectueux de l'environnement<\/li>\n<li>Traitements de surface tels que les finitions mates, brillantes, m\u00e9talliques ou givr\u00e9es<\/li>\n<li>Personnalisation du logo par s\u00e9rigraphie, marquage \u00e0 chaud ou \u00e9tiquetage<\/li>\n<li>Correspondance des couleurs Pantone pour la coh\u00e9rence de l'image de marque de l'entreprise<\/li>\n<li>Des volumes de commande flexibles, permettant de r\u00e9pondre \u00e0 la fois aux petites et aux grandes commandes<\/li>\n<\/ul>\n<h2 style=\"font-size: 20px; font-weight: bold; margin-top: 25px;\">\u267b\ufe0f Engagement \u00e9cologique<\/h2>\n<p>La durabilit\u00e9 est au c\u0153ur de nos bombes a\u00e9rosols. Toutes nos bo\u00eetes sont fabriqu\u00e9es \u00e0 partir d'aluminium recyclable, ce qui garantit que votre solution d'emballage est aussi respectueuse de l'environnement que fonctionnelle. En choisissant nos produits, vous contribuez \u00e0 r\u00e9duire les d\u00e9chets d'emballage et vous soutenez les pratiques respectueuses de l'environnement tout au long de la cha\u00eene d'approvisionnement.<\/p>\n<h2 style=\"font-size: 20px; font-weight: bold; margin-top: 25px;\">\ud83d\ude80 Applications dans tous les secteurs d'activit\u00e9<\/h2>\n<p>Notre <strong style=\"color: #d6336c;\">mini bombes a\u00e9rosols<\/strong> conviennent \u00e0 une vari\u00e9t\u00e9 d'industries, y compris :<\/p>\n<ul style=\"margin-left: 20px;\">\n<li>Produits m\u00e9dicaux (tels que d\u00e9sinfectants, pommades et sprays)<\/li>\n<li>Produits de soins personnels (comme les d\u00e9odorants, les sprays corporels et les s\u00e9rums)<\/li>\n<li>Produits cosm\u00e9tiques n\u00e9cessitant un emballage \u00e9tanche<\/li>\n<li>Produits pharmaceutiques et lignes de soins personnels de luxe<\/li>\n<\/ul>\n<\/section>","protected":false},"excerpt":{"rendered":"<p>Explorer des produits de haute qualit\u00e9 <strong data-start=\"221\" data-end=\"243\">bombes a\u00e9rosols<\/strong> fabriqu\u00e9s en aluminium durable pour les applications m\u00e9dicales, de soins personnels et cosm\u00e9tiques. Nos produits personnalisables <strong data-start=\"343\" data-end=\"373\">emballage des bouteilles en aluminium<\/strong> est disponible dans une vari\u00e9t\u00e9 de tailles allant de 8 ml \u00e0 200 ml avec des options de col \u00e0 vis pour une distribution s\u00e9curis\u00e9e.<\/p>","protected":false},"featured_media":6537,"comment_status":"closed","ping_status":"closed","template":"","meta":{"_acf_changed":false},"product_brand":[],"product_cat":[39],"product_tag":[],"class_list":{"0":"post-6532","1":"product","2":"type-product","3":"status-publish","4":"has-post-thumbnail","6":"product_cat-aluminum-materials","8":"first","9":"instock","10":"shipping-taxable","11":"product-type-grouped"},"acf":[],"_links":{"self":[{"href":"https:\/\/goldensoarpackage.com\/fr\/wp-json\/wp\/v2\/product\/6532","targetHints":{"allow":["GET"]}}],"collection":[{"href":"https:\/\/goldensoarpackage.com\/fr\/wp-json\/wp\/v2\/product"}],"about":[{"href":"https:\/\/goldensoarpackage.com\/fr\/wp-json\/wp\/v2\/types\/product"}],"replies":[{"embeddable":true,"href":"https:\/\/goldensoarpackage.com\/fr\/wp-json\/wp\/v2\/comments?post=6532"}],"wp:featuredmedia":[{"embeddable":true,"href":"https:\/\/goldensoarpackage.com\/fr\/wp-json\/wp\/v2\/media\/6537"}],"wp:attachment":[{"href":"https:\/\/goldensoarpackage.com\/fr\/wp-json\/wp\/v2\/media?parent=6532"}],"wp:term":[{"taxonomy":"product_brand","embeddable":true,"href":"https:\/\/goldensoarpackage.com\/fr\/wp-json\/wp\/v2\/product_brand?post=6532"},{"taxonomy":"product_cat","embeddable":true,"href":"https:\/\/goldensoarpackage.com\/fr\/wp-json\/wp\/v2\/product_cat?post=6532"},{"taxonomy":"product_tag","embeddable":true,"href":"https:\/\/goldensoarpackage.com\/fr\/wp-json\/wp\/v2\/product_tag?post=6532"}],"curies":[{"name":"wp","href":"https:\/\/api.w.org\/{rel}","templated":true}]}}