{"id":6524,"date":"2025-08-30T07:56:16","date_gmt":"2025-08-30T07:56:16","guid":{"rendered":"https:\/\/goldensoarpackage.com\/?post_type=product&#038;p=6524"},"modified":"2025-10-13T06:49:50","modified_gmt":"2025-10-13T06:49:50","slug":"mini-boites-aerosol-en-aluminium-personnalisees-pour-usage-medical","status":"publish","type":"product","link":"https:\/\/goldensoarpackage.com\/fr\/mini-boites-aerosol-en-aluminium-personnalisees-pour-usage-medical\/","title":{"rendered":"Mini-bo\u00eetes a\u00e9rosol en aluminium avec ba\u00efonnette pour usage m\u00e9dical, soins personnels et cosm\u00e9tique"},"content":{"rendered":"<section style=\"width: 100%; font-family: Arial, sans-serif; line-height: 1.6; color: #333;\">\n<header>\n<h1 style=\"font-size: 22px; font-weight: bold; color: #111; text-align: center;\">Mini-bo\u00eetes a\u00e9rosols vides en m\u00e9tal aluminium avec ba\u00efonnette pour la m\u00e9decine, les soins personnels et la cosm\u00e9tique<\/h1>\n<p style=\"color: #666; max-width: 900px; margin: auto;\">Fournir une gamme flexible de <strong style=\"color: #0073e6;\">bo\u00eetes d'a\u00e9rosol en aluminium<\/strong> \u00e0 des fins m\u00e9dicales, de soins personnels et cosm\u00e9tiques. Nos services <strong style=\"color: #d6336c;\">mini bombes a\u00e9rosols<\/strong> sont personnalisables et construits selon les normes de qualit\u00e9 les plus strictes.<\/p>\n<\/header>\n<h2 style=\"font-size: 20px; font-weight: bold; margin-top: 25px;\">\ud83c\udf0d Bo\u00eetes a\u00e9rosol en aluminium sur mesure : La solution d'emballage parfaite<\/h2>\n<p>Le <strong style=\"color: #0073e6;\">bombe a\u00e9rosol en aluminium<\/strong> est un choix d'emballage tr\u00e8s performant, l\u00e9ger, durable et facile \u00e0 utiliser. Parfaits pour les produits m\u00e9dicaux, de beaut\u00e9 et de soins personnels, ces conteneurs constituent une option d'emballage haut de gamme et fiable. Que vous lanciez un produit ou que vous changiez de marque, notre <strong style=\"color: #d6336c;\">mini bombes a\u00e9rosols<\/strong> sont pr\u00eats \u00e0 vous accueillir.<\/p>\n<h2 style=\"font-size: 20px; font-weight: bold; margin-top: 25px;\">\ud83d\udd27 Caract\u00e9ristiques de nos bo\u00eetes a\u00e9rosol en aluminium transparent<\/h2>\n<ul style=\"margin-left: 20px;\">\n<li>Fabriqu\u00e9 en aluminium de haute qualit\u00e9 et durable<\/li>\n<li>Disponible en 5 tailles entre 5ml et 180ml<\/li>\n<li>Personnaliser avec le logo, le nom ou l'\u0153uvre d'art d'une personne pour une pr\u00e9sentation haut de gamme<\/li>\n<li>Avec fermeture \u00e0 ba\u00efonnette pour un dosage facile et efficace<\/li>\n<li>Id\u00e9al pour les applications m\u00e9dicales, de soins personnels et cosm\u00e9tiques<\/li>\n<li>La conception l\u00e9g\u00e8re r\u00e9duit les co\u00fbts d'exp\u00e9dition<\/li>\n<li>Mat\u00e9riau \u00e9cologique et recyclable<\/li>\n<\/ul>\n<h2 style=\"font-size: 20px; font-weight: bold; margin-top: 25px;\">\ud83d\udccf Sp\u00e9cifications techniques<\/h2>\n<table style=\"margin-top: 15px; font-size: 14px;\" border=\"1\" width=\"100%\" cellspacing=\"0\" cellpadding=\"0\">\n<tbody>\n<tr style=\"background: #f7f7f7;\">\n<td><strong>Nom<\/strong><\/td>\n<td><strong>Capacit\u00e9<\/strong><\/td>\n<td><strong>Poids de la bouteille<\/strong><\/td>\n<td><strong>Mat\u00e9riau<\/strong><\/td>\n<td><strong>Diam\u00e8tre<\/strong><\/td>\n<td><strong>Hauteur<\/strong><\/td>\n<\/tr>\n<tr>\n<td rowspan=\"4\">Bo\u00eete en aluminium de 19 mm avec ba\u00efonnette<\/td>\n<td>5ml<\/td>\n<td>3.66g<\/td>\n<td>Aluminium<\/td>\n<td>19mm*49mm<\/td>\n<td>49mm<\/td>\n<\/tr>\n<tr>\n<td>8ml<\/td>\n<td>4.15g<\/td>\n<td>Aluminium<\/td>\n<td>19mm*58mm<\/td>\n<td>58mm<\/td>\n<\/tr>\n<tr>\n<td>8ml<\/td>\n<td>4.15g<\/td>\n<td>Aluminium<\/td>\n<td>19mm*75mm<\/td>\n<td>75 mm<\/td>\n<\/tr>\n<tr>\n<td>8ml<\/td>\n<td>4.15g<\/td>\n<td>Aluminium<\/td>\n<td>19mm*82mm<\/td>\n<td>82mm<\/td>\n<\/tr>\n<tr>\n<td rowspan=\"4\">Bo\u00eete en aluminium de 25 mm avec ba\u00efonnette<\/td>\n<td>20ml<\/td>\n<td>6.3g<\/td>\n<td>Aluminium<\/td>\n<td>25mm*65mm<\/td>\n<td>65mm<\/td>\n<\/tr>\n<tr>\n<td>30ml<\/td>\n<td>7.76g<\/td>\n<td>Aluminium<\/td>\n<td>25mm*85mm<\/td>\n<td>85 mm<\/td>\n<\/tr>\n<tr>\n<td>50ml<\/td>\n<td>9.97g<\/td>\n<td>Aluminium<\/td>\n<td>25mm*100mm<\/td>\n<td>100mm<\/td>\n<\/tr>\n<tr>\n<td>50ml<\/td>\n<td>9.97g<\/td>\n<td>Aluminium<\/td>\n<td>25mm*125mm<\/td>\n<td>125 mm<\/td>\n<\/tr>\n<tr>\n<td rowspan=\"2\">Bo\u00eete en aluminium de 28 mm avec ba\u00efonnette<\/td>\n<td>50ml<\/td>\n<td>14.37g<\/td>\n<td>Aluminium<\/td>\n<td>28mm*110mm<\/td>\n<td>110 mm<\/td>\n<\/tr>\n<tr>\n<td>50ml<\/td>\n<td>14.37g<\/td>\n<td>Aluminium<\/td>\n<td>28mm*135mm<\/td>\n<td>135 mm<\/td>\n<\/tr>\n<tr>\n<td rowspan=\"6\">Bo\u00eete en aluminium de 35 mm avec ba\u00efonnette<\/td>\n<td>30-100ml<\/td>\n<td>11.72g<\/td>\n<td>Aluminium<\/td>\n<td>35mm*88mm<\/td>\n<td>65-120mm<\/td>\n<\/tr>\n<tr>\n<td>30-100ml<\/td>\n<td>11.72g<\/td>\n<td>Aluminium<\/td>\n<td>35mm*110mm<\/td>\n<td>65-120mm<\/td>\n<\/tr>\n<tr>\n<td>30-100ml<\/td>\n<td>10.06g<\/td>\n<td>Aluminium<\/td>\n<td>35mm*65mm<\/td>\n<td>65-120mm<\/td>\n<\/tr>\n<tr>\n<td>30-100ml<\/td>\n<td>10.06g<\/td>\n<td>Aluminium<\/td>\n<td>35mm*95mm<\/td>\n<td>65-120mm<\/td>\n<\/tr>\n<tr>\n<td>30-100ml<\/td>\n<td>15.08g<\/td>\n<td>Aluminium<\/td>\n<td>35mm*110mm<\/td>\n<td>65-120mm<\/td>\n<\/tr>\n<tr>\n<td>30-100ml<\/td>\n<td>15.08g<\/td>\n<td>Aluminium<\/td>\n<td>35mm*140mm<\/td>\n<td>65-120mm<\/td>\n<\/tr>\n<tr>\n<td rowspan=\"2\">Bo\u00eete en aluminium de 40 mm avec ba\u00efonnette<\/td>\n<td>80-180ml<\/td>\n<td>16.57g<\/td>\n<td>Aluminium<\/td>\n<td>40mm*108mm<\/td>\n<td>90-190mm<\/td>\n<\/tr>\n<tr>\n<td>80-180ml<\/td>\n<td>16.57g<\/td>\n<td>Aluminium<\/td>\n<td>40mm*140mm<\/td>\n<td>90-190mm<\/td>\n<\/tr>\n<\/tbody>\n<\/table>\n<h2 style=\"font-size: 20px; font-weight: bold; margin-top: 25px;\">\ud83d\udca1 Personnalisation de l'image de marque et de la convivialit\u00e9<\/h2>\n<p>Le <strong style=\"color: #0073e6;\">bombe a\u00e9rosol en aluminium<\/strong> offre une grande surface de marquage pour un impact maximal de la marque. Il en va de m\u00eame pour les couleurs personnalis\u00e9es, les logos, les illustrations et m\u00eame les options de gaufrage, qui contribueront \u00e0 faire ressortir votre marque. Que vous recherchiez un aspect professionnel \u00e9pur\u00e9 ou quelque chose de sauvage pour attirer l'attention, nous pouvons vous aider \u00e0 transformer votre id\u00e9e en r\u00e9alit\u00e9.<\/p>\n<h2 style=\"font-size: 20px; font-weight: bold; margin-top: 25px;\">\u2699\ufe0f Expertise en mati\u00e8re d'OEM et de personnalisation<\/h2>\n<p>Nous offrons un service d'emballage ODM personnalis\u00e9 OEM pour nos produits. <strong style=\"color: #d6336c;\">mini bombes a\u00e9rosols<\/strong> avec des ann\u00e9es d'exp\u00e9rience. Nous pouvons personnaliser la taille, le mat\u00e9riau et les finitions pour r\u00e9pondre \u00e0 vos besoins sp\u00e9cifiques, qu'il s'agisse de formes et de tailles sur mesure, de finitions mates ou brillantes ou de la correspondance des couleurs Pantone. Notre \u00e9quipe de classe mondiale s'engage \u00e0 fournir un service rapide et des prix comp\u00e9titifs pour tous vos besoins en mati\u00e8re d'emballage d'a\u00e9rosols.<\/p>\n<ul style=\"margin-left: 20px;\">\n<li>Tailles et volumes de remplissage standard et sur mesure (gamme d'options de 5 ml \u00e0 180 ml)<\/li>\n<li>Aluminium de haute qualit\u00e9 et rev\u00eatements respectueux de l'environnement<\/li>\n<li>Traitements de surface tels que les effets mats, brillants, m\u00e9talliques ou givr\u00e9s<\/li>\n<li>S\u00e9rigraphie, marquage \u00e0 chaud ou \u00e9tiquetage pour les options de logo<\/li>\n<li>Correspondance des couleurs Pantone pour votre marque<\/li>\n<li>Des volumes de commande flexibles, tant pour les petites que pour les grandes commandes.<\/li>\n<\/ul>\n<h2 style=\"font-size: 20px; font-weight: bold; margin-top: 25px;\">\u267b\ufe0f Engagement \u00e9cologique<\/h2>\n<p>Le d\u00e9veloppement durable est au c\u0153ur de notre <strong style=\"color: #0073e6;\">bombes a\u00e9rosols<\/strong>. Nos bo\u00eetes sont enti\u00e8rement recyclables dans le processus de mise en bo\u00eete afin de r\u00e9duire les d\u00e9chets et l'empreinte carbone. En choisissant notre gamme de produits, vous soutenez des pratiques commerciales respectueuses de l'environnement tout en b\u00e9n\u00e9ficiant d'un emballage robuste et de haute qualit\u00e9 pour vos articles.<\/p>\n<h2 style=\"font-size: 20px; font-weight: bold; margin-top: 25px;\">\ud83d\ude80 Applications dans tous les secteurs d'activit\u00e9<\/h2>\n<p>Notre <strong style=\"color: #d6336c;\">mini bombes a\u00e9rosols<\/strong> sont id\u00e9ales pour un large \u00e9ventail d'industries, y compris :<\/p>\n<ul style=\"margin-left: 20px;\">\n<li>Produits m\u00e9dicaux<\/li>\n<li>Produits de soins personnels comme les d\u00e9odorants, les sprays et les s\u00e9rums<\/li>\n<li>Produits cosm\u00e9tiques n\u00e9cessitant un emballage \u00e9tanche<\/li>\n<li>Emballages de luxe pour les soins personnels et les produits pharmaceutiques<\/li>\n<\/ul>\n<\/section>","protected":false},"excerpt":{"rendered":"<p>D\u00e9couvrez des bombes a\u00e9rosols en aluminium personnalis\u00e9es de haute qualit\u00e9 pour des applications m\u00e9dicales, de soins personnels et cosm\u00e9tiques. Nos mini-bo\u00eetes a\u00e9rosols sont disponibles en diff\u00e9rentes tailles, avec une construction en aluminium durable et des designs personnalisables. Elles r\u00e9pondent parfaitement \u00e0 vos besoins en mati\u00e8re d'image de marque et d'emballage.<\/p>","protected":false},"featured_media":9162,"comment_status":"closed","ping_status":"closed","template":"","meta":{"_acf_changed":false},"product_brand":[],"product_cat":[39],"product_tag":[],"class_list":{"0":"post-6524","1":"product","2":"type-product","3":"status-publish","4":"has-post-thumbnail","6":"product_cat-aluminum-materials","8":"first","9":"instock","10":"shipping-taxable","11":"product-type-grouped"},"acf":[],"_links":{"self":[{"href":"https:\/\/goldensoarpackage.com\/fr\/wp-json\/wp\/v2\/product\/6524","targetHints":{"allow":["GET"]}}],"collection":[{"href":"https:\/\/goldensoarpackage.com\/fr\/wp-json\/wp\/v2\/product"}],"about":[{"href":"https:\/\/goldensoarpackage.com\/fr\/wp-json\/wp\/v2\/types\/product"}],"replies":[{"embeddable":true,"href":"https:\/\/goldensoarpackage.com\/fr\/wp-json\/wp\/v2\/comments?post=6524"}],"wp:featuredmedia":[{"embeddable":true,"href":"https:\/\/goldensoarpackage.com\/fr\/wp-json\/wp\/v2\/media\/9162"}],"wp:attachment":[{"href":"https:\/\/goldensoarpackage.com\/fr\/wp-json\/wp\/v2\/media?parent=6524"}],"wp:term":[{"taxonomy":"product_brand","embeddable":true,"href":"https:\/\/goldensoarpackage.com\/fr\/wp-json\/wp\/v2\/product_brand?post=6524"},{"taxonomy":"product_cat","embeddable":true,"href":"https:\/\/goldensoarpackage.com\/fr\/wp-json\/wp\/v2\/product_cat?post=6524"},{"taxonomy":"product_tag","embeddable":true,"href":"https:\/\/goldensoarpackage.com\/fr\/wp-json\/wp\/v2\/product_tag?post=6524"}],"curies":[{"name":"wp","href":"https:\/\/api.w.org\/{rel}","templated":true}]}}