{"id":6517,"date":"2025-08-30T05:20:14","date_gmt":"2025-08-30T05:20:14","guid":{"rendered":"https:\/\/goldensoarpackage.com\/?post_type=product&#038;p=6517"},"modified":"2025-10-13T06:26:42","modified_gmt":"2025-10-13T06:26:42","slug":"flacon-airless-remplacable-flacon-de-recharge-pour-animaux-de-compagnie","status":"publish","type":"product","link":"https:\/\/goldensoarpackage.com\/fr\/flacon-airless-remplacable-flacon-de-recharge-pour-animaux-de-compagnie\/","title":{"rendered":"Bouteille Airless rempla\u00e7able Bouteille de recharge PET Conteneur sous vide innovant OEM Solution d'emballage personnalisable"},"content":{"rendered":"<div style=\"width: 100%; font-family: Arial, Helvetica, sans-serif; line-height: 1.7; color: #333;\">\n<h1 style=\"font-size: 26px; color: #222222; margin-bottom: 15px; text-align: center;\">Conception innovante et r\u00e9cipient fonctionnel de remplacement du vide<\/h1>\n<p>Le <strong style=\"color: #c00;\">flacon airless rempla\u00e7able<\/strong> est une solution d'emballage moderne con\u00e7ue pour les industries des soins de la peau, des cosm\u00e9tiques et des soins personnels d'aujourd'hui. Gr\u00e2ce \u00e0 un m\u00e9canisme de vide innovant et \u00e0 une construction respectueuse de l'environnement, cette solution d'emballage moderne a \u00e9t\u00e9 con\u00e7ue pour les soins de la peau et les cosm\u00e9tiques. <strong style=\"color: #0066cc;\">Bouteille de recharge en PET <\/strong>offre \u00e0 la fois fonctionnalit\u00e9 et durabilit\u00e9. Qu'il s'agisse de marques de beaut\u00e9 haut de gamme, de start-ups sp\u00e9cialis\u00e9es dans les cosm\u00e9tiques de niche ou de projets OEM mondiaux, ces produits offrent performance, durabilit\u00e9 et personnalisation.<\/p>\n<h2 style=\"font-size: 22px; margin-top: 25px; color: #111;\">\ud83c\udf0d Technologie Airless durable et rempla\u00e7able<\/h2>\n<p>Contrairement aux flacons cosm\u00e9tiques traditionnels, il int\u00e8gre un syst\u00e8me de distribution sous vide qui minimise les pertes de produit et prolonge la dur\u00e9e de conservation en r\u00e9duisant l'oxydation. Les <span style=\"color: #c00; font-weight: bold;\">flacon airless rempla\u00e7able<\/span> permet de recharger et de remplacer facilement les bouteilles, ce qui permet aux marques d'offrir aux consommateurs un choix plus durable. Au lieu de jeter des bouteilles enti\u00e8res, les utilisateurs remplacent simplement la bouteille int\u00e9rieure en PET et continuent \u00e0 utiliser le m\u00eame m\u00e9canisme de pompe, ce qui r\u00e9duit consid\u00e9rablement les d\u00e9chets plastiques.<\/p>\n<h2 style=\"font-size: 20px; font-weight: bold; margin-top: 25px;\">\ud83d\udd27 Caract\u00e9ristiques principales du flacon Airless de remplacement<\/h2>\n<div style=\"display: flex; flex-wrap: wrap; gap: 20px;\">\n<p><!-- Left Side --><\/p>\n<div style=\"flex: 1; min-width: 800px;\">\n<ul style=\"margin-left: 20px;\">\n<li style=\"margin-top: 25px;\">Une nouvelle bouteille \u00e0 s\u00e9paration intercalaire avec une \u00e9paule doucement arrondie et des courbes douces est n\u00e9e.<\/li>\n<li style=\"margin-top: 25px;\">Sa structure bicouche, compos\u00e9e d'une couche ext\u00e9rieure et d'une poche int\u00e9rieure, permet \u00e0 la poche int\u00e9rieure de se contracter au fur et \u00e0 mesure que le contenu est distribu\u00e9, ce qui minimise les r\u00e9sidus.<\/li>\n<li style=\"margin-top: 25px;\">La pompe \u00e0 vide adopt\u00e9e emp\u00eache l'air de p\u00e9n\u00e9trer dans la bouteille par la buse, r\u00e9duisant ainsi le contact entre le contenu et l'air ext\u00e9rieur. Par rapport aux bouteilles ordinaires, cette conception permet de mieux pr\u00e9server l'hygi\u00e8ne et la qualit\u00e9 du produit, ce qui la rend particuli\u00e8rement adapt\u00e9e aux produits biologiques ou sans additifs qui n\u00e9cessitent une fra\u00eecheur prolong\u00e9e.<\/li>\n<li style=\"margin-top: 25px;\">La brillance caract\u00e9ristique du mat\u00e9riau PET renforce l'aspect et la sensation de qualit\u00e9 sup\u00e9rieure. Comme la couche ext\u00e9rieure et la pochette int\u00e9rieure sont fabriqu\u00e9es \u00e0 partir du m\u00eame mat\u00e9riau PET, la bouteille peut \u00eatre facilement tri\u00e9e et recycl\u00e9e apr\u00e8s usage.<\/li>\n<li style=\"margin-top: 25px;\">Outre le produit pr\u00e9sent\u00e9 ici, nous proposons \u00e9galement une autre bouteille de s\u00e9paration intercalaire \u00e0 base de PET, dot\u00e9e d'un design \u00e9l\u00e9gant \u00e0 \u00e9paules inclin\u00e9es.<\/li>\n<li style=\"margin-top: 25px;\">Les OEM et les entreprises personnalisables peuvent choisir le mod\u00e8le qui correspond le mieux \u00e0 leur concept de produit.<\/li>\n<\/ul>\n<\/div>\n<div style=\"flex: 1; min-width: 300px;\">\n<p><img decoding=\"async\" class=\"alignnone wp-image-6551\" src=\"https:\/\/goldensoarpackage.com\/wp-content\/uploads\/2025\/08\/replaceable-airless-bottle-300x178.jpg\" alt=\"\" width=\"400\" height=\"237\" srcset=\"https:\/\/goldensoarpackage.com\/wp-content\/uploads\/2025\/08\/replaceable-airless-bottle-300x178.jpg 300w, https:\/\/goldensoarpackage.com\/wp-content\/uploads\/2025\/08\/replaceable-airless-bottle-768x454.jpg 768w, https:\/\/goldensoarpackage.com\/wp-content\/uploads\/2025\/08\/replaceable-airless-bottle.jpg 948w\" sizes=\"(max-width: 400px) 100vw, 400px\" \/><\/p>\n<p><img decoding=\"async\" class=\"alignnone wp-image-6552\" src=\"https:\/\/goldensoarpackage.com\/wp-content\/uploads\/2025\/08\/replaceable-airless-bottle-2-300x187.jpg\" alt=\"\" width=\"400\" height=\"250\" srcset=\"https:\/\/goldensoarpackage.com\/wp-content\/uploads\/2025\/08\/replaceable-airless-bottle-2-300x187.jpg 300w, https:\/\/goldensoarpackage.com\/wp-content\/uploads\/2025\/08\/replaceable-airless-bottle-2-768x479.jpg 768w, https:\/\/goldensoarpackage.com\/wp-content\/uploads\/2025\/08\/replaceable-airless-bottle-2.jpg 896w\" sizes=\"(max-width: 400px) 100vw, 400px\" \/><\/p>\n<\/div>\n<\/div>\n<h2 style=\"font-size: 22px; margin-top: 25px; color: #111;\">\ud83d\udca1 Pourquoi choisir ?<\/h2>\n<ol style=\"margin: 15px 0 25px 20px;\">\n<li><strong>Pompe Airless innovante :<\/strong> Distribue en douceur, pr\u00e9vient la contamination et prot\u00e8ge l'int\u00e9grit\u00e9 de la formule.<\/li>\n<li><strong>Mat\u00e9riaux durables :<\/strong> La combinaison du PP et du PET offre r\u00e9sistance, transparence et l\u00e9g\u00e8ret\u00e9.<\/li>\n<li><strong>Design rechargeable :<\/strong> En tant que <span style=\"color: #0066cc; font-weight: bold;\">Bouteille de recharge en PET<\/span>, L'utilisation de ce produit permet de promouvoir une image de marque respectueuse de l'environnement et d'assurer une utilisation \u00e0 long terme.<\/li>\n<li><strong>Options personnalisables :<\/strong> Solutions OEM comprenant l'impression de logos, le rev\u00eatement de surface, la correspondance des couleurs Pantone et des moules de conception unique.<\/li>\n<li><strong>Polyvalence de l'application :<\/strong> Parfait pour les cr\u00e8mes, les s\u00e9rums, les lotions, les gels et m\u00eame les fonds de teint liquides.<\/li>\n<\/ol>\n<h2 style=\"font-size: 22px; margin-top: 25px; color: #111;\">\ud83d\udd27 Expertise en mati\u00e8re d'OEM et de personnalisation<\/h2>\n<p>Forts de nos ann\u00e9es d'exp\u00e9rience en mati\u00e8re de solutions d'emballage OEM et personnalisables, nous fournissons une assistance compl\u00e8te, de la conception \u00e0 la production en s\u00e9rie. Que vous ayez besoin d'une solution de marque priv\u00e9e, d'\u00e9l\u00e9ments de marque de luxe ou de certifications d'\u00e9co-emballage, notre \u00e9quipe d'ing\u00e9nieurs s'assure que chaque emballage est conforme aux normes de qualit\u00e9 et de s\u00e9curit\u00e9 en vigueur. <span style=\"color: #c00; font-weight: bold;\">flacon airless rempla\u00e7able<\/span> r\u00e9pond aux exigences de votre marque. Les services personnalisables comprennent<\/p>\n<ul style=\"margin: 15px 0 25px 20px;\">\n<li>Logo et marquage par s\u00e9rigraphie, marquage \u00e0 chaud ou impression UV<\/li>\n<li>Couleur de pompe personnalis\u00e9e, finition brillante ou mate<\/li>\n<li>Ajustement de la capacit\u00e9 de 200 ml \u00e0 280 ml et plus<\/li>\n<li>Correspondance des teintes Pantone pour une identit\u00e9 de marque coh\u00e9rente<\/li>\n<li>Options d'emballage \u00e9cologique avec des mat\u00e9riaux recyclables en PET et PP<\/li>\n<\/ul>\n<h2 style=\"font-size: 22px; margin-top: 25px; color: #111;\">\ud83d\udce6 Applications dans tous les secteurs d'activit\u00e9<\/h2>\n<p>Le flacon airless n'est pas un simple contenant cosm\u00e9tique - c'est une solution polyvalente con\u00e7ue pour s'adapter \u00e0 une large gamme d'industries et de produits :<\/p>\n<ul style=\"margin: 15px 0 25px 20px;\">\n<li>Cr\u00e8mes et lotions de soin haut de gamme<\/li>\n<li>S\u00e9rums et essences cosm\u00e9tiques professionnels<\/li>\n<li>Soins capillaires et huiles nourrissantes<\/li>\n<li>Solutions topiques pharmaceutiques ou de qualit\u00e9 m\u00e9dicale<\/li>\n<li>Lignes de produits cosm\u00e9tiques haut de gamme en format voyage et \u00e0 emporter<\/li>\n<\/ul>\n<h2 style=\"font-size: 22px; margin-top: 25px; color: #111;\">\ud83d\udcca Tableau des sp\u00e9cifications techniques<\/h2>\n<table style=\"width: 100%; border-collapse: collapse; margin-bottom: 10px; font-size: 14px;\">\n<thead>\n<tr style=\"background-color: #f4f4f4;\">\n<th style=\"border: 1px solid #ccc; padding: 8px;\">Objet<\/th>\n<th style=\"border: 1px solid #ccc; padding: 8px;\">D\u00e9tails<\/th>\n<\/tr>\n<\/thead>\n<tbody>\n<tr>\n<td style=\"border: 1px solid #ccc; padding: 8px;\">Nom du produit<\/td>\n<td style=\"border: 1px solid #ccc; padding: 8px;\">Bouteille airless rempla\u00e7able<\/td>\n<\/tr>\n<tr>\n<td style=\"border: 1px solid #ccc; padding: 8px;\">Code produit<\/td>\n<td style=\"border: 1px solid #ccc; padding: 8px;\">P-GS004-1(280ml)\/P-GS004-2(200ml)<\/td>\n<\/tr>\n<tr>\n<td style=\"border: 1px solid #ccc; padding: 8px;\" rowspan=\"3\">Mat\u00e9riau<\/td>\n<td style=\"border: 1px solid #ccc; padding: 8px;\">Pompe : PP<\/td>\n<\/tr>\n<tr>\n<td style=\"border: 1px solid #ccc; padding: 8px;\">Bouteille int\u00e9rieure : PET<\/td>\n<\/tr>\n<tr>\n<td style=\"border: 1px solid #ccc; padding: 8px;\">Bouteille : PPT<\/td>\n<\/tr>\n<tr>\n<td style=\"border: 1px solid #ccc; padding: 8px;\" rowspan=\"2\">Capacit\u00e9<\/td>\n<td style=\"border: 1px solid #ccc; padding: 8px;\">200ml Capacit\u00e9 totale : 230ml<\/td>\n<\/tr>\n<tr>\n<td style=\"border: 1px solid #ccc; padding: 8px;\">280 ml Capacit\u00e9 totale : 316,7 ml<\/td>\n<\/tr>\n<tr>\n<td style=\"border: 1px solid #ccc; padding: 8px;\" rowspan=\"3\">Contenu Poids<\/td>\n<td style=\"border: 1px solid #ccc; padding: 8px;\">Pompe : 12,8 g<\/td>\n<\/tr>\n<tr>\n<td style=\"border: 1px solid #ccc; padding: 8px;\">Bouteille de 200ml : 31.45g<\/td>\n<\/tr>\n<tr>\n<td style=\"border: 1px solid #ccc; padding: 8px;\">Bouteille de 280ml : 31.45g<\/td>\n<\/tr>\n<tr>\n<td style=\"border: 1px solid #ccc; padding: 8px;\" rowspan=\"3\">Sp\u00e9cifications<\/td>\n<td style=\"border: 1px solid #ccc; padding: 8px;\">Pompe : 93*29*29mm<\/td>\n<\/tr>\n<tr>\n<td style=\"border: 1px solid #ccc; padding: 8px;\">Bouteille int\u00e9rieure : 127*55*55mm<\/td>\n<\/tr>\n<tr>\n<td style=\"border: 1px solid #ccc; padding: 8px;\">Bo\u00eetier ext\u00e9rieur : 127*66*66mm<\/td>\n<\/tr>\n<tr>\n<td style=\"border: 1px solid #ccc; padding: 8px;\">OEM\/ODM<\/td>\n<td style=\"border: 1px solid #ccc; padding: 8px;\">Disponible (logo, emballage, couleur personnalis\u00e9s)<\/td>\n<\/tr>\n<\/tbody>\n<\/table>\n<h2 style=\"font-size: 22px; margin-top: 25px; color: #111;\">\ud83d\ude80 Avantages du march\u00e9 mondial<\/h2>\n<p>Notre <strong>flacon airless rempla\u00e7able<\/strong> a d\u00e9j\u00e0 \u00e9t\u00e9 adopt\u00e9 par des marques internationales \u00e0 la recherche d'emballages cosm\u00e9tiques durables, personnalisables et de qualit\u00e9 sup\u00e9rieure. Con\u00e7ue pour r\u00e9pondre aux normes d'exportation pour l'Am\u00e9rique du Nord, l'Europe et l'Asie, cette solution d'emballage est conforme aux r\u00e9glementations en mati\u00e8re de s\u00e9curit\u00e9 et aux exigences de durabilit\u00e9.<\/p>\n<h2 style=\"font-size: 22px; margin-top: 25px; color: #111;\">\u2705 Conclusion<\/h2>\n<p>La bouteille rechargeable en PET est plus qu'un simple contenant - c'est un produit complet. <span style=\"color: #0066cc; font-weight: bold;\">bouteille airless<\/span> qui tient compte de la durabilit\u00e9, de la commodit\u00e9 pour le consommateur et du positionnement de la marque haut de gamme. En combinant la durabilit\u00e9 du PET et du PP avec des caract\u00e9ristiques OEM personnalisables, le <strong>flacon airless rempla\u00e7able<\/strong> est un choix id\u00e9al pour les marques qui cherchent \u00e0 se d\u00e9marquer sur les march\u00e9s concurrentiels des cosm\u00e9tiques et des soins personnels.<\/p>\n<\/div>","protected":false},"excerpt":{"rendered":"<p>D\u00e9couvrez le flacon airless rempla\u00e7able et le flacon de recharge pour animaux de compagnie, fabriqu\u00e9s en PET et PP avec une conception innovante sous vide. Id\u00e9ales pour les soins de la peau, les cosm\u00e9tiques et les soins personnels, elles offrent des solutions d'emballage OEM et personnalisables.<\/p>","protected":false},"featured_media":9157,"comment_status":"closed","ping_status":"closed","template":"","meta":{"_acf_changed":false},"product_brand":[],"product_cat":[34],"product_tag":[],"class_list":{"0":"post-6517","1":"product","2":"type-product","3":"status-publish","4":"has-post-thumbnail","6":"product_cat-pet-materials","8":"first","9":"instock","10":"shipping-taxable","11":"product-type-grouped"},"acf":[],"_links":{"self":[{"href":"https:\/\/goldensoarpackage.com\/fr\/wp-json\/wp\/v2\/product\/6517","targetHints":{"allow":["GET"]}}],"collection":[{"href":"https:\/\/goldensoarpackage.com\/fr\/wp-json\/wp\/v2\/product"}],"about":[{"href":"https:\/\/goldensoarpackage.com\/fr\/wp-json\/wp\/v2\/types\/product"}],"replies":[{"embeddable":true,"href":"https:\/\/goldensoarpackage.com\/fr\/wp-json\/wp\/v2\/comments?post=6517"}],"wp:featuredmedia":[{"embeddable":true,"href":"https:\/\/goldensoarpackage.com\/fr\/wp-json\/wp\/v2\/media\/9157"}],"wp:attachment":[{"href":"https:\/\/goldensoarpackage.com\/fr\/wp-json\/wp\/v2\/media?parent=6517"}],"wp:term":[{"taxonomy":"product_brand","embeddable":true,"href":"https:\/\/goldensoarpackage.com\/fr\/wp-json\/wp\/v2\/product_brand?post=6517"},{"taxonomy":"product_cat","embeddable":true,"href":"https:\/\/goldensoarpackage.com\/fr\/wp-json\/wp\/v2\/product_cat?post=6517"},{"taxonomy":"product_tag","embeddable":true,"href":"https:\/\/goldensoarpackage.com\/fr\/wp-json\/wp\/v2\/product_tag?post=6517"}],"curies":[{"name":"wp","href":"https:\/\/api.w.org\/{rel}","templated":true}]}}