{"id":6510,"date":"2025-08-30T03:35:30","date_gmt":"2025-08-30T03:35:30","guid":{"rendered":"https:\/\/goldensoarpackage.com\/?post_type=product&#038;p=6510"},"modified":"2025-10-13T06:19:44","modified_gmt":"2025-10-13T06:19:44","slug":"systeme-de-flacons-de-recharge-flacons-pompes-airless","status":"publish","type":"product","link":"https:\/\/goldensoarpackage.com\/fr\/systeme-de-flacons-de-recharge-flacons-pompes-airless\/","title":{"rendered":"Syst\u00e8me de bouteilles de recharge avec bouteilles \u00e0 pompe sans air Emballage innovant et \u00e9cologique Solution OEM personnalisable"},"content":{"rendered":"<section style=\"width: 100%; font-family: Arial, sans-serif; line-height: 1.6; color: #333;\">\n<header>\n<h1 style=\"font-size: 26px; font-weight: bold; text-align: center; color: #111;\">Syst\u00e8me innovant de bouteilles de recharge Bouteilles \u00e0 pompe sans air<\/h1>\n<p style=\"color: #555; width: 100%; margin: auto;\">Une nouvelle g\u00e9n\u00e9ration <span style=\"color: #0073e6; font-weight: bold;\">recharge <\/span><span style=\"color: #d6336c; font-weight: bold;\">flacons-pompes airless<\/span> qui combine un design respectueux de l'environnement, une facilit\u00e9 d'utilisation optimale et des fonctions OEM personnalisables pour les marques internationales.<\/p>\n<\/header>\n<h2 style=\"font-size: 20px; font-weight: bold; margin-top: 25px;\">\ud83c\udf0d L'emballage durable au service de la performance<\/h2>\n<p>Le <strong style=\"color: #0073e6;\">syst\u00e8me de recharge des bouteilles<\/strong> est con\u00e7u pour les marques qui souhaitent r\u00e9duire l'utilisation du plastique tout en conservant une exp\u00e9rience de produit de luxe. L'\u00e9tui ext\u00e9rieur durable est con\u00e7u pour \u00eatre r\u00e9utilis\u00e9, tandis que l'\u00e9tui int\u00e9rieur est con\u00e7u pour \u00eatre r\u00e9utilis\u00e9, tandis que l'\u00e9tui int\u00e9rieur est con\u00e7u pour \u00eatre r\u00e9utilis\u00e9. <strong style=\"color: #d6336c;\">bouteilles airless<\/strong> peuvent \u00eatre remplac\u00e9s rapidement et en toute s\u00e9curit\u00e9 d'un simple clic. Ce syst\u00e8me permet non seulement de r\u00e9duire les d\u00e9chets, mais aussi de cr\u00e9er de nouvelles opportunit\u00e9s de marque gr\u00e2ce \u00e0 des bo\u00eetiers au design audacieux et \u00e0 des r\u00e9f\u00e9rences respectueuses de l'environnement.<\/p>\n<h2 style=\"font-size: 20px; font-weight: bold; margin-top: 25px;\">\ud83d\udd27 Principales caract\u00e9ristiques du syst\u00e8me de bouteilles rechargeables<\/h2>\n<div style=\"display: flex; flex-wrap: wrap; gap: 20px;\">\n<p><!-- Left Side --><\/p>\n<div style=\"flex: 1; min-width: 800px;\">\n<ul style=\"margin-left: 20px;\">\n<li style=\"margin-top: 25px;\">En tant que \u201cvisage\u201d du produit, elle en pr\u00e9sente fid\u00e8lement les caract\u00e9ristiques. En rempla\u00e7ant simplement la bouteille int\u00e9rieure, la coque ext\u00e9rieure peut \u00eatre r\u00e9utilis\u00e9e en permanence.<\/li>\n<li style=\"margin-top: 25px;\">Gr\u00e2ce \u00e0 l'ouverture r\u00e9serv\u00e9e \u00e0 l'arri\u00e8re de la coque ext\u00e9rieure, vous pouvez voir comment la bouteille int\u00e9rieure se contracte. Le flacon int\u00e9rieur est con\u00e7u sous vide, ce qui garantit que le contenu n'est jamais expos\u00e9 \u00e0 l'air ext\u00e9rieur. En m\u00eame temps, la contraction du flacon permet de distribuer m\u00eame des formulations \u00e9paisses en laissant un minimum de r\u00e9sidus \u00e0 l'int\u00e9rieur.<\/li>\n<li style=\"margin-top: 25px;\">La coque ext\u00e9rieure sert de cadre de soutien, maintenant la stabilit\u00e9 g\u00e9n\u00e9rale m\u00eame si la bouteille int\u00e9rieure sous vide est con\u00e7ue pour se contracter et se d\u00e9former. Non seulement le design ext\u00e9rieur a un fort impact visuel, mais la structure en spirale unique de la bouteille int\u00e9rieure cr\u00e9e \u00e9galement un \u00e9l\u00e9gant motif de r\u00e9tr\u00e9cissement au fur et \u00e0 mesure que le contenu est \u00e9puis\u00e9.<\/li>\n<li style=\"margin-top: 25px;\">Associ\u00e9 \u00e0 une pompe \u00e0 levier, le design de la bouteille devient remarquablement innovant et accrocheur. La pompe est con\u00e7ue pour \u00eatre pratique, permettant aux utilisateurs de distribuer facilement le contenu d'une seule main.<\/li>\n<li style=\"margin-top: 25px;\">La conception \u00e9cologique r\u00e9duit la consommation globale de plastique.<\/li>\n<li style=\"margin-top: 25px;\">Options de marquage OEM et personnalisables pour les marques mondiales de cosm\u00e9tiques, de soins capillaires et de soins de la peau.<\/li>\n<\/ul>\n<\/div>\n<p><!-- Right Side --><\/p>\n<div style=\"flex: 1; min-width: 300px;\">\n<figure id=\"attachment_6550\" aria-describedby=\"caption-attachment-6550\" style=\"width: 290px\" class=\"wp-caption alignnone\"><img decoding=\"async\" class=\"size-medium wp-image-6550\" src=\"https:\/\/goldensoarpackage.com\/wp-content\/uploads\/2025\/08\/refill-bottle-system3-300x236.jpg\" alt=\"\" width=\"300\" height=\"236\" srcset=\"https:\/\/goldensoarpackage.com\/wp-content\/uploads\/2025\/08\/refill-bottle-system3-300x236.jpg 300w, https:\/\/goldensoarpackage.com\/wp-content\/uploads\/2025\/08\/refill-bottle-system3-768x604.jpg 768w, https:\/\/goldensoarpackage.com\/wp-content\/uploads\/2025\/08\/refill-bottle-system3.jpg 1000w\" sizes=\"(max-width: 300px) 100vw, 300px\" \/><figcaption id=\"caption-attachment-6550\" class=\"wp-caption-text\"><\/p>\n<p><img decoding=\"async\" class=\"alignnone size-medium wp-image-6549\" style=\"font-size: 16px;\" src=\"https:\/\/goldensoarpackage.com\/wp-content\/uploads\/2025\/08\/refill-bottle-system2-300x224.jpg\" alt=\"\" width=\"300\" height=\"224\" srcset=\"https:\/\/goldensoarpackage.com\/wp-content\/uploads\/2025\/08\/refill-bottle-system2-300x224.jpg 300w, https:\/\/goldensoarpackage.com\/wp-content\/uploads\/2025\/08\/refill-bottle-system2-768x574.jpg 768w, https:\/\/goldensoarpackage.com\/wp-content\/uploads\/2025\/08\/refill-bottle-system2.jpg 1000w\" sizes=\"(max-width: 300px) 100vw, 300px\" \/><\/figcaption><\/figure>\n<\/div>\n<\/div>\n<h2 style=\"font-size: 20px; font-weight: bold; margin-top: 25px;\">\ud83e\uddf4 Bouteilles \u00e0 pompe sans air : Pr\u00e9server l'int\u00e9grit\u00e9 des formules<\/h2>\n<p>Contrairement aux emballages traditionnels, nos <span style=\"color: #d6336c; font-weight: bold;\">flacons-pompes airless<\/span> utilisent une structure airless avanc\u00e9e pour prot\u00e9ger les formules sensibles. Lorsque le flacon de recharge s'affaisse le long de ses plis pr\u00e9d\u00e9finis, il n'y a pas de retour d'air, ce qui permet de distribuer enti\u00e8rement des formules tr\u00e8s visqueuses telles que des masques capillaires, des s\u00e9rums ou des lotions. Ce syst\u00e8me est donc id\u00e9al pour les applications cosm\u00e9tiques, pharmaceutiques et de soins personnels haut de gamme o\u00f9 la stabilit\u00e9 du produit est essentielle.<\/p>\n<h2 style=\"font-size: 20px; font-weight: bold; margin-top: 25px;\">\ud83d\udccf Sp\u00e9cifications techniques<\/h2>\n<table style=\"width: 100%; border-collapse: collapse; margin-bottom: 10px; font-size: 14px;\">\n<thead>\n<tr style=\"background-color: #f4f4f4;\">\n<th style=\"border: 1px solid #ccc; padding: 8px;\">Objet<\/th>\n<th style=\"border: 1px solid #ccc; padding: 8px;\">D\u00e9tails<\/th>\n<\/tr>\n<\/thead>\n<tbody>\n<tr>\n<td style=\"border: 1px solid #ccc; padding: 8px;\">Nom du produit<\/td>\n<td style=\"border: 1px solid #ccc; padding: 8px;\">Flacons \u00e0 pompe sans air<\/td>\n<\/tr>\n<tr>\n<td style=\"border: 1px solid #ccc; padding: 8px;\">Code produit<\/td>\n<td style=\"border: 1px solid #ccc; padding: 8px;\">P-GS003<\/td>\n<\/tr>\n<tr>\n<td style=\"border: 1px solid #ccc; padding: 8px;\" rowspan=\"3\">Mat\u00e9riau<\/td>\n<td style=\"border: 1px solid #ccc; padding: 8px;\">Pompe : PP<\/td>\n<\/tr>\n<tr>\n<td style=\"border: 1px solid #ccc; padding: 8px;\">Bouteille int\u00e9rieure : PE<\/td>\n<\/tr>\n<tr>\n<td style=\"border: 1px solid #ccc; padding: 8px;\">Bo\u00eetier ext\u00e9rieur : PP<\/td>\n<\/tr>\n<tr>\n<td style=\"border: 1px solid #ccc; padding: 8px;\" rowspan=\"2\">Capacit\u00e9<\/td>\n<td style=\"border: 1px solid #ccc; padding: 8px;\">Capacit\u00e9 totale : 451,9 ml<\/td>\n<\/tr>\n<tr>\n<td style=\"border: 1px solid #ccc; padding: 8px;\">Capacit\u00e9 recommand\u00e9e : 420 ml<\/td>\n<\/tr>\n<tr>\n<td style=\"border: 1px solid #ccc; padding: 8px;\" rowspan=\"3\">Contenu Poids<\/td>\n<td style=\"border: 1px solid #ccc; padding: 8px;\">Pompe : 17,3 g<\/td>\n<\/tr>\n<tr>\n<td style=\"border: 1px solid #ccc; padding: 8px;\">Bouteille int\u00e9rieure : 25,5 g<\/td>\n<\/tr>\n<tr>\n<td style=\"border: 1px solid #ccc; padding: 8px;\">Bo\u00eetier ext\u00e9rieur : 65g<\/td>\n<\/tr>\n<tr>\n<td style=\"border: 1px solid #ccc; padding: 8px;\" rowspan=\"3\">Sp\u00e9cifications<\/td>\n<td style=\"border: 1px solid #ccc; padding: 8px;\">Pompe : 94*33*33mm<\/td>\n<\/tr>\n<tr>\n<td style=\"border: 1px solid #ccc; padding: 8px;\">Bouteille int\u00e9rieure : 151*69*74mm<\/td>\n<\/tr>\n<tr>\n<td style=\"border: 1px solid #ccc; padding: 8px;\">Bo\u00eetier ext\u00e9rieur : 165*87*88mm<\/td>\n<\/tr>\n<tr>\n<td style=\"border: 1px solid #ccc; padding: 8px;\">OEM\/ODM<\/td>\n<td style=\"border: 1px solid #ccc; padding: 8px;\">Disponible (logo, emballage, couleur personnalis\u00e9s)<\/td>\n<\/tr>\n<\/tbody>\n<\/table>\n<h2 style=\"font-size: 20px; font-weight: bold; margin-top: 25px;\">\ud83d\udca1 Conception innovante pour l'image de marque et la facilit\u00e9 d'utilisation<\/h2>\n<p>L'\u00e9tui ext\u00e9rieur pr\u00e9sente des surfaces audacieuses, id\u00e9ales pour un marquage \u00e0 fort impact. Les entreprises peuvent utiliser des couleurs personnalis\u00e9es, des logos en relief ou des illustrations imprim\u00e9es pour cr\u00e9er une forte pr\u00e9sence en rayon. La conception du cadre semi-ouvert am\u00e9liore non seulement l'esth\u00e9tique, mais permet \u00e9galement de voir la bouteille int\u00e9rieure lorsqu'elle se replie pendant l'utilisation, ce qui donne aux consommateurs un indicateur visuel de la quantit\u00e9 restante.<\/p>\n<h2 style=\"font-size: 20px; font-weight: bold; margin-top: 25px;\">\u2699\ufe0f Expertise en mati\u00e8re d'OEM et de personnalisation<\/h2>\n<p>Forts d'une vaste exp\u00e9rience dans le domaine des solutions d'emballage OEM et ODM, nous offrons une personnalisation compl\u00e8te pour <span style=\"color: #0073e6; font-weight: bold;\">recharge<\/span>\u00a0<span style=\"color: #d6336c; font-weight: bold;\">flacons-pompes airless<\/span>. Qu'il s'agisse de dimensions sur mesure, de mat\u00e9riaux personnalis\u00e9s, de couleurs et de finitions de surface conformes aux normes Pantone, notre \u00e9quipe r\u00e9pond aux exigences sp\u00e9cifiques des marques pour les emballages de produits cosm\u00e9tiques, de soins de la peau, de soins capillaires et de soins de sant\u00e9. Les clients OEM b\u00e9n\u00e9ficient de volumes de commande flexibles, de prix comp\u00e9titifs et de capacit\u00e9s d'exportation \u00e0 l'\u00e9chelle mondiale.<\/p>\n<ul style=\"margin-left: 20px;\">\n<li>Tailles et volumes de remplissage personnalis\u00e9s (gamme de 100 ml \u00e0 500 ml disponible)<\/li>\n<li>Options de mat\u00e9riaux comprenant le PP, le PET, le PEHD et les bio-r\u00e9sines respectueuses de l'environnement<\/li>\n<li>Traitements de surface tels que les finitions mates, brillantes, m\u00e9talliques ou givr\u00e9es<\/li>\n<li>Personnalisation du logo par s\u00e9rigraphie, marquage \u00e0 chaud ou \u00e9tiquetage<\/li>\n<li>Correspondance des couleurs Pantone pour la coh\u00e9rence de l'image de marque de l'entreprise<\/li>\n<li>Soutien \u00e0 la conception d'emballages pour le commerce de d\u00e9tail et les canaux professionnels<\/li>\n<\/ul>\n<h2 style=\"font-size: 20px; font-weight: bold; margin-top: 25px;\">\u267b\ufe0f Engagement \u00e9cologique<\/h2>\n<p>Le d\u00e9veloppement durable est au c\u0153ur de notre <strong style=\"color: #0073e6;\">bouteille de recharge<\/strong> syst\u00e8me. En r\u00e9utilisant l'\u00e9tui ext\u00e9rieur et en ne rempla\u00e7ant que la bouteille int\u00e9rieure, la consommation de plastique est consid\u00e9rablement r\u00e9duite. Les bouteilles de recharge l\u00e9g\u00e8res en HDPE + LDPE utilisent moins de mat\u00e9riaux tout en garantissant la durabilit\u00e9 et la s\u00e9curit\u00e9 du stockage. Cette conception r\u00e9pond non seulement aux tendances mondiales en mati\u00e8re d'\u00e9co-emballage, mais elle renforce \u00e9galement la perception des consommateurs \u00e0 l'\u00e9gard des marques respectueuses de l'environnement.<\/p>\n<h2 style=\"font-size: 20px; font-weight: bold; margin-top: 25px;\">\ud83d\ude80 Applications dans tous les secteurs d'activit\u00e9<\/h2>\n<p>Nos recharges <strong style=\"color: #d6336c;\">bouteilles airless<\/strong> est polyvalent et convient \u00e0 tous les types d'emballages :<\/p>\n<ul style=\"margin-left: 20px;\">\n<li>Produits de soins capillaires tels que shampooings, apr\u00e8s-shampooings et masques<\/li>\n<li>Produits de soins de la peau comme les cr\u00e8mes, les lotions et les s\u00e9rums<\/li>\n<li>Produits cosm\u00e9tiques n\u00e9cessitant une conservation sensible \u00e0 l'oxyg\u00e8ne<\/li>\n<li>Cr\u00e8mes pharmaceutiques et formulations de qualit\u00e9 m\u00e9dicale<\/li>\n<li>Lignes de produits de soins personnels de luxe et respectueux de l'environnement<\/li>\n<\/ul>\n<h2 style=\"font-size: 20px; font-weight: bold; margin-top: 25px;\">\u2728 Pourquoi choisir notre solution d'emballage ?<\/h2>\n<ul style=\"margin-left: 20px;\">\n<li>Technologie airless innovante pour une distribution compl\u00e8te<\/li>\n<li>Conception OEM personnalisable pour r\u00e9pondre aux besoins de la marque<\/li>\n<li>Une solution \u00e9cologique pour r\u00e9duire les d\u00e9chets plastiques<\/li>\n<li>Facilit\u00e9 d'utilisation optimale gr\u00e2ce \u00e0 l'utilisation de la pompe d'une seule main<\/li>\n<li>Expertise av\u00e9r\u00e9e en mati\u00e8re d'exportation d'emballages cosm\u00e9tiques et industriels<\/li>\n<\/ul>\n<h2 style=\"font-size: 20px; font-weight: bold; margin-top: 25px;\">\ud83d\udce6 Assemblage et exp\u00e9rience utilisateur faciles<\/h2>\n<p>Le syst\u00e8me de recharge est con\u00e7u pour une utilisation sans effort. Il suffit de fixer la pompe \u00e0 la bouteille de recharge, de la glisser dans l'\u00e9tui ext\u00e9rieur et de la verrouiller en place d'un seul clic. Les consommateurs b\u00e9n\u00e9ficient d'une distribution fluide d'une seule main et d'un indicateur visible du produit restant. Cette exp\u00e9rience intuitive am\u00e9liore la satisfaction du client et favorise les achats r\u00e9p\u00e9t\u00e9s.<\/p>\n<\/section>","protected":false},"excerpt":{"rendered":"<p>D\u00e9couvrez notre syst\u00e8me innovant de bouteilles de recharge avec des bouteilles \u00e0 pompe sans air, con\u00e7ues pour un emballage respectueux de l'environnement. Avec un \u00e9tui ext\u00e9rieur r\u00e9utilisable, un remplacement facile et des solutions OEM personnalisables pour les soins capillaires, les soins de la peau et les applications cosm\u00e9tiques.<\/p>","protected":false},"featured_media":9152,"comment_status":"closed","ping_status":"closed","template":"","meta":{"_acf_changed":false},"product_brand":[],"product_cat":[31],"product_tag":[],"class_list":{"0":"post-6510","1":"product","2":"type-product","3":"status-publish","4":"has-post-thumbnail","6":"product_cat-pe-materials","8":"first","9":"instock","10":"shipping-taxable","11":"product-type-grouped"},"acf":[],"_links":{"self":[{"href":"https:\/\/goldensoarpackage.com\/fr\/wp-json\/wp\/v2\/product\/6510","targetHints":{"allow":["GET"]}}],"collection":[{"href":"https:\/\/goldensoarpackage.com\/fr\/wp-json\/wp\/v2\/product"}],"about":[{"href":"https:\/\/goldensoarpackage.com\/fr\/wp-json\/wp\/v2\/types\/product"}],"replies":[{"embeddable":true,"href":"https:\/\/goldensoarpackage.com\/fr\/wp-json\/wp\/v2\/comments?post=6510"}],"wp:featuredmedia":[{"embeddable":true,"href":"https:\/\/goldensoarpackage.com\/fr\/wp-json\/wp\/v2\/media\/9152"}],"wp:attachment":[{"href":"https:\/\/goldensoarpackage.com\/fr\/wp-json\/wp\/v2\/media?parent=6510"}],"wp:term":[{"taxonomy":"product_brand","embeddable":true,"href":"https:\/\/goldensoarpackage.com\/fr\/wp-json\/wp\/v2\/product_brand?post=6510"},{"taxonomy":"product_cat","embeddable":true,"href":"https:\/\/goldensoarpackage.com\/fr\/wp-json\/wp\/v2\/product_cat?post=6510"},{"taxonomy":"product_tag","embeddable":true,"href":"https:\/\/goldensoarpackage.com\/fr\/wp-json\/wp\/v2\/product_tag?post=6510"}],"curies":[{"name":"wp","href":"https:\/\/api.w.org\/{rel}","templated":true}]}}