{"id":6137,"date":"2025-08-26T05:57:41","date_gmt":"2025-08-26T05:57:41","guid":{"rendered":"https:\/\/goldensoarpackage.com\/?post_type=product&#038;p=6137"},"modified":"2025-08-26T06:25:37","modified_gmt":"2025-08-26T06:25:37","slug":"boites-daerosol-en-aluminium-boites-en-aluminium-vides","status":"publish","type":"product","link":"https:\/\/goldensoarpackage.com\/fr\/boites-daerosol-en-aluminium-boites-en-aluminium-vides\/","title":{"rendered":"Bo\u00eetes vides en aluminium | Bo\u00eetes a\u00e9rosol en aluminium de haute qualit\u00e9 pour l'emballage de sprays cosm\u00e9tiques et d'insecticides OEM personnalisable"},"content":{"rendered":"<div style=\"width: 1200px;\" class=\"wp-video\"><video class=\"wp-video-shortcode\" id=\"video-6137-1\" width=\"1200\" height=\"675\" preload=\"metadata\" controls=\"controls\"><source type=\"video\/mp4\" src=\"https:\/\/goldensoarpackage.com\/wp-content\/uploads\/2025\/08\/A-GS014.mp4?_=1\" \/><a href=\"https:\/\/goldensoarpackage.com\/wp-content\/uploads\/2025\/08\/A-GS014.mp4\">https:\/\/goldensoarpackage.com\/wp-content\/uploads\/2025\/08\/A-GS014.mp4<\/a><\/video><\/div>\n<section style=\"font-family: Arial, sans-serif; line-height: 1.7; color: #333; max-width: 100%; padding: 15px;\">\n<header>\n<h1 style=\"color: #0073aa; font-size: 26px; text-align: center; margin-bottom: 15px;\">\ud83c\udf0d Bo\u00eetes cylindriques vides en aluminium pour a\u00e9rosols cosm\u00e9tiques et insecticides<\/h1>\n<\/header>\n<p><!-- Introduction --><\/p>\n<section>\n<h2 style=\"color: #d35400; font-size: 22px; margin-top: 20px;\">\ud83d\udccc Introduction<\/h2>\n<p>Notre <span style=\"color: #0073aa; font-weight: bold;\">bo\u00eetes d'a\u00e9rosol en aluminium<\/span> et <span style=\"color: #0073aa; font-weight: bold;\">canettes en aluminium vides<\/span> sont fabriqu\u00e9es en aluminium de haute puret\u00e9 pour r\u00e9pondre \u00e0 la demande croissante de solutions d'emballage s\u00fbres, durables et personnalisables. Ces bo\u00eetes m\u00e9talliques cylindriques sont largement utilis\u00e9es dans des secteurs allant des cosm\u00e9tiques et des produits pharmaceutiques aux insecticides m\u00e9nagers et aux sprays industriels.<br \/>\nGr\u00e2ce \u00e0 leur conception sans soudure, leur excellente \u00e9tanch\u00e9it\u00e9 et leur r\u00e9sistance \u00e0 la corrosion, ils constituent un choix d'emballage de premier ordre pour les marques internationales qui accordent de l'importance \u00e0 la performance, \u00e0 la durabilit\u00e9 et \u00e0 l'attrait du march\u00e9.<\/p>\n<\/section>\n<p><!-- OEM + Customization --><\/p>\n<section>\n<h2 style=\"color: #27ae60; font-size: 22px; margin-top: 20px;\">\ud83c\udfed Expertise en mati\u00e8re d'OEM et de personnalisation<\/h2>\n<p>Avec plus d'une d\u00e9cennie d'exp\u00e9rience dans le secteur, nous sommes sp\u00e9cialis\u00e9s dans les domaines suivants <strong>Production OEM et personnalisable<\/strong> de bo\u00eetes d'a\u00e9rosol en aluminium. Nos capacit\u00e9s comprennent des tailles sur mesure, des finitions de surface personnalis\u00e9es, l'impression de marques priv\u00e9es et des rev\u00eatements int\u00e9rieurs protecteurs con\u00e7us pour correspondre \u00e0 la formulation de votre produit.<br \/>\nQue vous ayez besoin de <span style=\"color: #0073aa; font-weight: bold;\">emballage de spray cosm\u00e9tique<\/span>, <span style=\"color: #0073aa; font-weight: bold;\">r\u00e9cipients pharmaceutiques pour a\u00e9rosols<\/span>, ou <span style=\"color: #0073aa; font-weight: bold;\">bo\u00eetes d'insecticide<\/span>, Nous proposons des solutions flexibles qui s'adaptent \u00e0 votre strat\u00e9gie de marque et \u00e0 vos exigences en mati\u00e8re de conformit\u00e9.<\/p>\n<ul style=\"margin-left: 20px;\">\n<li>\ud83c\udfa8 Impression personnalis\u00e9e jusqu'\u00e0 8 couleurs avec finition brillante ou mate<\/li>\n<li>\ud83d\udce6 Label priv\u00e9 et conception OEM pour les march\u00e9s mondiaux<\/li>\n<li>\ud83d\udd12 Rev\u00eatements int\u00e9rieurs pour prot\u00e9ger contre les formulations agressives<\/li>\n<li>\u2699\ufe0f MOQ flexible avec capacit\u00e9 de production en masse<\/li>\n<li>\ud83c\udf31 Aluminium recyclable respectueux de l'environnement pour soutenir les objectifs de d\u00e9veloppement durable<\/li>\n<\/ul>\n<\/section>\n<p><!-- Applications --><\/p>\n<section>\n<h2 style=\"color: #8e44ad; font-size: 22px; margin-top: 20px;\">\ud83d\udee0\ufe0f Applications des bombes a\u00e9rosols en aluminium<\/h2>\n<p>La polyvalence des <span style=\"color: #0073aa; font-weight: bold;\">canettes en aluminium vides <\/span>les rend aptes \u00e0 une large gamme d'applications d'emballage :<\/p>\n<ul style=\"margin-left: 20px;\">\n<li><strong>L'industrie cosm\u00e9tique :<\/strong> Vaporisateurs pour cheveux, d\u00e9odorants, mousses \u00e0 raser, parfums corporels<\/li>\n<li><strong>Produits pharmaceutiques :<\/strong> Sprays m\u00e9dicaux, d\u00e9sinfectants, a\u00e9rosols pour le traitement de la peau<\/li>\n<li><strong>Produits m\u00e9nagers :<\/strong> D\u00e9sodorisants, insectifuges, sprays de nettoyage<\/li>\n<li><strong>Alimentation et boissons :<\/strong> Cr\u00e8me fouett\u00e9e, huiles alimentaires en spray<\/li>\n<li><strong>Industrie et automobile :<\/strong> Lubrifiants, sprays antirouille, nettoyants automobiles<\/li>\n<\/ul>\n<\/section>\n<p><!-- Specifications --><\/p>\n<section>\n<h2 style=\"color: #c0392b; font-size: 22px; margin-top: 20px;\">\ud83d\udccf Sp\u00e9cifications du produit<\/h2>\n<p>Notre gamme de <span style=\"color: #0073aa; font-weight: bold;\">bo\u00eetes d'a\u00e9rosol en aluminium <\/span>comprend plusieurs tailles et capacit\u00e9s pour r\u00e9pondre \u00e0 divers besoins d'emballage. Vous trouverez ci-dessous les dimensions standard :<\/p>\n<div style=\"overflow-x: auto;\">\n<table border=\"1\" width=\"100%\" cellspacing=\"0\" cellpadding=\"0\">\n<tbody>\n<tr style=\"background: #0073aa; color: #fff; text-align: center;\">\n<td style=\"text-align: center;\">Diam\u00e8tre (mm)<\/td>\n<td style=\"text-align: center;\">Hauteur (mm)<\/td>\n<td style=\"text-align: center;\" colspan=\"3\">Capacit\u00e9 nominale (ml)<\/td>\n<td style=\"text-align: center;\" colspan=\"3\">Capacit\u00e9 maximale (ml)<\/td>\n<\/tr>\n<tr>\n<td style=\"text-align: center;\" rowspan=\"5\">\u00d845<\/td>\n<td style=\"text-align: center;\">100<\/td>\n<td style=\"text-align: center;\" colspan=\"3\">70\/100<\/td>\n<td style=\"text-align: center;\" colspan=\"3\">140<\/td>\n<\/tr>\n<tr style=\"background: #f9f9f9;\">\n<td style=\"text-align: center;\">105<\/td>\n<td style=\"text-align: center;\" colspan=\"3\">120<\/td>\n<td style=\"text-align: center;\" colspan=\"3\">150<\/td>\n<\/tr>\n<tr>\n<td style=\"text-align: center;\">118<\/td>\n<td style=\"text-align: center;\" colspan=\"3\">125<\/td>\n<td style=\"text-align: center;\" colspan=\"3\">165<\/td>\n<\/tr>\n<tr style=\"background: #f9f9f9;\">\n<td style=\"text-align: center;\">140<\/td>\n<td style=\"text-align: center;\" colspan=\"3\">150<\/td>\n<td style=\"text-align: center;\" colspan=\"3\">200<\/td>\n<\/tr>\n<tr>\n<td style=\"text-align: center;\">178<\/td>\n<td style=\"text-align: center;\" colspan=\"3\">200<\/td>\n<td style=\"text-align: center;\" colspan=\"3\">250<\/td>\n<\/tr>\n<tr style=\"background: #0073aa; color: #fff;\">\n<td style=\"text-align: center;\">Diam\u00e8tre (mm)<\/td>\n<td style=\"text-align: center;\">Hauteur (mm)<\/td>\n<td style=\"text-align: center;\" colspan=\"3\">Capacit\u00e9 nominale (ml)<\/td>\n<td style=\"text-align: center;\" colspan=\"3\">Capacit\u00e9 maximale (ml)<\/td>\n<\/tr>\n<tr>\n<td style=\"text-align: center;\" rowspan=\"8\">\u00d852<\/td>\n<td style=\"text-align: center;\">105<\/td>\n<td style=\"text-align: center;\" colspan=\"3\">150<\/td>\n<td style=\"text-align: center;\" colspan=\"3\">200<\/td>\n<\/tr>\n<tr style=\"background: #f9f9f9;\">\n<td style=\"text-align: center;\">130<\/td>\n<td style=\"text-align: center;\" colspan=\"3\">200<\/td>\n<td style=\"text-align: center;\" colspan=\"3\">250<\/td>\n<\/tr>\n<tr>\n<td style=\"text-align: center;\">141<\/td>\n<td style=\"text-align: center;\" colspan=\"3\">210<\/td>\n<td style=\"text-align: center;\" colspan=\"3\">270<\/td>\n<\/tr>\n<tr style=\"background: #f9f9f9;\">\n<td style=\"text-align: center;\">156<\/td>\n<td style=\"text-align: center;\" colspan=\"3\">220<\/td>\n<td style=\"text-align: center;\" colspan=\"3\">295<\/td>\n<\/tr>\n<tr>\n<td style=\"text-align: center;\">165<\/td>\n<td style=\"text-align: center;\" colspan=\"3\">300<\/td>\n<td style=\"text-align: center;\" colspan=\"3\">320<\/td>\n<\/tr>\n<tr style=\"background: #f9f9f9;\">\n<td style=\"text-align: center;\">195<\/td>\n<td style=\"text-align: center;\" colspan=\"3\">330<\/td>\n<td style=\"text-align: center;\" colspan=\"3\">400<\/td>\n<\/tr>\n<tr>\n<td style=\"text-align: center;\">200<\/td>\n<td style=\"text-align: center;\" colspan=\"3\">320\/330<\/td>\n<td style=\"text-align: center;\" colspan=\"3\">420<\/td>\n<\/tr>\n<tr style=\"background: #f9f9f9;\">\n<td style=\"text-align: center;\">210<\/td>\n<td style=\"text-align: center;\" colspan=\"3\">320\/380<\/td>\n<td style=\"text-align: center;\" colspan=\"3\">440<\/td>\n<\/tr>\n<tr style=\"background: #0073aa; color: #fff;\">\n<td style=\"text-align: center;\">Diam\u00e8tre (mm)<\/td>\n<td style=\"text-align: center;\">Hauteur (mm)<\/td>\n<td style=\"text-align: center;\" colspan=\"3\">Capacit\u00e9 nominale (ml)<\/td>\n<td style=\"text-align: center;\" colspan=\"3\">Capacit\u00e9 maximale (ml)<\/td>\n<\/tr>\n<tr>\n<td style=\"text-align: center;\" rowspan=\"3\">\u00d857<\/td>\n<td style=\"text-align: center;\">164<\/td>\n<td style=\"text-align: center;\" colspan=\"3\">300<\/td>\n<td style=\"text-align: center;\" colspan=\"3\">375<\/td>\n<\/tr>\n<tr style=\"background: #f9f9f9;\">\n<td style=\"text-align: center;\">207<\/td>\n<td style=\"text-align: center;\" colspan=\"3\">400<\/td>\n<td style=\"text-align: center;\" colspan=\"3\">480<\/td>\n<\/tr>\n<tr>\n<td style=\"text-align: center;\">257<\/td>\n<td style=\"text-align: center;\" colspan=\"3\">500<\/td>\n<td style=\"text-align: center;\" colspan=\"3\">600<\/td>\n<\/tr>\n<tr style=\"background: #0073aa; color: #fff;\">\n<td style=\"text-align: center;\">Diam\u00e8tre (mm)<\/td>\n<td style=\"text-align: center;\">Hauteur (mm)<\/td>\n<td style=\"text-align: center;\" colspan=\"3\">Capacit\u00e9 nominale (ml)<\/td>\n<td style=\"text-align: center;\" colspan=\"3\">Capacit\u00e9 maximale (ml)<\/td>\n<\/tr>\n<tr>\n<td style=\"text-align: center;\" rowspan=\"6\">\u00d865<\/td>\n<td style=\"text-align: center;\">100<\/td>\n<td style=\"text-align: center;\" colspan=\"3\">235\/300<\/td>\n<td style=\"text-align: center;\" colspan=\"3\">290<\/td>\n<\/tr>\n<tr style=\"background: #f9f9f9;\">\n<td style=\"text-align: center;\">125<\/td>\n<td style=\"text-align: center;\" colspan=\"3\">300<\/td>\n<td style=\"text-align: center;\" colspan=\"3\">350<\/td>\n<\/tr>\n<tr>\n<td style=\"text-align: center;\">158<\/td>\n<td style=\"text-align: center;\" colspan=\"3\">400\/450<\/td>\n<td style=\"text-align: center;\" colspan=\"3\">460<\/td>\n<\/tr>\n<tr style=\"background: #f9f9f9;\">\n<td style=\"text-align: center;\">195<\/td>\n<td style=\"text-align: center;\" colspan=\"3\">500<\/td>\n<td style=\"text-align: center;\" colspan=\"3\">580<\/td>\n<\/tr>\n<tr>\n<td style=\"text-align: center;\">240<\/td>\n<td style=\"text-align: center;\" colspan=\"3\">600<\/td>\n<td style=\"text-align: center;\" colspan=\"3\">720<\/td>\n<\/tr>\n<tr style=\"background: #f9f9f9;\">\n<td style=\"text-align: center;\">300<\/td>\n<td style=\"text-align: center;\" colspan=\"3\">750<\/td>\n<td style=\"text-align: center;\" colspan=\"3\">920<\/td>\n<\/tr>\n<tr style=\"background: #0073aa; color: #fff;\">\n<td style=\"text-align: center;\">Diam\u00e8tre (mm)<\/td>\n<td style=\"text-align: center;\">Hauteur (mm)<\/td>\n<td style=\"text-align: center;\" colspan=\"3\">Capacit\u00e9 nominale (ml)<\/td>\n<td style=\"text-align: center;\" colspan=\"3\">Capacit\u00e9 maximale (ml)<\/td>\n<\/tr>\n<tr>\n<td style=\"text-align: center;\" rowspan=\"2\">\u00d870<\/td>\n<td style=\"text-align: center;\">210<\/td>\n<td style=\"text-align: center;\" colspan=\"3\">650\/750<\/td>\n<td style=\"text-align: center;\" colspan=\"3\">750<\/td>\n<\/tr>\n<tr style=\"background: #f9f9f9;\">\n<td style=\"text-align: center;\">240<\/td>\n<td style=\"text-align: center;\" colspan=\"3\">750\/850<\/td>\n<td style=\"text-align: center;\" colspan=\"3\">\u00a0850<\/td>\n<\/tr>\n<\/tbody>\n<\/table>\n<\/div>\n<\/section>\n<p><!-- Advantages --><\/p>\n<section>\n<h2 style=\"color: #2980b9; font-size: 22px; margin-top: 20px;\">\ud83d\udca1 Avantages des bombes a\u00e9rosols en aluminium<\/h2>\n<ul style=\"margin-left: 20px;\">\n<li>\ud83d\udd12 Structure sans soudure pour une r\u00e9sistance \u00e0 la pression et une s\u00e9curit\u00e9 maximales<\/li>\n<li>\ud83e\udeb6 Conception l\u00e9g\u00e8re avec une grande durabilit\u00e9<\/li>\n<li>\ud83c\udf31 Mat\u00e9riau enti\u00e8rement recyclable contribuant \u00e0 la r\u00e9alisation d'objectifs \u00e9cologiques<\/li>\n<li>\ud83c\udfa8 Large personnalisation avec des options d'impression, de gaufrage et de rev\u00eatement<\/li>\n<li>\ud83d\udce6 MOQ flexible et d\u00e9lai de livraison rapide pour les clients OEM<\/li>\n<\/ul>\n<\/section>\n<p><!-- Packaging & Delivery --><\/p>\n<section>\n<h2 style=\"color: #16a085; font-size: 22px; margin-top: 20px;\">\ud83d\udce6 Emballage et livraison<\/h2>\n<p>Tous <span style=\"color: #0073aa; font-weight: bold;\">canettes en aluminium vides<\/span> sont soigneusement emball\u00e9s pour garantir une livraison en toute s\u00e9curit\u00e9 :<\/p>\n<ul style=\"margin-left: 20px;\">\n<li><strong>Emballage :<\/strong> Cartons avec s\u00e9parateurs de protection ou palettes d'exportation<\/li>\n<li><strong>MOQ :<\/strong> N\u00e9gociable, typiquement 10 000 pi\u00e8ces par sp\u00e9cification<\/li>\n<li><strong>D\u00e9lai d'ex\u00e9cution :<\/strong> 15 - 25 jours ouvrables apr\u00e8s la confirmation<\/li>\n<li><strong>Personnalisation :<\/strong> Possibilit\u00e9 d'impression de logos, de rev\u00eatements et de dessins en plusieurs couleurs<\/li>\n<\/ul>\n<\/section>\n<p><!-- Sustainability --><\/p>\n<section>\n<h2 style=\"color: #9b59b6; font-size: 22px; margin-top: 20px;\">\ud83c\udf31 Engagement en mati\u00e8re de d\u00e9veloppement durable<\/h2>\n<p>Nous nous effor\u00e7ons de r\u00e9duire l'impact sur l'environnement en proposant <span style=\"color: #0073aa; font-weight: bold;\">100% emballage en aluminium recyclable<\/span>.<br \/>\nEn choisissant notre <strong>bo\u00eetes d'a\u00e9rosol en aluminium<\/strong>, Gr\u00e2ce \u00e0 ce syst\u00e8me, vous vous alignez sur les pratiques respectueuses de l'environnement tout en proposant des emballages performants aux consommateurs.<br \/>\nNotre processus de production met l'accent sur l'efficacit\u00e9 \u00e9nerg\u00e9tique, la r\u00e9cup\u00e9ration des mat\u00e9riaux et le respect des normes de s\u00e9curit\u00e9 internationales.<\/p>\n<\/section>\n<p><!-- Conclusion --><\/p>\n<section>\n<h2 style=\"color: #e67e22; font-size: 22px; margin-top: 20px;\">\ud83d\ude80 Conclusion<\/h2>\n<p>Notre <span style=\"color: #0073aa; font-weight: bold;\">canettes en aluminium vides<\/span> et <span style=\"color: #0073aa; font-weight: bold;\">bo\u00eetes d'a\u00e9rosol en aluminium<\/span> offrent une solution d'emballage haut de gamme pour les cosm\u00e9tiques, les insecticides, les produits pharmaceutiques, les produits alimentaires et les produits industriels. Avec de fortes capacit\u00e9s de personnalisation OEM, des mat\u00e9riaux de haute qualit\u00e9 et un engagement en faveur du d\u00e9veloppement durable, nous sommes votre partenaire de confiance pour les besoins mondiaux en mati\u00e8re d'emballage.<\/p>\n<\/section>\n<\/section>","protected":false},"excerpt":{"rendered":"<p>D\u00e9couvrez les bo\u00eetes a\u00e9rosols en aluminium de qualit\u00e9 sup\u00e9rieure et les bo\u00eetes vides en aluminium con\u00e7ues pour les sprays cosm\u00e9tiques et les emballages d'insecticides. OEM et personnalisation disponibles avec de l'aluminium durable, l\u00e9ger et recyclable pour les industries du monde entier.<\/p>","protected":false},"featured_media":6096,"comment_status":"closed","ping_status":"closed","template":"","meta":{"_acf_changed":false},"product_brand":[],"product_cat":[39],"product_tag":[],"class_list":{"0":"post-6137","1":"product","2":"type-product","3":"status-publish","4":"has-post-thumbnail","6":"product_cat-aluminum-materials","8":"first","9":"instock","10":"shipping-taxable","11":"product-type-grouped"},"acf":[],"_links":{"self":[{"href":"https:\/\/goldensoarpackage.com\/fr\/wp-json\/wp\/v2\/product\/6137","targetHints":{"allow":["GET"]}}],"collection":[{"href":"https:\/\/goldensoarpackage.com\/fr\/wp-json\/wp\/v2\/product"}],"about":[{"href":"https:\/\/goldensoarpackage.com\/fr\/wp-json\/wp\/v2\/types\/product"}],"replies":[{"embeddable":true,"href":"https:\/\/goldensoarpackage.com\/fr\/wp-json\/wp\/v2\/comments?post=6137"}],"wp:featuredmedia":[{"embeddable":true,"href":"https:\/\/goldensoarpackage.com\/fr\/wp-json\/wp\/v2\/media\/6096"}],"wp:attachment":[{"href":"https:\/\/goldensoarpackage.com\/fr\/wp-json\/wp\/v2\/media?parent=6137"}],"wp:term":[{"taxonomy":"product_brand","embeddable":true,"href":"https:\/\/goldensoarpackage.com\/fr\/wp-json\/wp\/v2\/product_brand?post=6137"},{"taxonomy":"product_cat","embeddable":true,"href":"https:\/\/goldensoarpackage.com\/fr\/wp-json\/wp\/v2\/product_cat?post=6137"},{"taxonomy":"product_tag","embeddable":true,"href":"https:\/\/goldensoarpackage.com\/fr\/wp-json\/wp\/v2\/product_tag?post=6137"}],"curies":[{"name":"wp","href":"https:\/\/api.w.org\/{rel}","templated":true}]}}