{"id":6098,"date":"2025-08-25T08:59:37","date_gmt":"2025-08-25T08:59:37","guid":{"rendered":"https:\/\/goldensoarpackage.com\/?post_type=product&#038;p=6098"},"modified":"2025-08-26T02:26:33","modified_gmt":"2025-08-26T02:26:33","slug":"composants-de-la-bombe-aerosol-haut-et-bas","status":"publish","type":"product","link":"https:\/\/goldensoarpackage.com\/fr\/composants-de-la-bombe-aerosol-haut-et-bas\/","title":{"rendered":"Composants de bombes a\u00e9rosols vides Pi\u00e8ces de pulv\u00e9risation sup\u00e9rieures et inf\u00e9rieures de bombes a\u00e9rosols C\u00f4ne et d\u00f4me OEM personnalisables"},"content":{"rendered":"<div style=\"width: 1200px;\" class=\"wp-video\"><video class=\"wp-video-shortcode\" id=\"video-6098-1\" width=\"1200\" height=\"675\" preload=\"metadata\" controls=\"controls\"><source type=\"video\/mp4\" src=\"https:\/\/goldensoarpackage.com\/wp-content\/uploads\/2025\/08\/A-GS015.mp4?_=1\" \/><a href=\"https:\/\/goldensoarpackage.com\/wp-content\/uploads\/2025\/08\/A-GS015.mp4\">https:\/\/goldensoarpackage.com\/wp-content\/uploads\/2025\/08\/A-GS015.mp4<\/a><\/video><\/div>\n<section style=\"font-family: Arial, sans-serif; line-height: 1.7; color: #333; max-width: 100%; padding: 15px;\">\n<header>\n<h1 style=\"color: #0073aa; font-size: 26px; text-align: center; margin-bottom: 15px;\">\u2699\ufe0f Composants de bombes a\u00e9rosols vides - Pi\u00e8ces de pulv\u00e9risation de haut et de bas de bombes a\u00e9rosols \u00e0 c\u00f4ne et \u00e0 d\u00f4me, couvertures, couvercles, capuchons<\/h1>\n<\/header>\n<p><!-- Introduction --><\/p>\n<section>\n<h2 style=\"color: #d35400; font-size: 22px; margin-top: 20px;\">\ud83d\udccc Introduction<\/h2>\n<p>Notre <span style=\"color: #0073aa; font-weight: bold;\">composants des bombes a\u00e9rosols<\/span>, y compris <span style=\"color: #0073aa; font-weight: bold;\">bombe a\u00e9rosol haut et bas<\/span> sont con\u00e7ues pour offrir des performances fiables, une excellente \u00e9tanch\u00e9it\u00e9 et un attrait esth\u00e9tique pour de nombreuses industries.<br \/>\nFabriqu\u00e9s en fer blanc et en aluminium de haute qualit\u00e9, ces c\u00f4nes, d\u00f4mes et couvercles de pulv\u00e9risation sont con\u00e7us avec pr\u00e9cision pour s'adapter \u00e0 des bombes a\u00e9rosols m\u00e9talliques de diff\u00e9rents diam\u00e8tres. Qu'ils soient utilis\u00e9s dans les cosm\u00e9tiques, les sprays m\u00e9nagers, les produits pharmaceutiques ou les applications industrielles, nos composants garantissent la s\u00e9curit\u00e9, la durabilit\u00e9 et la compatibilit\u00e9 avec les normes mondiales en mati\u00e8re d'emballage.<\/p>\n<\/section>\n<p><!-- OEM Customization --><\/p>\n<section>\n<h2 style=\"color: #27ae60; font-size: 22px; margin-top: 20px;\">\ud83c\udfed Expertise en mati\u00e8re d'OEM et de personnalisation<\/h2>\n<p>Gr\u00e2ce \u00e0 nos fortes capacit\u00e9s d'OEM et de personnalisation, nous fournissons des solutions flexibles adapt\u00e9es aux besoins de votre march\u00e9. Nos <strong>composants des bombes a\u00e9rosols<\/strong> permettent l'impression personnalis\u00e9e, des finitions de rev\u00eatement multiples, des ajustements de la r\u00e9sistance \u00e0 la pression et un marquage personnalis\u00e9.<br \/>\nCela permet aux clients de concevoir des emballages uniques qui renforcent la reconnaissance de la marque et la protection du produit.<\/p>\n<ul style=\"margin-left: 20px;\">\n<li>Couleurs ext\u00e9rieures multiples : blanc, argent, dor\u00e9, rouge, noir<\/li>\n<li>\ud83d\udee1\ufe0f Vernis int\u00e9rieurs : vernis ordinaire, vernis dor\u00e9 pour une meilleure protection<\/li>\n<li>\u2699\ufe0f Options pour diff\u00e9rents diam\u00e8tres et \u00e9paisseurs<\/li>\n<li>\ud83d\udce6 Qualit\u00e9 de fabrication flexible et production en vrac \u00e0 grande \u00e9chelle<\/li>\n<li>\ud83c\udf31 Mat\u00e9riaux recyclables pour un emballage respectueux de l'environnement<\/li>\n<\/ul>\n<\/section>\n<p><!-- Applications --><\/p>\n<section>\n<h2 style=\"color: #8e44ad; font-size: 22px; margin-top: 20px;\">\ud83d\udee0\ufe0f Applications des composants des bombes a\u00e9rosols<\/h2>\n<p>Notre <span style=\"color: #0073aa; font-weight: bold;\">bombe a\u00e9rosol haut et bas<\/span> sont compatibles avec une grande vari\u00e9t\u00e9 d'applications, notamment :<\/p>\n<ul style=\"margin-left: 20px;\">\n<li><strong>Emballage cosm\u00e9tique :<\/strong> Vaporisateurs pour cheveux, d\u00e9odorants, brumes corporelles, mousses de rasage<\/li>\n<li><strong>Produits pharmaceutiques :<\/strong> Sprays m\u00e9dicaux, d\u00e9sinfectants, a\u00e9rosols th\u00e9rapeutiques<\/li>\n<li><strong>Articles m\u00e9nagers :<\/strong> R\u00e9pulsifs contre les insectes, d\u00e9sodorisants, sprays de nettoyage<\/li>\n<li><strong>Industriel et automobile :<\/strong> Lubrifiants, sprays antirouille, nettoyants<\/li>\n<li><strong>Applications alimentaires :<\/strong> Distributeurs de cr\u00e8me fouett\u00e9e, vaporisateurs d'huile comestible<\/li>\n<\/ul>\n<\/section>\n<p><!-- Specifications --><\/p>\n<section>\n<h2 style=\"color: #c0392b; font-size: 22px; margin-top: 20px;\">\ud83d\udccf Sp\u00e9cifications du produit<\/h2>\n<p>Vous trouverez ci-dessous la fiche technique de notre <span style=\"color: #0073aa; font-weight: bold;\">composants des bombes a\u00e9rosols<\/span>, y compris les sommets et les fonds des c\u00f4nes et des d\u00f4mes. Ces param\u00e8tres garantissent la performance et la s\u00e9curit\u00e9 dans diff\u00e9rentes conditions de remplissage et de pulv\u00e9risation :<\/p>\n<div style=\"overflow-x: auto;\">\n<table style=\"width: 100%; border-collapse: collapse; text-align: center; margin-top: 10px;\">\n<thead>\n<tr style=\"background: #0073aa; color: #fff;\">\n<th style=\"padding: 8px; border: 1px solid #ddd; text-align: center;\">Diam\u00e8tre (mm)<\/th>\n<th style=\"padding: 8px; border: 1px solid #ddd; text-align: center;\">Couleur ext\u00e9rieure<\/th>\n<th style=\"padding: 8px; border: 1px solid #ddd; text-align: center;\">Laque int\u00e9rieure<\/th>\n<th style=\"padding: 8px; border: 1px solid #ddd; text-align: center;\">Pression de d\u00e9formation (MPa)<\/th>\n<th style=\"padding: 8px; border: 1px solid #ddd; text-align: center;\">Pression d'\u00e9clatement (MPa)<\/th>\n<th style=\"padding: 8px; border: 1px solid #ddd; text-align: center;\">\u00c9paisseur (mm)<\/th>\n<\/tr>\n<\/thead>\n<tbody>\n<tr>\n<td style=\"text-align: center;\">\u00f845<\/td>\n<td style=\"text-align: center;\" rowspan=\"5\">Blanc<br \/>\nArgent<br \/>\nDor\u00e9<br \/>\nRouge<br \/>\nNoir<\/td>\n<td style=\"text-align: center;\" rowspan=\"5\">Plaine<br \/>\nDor\u00e9<br \/>\nLaque<\/td>\n<td style=\"text-align: center;\">1.2 ~ 1.8<\/td>\n<td style=\"text-align: center;\">1.2 ~ 1.8<\/td>\n<td style=\"text-align: center;\">0.28<\/td>\n<\/tr>\n<tr style=\"background: #f9f9f9;\">\n<td style=\"text-align: center;\">\u00f852<\/td>\n<td style=\"text-align: center;\">1.2 ~ 1.8<\/td>\n<td style=\"text-align: center;\">1.2 ~ 1.8<\/td>\n<td style=\"text-align: center;\">0.28<\/td>\n<\/tr>\n<tr>\n<td style=\"text-align: center;\">\u00f857<\/td>\n<td style=\"text-align: center;\">1.2<\/td>\n<td style=\"text-align: center;\">1.2<\/td>\n<td style=\"text-align: center;\">0.28<\/td>\n<\/tr>\n<tr style=\"background: #f9f9f9;\">\n<td style=\"text-align: center;\">\u00f865<\/td>\n<td style=\"text-align: center;\">1.2 ~ 1.8<\/td>\n<td style=\"text-align: center;\">1.2 ~ 1.8<\/td>\n<td style=\"text-align: center;\">0.32 \/ 0.35 \/ 0.40<\/td>\n<\/tr>\n<tr>\n<td style=\"text-align: center;\">\u00f870<\/td>\n<td style=\"text-align: center;\">1.2<\/td>\n<td style=\"text-align: center;\">1.2<\/td>\n<td style=\"text-align: center;\">0.35<\/td>\n<\/tr>\n<\/tbody>\n<\/table>\n<\/div>\n<\/section>\n<p><!-- Advantages --><\/p>\n<section>\n<h2 style=\"color: #2980b9; font-size: 22px; margin-top: 20px;\">\ud83d\udca1 Avantages de nos composants pour bombes a\u00e9rosols<\/h2>\n<ul style=\"margin-left: 20px;\">\n<li>\ud83d\udd12 Forte r\u00e9sistance \u00e0 la pression garantissant un stockage et une utilisation s\u00fbrs<\/li>\n<li>\ud83d\udee1\ufe0f Fermeture fiable pour \u00e9viter les fuites et maintenir l'int\u00e9grit\u00e9 du produit<\/li>\n<li>\ud83e\udeb6 L\u00e9ger et durable pour un transport facile<\/li>\n<li>\ud83c\udfa8 Large gamme de couleurs et d'options de rev\u00eatement pour une plus grande souplesse de marquage<\/li>\n<li>\ud83c\udf31 Enti\u00e8rement recyclable, contribuant \u00e0 un emballage respectueux de l'environnement<\/li>\n<li>\u2699\ufe0f Support OEM avec des \u00e9paisseurs, des niveaux de pression et des finitions sur mesure<\/li>\n<\/ul>\n<\/section>\n<p><!-- Packaging & Delivery --><\/p>\n<section>\n<h2 style=\"color: #16a085; font-size: 22px; margin-top: 20px;\">\ud83d\udce6 Emballage et livraison<\/h2>\n<p>Pour garantir la qualit\u00e9 des produits pendant l'exp\u00e9dition et le stockage, notre <strong>bombe a\u00e9rosol haut et bas <\/strong>sont emball\u00e9es avec des mesures de protection :<\/p>\n<ul style=\"margin-left: 20px;\">\n<li><strong>Emballage :<\/strong> Cartons d'exportation standard avec intercalaires ou palettes<\/li>\n<li><strong>MOQ :<\/strong> N\u00e9gociable, flexible pour les clients OEM<\/li>\n<li><strong>D\u00e9lai d'ex\u00e9cution :<\/strong> 15 - 25 jours ouvrables en fonction de la quantit\u00e9 et de la personnalisation<\/li>\n<li><strong>Livraison :<\/strong> Par voie maritime, a\u00e9rienne ou express<\/li>\n<\/ul>\n<\/section>\n<p><!-- Sustainability --><\/p>\n<section>\n<h2 style=\"color: #9b59b6; font-size: 22px; margin-top: 20px;\">\ud83c\udf31 Engagement en faveur du d\u00e9veloppement durable<\/h2>\n<p>Notre processus de production met l'accent sur des pratiques respectueuses de l'environnement, depuis l'approvisionnement en mat\u00e9riaux jusqu'au recyclage et \u00e0 la r\u00e9duction des d\u00e9chets. En choisissant <span style=\"color: #0073aa; font-weight: bold;\">composants des bombes a\u00e9rosols <\/span>Fabriqu\u00e9es \u00e0 partir de m\u00e9taux recyclables, elles garantissent non seulement la s\u00e9curit\u00e9 et la performance, mais contribuent \u00e9galement aux initiatives mondiales en mati\u00e8re de d\u00e9veloppement durable. Nos solutions sont donc id\u00e9ales pour les marques qui cherchent \u00e0 renforcer leur responsabilit\u00e9 environnementale.<\/p>\n<\/section>\n<p><!-- Conclusion --><\/p>\n<section>\n<h2 style=\"color: #e67e22; font-size: 22px; margin-top: 20px;\">\ud83d\ude80 Conclusion<\/h2>\n<p>Notre <span style=\"color: #0073aa; font-weight: bold;\">composants des bombes a\u00e9rosols<\/span>, y compris <span style=\"color: #0073aa; font-weight: bold;\">bombe a\u00e9rosol haut et bas<\/span>, Les produits de l'entreprise, les produits de l'entreprise, les produits de l'entreprise, les produits de l'entreprise, les produits de l'entreprise, les produits de l'entreprise, les produits de l'entreprise et les produits de l'entreprise. Gr\u00e2ce \u00e0 nos capacit\u00e9s OEM, \u00e0 nos techniques de production avanc\u00e9es et \u00e0 notre contr\u00f4le strict de la qualit\u00e9, nous fournissons des composants qui r\u00e9pondent aux normes internationales et soutiennent la croissance de votre marque. Que vous ayez besoin de c\u00f4nes, de d\u00f4mes, de couvercles, de capuchons ou de couvercles de pulv\u00e9risation, nous sommes votre partenaire de confiance en mati\u00e8re d'emballage d'a\u00e9rosols haute performance.<\/p>\n<\/section>\n<\/section>","protected":false},"excerpt":{"rendered":"<p>Composants de premi\u00e8re qualit\u00e9 pour bombes a\u00e9rosols, y compris les parties sup\u00e9rieures et inf\u00e9rieures des bombes a\u00e9rosols, les c\u00f4nes, les d\u00f4mes, les couvercles et les couvercles de pulv\u00e9risation. Des conceptions OEM et personnalisables sont disponibles avec des mat\u00e9riaux durables, une r\u00e9sistance \u00e0 la pression et des options multicolores.<\/p>","protected":false},"featured_media":6099,"comment_status":"closed","ping_status":"closed","template":"","meta":{"_acf_changed":false},"product_brand":[],"product_cat":[39],"product_tag":[],"class_list":{"0":"post-6098","1":"product","2":"type-product","3":"status-publish","4":"has-post-thumbnail","6":"product_cat-aluminum-materials","8":"first","9":"instock","10":"shipping-taxable","11":"product-type-grouped"},"acf":[],"_links":{"self":[{"href":"https:\/\/goldensoarpackage.com\/fr\/wp-json\/wp\/v2\/product\/6098","targetHints":{"allow":["GET"]}}],"collection":[{"href":"https:\/\/goldensoarpackage.com\/fr\/wp-json\/wp\/v2\/product"}],"about":[{"href":"https:\/\/goldensoarpackage.com\/fr\/wp-json\/wp\/v2\/types\/product"}],"replies":[{"embeddable":true,"href":"https:\/\/goldensoarpackage.com\/fr\/wp-json\/wp\/v2\/comments?post=6098"}],"wp:featuredmedia":[{"embeddable":true,"href":"https:\/\/goldensoarpackage.com\/fr\/wp-json\/wp\/v2\/media\/6099"}],"wp:attachment":[{"href":"https:\/\/goldensoarpackage.com\/fr\/wp-json\/wp\/v2\/media?parent=6098"}],"wp:term":[{"taxonomy":"product_brand","embeddable":true,"href":"https:\/\/goldensoarpackage.com\/fr\/wp-json\/wp\/v2\/product_brand?post=6098"},{"taxonomy":"product_cat","embeddable":true,"href":"https:\/\/goldensoarpackage.com\/fr\/wp-json\/wp\/v2\/product_cat?post=6098"},{"taxonomy":"product_tag","embeddable":true,"href":"https:\/\/goldensoarpackage.com\/fr\/wp-json\/wp\/v2\/product_tag?post=6098"}],"curies":[{"name":"wp","href":"https:\/\/api.w.org\/{rel}","templated":true}]}}