{"id":6017,"date":"2025-08-23T05:35:26","date_gmt":"2025-08-23T05:35:26","guid":{"rendered":"https:\/\/goldensoarpackage.com\/?post_type=product&#038;p=6017"},"modified":"2025-08-23T08:18:04","modified_gmt":"2025-08-23T08:18:04","slug":"flacon-de-shampoing-de-voyage-flacon-de-voyage","status":"publish","type":"product","link":"https:\/\/goldensoarpackage.com\/fr\/flacon-de-shampoing-de-voyage-flacon-de-voyage\/","title":{"rendered":"Flacons de Shampoing de Voyage Anti-fuite Silicone Bouteilles de Voyage Vides Rechargeables Lotion Gel Douche Articles de Toilette"},"content":{"rendered":"<section style=\"width: 100%; font-family: Arial,sans-serif; line-height: 1.6; color: #333;\">\n<header>\n<h1 style=\"font-size: 24px; font-weight: bold; text-align: center;\">Bouteille de Shampoing de Voyage Silicone Souple Lotion Douche Gel de Toilette Portable<\/h1>\n<\/header>\n<p>Rendons vos voyages plus faciles, plus \u00e9cologiques et plus beaux gr\u00e2ce \u00e0 <strong>Flacons de shampooing format voyage<\/strong>! Fabriqu\u00e9es en silicone alimentaire 100% avec un couvercle en PP durable, ces bouteilles de voyage sont douces, l\u00e9g\u00e8res et durables. Le silicone est non toxique et insipide, et le couvercle en PP est s\u00fbr et \u00e9tanche, ce qui les rend adapt\u00e9es aux voyages en avion. Qu'il s'agisse de shampoing, de gel douche, d'apr\u00e8s-shampoing, de lotion pour le corps ou de d\u00e9sinfectant, ce flacon de voyage de 90 ml est pratique et durable.<\/p>\n<h2 style=\"font-size: 20px; font-weight: bold; margin-top: 20px;\">\ud83c\udf1f Points forts du produit<\/h2>\n<ul style=\"margin: 10px 0 10px 20px;\">\n<li>90ml \/ 3oz Format de voyage approuv\u00e9 par le TSA, parfait pour les vols.<\/li>\n<li>Fabriqu\u00e9 en silicone alimentaire 100% + couvercle en PP pour une meilleure durabilit\u00e9.<\/li>\n<li>La conception \u00e9tanche permet d'\u00e9viter les d\u00e9versements dans les bagages.<\/li>\n<li>Corps souple et compressible pour une distribution facile.<\/li>\n<li>Service OEM et ODM pour le marquage et l'emballage.<\/li>\n<\/ul>\n<h2 style=\"font-size: 20px; font-weight: bold; margin-top: 20px;\">\u2714\ufe0f Pourquoi choisir les flacons de voyage vides ?<\/h2>\n<p>Sup\u00e9rieures aux bouteilles en plastique dur, ces <strong>contenants de shampoing format voyage<\/strong> sont \u00e0 la fois souples et robustes. Le corps en silicone souple facilite la distribution, tandis que le bouchon \u00e9tanche emp\u00eache les fuites. Parfaites pour les vols, les salles de sport, le camping ou les trajets quotidiens. L\u00e9gers et r\u00e9utilisables, ils contribuent \u00e0 r\u00e9duire les d\u00e9chets plastiques tout en assurant la s\u00e9curit\u00e9 et le transport de vos soins personnels.<\/p>\n<h2 style=\"font-size: 20px; font-weight: bold; margin-top: 20px;\">\ud83d\udcbc Applications polyvalentes<\/h2>\n<p>Ces mini-bouteilles de voyage sont multifonctionnelles et conviennent pour :<\/p>\n<ul style=\"margin: 10px 0 10px 20px;\">\n<li>\ud83e\uddf4 Soins capillaires - Shampooing, apr\u00e8s-shampooing, s\u00e9rums coiffants.<\/li>\n<li>\ud83d\udc84 Soins de la peau - Lotions, cr\u00e8mes, \u00e9crans solaires, hydratants.<\/li>\n<li>\ud83d\udc76 Baby Essentials - Huile pour b\u00e9b\u00e9, lotion, shampoing doux.<\/li>\n<li>\ud83e\udd57 Alimentation et cuisine - Sauces, assaisonnements pour salades, condiments.<\/li>\n<li>\ud83c\udfd5\ufe0f Outdoor Adventures - D\u00e9sinfectants, savon, gels, cr\u00e8me solaire.<\/li>\n<\/ul>\n<h2 style=\"font-size: 20px; font-weight: bold; margin-top: 20px;\">\ud83d\udcca Sp\u00e9cifications du produit<\/h2>\n<table style=\"width: 100%; border-collapse: collapse; font-size: 14px; margin-bottom: 10px;\">\n<thead>\n<tr style=\"background-color: #f4f4f4;\">\n<th style=\"border: 1px solid #ccc; padding: 8px;\">Objet<\/th>\n<th style=\"border: 1px solid #ccc; padding: 8px;\">D\u00e9tails<\/th>\n<\/tr>\n<\/thead>\n<tbody>\n<tr>\n<td style=\"border: 1px solid #ccc; padding: 8px;\">Nom du produit<\/td>\n<td style=\"border: 1px solid #ccc; padding: 8px;\">Contenants de shampooing en format voyage<\/td>\n<\/tr>\n<tr>\n<td style=\"border: 1px solid #ccc; padding: 8px;\">Mod\u00e8le<\/td>\n<td style=\"border: 1px solid #ccc; padding: 8px;\">S-GS019<\/td>\n<\/tr>\n<tr>\n<td style=\"border: 1px solid #ccc; padding: 8px;\">Mat\u00e9riau<\/td>\n<td style=\"border: 1px solid #ccc; padding: 8px;\">Silicone alimentaire (bouteille) + PP (couvercle)<\/td>\n<\/tr>\n<tr>\n<td style=\"border: 1px solid #ccc; padding: 8px;\">Taille<\/td>\n<td style=\"border: 1px solid #ccc; padding: 8px;\">30*130mm<\/td>\n<\/tr>\n<tr>\n<td style=\"border: 1px solid #ccc; padding: 8px;\">Capacit\u00e9<\/td>\n<td style=\"border: 1px solid #ccc; padding: 8px;\">90ml<\/td>\n<\/tr>\n<tr>\n<td style=\"border: 1px solid #ccc; padding: 8px;\">Couleur<\/td>\n<td style=\"border: 1px solid #ccc; padding: 8px;\">Personnalisable<\/td>\n<\/tr>\n<tr>\n<td style=\"border: 1px solid #ccc; padding: 8px;\">Caract\u00e9ristiques<\/td>\n<td style=\"border: 1px solid #ccc; padding: 8px;\">Souris en forme d'animal de dessin anim\u00e9, \u00e9tanche, compressible, rechargeable, compacte, facile \u00e0 transporter<\/td>\n<\/tr>\n<tr>\n<td style=\"border: 1px solid #ccc; padding: 8px;\">Options OEM<\/td>\n<td style=\"border: 1px solid #ccc; padding: 8px;\">Couleurs personnalis\u00e9es, impression de logos, emballage, \u00e9tiquetage<\/td>\n<\/tr>\n<\/tbody>\n<\/table>\n<h2 style=\"font-size: 20px; font-weight: bold; margin-top: 20px;\">\ud83d\udd27 Expertise en mati\u00e8re d'OEM et de personnalisation<\/h2>\n<p>Nous sommes des fabricants professionnels offrant <strong>Services OEM et ODM<\/strong> pour les marques et les d\u00e9taillants internationaux. Forts d'une exp\u00e9rience de plusieurs dizaines d'ann\u00e9es dans la production de bouteilles en silicone, nous offrons des possibilit\u00e9s de personnalisation flexibles, notamment :<\/p>\n<ul style=\"margin: 10px 0 10px 20px;\">\n<li>\ud83c\udfa8 Correspondance des couleurs Pantone avec les palettes de la marque.<\/li>\n<li>\ud83d\udda8\ufe0f Impression du logo : s\u00e9rigraphie, gaufrage, transfert thermique.<\/li>\n<li>\ud83d\udce6 Emballage personnalis\u00e9 : cartons \u00e9cologiques, cartes blister, bo\u00eetes cadeaux.<\/li>\n<li>MOQ flexible, prise en charge des petites commandes et des commandes en gros.<\/li>\n<\/ul>\n<h2 style=\"font-size: 20px; font-weight: bold; margin-top: 20px;\">\ud83c\udf0d Durabilit\u00e9 et potentiel de march\u00e9<\/h2>\n<p>Les solutions \u00e9cologiques \u00e9tant de plus en plus demand\u00e9es, le <strong>contenants de shampoing format voyage<\/strong>\u00a0offrent de grandes possibilit\u00e9s dans le commerce \u00e9lectronique, la vente au d\u00e9tail de produits de style de vie, les cosm\u00e9tiques et les march\u00e9s des accessoires de voyage. \u00c9l\u00e9gants, pratiques et r\u00e9utilisables, ils contribuent \u00e0 positionner votre marque comme \u00e9tant respectueuse de l'environnement.<\/p>\n<h2 style=\"font-size: 20px; font-weight: bold; margin-top: 20px;\">\ud83d\udee1\ufe0f Normes de qualit\u00e9 et de s\u00e9curit\u00e9<\/h2>\n<p>Chaque bouteille est soumise \u00e0 des tests stricts concernant les fuites, la durabilit\u00e9 et les performances dans diverses conditions. Fabriqu\u00e9es en silicone et PP import\u00e9s de qualit\u00e9 alimentaire, elles sont conformes aux normes de l'Union europ\u00e9enne. <strong>Certifications FDA, SGS et ISO<\/strong>, garantissant la fiabilit\u00e9 et l'utilisation \u00e0 long terme dans le monde entier.<\/p>\n<h2 style=\"font-size: 20px; font-weight: bold; margin-top: 20px;\">\ud83d\ude9a Emballage et livraison<\/h2>\n<ul style=\"margin: 10px 0 10px 20px;\">\n<li>Emballage standard : Sac OPP avec carton en vrac.<\/li>\n<li>Options personnalis\u00e9es : cartons \u00e9cologiques marqu\u00e9s, bo\u00eetes-cadeaux, emballages pour la vente au d\u00e9tail.<\/li>\n<li>D\u00e9lai de livraison : 7-15 jours ouvrables pour les commandes en gros.<\/li>\n<li>Soutien logistique mondial pour une livraison s\u00fbre.<\/li>\n<\/ul>\n<h2 style=\"font-size: 20px; font-weight: bold; margin-top: 20px;\">\u2b50 Principaux avantages<\/h2>\n<ul style=\"margin: 10px 0 10px 20px;\">\n<li>\u2705 Format 90ml \/ 3oz approuv\u00e9 par le TSA.<\/li>\n<li>\u2705 Conception \u00e9tanche, compressible et rechargeable.<\/li>\n<li>\u2705 Utilisation polyvalente : articles de toilette, cosm\u00e9tiques, alimentation, b\u00e9b\u00e9, ext\u00e9rieur.<\/li>\n<li>\u2705 R\u00e9utilisable et \u00e9cologique.<\/li>\n<li>\u2705 Personnalisation OEM et ODM pour le marquage.<\/li>\n<li>\u2705 Certifi\u00e9 selon les normes de qualit\u00e9 internationales.<\/li>\n<\/ul>\n<h2 style=\"font-size: 20px; font-weight: bold; margin-top: 20px;\">\ud83c\udfaf Conclusion<\/h2>\n<p>Le <strong>S-GS019 Bouteille de voyage rechargeable \u00e9cologique<\/strong> est une solution pratique et personnalisable pour les voyageurs, les familles et les marques. Avec son design \u00e9pur\u00e9, sa garantie anti-fuite et son souci de durabilit\u00e9, c'est le choix id\u00e9al pour le mode de vie \u00e9co-conscient d'aujourd'hui. \ud83c\udf31<\/p>\n<\/section>","protected":false},"excerpt":{"rendered":"<p>R\u00e9cipients de shampoing de voyage durables en silicone de qualit\u00e9 alimentaire avec couvercles en PP \u00e9tanches. Ces flacons de voyage vides sont compressibles, rechargeables, approuv\u00e9s TSA et personnalisables pour les produits de toilette, le shampoing, l'apr\u00e8s-shampoing, la lotion et le gel douche.<\/p>","protected":false},"featured_media":6041,"comment_status":"closed","ping_status":"closed","template":"","meta":{"_acf_changed":false},"product_brand":[],"product_cat":[49],"product_tag":[],"class_list":{"0":"post-6017","1":"product","2":"type-product","3":"status-publish","4":"has-post-thumbnail","6":"product_cat-silicone-materials","8":"first","9":"instock","10":"shipping-taxable","11":"product-type-grouped"},"acf":[],"_links":{"self":[{"href":"https:\/\/goldensoarpackage.com\/fr\/wp-json\/wp\/v2\/product\/6017","targetHints":{"allow":["GET"]}}],"collection":[{"href":"https:\/\/goldensoarpackage.com\/fr\/wp-json\/wp\/v2\/product"}],"about":[{"href":"https:\/\/goldensoarpackage.com\/fr\/wp-json\/wp\/v2\/types\/product"}],"replies":[{"embeddable":true,"href":"https:\/\/goldensoarpackage.com\/fr\/wp-json\/wp\/v2\/comments?post=6017"}],"wp:featuredmedia":[{"embeddable":true,"href":"https:\/\/goldensoarpackage.com\/fr\/wp-json\/wp\/v2\/media\/6041"}],"wp:attachment":[{"href":"https:\/\/goldensoarpackage.com\/fr\/wp-json\/wp\/v2\/media?parent=6017"}],"wp:term":[{"taxonomy":"product_brand","embeddable":true,"href":"https:\/\/goldensoarpackage.com\/fr\/wp-json\/wp\/v2\/product_brand?post=6017"},{"taxonomy":"product_cat","embeddable":true,"href":"https:\/\/goldensoarpackage.com\/fr\/wp-json\/wp\/v2\/product_cat?post=6017"},{"taxonomy":"product_tag","embeddable":true,"href":"https:\/\/goldensoarpackage.com\/fr\/wp-json\/wp\/v2\/product_tag?post=6017"}],"curies":[{"name":"wp","href":"https:\/\/api.w.org\/{rel}","templated":true}]}}