{"id":6016,"date":"2025-08-23T05:34:17","date_gmt":"2025-08-23T05:34:17","guid":{"rendered":"https:\/\/goldensoarpackage.com\/?post_type=product&#038;p=6016"},"modified":"2025-08-23T07:35:31","modified_gmt":"2025-08-23T07:35:31","slug":"flacons-de-voyage-pour-articles-de-toilette","status":"publish","type":"product","link":"https:\/\/goldensoarpackage.com\/fr\/flacons-de-voyage-pour-articles-de-toilette\/","title":{"rendered":"Flacons de voyage pour articles de toilette 3oz R\u00e9cipients de voyage rechargeables \u00e9tanches sans BPA Accessoires en silicone \u00e0 presser"},"content":{"rendered":"<section style=\"width: 100%; font-family: Arial,sans-serif; line-height: 1.6; color: #333;\">\n<header>\n<h1 style=\"font-size: 24px; font-weight: bold; text-align: center;\">Bouteille de Voyage avec Trousse de Toilette | 3oz Bouteille de Voyage en Silicone Etanche et Rechargeable<\/h1>\n<\/header>\n<p>Le <strong>Flacons de voyage pour articles de toilette<\/strong>, Le choix des professionnels pour votre mat\u00e9riel de camping, de voyage et de toilette. Notre set de bouteilles de voyage 3oz est respectueux de l'environnement, vous permettant de r\u00e9duire les d\u00e9chets plastiques tout en vous fournissant des accessoires de voyage r\u00e9utilisables et s\u00fbrs. Le corps en silicone alimentaire 100% est recouvert d'un couvercle en PP \u00e9tanche. Les bouteilles sont douces, faciles \u00e0 presser et ne contiennent pas de BPA. Qu'il s'agisse de shampoing, d'apr\u00e8s-shampoing, de lotion, de d\u00e9sinfectant pour les mains ou de soins de la peau, ces r\u00e9cipients permettent de conserver vos produits essentiels en toute s\u00e9curit\u00e9 et sans stress pendant tout le voyage.<\/p>\n<h2 style=\"font-size: 20px; font-weight: bold; margin-top: 20px;\">\ud83c\udf1f Points forts du produit<\/h2>\n<ul style=\"margin: 10px 0 10px 20px;\">\n<li>3oz \/ 90ml Format de voyage approuv\u00e9 par le TSA - id\u00e9al pour les vols.<\/li>\n<li>100% silicone de qualit\u00e9 alimentaire + couvercle en PP, s\u00fbr et durable.<\/li>\n<li>La conception \u00e9tanche \u00e9limine les fuites et les d\u00e9versements dans les bagages.<\/li>\n<li>Pressible et rechargeable, pratique et \u00e9cologique.<\/li>\n<li>OEM \/ ODM personnalisable pour le marquage et l'emballage.<\/li>\n<\/ul>\n<h2 style=\"font-size: 20px; font-weight: bold; margin-top: 20px;\">\u2714\ufe0f Pourquoi ce set de conteneurs de voyage ?<\/h2>\n<p>L'ensemble de r\u00e9cipients de voyage est fabriqu\u00e9 en silicone de premi\u00e8re qualit\u00e9, offrant une excellente durabilit\u00e9 par rapport aux bouteilles en plastique traditionnelles. Son corps compressible permet une distribution sans effort, et le bouchon \u00e9tanche emp\u00eache les d\u00e9versements pendant les vols, les s\u00e9ances de gym, les s\u00e9ances de yoga ou les aventures en plein air. Ces produits ne sont pas seulement pratiques <strong>flacons de voyage pour les articles de toilette<\/strong>, Ils sont r\u00e9utilisables et durables, vous aidant \u00e0 r\u00e9duire les plastiques \u00e0 usage unique tout en maintenant un style de vie moderne et mobile.<\/p>\n<h2 style=\"font-size: 20px; font-weight: bold; margin-top: 20px;\">\ud83d\udcbc Applications polyvalentes<\/h2>\n<p>Le pr\u00e9sent <strong>set de bouteilles de voyage<\/strong> va au-del\u00e0 des articles de toilette et convient \u00e0 de nombreux usages quotidiens :<\/p>\n<ul style=\"margin: 10px 0 10px 20px;\">\n<li>\ud83e\uddf4 Soins capillaires - Shampooing, apr\u00e8s-shampooing et s\u00e9rums capillaires.<\/li>\n<li>\ud83d\udc84 Soins de la peau et maquillage - Lotions, cr\u00e8mes, \u00e9crans solaires.<\/li>\n<li>\ud83d\udc76 Soins du b\u00e9b\u00e9 - Lotion, huile ou shampoing doux pour b\u00e9b\u00e9.<\/li>\n<li>\ud83e\udd57 Alimentation et cuisine - Sauces, assaisonnements pour salades, condiments.<\/li>\n<li>\ud83c\udfd5\ufe0f Outdoor Adventures - D\u00e9sinfectant, savon, gels, cr\u00e8me solaire.<\/li>\n<\/ul>\n<h2 style=\"font-size: 20px; font-weight: bold; margin-top: 20px;\">\ud83d\udcca Sp\u00e9cifications du produit<\/h2>\n<table style=\"width: 100%; border-collapse: collapse; font-size: 14px; margin-bottom: 10px;\">\n<thead>\n<tr style=\"background-color: #f4f4f4;\">\n<th style=\"border: 1px solid #ccc; padding: 8px;\">Objet<\/th>\n<th style=\"border: 1px solid #ccc; padding: 8px;\">D\u00e9tails<\/th>\n<\/tr>\n<\/thead>\n<tbody>\n<tr>\n<td style=\"border: 1px solid #ccc; padding: 8px;\">Nom du produit<\/td>\n<td style=\"border: 1px solid #ccc; padding: 8px;\">Set de r\u00e9cipients de voyage<\/td>\n<\/tr>\n<tr>\n<td style=\"border: 1px solid #ccc; padding: 8px;\">Mod\u00e8le<\/td>\n<td style=\"border: 1px solid #ccc; padding: 8px;\">S-GS018<\/td>\n<\/tr>\n<tr>\n<td style=\"border: 1px solid #ccc; padding: 8px;\">Mat\u00e9riau<\/td>\n<td style=\"border: 1px solid #ccc; padding: 8px;\">Silicone alimentaire (bouteille) + PP (couvercle)<\/td>\n<\/tr>\n<tr>\n<td style=\"border: 1px solid #ccc; padding: 8px;\">Taille<\/td>\n<td style=\"border: 1px solid #ccc; padding: 8px;\">35*130mm<\/td>\n<\/tr>\n<tr>\n<td style=\"border: 1px solid #ccc; padding: 8px;\">Capacit\u00e9<\/td>\n<td style=\"border: 1px solid #ccc; padding: 8px;\">90ml<\/td>\n<\/tr>\n<tr>\n<td style=\"border: 1px solid #ccc; padding: 8px;\">Couleur<\/td>\n<td style=\"border: 1px solid #ccc; padding: 8px;\">Personnalisable<\/td>\n<\/tr>\n<tr>\n<td style=\"border: 1px solid #ccc; padding: 8px;\">Caract\u00e9ristiques<\/td>\n<td style=\"border: 1px solid #ccc; padding: 8px;\">Souris en forme d'animal de dessin anim\u00e9, \u00e9tanche, compressible, rechargeable, compacte, facile \u00e0 transporter<\/td>\n<\/tr>\n<tr>\n<td style=\"border: 1px solid #ccc; padding: 8px;\">Options OEM<\/td>\n<td style=\"border: 1px solid #ccc; padding: 8px;\">Couleurs personnalis\u00e9es, impression de logos, emballage, \u00e9tiquetage<\/td>\n<\/tr>\n<\/tbody>\n<\/table>\n<h2 style=\"font-size: 20px; font-weight: bold; margin-top: 20px;\">\ud83d\udd27 Expertise en mati\u00e8re d'OEM et de personnalisation<\/h2>\n<p>Forts de nos ann\u00e9es d'exp\u00e9rience en mati\u00e8re de fabrication et d'exportation, nous proposons une gamme compl\u00e8te de produits et de services. <strong>Services OEM et ODM<\/strong>. Notre \u00e9quipe soutient les marques et les d\u00e9taillants internationaux en leur proposant des solutions sur mesure qui renforcent leur comp\u00e9titivit\u00e9 sur le march\u00e9. Les options comprennent :<\/p>\n<ul style=\"margin: 10px 0 10px 20px;\">\n<li>\ud83c\udfa8 Personnalisation des couleurs Pantone pour la coh\u00e9rence de la marque.<\/li>\n<li>\ud83d\udda8\ufe0f Impression du logo : s\u00e9rigraphie, gaufrage, transfert thermique.<\/li>\n<li>\ud83d\udce6 Emballage personnalis\u00e9 : bo\u00eetes cadeaux, cartons \u00e9cologiques, cartes blister.<\/li>\n<li>MOQ flexible, petites commandes et commandes group\u00e9es accept\u00e9es.<\/li>\n<\/ul>\n<h2 style=\"font-size: 20px; font-weight: bold; margin-top: 20px;\">\ud83c\udf0d Durabilit\u00e9 et potentiel de march\u00e9<\/h2>\n<p>Les bouteilles en silicone r\u00e9utilisables deviennent de plus en plus populaires \u00e0 mesure que les modes de vie respectueux de l'environnement se d\u00e9veloppent. Le set S-GS018 offre durabilit\u00e9, mode et responsabilit\u00e9 environnementale. Les d\u00e9taillants, les marques de style de vie, les soci\u00e9t\u00e9s de cosm\u00e9tiques et les plateformes de commerce \u00e9lectronique peuvent positionner ces bouteilles en silicone r\u00e9utilisables sur le march\u00e9. <strong>flacons de voyage pour les articles de toilette<\/strong> comme des solutions rentables et respectueuses de l'environnement pour les voyageurs d'aujourd'hui.<\/p>\n<h2 style=\"font-size: 20px; font-weight: bold; margin-top: 20px;\">\ud83d\udee1\ufe0f Normes de qualit\u00e9 et de s\u00e9curit\u00e9<\/h2>\n<p>Chaque bouteille S-GS018 est soumise \u00e0 des tests stricts de r\u00e9sistance \u00e0 la pression, aux vibrations et \u00e0 la temp\u00e9rature. Fabriqu\u00e9es \u00e0 partir de silicone et de mat\u00e9riaux PP import\u00e9s, ces bouteilles sont conformes aux normes FDA, SGS et ISO, ce qui garantit leur s\u00e9curit\u00e9, leur durabilit\u00e9 et leur fiabilit\u00e9 \u00e0 l'\u00e9chelle mondiale.<\/p>\n<h2 style=\"font-size: 20px; font-weight: bold; margin-top: 20px;\">\ud83d\ude9a Emballage et livraison<\/h2>\n<ul style=\"margin: 10px 0 10px 20px;\">\n<li>Emballage standard : Sac OPP avec carton en vrac.<\/li>\n<li>Emballage personnalis\u00e9 : bo\u00eetes-cadeaux, cartons \u00e9cologiques, emballages de marque.<\/li>\n<li>D\u00e9lai de livraison : 7-15 jours ouvrables pour les commandes en gros.<\/li>\n<li>Exp\u00e9dition dans le monde entier avec un soutien logistique fiable.<\/li>\n<\/ul>\n<h2 style=\"font-size: 20px; font-weight: bold; margin-top: 20px;\">\u2b50 Principaux avantages<\/h2>\n<ul style=\"margin: 10px 0 10px 20px;\">\n<li>Format de voyage de 3 oz approuv\u00e9 par le TSA, parfait pour les vols.<\/li>\n<li>\u2705 \u00c9tanche et compressible pour une distribution facile.<\/li>\n<li>\u2705 Multi-usage : articles de toilette, cosm\u00e9tiques, soins pour b\u00e9b\u00e9s, cuisine, ext\u00e9rieur.<\/li>\n<li>\u2705 Respectueux de l'environnement et r\u00e9utilisable pour r\u00e9duire les d\u00e9chets plastiques.<\/li>\n<li>\u2705 Services OEM\/ODM pour le marquage et l'emballage.<\/li>\n<li>\u2705 Certifi\u00e9 conforme aux normes internationales de s\u00e9curit\u00e9 et de qualit\u00e9.<\/li>\n<\/ul>\n<h2 style=\"font-size: 20px; font-weight: bold; margin-top: 20px;\">\ud83c\udfaf Conclusion<\/h2>\n<p>Le <strong>S-GS018 Bouteilles de voyage de 3 oz pour articles de toilette<\/strong> allient design raffin\u00e9 et fonctionnalit\u00e9. En tant que produit r\u00e9utilisable et personnalisable, le <strong>set de conteneurs de voyage<\/strong>, Ils sont \u00e9tanches, respectueux de l'environnement et parfaits pour les particuliers ou les entreprises \u00e0 la recherche d'accessoires de voyage de marque. \ud83c\udf31<\/p>\n<\/section>","protected":false},"excerpt":{"rendered":"<p>Am\u00e9liorez votre voyage avec des bouteilles de voyage pour articles de toilette. Cet ensemble de contenants de voyage de 3 oz est sans BPA, \u00e9tanche, rechargeable et fait de silicone compressible. Id\u00e9al pour le shampoing, l'apr\u00e8s-shampoing, la lotion et d'autres produits essentiels. Respectueux de l'environnement et approuv\u00e9 par le TSA.<\/p>","protected":false},"featured_media":6036,"comment_status":"closed","ping_status":"closed","template":"","meta":{"_acf_changed":false},"product_brand":[],"product_cat":[49],"product_tag":[],"class_list":{"0":"post-6016","1":"product","2":"type-product","3":"status-publish","4":"has-post-thumbnail","6":"product_cat-silicone-materials","8":"first","9":"instock","10":"shipping-taxable","11":"product-type-grouped"},"acf":[],"_links":{"self":[{"href":"https:\/\/goldensoarpackage.com\/fr\/wp-json\/wp\/v2\/product\/6016","targetHints":{"allow":["GET"]}}],"collection":[{"href":"https:\/\/goldensoarpackage.com\/fr\/wp-json\/wp\/v2\/product"}],"about":[{"href":"https:\/\/goldensoarpackage.com\/fr\/wp-json\/wp\/v2\/types\/product"}],"replies":[{"embeddable":true,"href":"https:\/\/goldensoarpackage.com\/fr\/wp-json\/wp\/v2\/comments?post=6016"}],"wp:featuredmedia":[{"embeddable":true,"href":"https:\/\/goldensoarpackage.com\/fr\/wp-json\/wp\/v2\/media\/6036"}],"wp:attachment":[{"href":"https:\/\/goldensoarpackage.com\/fr\/wp-json\/wp\/v2\/media?parent=6016"}],"wp:term":[{"taxonomy":"product_brand","embeddable":true,"href":"https:\/\/goldensoarpackage.com\/fr\/wp-json\/wp\/v2\/product_brand?post=6016"},{"taxonomy":"product_cat","embeddable":true,"href":"https:\/\/goldensoarpackage.com\/fr\/wp-json\/wp\/v2\/product_cat?post=6016"},{"taxonomy":"product_tag","embeddable":true,"href":"https:\/\/goldensoarpackage.com\/fr\/wp-json\/wp\/v2\/product_tag?post=6016"}],"curies":[{"name":"wp","href":"https:\/\/api.w.org\/{rel}","templated":true}]}}