{"id":6000,"date":"2025-08-23T02:43:09","date_gmt":"2025-08-23T02:43:09","guid":{"rendered":"https:\/\/goldensoarpackage.com\/?post_type=product&#038;p=6000"},"modified":"2025-08-23T10:00:57","modified_gmt":"2025-08-23T10:00:57","slug":"bouteilles-de-voyage-etanches-petits-recipients","status":"publish","type":"product","link":"https:\/\/goldensoarpackage.com\/fr\/bouteilles-de-voyage-etanches-petits-recipients\/","title":{"rendered":"Flacons de voyage en silicone \u00e9tanches 40ml Flacons de voyage rechargeables pour cosm\u00e9tiques et produits de toilette OEM personnalisable"},"content":{"rendered":"<section style=\"width: 100%; font-family: Arial, sans-serif; line-height: 1.6; color: #333;\">\n<header>\n<h1 style=\"font-size: 1.8em; color: #222222; text-align: center;\">Bouteilles de voyage \u00e9tanches Bouteille de stockage portable en silicone 40ml pour les produits de soins de la peau, les cosm\u00e9tiques, les articles de toilette, les produits pour la m\u00e8re et l'enfant<\/h1>\n<\/header>\n<p>Lorsque vous \u00eates en d\u00e9placement, la commodit\u00e9 et la s\u00e9curit\u00e9 sont tout ce qui compte. Les flacons de voyage de notre ensemble pratique de flacons de voyage \u00e9tanches emp\u00eacheront vos produits de soin de la peau, de maquillage et de soins personnels de se renverser ou de laisser une trag\u00e9die dans le sac. Notre flacon de voyage portable en silicone de 40 ml est la solution id\u00e9ale si vous recherchez un m\u00e9lange parfait de design \u00e9cologique et de fonctionnalit\u00e9 compacte. O\u00f9 que vous l'emmeniez, vous vous sentirez tranquille, sans crainte de transporter trop de liquide pendant votre voyage.<\/p>\n<h2 style=\"font-size: 1.6em; margin-top: 20px; color: #444;\">Pourquoi choisir les petits conteneurs de voyage ?<\/h2>\n<p>Avec l'augmentation des restrictions impos\u00e9es par les compagnies a\u00e9riennes et la demande croissante de produits d'hygi\u00e8ne personnelle, les petits flacons de voyage sont devenus indispensables. Au lieu d'un plastique fragile, vous obtenez une construction flexible, l\u00e9g\u00e8re et robuste en silicone. Il \u00e9limine les fuites, offre une grande durabilit\u00e9 et constitue une alternative \u00e9cologique aux flacons jetables. Le format de 40 ml est pratique \u00e0 transporter, \u00e0 glisser dans un sac \u00e0 main, une trousse de toilette, une trousse de maquillage ou un bagage \u00e0 main.<\/p>\n<h2 style=\"font-size: 1.6em; margin-top: 20px; color: #444;\">Principales sp\u00e9cifications<\/h2>\n<table style=\"width: 100%; border-collapse: collapse; font-size: 14px; margin-bottom: 10px;\">\n<thead>\n<tr style=\"background-color: #f4f4f4;\">\n<th style=\"border: 1px solid #ccc; padding: 8px;\">Objet<\/th>\n<th style=\"border: 1px solid #ccc; padding: 8px;\">D\u00e9tails<\/th>\n<\/tr>\n<\/thead>\n<tbody>\n<tr>\n<td style=\"border: 1px solid #ccc; padding: 8px;\">Nom du produit<\/td>\n<td style=\"border: 1px solid #ccc; padding: 8px;\">Bouteilles de voyage \u00e9tanches<\/td>\n<\/tr>\n<tr>\n<td style=\"border: 1px solid #ccc; padding: 8px;\">Mod\u00e8le<\/td>\n<td style=\"border: 1px solid #ccc; padding: 8px;\">S-GS010<\/td>\n<\/tr>\n<tr>\n<td style=\"border: 1px solid #ccc; padding: 8px;\">Mat\u00e9riau<\/td>\n<td style=\"border: 1px solid #ccc; padding: 8px;\">Silicone \u00e9cologique (bouteille) + PP (couvercle)<\/td>\n<\/tr>\n<tr>\n<td style=\"border: 1px solid #ccc; padding: 8px;\">Taille<\/td>\n<td style=\"border: 1px solid #ccc; padding: 8px;\">70*93mm<\/td>\n<\/tr>\n<tr>\n<td style=\"border: 1px solid #ccc; padding: 8px;\">Capacit\u00e9<\/td>\n<td style=\"border: 1px solid #ccc; padding: 8px;\">40ml<\/td>\n<\/tr>\n<tr>\n<td style=\"border: 1px solid #ccc; padding: 8px;\">Poids<\/td>\n<td style=\"border: 1px solid #ccc; padding: 8px;\">29.5g<\/td>\n<\/tr>\n<tr>\n<td style=\"border: 1px solid #ccc; padding: 8px;\">Couleur<\/td>\n<td style=\"border: 1px solid #ccc; padding: 8px;\">Personnalisable<\/td>\n<\/tr>\n<tr>\n<td style=\"border: 1px solid #ccc; padding: 8px;\">Caract\u00e9ristiques<\/td>\n<td style=\"border: 1px solid #ccc; padding: 8px;\">Souris en forme d'animal de dessin anim\u00e9, \u00e9tanche, compressible, rechargeable, compacte, facile \u00e0 transporter<\/td>\n<\/tr>\n<tr>\n<td style=\"border: 1px solid #ccc; padding: 8px;\">Options OEM<\/td>\n<td style=\"border: 1px solid #ccc; padding: 8px;\">Couleurs personnalis\u00e9es, impression de logos, emballage, \u00e9tiquetage<\/td>\n<\/tr>\n<\/tbody>\n<\/table>\n<h2 style=\"font-size: 1.6em; margin-top: 20px; color: #444;\">Caract\u00e9ristiques et avantages<\/h2>\n<ul style=\"padding-left: 20px; list-style: disc;\">\n<li>S\u00fbr, \u00e9cologique et sain : Sans BPA, respectueux de l'environnement, adapt\u00e9 aux liquides sensibles.<\/li>\n<li>\u00c9tanch\u00e9it\u00e9 : Con\u00e7us avec des couvercles en PP s\u00e9curis\u00e9s pour \u00e9viter les fuites.<\/li>\n<li>Portable : Format de voyage de 40 ml, parfait pour les sacs \u00e0 main, les bagages et les bagages \u00e0 main.<\/li>\n<li>Fiable : Le silicone \u00e0 haute \u00e9lasticit\u00e9 ne se fissure pas et ne se d\u00e9forme pas.<\/li>\n<li>Sur mesure : Options OEM\/ODM avec votre logo, vos couleurs et votre emballage.<\/li>\n<li>R\u00e9utilisable et \u00e9cologique : Fabriqu\u00e9 pour r\u00e9duire les plastiques \u00e0 usage unique.<\/li>\n<\/ul>\n<h2 style=\"font-size: 1.6em; margin-top: 20px; color: #444;\">Applications<\/h2>\n<ul style=\"padding-left: 20px; list-style: circle;\">\n<li>\ud83d\udc84 Cosm\u00e9tiques et soins de la peau - cr\u00e8mes, lotions, fonds de teint, s\u00e9rums.<\/li>\n<li>\ud83c\udf38 Porte-parfum - suffisamment compact pour transporter le parfum sans fuite.<\/li>\n<li>\ud83e\uddf4 Articles de toilette - shampoing, apr\u00e8s-shampoing et gel douche pour les voyages de courte dur\u00e9e.<\/li>\n<li>\ud83c\udf7c Produits pour m\u00e8res et b\u00e9b\u00e9s - parfaits pour l'huile ou la lotion pour b\u00e9b\u00e9s.<\/li>\n<li>\ud83e\udd57 Condiments - solution portable pour les sauces, les vinaigrettes et les huiles.<\/li>\n<li>\ud83c\udfde\ufe0f Activit\u00e9s de plein air - camping, randonn\u00e9e, kits de voyage pour le sport.<\/li>\n<\/ul>\n<h2 style=\"font-size: 1.6em; margin-top: 20px; color: #444;\">Expertise en mati\u00e8re d'OEM et de personnalisation<\/h2>\n<p>Notre usine fournit des services OEM et ODM pour les petits conteneurs de voyage. Forts d'une riche exp\u00e9rience en mati\u00e8re d'image de marque et d'emballage, nous simplifions l'emballage de d\u00e9tail, les campagnes promotionnelles et l'approvisionnement en gros gr\u00e2ce \u00e0 des options de personnalisation compl\u00e8tes.<\/p>\n<ul style=\"padding-left: 20px; list-style: square;\">\n<li>Logo : S\u00e9rigraphie, gaufrage, transfert thermique.<\/li>\n<li>\ud83d\udd39 Correspondance des couleurs Pantone : personnalisation pr\u00e9cise des couleurs de la marque.<\/li>\n<li>\ud83d\udd39 Emballage : Bo\u00eetes cadeaux, cartes blister ou cartons \u00e9cologiques.<\/li>\n<li>\ud83d\udd39 Vente en gros : MOQ flexible avec des prix comp\u00e9titifs.<\/li>\n<\/ul>\n<h2 style=\"font-size: 1.6em; margin-top: 20px; color: #444;\">Normes de qualit\u00e9 et de s\u00e9curit\u00e9<\/h2>\n<p>La pr\u00e9vention des fuites, la durabilit\u00e9 et la s\u00e9curit\u00e9 sont des priorit\u00e9s absolues dans la conception du S-GS010. Fabriqu\u00e9e en silicone alimentaire import\u00e9 et en mat\u00e9riaux PP, la bouteille est conforme aux normes FDA, SGS et ISO. Nous utilisons \u00e9galement des pratiques de production respectueuses de l'environnement afin de minimiser l'impact sur l'environnement.<\/p>\n<h2 style=\"font-size: 1.6em; margin-top: 20px; color: #444;\">Pourquoi ce produit se d\u00e9marque-t-il ?<\/h2>\n<p>Nos bouteilles de voyage \u00e9tanches sont plus performantes que les bouteilles en plastique ordinaires. Elles sont souples, non toxiques et durables. L\u00e9g\u00e8res et portables, elles sont id\u00e9ales pour les voyages. Les entreprises peuvent b\u00e9n\u00e9ficier de solutions personnalis\u00e9es qui am\u00e9liorent la reconnaissance de la marque et renforcent la fid\u00e9lit\u00e9 des clients.<\/p>\n<h2 style=\"font-size: 1.6em; margin-top: 20px; color: #444;\">Potentiel du march\u00e9 mondial<\/h2>\n<p>La demande d'accessoires de voyage miniaturis\u00e9s et respectueux de l'environnement cro\u00eet rapidement. Nos petits contenants de voyage en silicone de 40 ml s\u00e9duisent les march\u00e9s mondiaux, notamment les marques de cosm\u00e9tiques, les d\u00e9taillants sp\u00e9cialis\u00e9s dans le style de vie et les plateformes de commerce \u00e9lectronique. Leur portabilit\u00e9, leur s\u00e9curit\u00e9 et leur conception durable attirent les consommateurs soucieux de l'environnement dans le monde entier.<\/p>\n<h2 style=\"font-size: 1.6em; margin-top: 20px; color: #444;\">Emballage et livraison<\/h2>\n<ul style=\"padding-left: 20px; list-style: disc;\">\n<li>\ud83d\udce6 Standard : Sac OPP, carton en vrac.<\/li>\n<li>\ud83c\udf81 Premium : Bo\u00eete cadeau personnalis\u00e9e, options de marquage.<\/li>\n<li>\ud83d\ude9a D\u00e9lai de livraison : 7-15 jours ouvrables pour les commandes en gros.<\/li>\n<li>\ud83c\udf0d Exp\u00e9dition dans le monde entier avec des partenaires logistiques de confiance.<\/li>\n<\/ul>\n<h2 style=\"font-size: 1.6em; margin-top: 20px; color: #444;\">Conclusion<\/h2>\n<p>La bouteille de voyage portable en silicone de 40 ml est plus qu'une simple bouteille vide. Elle repr\u00e9sente la durabilit\u00e9, la valeur de la marque et le d\u00e9veloppement durable. Id\u00e9ale pour un usage personnel ou des applications OEM, elle associe la commodit\u00e9 du consommateur \u00e0 une personnalisation de niveau professionnel. En choisissant nos bouteilles de voyage \u00e9tanches et nos petits contenants de voyage, vous b\u00e9n\u00e9ficiez de l'innovation, de la fiabilit\u00e9 et d'opportunit\u00e9s de marquage \u00e0 l'\u00e9chelle mondiale.<\/p>\n<\/section>","protected":false},"excerpt":{"rendered":"<p>D\u00e9couvrez les flacons de voyage \u00e9tanches en silicone de 40 ml, con\u00e7us comme de petits r\u00e9cipients de voyage rechargeables pour les soins de la peau, les cosm\u00e9tiques et les articles de toilette. L\u00e9gers, durables, sans BPA, personnalisables avec des options de marquage OEM pour les march\u00e9s mondiaux.<\/p>","protected":false},"featured_media":6004,"comment_status":"closed","ping_status":"closed","template":"","meta":{"_acf_changed":false},"product_brand":[],"product_cat":[49],"product_tag":[],"class_list":{"0":"post-6000","1":"product","2":"type-product","3":"status-publish","4":"has-post-thumbnail","6":"product_cat-silicone-materials","8":"first","9":"instock","10":"shipping-taxable","11":"product-type-grouped"},"acf":[],"_links":{"self":[{"href":"https:\/\/goldensoarpackage.com\/fr\/wp-json\/wp\/v2\/product\/6000","targetHints":{"allow":["GET"]}}],"collection":[{"href":"https:\/\/goldensoarpackage.com\/fr\/wp-json\/wp\/v2\/product"}],"about":[{"href":"https:\/\/goldensoarpackage.com\/fr\/wp-json\/wp\/v2\/types\/product"}],"replies":[{"embeddable":true,"href":"https:\/\/goldensoarpackage.com\/fr\/wp-json\/wp\/v2\/comments?post=6000"}],"wp:featuredmedia":[{"embeddable":true,"href":"https:\/\/goldensoarpackage.com\/fr\/wp-json\/wp\/v2\/media\/6004"}],"wp:attachment":[{"href":"https:\/\/goldensoarpackage.com\/fr\/wp-json\/wp\/v2\/media?parent=6000"}],"wp:term":[{"taxonomy":"product_brand","embeddable":true,"href":"https:\/\/goldensoarpackage.com\/fr\/wp-json\/wp\/v2\/product_brand?post=6000"},{"taxonomy":"product_cat","embeddable":true,"href":"https:\/\/goldensoarpackage.com\/fr\/wp-json\/wp\/v2\/product_cat?post=6000"},{"taxonomy":"product_tag","embeddable":true,"href":"https:\/\/goldensoarpackage.com\/fr\/wp-json\/wp\/v2\/product_tag?post=6000"}],"curies":[{"name":"wp","href":"https:\/\/api.w.org\/{rel}","templated":true}]}}