{"id":5671,"date":"2025-08-20T01:16:43","date_gmt":"2025-08-20T01:16:43","guid":{"rendered":"https:\/\/goldensoarpackage.com\/?post_type=product&#038;p=5671"},"modified":"2025-08-21T02:28:09","modified_gmt":"2025-08-21T02:28:09","slug":"pingouin-mignon-bouteilles-pressees-vides-conteneur","status":"publish","type":"product","link":"https:\/\/goldensoarpackage.com\/fr\/pingouin-mignon-bouteilles-pressees-vides-conteneur\/","title":{"rendered":"Bouteilles de voyage vides 60ml pour Liquides Anti-fuite Silicone Emballage rechargeable pour Gel Douche Lotion"},"content":{"rendered":"<section style=\"width: 100%; font-family: Arial, sans-serif; line-height: 1.6; color: #333;\">\n<header style=\"text-align: center; margin-bottom: 22px;\">\n<h1 style=\"font-size: 26px; margin: 0 0 6px;\">\ud83d\udc27 Lovely Penguin <span style=\"font-weight: bold;\">Flacons press\u00e9s vides<\/span><\/h1>\n<p style=\"margin: 4px 0 0; font-size: 14px; opacity: .85;\">Contenants de voyage pour shampooing et lotion - \u00c9tanches - Rechargeables - Portables<\/p>\n<\/header>\n<section style=\"margin-bottom: 22px;\">\n<p style=\"margin: 0;\">Si vous voulez un petit <strong>bouteilles vides \u00e0 presser<\/strong> qui sont fonctionnelles, portables et attrayantes, la bouteille de rangement Cute Penguin est le choix id\u00e9al. Con\u00e7ues pour les voyageurs contemporains, les amateurs de beaut\u00e9 et les utilisateurs quotidiens, ces bouteilles rechargeables ont \u00e9t\u00e9 con\u00e7ues pour r\u00e9pondre aux besoins de tous. <strong>conteneurs de voyage<\/strong> offre un moyen \u00e9l\u00e9gant et s\u00fbr de transporter shampooing, lotion, gel douche et produits de soin de la peau. Compact et pratique (52\u00d746\u00d786 mm \/ 26 g \/ 60 ml), il constitue un choix fiable et respectueux de l'environnement pour vos liquides quotidiens.<\/p>\n<\/section>\n<section style=\"margin-bottom: 22px;\">\n<h2 style=\"font-size: 20px; margin: 0 0 10px;\">\ud83c\udf1f Caract\u00e9ristiques principales<\/h2>\n<ul style=\"margin: 0; padding-left: 18px;\">\n<li><strong>Adorable pingouin<\/strong> - Une forme mignonne et amusante qui \u00e9gaye les voyages et les aventures.<\/li>\n<li><strong>Silicone alimentaire + couvercle en PP<\/strong> - Mat\u00e9riaux s\u00fbrs pour une utilisation durable dans le domaine des soins personnels.<\/li>\n<li><strong>Ing\u00e9nierie de l'\u00e9tanch\u00e9it\u00e9<\/strong> - Le bouchon \u00e0 vis permet d'\u00e9viter les d\u00e9versements dans les sacs \u00e0 main.<\/li>\n<li><strong>L\u00e9ger et portable<\/strong> - Seulement 26 g ; facile \u00e0 transporter pour les voyages, le camping et les sorties quotidiennes.<\/li>\n<li><strong>Rechargeable et durable<\/strong> - R\u00e9duisez les plastiques \u00e0 usage unique en utilisant une bouteille r\u00e9utilisable.<\/li>\n<li><strong>OEM et personnalisation<\/strong> - Couleurs, logos et emballages adapt\u00e9s \u00e0 votre marque.<\/li>\n<\/ul>\n<\/section>\n<section style=\"margin-bottom: 22px;\">\n<h2 style=\"font-size: 20px; margin: 0 0 10px;\">\ud83d\udcd0 Sp\u00e9cifications techniques<\/h2>\n<table style=\"width: 100%; border-collapse: collapse; font-size: 14px; margin-bottom: 10px;\">\n<thead>\n<tr style=\"background-color: #f4f4f4;\">\n<th style=\"border: 1px solid #ccc; padding: 8px;\">Objet<\/th>\n<th style=\"border: 1px solid #ccc; padding: 8px;\">D\u00e9tails<\/th>\n<\/tr>\n<\/thead>\n<tbody>\n<tr>\n<td style=\"border: 1px solid #ccc; padding: 8px;\">Nom du produit<\/td>\n<td style=\"border: 1px solid #ccc; padding: 8px;\">Flacons press\u00e9s vides<\/td>\n<\/tr>\n<tr>\n<td style=\"border: 1px solid #ccc; padding: 8px;\">Mod\u00e8le<\/td>\n<td style=\"border: 1px solid #ccc; padding: 8px;\">S-GS023<\/td>\n<\/tr>\n<tr>\n<td style=\"border: 1px solid #ccc; padding: 8px;\">Mat\u00e9riau<\/td>\n<td style=\"border: 1px solid #ccc; padding: 8px;\">Silicone alimentaire (bouteille) + PP (couvercle)<\/td>\n<\/tr>\n<tr>\n<td style=\"border: 1px solid #ccc; padding: 8px;\">Taille<\/td>\n<td style=\"border: 1px solid #ccc; padding: 8px;\">52*46*86mm<\/td>\n<\/tr>\n<tr>\n<td style=\"border: 1px solid #ccc; padding: 8px;\">Capacit\u00e9<\/td>\n<td style=\"border: 1px solid #ccc; padding: 8px;\">60ml<\/td>\n<\/tr>\n<tr>\n<td style=\"border: 1px solid #ccc; padding: 8px;\">Poids<\/td>\n<td style=\"border: 1px solid #ccc; padding: 8px;\">26g<\/td>\n<\/tr>\n<tr>\n<td style=\"border: 1px solid #ccc; padding: 8px;\">Couleur<\/td>\n<td style=\"border: 1px solid #ccc; padding: 8px;\">Personnalisable<\/td>\n<\/tr>\n<tr>\n<td style=\"border: 1px solid #ccc; padding: 8px;\">Caract\u00e9ristiques<\/td>\n<td style=\"border: 1px solid #ccc; padding: 8px;\">\u00c9tanche, compressible, rechargeable, compact, facile \u00e0 transporter<\/td>\n<\/tr>\n<tr>\n<td style=\"border: 1px solid #ccc; padding: 8px;\">Options OEM<\/td>\n<td style=\"border: 1px solid #ccc; padding: 8px;\">Couleurs personnalis\u00e9es, impression de logos, emballage, \u00e9tiquetage<\/td>\n<\/tr>\n<\/tbody>\n<\/table>\n<\/section>\n<section style=\"margin-bottom: 22px;\">\n<h2 style=\"font-size: 20px; margin: 0 0 10px;\">\ud83d\udca1 Pourquoi choisir ces flacons pressuris\u00e9s vides ?<\/h2>\n<p style=\"margin: 0;\">Fabriqu\u00e9s en silicone souple et durable, et non en plastique fragile, ces flacons se pressent facilement et se rangent dans les bagages \u00e0 main ou les sacs de sport. Le bouchon en PP assure une fermeture herm\u00e9tique pour les lotions, les shampooings, les apr\u00e8s-shampooings, les gels, etc. Que vous partiez en week-end, que vous vous rendiez \u00e0 la salle de sport ou que vous organisiez une trousse de soins pour la peau, ces flacons rechargeables vous permettront d'\u00e9conomiser du temps et de l'argent. <strong>conteneurs de voyage<\/strong> sont un choix s\u00fbr et pratique.<\/p>\n<\/section>\n<section style=\"margin-bottom: 22px;\">\n<h2 style=\"font-size: 20px; margin: 0 0 10px;\">\ud83c\udfd5\ufe0f Applications id\u00e9ales<\/h2>\n<ul style=\"margin: 0; padding-left: 18px;\">\n<li><strong>Voyages et activit\u00e9s de plein air<\/strong> - Taille pratique pour les voyages en avion, le camping et les voyages en voiture.<\/li>\n<li><strong>Soins de la peau et cosm\u00e9tiques<\/strong> - Id\u00e9al pour les lotions, les cr\u00e8mes, les huiles essentielles et les s\u00e9rums.<\/li>\n<li><strong>Douche et hygi\u00e8ne<\/strong> - Rangez facilement le shampoing, le gel douche et l'apr\u00e8s-shampoing.<\/li>\n<li><strong>\u00c9chantillons et promotions<\/strong> - Compact pour l'\u00e9chantillonnage des marques et les coffrets cadeaux.<\/li>\n<li><strong>Enfants et famille<\/strong> - Le design mignon du pingouin encourage l'autonomie.<\/li>\n<\/ul>\n<\/section>\n<section style=\"margin-bottom: 22px;\">\n<h2 style=\"font-size: 20px; margin: 0 0 10px;\">\ud83d\udd27 Services OEM et de personnalisation<\/h2>\n<p style=\"margin: 0;\">Des solutions personnalis\u00e9es pour votre <strong>bouteilles vides \u00e0 presser<\/strong> projets d'image de marque.<\/p>\n<p style=\"margin: 0;\">Avec une longue histoire de <strong>Fabrication OEM<\/strong> et des solutions personnalisables, nous soutenons pleinement les projets de marque en proposant des options sur mesure. Vous pouvez personnaliser votre <strong>bouteilles vides \u00e0 presser<\/strong> avec les \u00e9l\u00e9ments suivants :<\/p>\n<ul style=\"margin: 0; padding-left: 18px;\">\n<li><strong>Couleurs personnalis\u00e9es :<\/strong> Assortissez votre marque \u00e0 des teintes personnalis\u00e9es \ud83c\udfa8<\/li>\n<li><strong>Impression et gaufrage de logos :<\/strong> Am\u00e9liorer la visibilit\u00e9 et l'exposition de la marque \ud83d\udda8\ufe0f<\/li>\n<li><strong>Conception de l'emballage :<\/strong> Choisissez des emballages individuels, des lots ou des emballages \u00e9cologiques \ud83d\udce6<\/li>\n<li><strong>Variations de taille :<\/strong> Ajuster les dimensions pour r\u00e9pondre aux demandes sp\u00e9cifiques du march\u00e9 \ud83d\udccf<\/li>\n<\/ul>\n<\/section>\n<section style=\"margin-bottom: 22px;\">\n<h2 style=\"font-size: 20px; margin: 0 0 10px;\">\ud83c\udf0d Avantage \u00e9cologique<\/h2>\n<p style=\"margin: 0;\">Choisissez un silicone r\u00e9utilisable pour r\u00e9duire les d\u00e9chets plastiques. Chaque recharge peut \u00eatre utilis\u00e9e des centaines de fois - un remplacement facile et durable des r\u00e9cipients \u00e0 usage unique.<\/p>\n<\/section>\n<section style=\"margin-bottom: 22px;\">\n<h2 style=\"font-size: 20px; margin: 0 0 10px;\">\ud83d\udce6 Emballage et exp\u00e9dition<\/h2>\n<ul style=\"margin: 0; padding-left: 18px;\">\n<li><strong>Emballage standard :<\/strong> Sac OPP ou bo\u00eete personnalis\u00e9e<\/li>\n<li><strong>Commandes en gros :<\/strong> Emballage en carton disponible<\/li>\n<li><strong>D\u00e9lai d'ex\u00e9cution :<\/strong> 7-15 jours ouvrables (en fonction de la quantit\u00e9 command\u00e9e et du mode de livraison)<\/li>\n<li><strong>Commandes OEM :<\/strong> Les conceptions et logos personnalis\u00e9s sont les bienvenus<\/li>\n<\/ul>\n<\/section>\n<section style=\"margin-bottom: 22px;\">\n<h2 style=\"font-size: 20px; margin: 0 0 10px;\">\u2728 Conclusion<\/h2>\n<p style=\"margin: 0;\">Le flacon compressible vide Cute Penguin est un accessoire de voyage polyvalent dot\u00e9 d'une technologie anti-fuite, de mat\u00e9riaux de qualit\u00e9 alimentaire et d'une portabilit\u00e9 bien pens\u00e9e. Qu'il s'agisse de voyages personnels, de kits de vente au d\u00e9tail ou de promotions de marques de cosm\u00e9tiques, ces flacons durables et r\u00e9utilisables peuvent contenir du shampoing, de la lotion, des gels et bien d'autres choses encore, en toute simplicit\u00e9. Choisissez nos flacons \u00e9tanches <strong>bouteilles vides \u00e0 presser<\/strong> et rechargeable <strong>conteneurs de voyage<\/strong> aujourd'hui - pour que vous ne soyez jamais sans vos essentiels de soins personnels pr\u00e9f\u00e9r\u00e9s. \ud83d\udc27<\/p>\n<\/section>\n<\/section>","protected":false},"excerpt":{"rendered":"<p>D\u00e9couvrez les mignons flacons \u00e0 presser vides en forme de pingouins, con\u00e7us comme r\u00e9cipients de voyage pour les liquides \u00e9tanches. Fabriqu\u00e9s en silicone alimentaire et en PP, ces flacons rechargeables de 60 ml sont l\u00e9gers, durables, personnalisables et parfaits pour stocker du shampoing, de la lotion ou des soins de la peau.<\/p>","protected":false},"featured_media":5674,"comment_status":"closed","ping_status":"closed","template":"","meta":{"_acf_changed":false},"product_brand":[],"product_cat":[49],"product_tag":[],"class_list":{"0":"post-5671","1":"product","2":"type-product","3":"status-publish","4":"has-post-thumbnail","6":"product_cat-silicone-materials","8":"first","9":"instock","10":"shipping-taxable","11":"product-type-grouped"},"acf":[],"_links":{"self":[{"href":"https:\/\/goldensoarpackage.com\/fr\/wp-json\/wp\/v2\/product\/5671","targetHints":{"allow":["GET"]}}],"collection":[{"href":"https:\/\/goldensoarpackage.com\/fr\/wp-json\/wp\/v2\/product"}],"about":[{"href":"https:\/\/goldensoarpackage.com\/fr\/wp-json\/wp\/v2\/types\/product"}],"replies":[{"embeddable":true,"href":"https:\/\/goldensoarpackage.com\/fr\/wp-json\/wp\/v2\/comments?post=5671"}],"wp:featuredmedia":[{"embeddable":true,"href":"https:\/\/goldensoarpackage.com\/fr\/wp-json\/wp\/v2\/media\/5674"}],"wp:attachment":[{"href":"https:\/\/goldensoarpackage.com\/fr\/wp-json\/wp\/v2\/media?parent=5671"}],"wp:term":[{"taxonomy":"product_brand","embeddable":true,"href":"https:\/\/goldensoarpackage.com\/fr\/wp-json\/wp\/v2\/product_brand?post=5671"},{"taxonomy":"product_cat","embeddable":true,"href":"https:\/\/goldensoarpackage.com\/fr\/wp-json\/wp\/v2\/product_cat?post=5671"},{"taxonomy":"product_tag","embeddable":true,"href":"https:\/\/goldensoarpackage.com\/fr\/wp-json\/wp\/v2\/product_tag?post=5671"}],"curies":[{"name":"wp","href":"https:\/\/api.w.org\/{rel}","templated":true}]}}