{"id":5666,"date":"2025-08-19T10:21:49","date_gmt":"2025-08-19T10:21:49","guid":{"rendered":"https:\/\/goldensoarpackage.com\/?post_type=product&#038;p=5666"},"modified":"2025-08-19T10:37:36","modified_gmt":"2025-08-19T10:37:36","slug":"recipients-en-silicone-bouteille-compressible-de-voyage","status":"publish","type":"product","link":"https:\/\/goldensoarpackage.com\/fr\/recipients-en-silicone-bouteille-compressible-de-voyage\/","title":{"rendered":"R\u00e9cipients en silicone personnalisables pour le voyage 90ml Travel Squeeze Bottle Leak Proof Shampooing Lotion Cosmetic Skin Care"},"content":{"rendered":"<section style=\"width: 100%; font-family: Arial, sans-serif; line-height: 1.6; color: #333;\">\n<header style=\"text-align: center; margin-bottom: 20px;\">\n<h1 style=\"font-size: 24px; font-weight: bold; margin: 0;\">R\u00e9cipients en silicone personnalisables de 90 ml pour le voyage avec bouteille de voyage \u00e0 pression en soie<\/h1>\n<p style=\"margin: 10px 0; font-size: 16px;\">Solution de voyage \u00e9tanche de premi\u00e8re qualit\u00e9 pour le shampoing, la lotion, le d\u00e9sinfectant et les soins de la peau. Options OEM et personnalisables disponibles.<\/p>\n<\/header>\n<section style=\"margin-bottom: 25px;\">\n<h2 style=\"font-size: 20px; margin-bottom: 8px;\">\ud83d\udce6 Aper\u00e7u du produit<\/h2>\n<p>Nos r\u00e9cipients de voyage en silicone sont con\u00e7us pour la commodit\u00e9, l'hygi\u00e8ne et la portabilit\u00e9. Ce flacon compressible de voyage de 90 ml est dot\u00e9 d'un applicateur en soie int\u00e9gr\u00e9, parfait pour le shampoing, la lotion, le d\u00e9sinfectant ou d'autres liquides cosm\u00e9tiques. La conception \u00e9tanche garantit un voyage sans d\u00e9sordre pour un usage personnel ou professionnel.<\/p>\n<ul style=\"padding-left: 18px; margin: 0;\">\n<li>Capacit\u00e9 : 90ml \/ 50g<\/li>\n<li>Mat\u00e9riau : Bouteille en silicone alimentaire + couvercle en PP<\/li>\n<li>Dimensions : 55*50*127mm<\/li>\n<li>Applicateur en soie pour faciliter l'application des soins ou du shampoing<\/li>\n<li>\u00c9tanche, r\u00e9utilisable et durable<\/li>\n<li>Conception 2 en 1 pour le shampoing, la lotion, le d\u00e9sinfectant et les cosm\u00e9tiques<\/li>\n<li>Options OEM et personnalisables disponibles pour les commandes en gros ou les commandes de marque<\/li>\n<\/ul>\n<\/section>\n<section style=\"margin-bottom: 25px;\">\n<h2 style=\"font-size: 20px; margin-bottom: 8px;\">\ud83d\udccf Sp\u00e9cifications du produit<\/h2>\n<table style=\"width: 100%; border-collapse: collapse; font-size: 14px; margin-bottom: 10px;\">\n<thead>\n<tr style=\"background-color: #f4f4f4;\">\n<th style=\"border: 1px solid #ccc; padding: 8px;\">Objet<\/th>\n<th style=\"border: 1px solid #ccc; padding: 8px;\">D\u00e9tails<\/th>\n<\/tr>\n<\/thead>\n<tbody>\n<tr>\n<td style=\"border: 1px solid #ccc; padding: 8px;\">Nom du produit<\/td>\n<td style=\"border: 1px solid #ccc; padding: 8px;\">Bouteille press\u00e9e de voyage<\/td>\n<\/tr>\n<tr>\n<td style=\"border: 1px solid #ccc; padding: 8px;\">Mod\u00e8le<\/td>\n<td style=\"border: 1px solid #ccc; padding: 8px;\">S-GS021<\/td>\n<\/tr>\n<tr>\n<td style=\"border: 1px solid #ccc; padding: 8px;\">Mat\u00e9riau<\/td>\n<td style=\"border: 1px solid #ccc; padding: 8px;\">Silicone alimentaire (bouteille) + PP (couvercle)<\/td>\n<\/tr>\n<tr>\n<td style=\"border: 1px solid #ccc; padding: 8px;\">Capacit\u00e9 et taille<\/td>\n<td style=\"border: 1px solid #ccc; padding: 8px;\">90ml (55*50*127mm)<\/td>\n<\/tr>\n<tr>\n<td style=\"border: 1px solid #ccc; padding: 8px;\">Poids<\/td>\n<td style=\"border: 1px solid #ccc; padding: 8px;\">50g<\/td>\n<\/tr>\n<tr>\n<td style=\"border: 1px solid #ccc; padding: 8px;\">Couleur<\/td>\n<td style=\"border: 1px solid #ccc; padding: 8px;\">Personnalisable<\/td>\n<\/tr>\n<tr>\n<td style=\"border: 1px solid #ccc; padding: 8px;\">Caract\u00e9ristiques<\/td>\n<td style=\"border: 1px solid #ccc; padding: 8px;\">\u00c9tanche, compressible, rechargeable, compact, facile \u00e0 transporter<\/td>\n<\/tr>\n<tr>\n<td style=\"border: 1px solid #ccc; padding: 8px;\">Options OEM<\/td>\n<td style=\"border: 1px solid #ccc; padding: 8px;\">Couleurs personnalis\u00e9es, impression de logos, emballage, \u00e9tiquetage<\/td>\n<\/tr>\n<\/tbody>\n<\/table>\n<\/section>\n<section style=\"margin-bottom: 25px;\">\n<h2 style=\"font-size: 20px; margin-bottom: 8px;\">\ud83e\uddf4 Caract\u00e9ristiques principales<\/h2>\n<ul style=\"padding-left: 18px; margin: 0;\">\n<li>\u2705 Fabriqu\u00e9 en silicone de haute qualit\u00e9, flexible, de qualit\u00e9 alimentaire, s\u00fbr pour les lotions, le shampoing, la cr\u00e8me, et plus encore.<\/li>\n<li>\u2705 Sans BPA et respectueux de l'environnement, r\u00e9utilisable pour une utilisation \u00e0 long terme.<\/li>\n<li>La conception 2 en 1 permet de ranger le shampooing et la lotion dans un seul flacon.<\/li>\n<li>\u2705 Mince et l\u00e9ger, il se glisse dans les sacs de voyage, les sacs \u00e0 dos ou les trousses de sport.<\/li>\n<li>\u2705 Le bouchon en PP \u00e9tanche garantit un voyage sans d\u00e9sordre.<\/li>\n<li>OEM et options personnalisables disponibles : couleurs, logo et emballage.<\/li>\n<\/ul>\n<\/section>\n<section style=\"margin-bottom: 25px;\">\n<h2 style=\"font-size: 20px; margin-bottom: 8px;\">\ud83c\udf0d Pourquoi choisir cette bouteille compressible de voyage ?<\/h2>\n<ul style=\"padding-left: 18px; margin: 0;\">\n<li>\u2714 Stockage en voyage sans d\u00e9g\u00e2ts et sans fuites<\/li>\n<li>\u2714 Mat\u00e9riau en silicone durable et compressible<\/li>\n<li>\u2714 Conception des poils pour une application facile des liquides<\/li>\n<li>\u2714 Solution r\u00e9utilisable et \u00e9cologique<\/li>\n<li>\u2714 OEM et personnalisable pour le marquage ou le cadeau<\/li>\n<\/ul>\n<\/section>\n<section style=\"margin-bottom: 25px;\">\n<h2 style=\"font-size: 20px; margin-bottom: 8px;\">\ud83d\udca1 Applications<\/h2>\n<ul style=\"padding-left: 18px; margin: 0;\">\n<li>\u2714 Rangement du shampooing et de l'apr\u00e8s-shampooing pour les voyages ou les salles de sport<\/li>\n<li>Lotion et cr\u00e8me hydratante pour les soins de la peau en d\u00e9placement<\/li>\n<li>\u2714 D\u00e9sinfectant pour l'hygi\u00e8ne et la sant\u00e9<\/li>\n<li>\u2714 Liquides cosm\u00e9tiques pour le voyage ou l'usage personnel<\/li>\n<li>Camping, randonn\u00e9e et aventures en plein air<\/li>\n<\/ul>\n<\/section>\n<section style=\"margin-bottom: 25px;\">\n<h2 style=\"font-size: 20px; margin-bottom: 8px;\">\ud83c\udfed Qualit\u00e9 et durabilit\u00e9<\/h2>\n<p>Fabriqu\u00e9s en silicone alimentaire de qualit\u00e9 sup\u00e9rieure et munis de couvercles en PP, ces flacons sont durables. Le design compressible assure une distribution contr\u00f4l\u00e9e, tandis que l'applicateur en soie facilite l'application lisse du liquide. Ces flacons ont \u00e9t\u00e9 test\u00e9s pour leur r\u00e9sistance aux fuites, leur durabilit\u00e9 et leur s\u00e9curit\u00e9 d'utilisation, ce qui les rend id\u00e9aux pour les grands voyageurs et les applications professionnelles.<\/p>\n<p>Chaque bouteille est soumise \u00e0 un contr\u00f4le de qualit\u00e9 strict pour r\u00e9pondre aux normes internationales, ce qui garantit que vos commandes OEM ou personnalis\u00e9es sont livr\u00e9es avec la plus grande pr\u00e9cision et la plus grande fiabilit\u00e9.<\/p>\n<\/section>\n<section style=\"margin-bottom: 25px;\">\n<h2 style=\"font-size: 20px; margin-bottom: 8px;\">\ud83c\udfa8 Options OEM et personnalisables<\/h2>\n<ul style=\"padding-left: 18px; margin: 0;\">\n<li>Couleurs, tailles et formes de bouteilles personnalis\u00e9es<\/li>\n<li>Impression de logos ou gaufrage sur les bouteilles<\/li>\n<li>Emballage sp\u00e9cial pour la vente au d\u00e9tail ou les cadeaux d'entreprise<\/li>\n<li>Production de commandes en masse avec un contr\u00f4le de qualit\u00e9 pr\u00e9cis<\/li>\n<\/ul>\n<\/section>\n<section style=\"margin-bottom: 25px;\">\n<h2 style=\"font-size: 20px; margin-bottom: 8px;\">\u2728 Conclusion<\/h2>\n<p>Choisissez nos contenants en silicone de 90 ml pour le voyage avec le flacon compressible de voyage en soie pour une solution fiable, \u00e9tanche et polyvalente. Id\u00e9al pour le shampoing, la lotion, le d\u00e9sinfectant et les produits de soin de la peau. Les options OEM et personnalisables en font un produit id\u00e9al pour les entreprises, l'usage personnel ou les cadeaux. Voyagez plus intelligemment, appliquez plus facilement et profitez de la commodit\u00e9 des bouteilles en silicone de haute qualit\u00e9 con\u00e7ues pour la vie moderne.<\/p>\n<\/section>\n<\/section>","protected":false},"excerpt":{"rendered":"<p>Premium 90ml <strong>r\u00e9cipients en silicone pour le voyage<\/strong> et <strong>bouteille compressible de voyage<\/strong> avec poils, conception \u00e9tanche. Id\u00e9al pour le shampoing, la lotion, le d\u00e9sinfectant et les cosm\u00e9tiques. OEM et personnalisable pour les besoins personnels ou professionnels.<\/p>","protected":false},"featured_media":5670,"comment_status":"closed","ping_status":"closed","template":"","meta":{"_acf_changed":false},"product_brand":[],"product_cat":[49],"product_tag":[],"class_list":{"0":"post-5666","1":"product","2":"type-product","3":"status-publish","4":"has-post-thumbnail","6":"product_cat-silicone-materials","8":"first","9":"instock","10":"shipping-taxable","11":"product-type-grouped"},"acf":[],"_links":{"self":[{"href":"https:\/\/goldensoarpackage.com\/fr\/wp-json\/wp\/v2\/product\/5666","targetHints":{"allow":["GET"]}}],"collection":[{"href":"https:\/\/goldensoarpackage.com\/fr\/wp-json\/wp\/v2\/product"}],"about":[{"href":"https:\/\/goldensoarpackage.com\/fr\/wp-json\/wp\/v2\/types\/product"}],"replies":[{"embeddable":true,"href":"https:\/\/goldensoarpackage.com\/fr\/wp-json\/wp\/v2\/comments?post=5666"}],"wp:featuredmedia":[{"embeddable":true,"href":"https:\/\/goldensoarpackage.com\/fr\/wp-json\/wp\/v2\/media\/5670"}],"wp:attachment":[{"href":"https:\/\/goldensoarpackage.com\/fr\/wp-json\/wp\/v2\/media?parent=5666"}],"wp:term":[{"taxonomy":"product_brand","embeddable":true,"href":"https:\/\/goldensoarpackage.com\/fr\/wp-json\/wp\/v2\/product_brand?post=5666"},{"taxonomy":"product_cat","embeddable":true,"href":"https:\/\/goldensoarpackage.com\/fr\/wp-json\/wp\/v2\/product_cat?post=5666"},{"taxonomy":"product_tag","embeddable":true,"href":"https:\/\/goldensoarpackage.com\/fr\/wp-json\/wp\/v2\/product_tag?post=5666"}],"curies":[{"name":"wp","href":"https:\/\/api.w.org\/{rel}","templated":true}]}}