{"id":5311,"date":"2025-08-14T02:48:15","date_gmt":"2025-08-14T02:48:15","guid":{"rendered":"https:\/\/goldensoarpackage.com\/?post_type=product&#038;p=5311"},"modified":"2025-10-13T03:14:09","modified_gmt":"2025-10-13T03:14:09","slug":"boites-de-thon-rondes-et-vides-en-fer-blanc-avec-couvercles","status":"publish","type":"product","link":"https:\/\/goldensoarpackage.com\/fr\/boites-de-thon-rondes-et-vides-en-fer-blanc-avec-couvercles\/","title":{"rendered":"Bo\u00eetes de thon vides en fer rond avec couvercle 170g Fer blanc alimentaire pour l'emballage des sardines et du thon OEM"},"content":{"rendered":"<section style=\"font-family: Arial, sans-serif; line-height: 1.6; color: #333; width: 100%; margin: auto;\">\n<header style=\"margin-bottom: 20px;\">\n<h1 style=\"font-size: 24px; margin-bottom: 10px;\">Bo\u00eetes de thon vides de 170g avec couvercles pour l'emballage des sardines et du thon - Bo\u00eetes rondes en fer de qualit\u00e9 alimentaire en deux parties<\/h1>\n<p style=\"margin-bottom: 15px;\">Il y a trois choses qui sont vraiment importantes lorsqu'il s'agit d'emballer et de conserver vos produits de la mer : <strong>s\u00e9curit\u00e9, fra\u00eecheur et durabilit\u00e9<\/strong>. Notre gamme de bo\u00eetes de conserve en deux parties, fabriqu\u00e9es \u00e0 partir de fer blanc certifi\u00e9 de qualit\u00e9 alimentaire, r\u00e9pond aux exigences rigoureuses des industries d'emballage du thon, de la sardine et d'autres produits de la mer. Les marques alimentaires mondiales nous font confiance et nous avons plus d'une d\u00e9cennie d'exp\u00e9rience en mati\u00e8re de personnalisation OEM.<\/p>\n<\/header>\n<section style=\"margin-bottom: 25px;\">\n<h2 style=\"font-size: 20px; margin-bottom: 10px;\">\ud83d\udccf Sp\u00e9cifications disponibles<\/h2>\n<table style=\"width: 100%; border-collapse: collapse; font-size: 14px; margin-bottom: 10px;\">\n<thead>\n<tr style=\"background-color: #f4f4f4;\">\n<th style=\"border: 1px solid #ccc; padding: 8px;\">Code<\/th>\n<th style=\"border: 1px solid #ccc; padding: 8px;\">Taille (mm)<\/th>\n<th style=\"border: 1px solid #ccc; padding: 8px;\">Taille (pouces)<\/th>\n<\/tr>\n<\/thead>\n<tbody>\n<tr>\n<td style=\"border: 1px solid #ccc; padding: 8px;\">536<\/td>\n<td style=\"border: 1px solid #ccc; padding: 8px;\">52.3\u00d736mm<\/td>\n<td style=\"border: 1px solid #ccc; padding: 8px;\">202\u00d7108<\/td>\n<\/tr>\n<tr>\n<td style=\"border: 1px solid #ccc; padding: 8px;\">639<\/td>\n<td style=\"border: 1px solid #ccc; padding: 8px;\">65,3\u00d739 mm<\/td>\n<td style=\"border: 1px solid #ccc; padding: 8px;\">211\u00d7109<\/td>\n<\/tr>\n<tr>\n<td style=\"border: 1px solid #ccc; padding: 8px;\">732<\/td>\n<td style=\"border: 1px solid #ccc; padding: 8px;\">72,9\u00d732 mm<\/td>\n<td style=\"border: 1px solid #ccc; padding: 8px;\">300\u00d7104<\/td>\n<\/tr>\n<tr>\n<td style=\"border: 1px solid #ccc; padding: 8px;\">740<\/td>\n<td style=\"border: 1px solid #ccc; padding: 8px;\">72.9\u00d740mm<\/td>\n<td style=\"border: 1px solid #ccc; padding: 8px;\">300\u00d7109<\/td>\n<\/tr>\n<tr>\n<td style=\"border: 1px solid #ccc; padding: 8px;\">753<\/td>\n<td style=\"border: 1px solid #ccc; padding: 8px;\">72.9\u00d753mm<\/td>\n<td style=\"border: 1px solid #ccc; padding: 8px;\">300\u00d7201<\/td>\n<\/tr>\n<tr>\n<td style=\"border: 1px solid #ccc; padding: 8px;\">757<\/td>\n<td style=\"border: 1px solid #ccc; padding: 8px;\">72.9\u00d757mm<\/td>\n<td style=\"border: 1px solid #ccc; padding: 8px;\">300\u00d7204<\/td>\n<\/tr>\n<tr>\n<td style=\"border: 1px solid #ccc; padding: 8px;\">838<\/td>\n<td style=\"border: 1px solid #ccc; padding: 8px;\">83.3\u00d738mm<\/td>\n<td style=\"border: 1px solid #ccc; padding: 8px;\">307\u00d7108<\/td>\n<\/tr>\n<tr>\n<td style=\"border: 1px solid #ccc; padding: 8px;\">846<\/td>\n<td style=\"border: 1px solid #ccc; padding: 8px;\">83.3\u00d746mm<\/td>\n<td style=\"border: 1px solid #ccc; padding: 8px;\">307\u00d7113<\/td>\n<\/tr>\n<tr>\n<td style=\"border: 1px solid #ccc; padding: 8px;\">854<\/td>\n<td style=\"border: 1px solid #ccc; padding: 8px;\">83.3\u00d754mm<\/td>\n<td style=\"border: 1px solid #ccc; padding: 8px;\">307\u00d7201<\/td>\n<\/tr>\n<tr>\n<td style=\"border: 1px solid #ccc; padding: 8px;\">946<\/td>\n<td style=\"border: 1px solid #ccc; padding: 8px;\">98.9\u00d746mm<\/td>\n<td style=\"border: 1px solid #ccc; padding: 8px;\">401\u00d7113<\/td>\n<\/tr>\n<\/tbody>\n<\/table>\n<\/section>\n<section style=\"margin-bottom: 25px;\">\n<h2 style=\"font-size: 20px; margin-bottom: 10px;\">\ud83d\udd39 Caract\u00e9ristiques principales - Bo\u00eetes de thon vides avec couvercles<\/h2>\n<ul style=\"padding-left: 20px;\">\n<li>\u2705 S\u00e9curit\u00e9 alimentaire - Fabriqu\u00e9 en fer blanc de qualit\u00e9 alimentaire 100%, approuv\u00e9 par la FDA.<\/li>\n<li>Fermeture herm\u00e9tique - la technologie fresh-tap\u00ae garantit l'absence d'oxyg\u00e8ne et d'humidit\u00e9, ce qui permet de conserver la fra\u00eecheur plus longtemps.<\/li>\n<li>R\u00e9sistance \u00e0 la corrosion - Rev\u00eatement antirouille appliqu\u00e9 \u00e0 l'ext\u00e9rieur et \u00e0 l'int\u00e9rieur.<\/li>\n<li>Bo\u00eete en deux parties - Construction sans couture pour plus de solidit\u00e9 et d'hygi\u00e8ne.<\/li>\n<li>\u2705 OEM personnalis\u00e9 - Tailles, impressions et styles de couvercles disponibles.<\/li>\n<\/ul>\n<\/section>\n<section style=\"margin-bottom: 25px;\">\n<h2 style=\"font-size: 20px; margin-bottom: 10px;\">\ud83d\udc1f Utilisations<\/h2>\n<ul style=\"padding-left: 20px;\">\n<li>Fruits de mer : Thon, moules, sardines, hareng, maquereau, saumon.<\/li>\n<li>Viande en conserve : poulet, porc, b\u0153uf<\/li>\n<li>Conserves de l\u00e9gumes et de fruits<\/li>\n<li>Repas et soupes pr\u00eats \u00e0 consommer<\/li>\n<li>Aliments humides pour animaux de compagnie<\/li>\n<\/ul>\n<\/section>\n<section style=\"margin-bottom: 25px;\">\n<h2 style=\"font-size: 20px; margin-bottom: 10px;\">\ud83d\udee0 Services OEM et de personnalisation<\/h2>\n<ul style=\"padding-left: 20px;\">\n<li>Diam\u00e8tres, hauteurs et capacit\u00e9s sur mesure<\/li>\n<li>Logo de la marque, impression en quadrichromie CMYK ou en tons directs<\/li>\n<li>Options du couvercle : Easy Open End (EOE), languette \u00e0 tirer, ou serti<\/li>\n<li>Rev\u00eatements int\u00e9rieurs et ext\u00e9rieurs en laque de protection<\/li>\n<li>D\u00e9lai d'ex\u00e9cution rapide et livraison dans le monde entier<\/li>\n<\/ul>\n<\/section>\n<section style=\"margin-bottom: 25px;\">\n<h2 style=\"font-size: 20px; margin-bottom: 10px;\">\ud83c\udfed Processus de production et contr\u00f4le de la qualit\u00e9<\/h2>\n<ul style=\"padding-left: 20px;\">\n<li>100% Fer blanc alimentaire<\/li>\n<li>Processus d'emboutissage profond pour une hygi\u00e8ne et une r\u00e9sistance sans coutures<\/li>\n<li>Pas de rouille ni de compos\u00e9s contaminants<\/li>\n<li>Impression num\u00e9rique respectueuse de l'environnement<\/li>\n<li>Scellage de pr\u00e9cision et ajustement du couvercle<\/li>\n<li>Contr\u00f4les par lots des dimensions, du rev\u00eatement et de l'int\u00e9grit\u00e9 du scellement<\/li>\n<\/ul>\n<\/section>\n<section style=\"margin-bottom: 25px;\">\n<h2 style=\"font-size: 20px; margin-bottom: 10px;\">\ud83d\udcaa Avantages de la conception de bo\u00eetes en deux parties<\/h2>\n<ul style=\"padding-left: 20px;\">\n<li>Pas de couture lat\u00e9rale - structure plus solide<\/li>\n<li>Facile \u00e0 nettoyer et hygi\u00e9nique<\/li>\n<li>\u2705 Meilleur empilage et transport plus s\u00fbr<\/li>\n<li>Aspect \u00e9l\u00e9gant et haut de gamme pour une meilleure mise en rayon<\/li>\n<\/ul>\n<\/section>\n<section style=\"margin-bottom: 25px;\">\n<h2 style=\"font-size: 20px; margin-bottom: 10px;\">\ud83c\udf7d S\u00e9curit\u00e9 alimentaire et fra\u00eecheur<\/h2>\n<p>Nos conserves pr\u00e9servent la saveur, la texture et les nutriments d'origine, en maintenant la fra\u00eecheur de l'usine \u00e0 la table sans rompre la fermeture herm\u00e9tique.<\/p>\n<\/section>\n<section style=\"margin-bottom: 25px;\">\n<h2 style=\"font-size: 20px; margin-bottom: 10px;\">\ud83c\udf3f Engagement \u00e9cologique<\/h2>\n<p>Le fer blanc recyclable 100% ne pr\u00e9sente aucune perte de qualit\u00e9, ce qui favorise l'\u00e9conomie circulaire et r\u00e9duit l'impact sur l'environnement.<\/p>\n<\/section>\n<section style=\"margin-bottom: 25px;\">\n<h2 style=\"font-size: 20px; margin-bottom: 10px;\">\ud83d\udce6 Emballage et livraison<\/h2>\n<ul style=\"padding-left: 20px;\">\n<li>Conditionnement en cartons en vrac ou en palettes<\/li>\n<li>Exp\u00e9dition : Maritime, a\u00e9rien ou express (DHL, TNT, UPS, FedEx)<\/li>\n<li>D\u00e9lai de livraison : Normalement 15-30 jours pour les mod\u00e8les personnalis\u00e9s<\/li>\n<\/ul>\n<\/section>\n<section>\n<h2 style=\"font-size: 20px; margin-bottom: 10px;\">\u2705 Conclusion<\/h2>\n<p>Nos bo\u00eetes de thon vides 2 pi\u00e8ces avec couvercle offrent une qualit\u00e9 sup\u00e9rieure, une s\u00e9curit\u00e9 et une personnalisation pour les sardines, le thon et d'autres produits alimentaires. Avec plus de 10 ans d'exp\u00e9rience en tant qu'\u00e9quipementier, nous veillons \u00e0 ce que chaque bo\u00eete r\u00e9ponde aux normes de marque et de performance.<br \/>\nCon\u00e7us \u00e0 l'int\u00e9rieur et \u00e0 l'ext\u00e9rieur pour l'excellence, ils gardent les produits frais, s\u00fbrs et pr\u00eats \u00e0 \u00eatre commercialis\u00e9s.<\/p>\n<\/section>\n<\/section>","protected":false},"excerpt":{"rendered":"<p>Bo\u00eetes de conserve en deux parties et bo\u00eetes de thon vides de 170 g de qualit\u00e9 alimentaire de premi\u00e8re qualit\u00e9, avec couvercles en fer blanc durable. Disponibles en plusieurs tailles, parfaites pour l'emballage des sardines et du thon, avec une fermeture herm\u00e9tique, une personnalisation OEM et plus de 10 ans d'expertise en mati\u00e8re de fabrication.<\/p>","protected":false},"featured_media":9111,"comment_status":"closed","ping_status":"closed","template":"","meta":{"_acf_changed":false},"product_brand":[],"product_cat":[43],"product_tag":[],"class_list":{"0":"post-5311","1":"product","2":"type-product","3":"status-publish","4":"has-post-thumbnail","6":"product_cat-tinplate-materials","8":"first","9":"instock","10":"shipping-taxable","11":"product-type-grouped"},"acf":[],"_links":{"self":[{"href":"https:\/\/goldensoarpackage.com\/fr\/wp-json\/wp\/v2\/product\/5311","targetHints":{"allow":["GET"]}}],"collection":[{"href":"https:\/\/goldensoarpackage.com\/fr\/wp-json\/wp\/v2\/product"}],"about":[{"href":"https:\/\/goldensoarpackage.com\/fr\/wp-json\/wp\/v2\/types\/product"}],"replies":[{"embeddable":true,"href":"https:\/\/goldensoarpackage.com\/fr\/wp-json\/wp\/v2\/comments?post=5311"}],"wp:featuredmedia":[{"embeddable":true,"href":"https:\/\/goldensoarpackage.com\/fr\/wp-json\/wp\/v2\/media\/9111"}],"wp:attachment":[{"href":"https:\/\/goldensoarpackage.com\/fr\/wp-json\/wp\/v2\/media?parent=5311"}],"wp:term":[{"taxonomy":"product_brand","embeddable":true,"href":"https:\/\/goldensoarpackage.com\/fr\/wp-json\/wp\/v2\/product_brand?post=5311"},{"taxonomy":"product_cat","embeddable":true,"href":"https:\/\/goldensoarpackage.com\/fr\/wp-json\/wp\/v2\/product_cat?post=5311"},{"taxonomy":"product_tag","embeddable":true,"href":"https:\/\/goldensoarpackage.com\/fr\/wp-json\/wp\/v2\/product_tag?post=5311"}],"curies":[{"name":"wp","href":"https:\/\/api.w.org\/{rel}","templated":true}]}}