{"id":5295,"date":"2025-08-13T10:50:29","date_gmt":"2025-08-13T10:50:29","guid":{"rendered":"https:\/\/goldensoarpackage.com\/?post_type=product&#038;p=5295"},"modified":"2025-08-19T05:39:09","modified_gmt":"2025-08-19T05:39:09","slug":"boite-de-conserve-en-fer-blanc-de-qualite-alimentaire-boite-de-sardine-vide","status":"publish","type":"product","link":"https:\/\/goldensoarpackage.com\/fr\/boite-de-conserve-en-fer-blanc-de-qualite-alimentaire-boite-de-sardine-vide\/","title":{"rendered":"Bo\u00eete de conserve de thon en fer blanc avec ouverture facile pour un emballage s\u00fbr"},"content":{"rendered":"<section style=\"font-family: Arial, sans-serif; line-height: 1.6; color: #333; max-width: 100%; margin: auto;\">\n<header style=\"margin-bottom: 20px;\">\n<h1 style=\"font-size: 24px; margin-bottom: 10px;\">Conserves - Bo\u00eete de sardines vide \u00e0 ouverture facile<\/h1>\n<p style=\"margin-bottom: 15px;\">Cette s\u00e9rie de bo\u00eetes en fer blanc de qualit\u00e9 alimentaire est id\u00e9ale pour le conditionnement des sardines et du thon. Nos bo\u00eetes en fer blanc de qualit\u00e9 alimentaire sont parfaites pour les produits de la mer et sont con\u00e7ues pour les producteurs commerciaux et \u00e0 petite \u00e9chelle. Ces bo\u00eetes de sardines vides sont de forme carr\u00e9e avec des extr\u00e9mit\u00e9s \u00e0 ergots ou un couvercle \u00e0 ouverture facile (extr\u00e9mit\u00e9 mapolsa), offrant commodit\u00e9, s\u00e9curit\u00e9 et dur\u00e9e de conservation prolong\u00e9e du produit.<\/p>\n<\/header>\n<section style=\"margin-bottom: 25px;\">\n<h2 style=\"font-size: 20px; margin-bottom: 10px;\">\ud83d\udd39 Caract\u00e9ristiques principales<\/h2>\n<ul style=\"padding-left: 20px;\">\n<li>Fabriqu\u00e9 en fer blanc de qualit\u00e9 alimentaire : r\u00e9sistant \u00e0 la corrosion, non toxique et inodore.<\/li>\n<li>Design : Forme rectangulaire id\u00e9ale pour les sardines et le thon.<\/li>\n<li>Quantit\u00e9 : 125 g, id\u00e9al pour les emballages individuels.<\/li>\n<li>Ouverture facile (EOE) : Tirette pour une ouverture sans outil.<\/li>\n<li>Conserve la fra\u00eecheur et la saveur : Scellage \u00e9tanche \u00e0 l'air et aux fuites.<\/li>\n<li>Cat\u00e9gories : Emballage commercial, \u00e9tiquetage, impression et marquage.<\/li>\n<\/ul>\n<\/section>\n<section style=\"margin-bottom: 25px;\">\n<h2 style=\"font-size: 20px; margin-bottom: 10px;\">\ud83d\udccf Sp\u00e9cifications du produit<\/h2>\n<table style=\"width: 100%; border-collapse: collapse; font-size: 14px; margin-bottom: 10px;\">\n<thead>\n<tr style=\"background-color: #f4f4f4;\">\n<th style=\"border: 1px solid #ccc; padding: 8px;\">Capacit\u00e9<\/th>\n<th style=\"border: 1px solid #ccc; padding: 8px;\">Mat\u00e9riau<\/th>\n<th style=\"border: 1px solid #ccc; padding: 8px;\">Forme<\/th>\n<th style=\"border: 1px solid #ccc; padding: 8px;\">Ouverture<\/th>\n<th style=\"border: 1px solid #ccc; padding: 8px;\">Dimensions (approx.)<\/th>\n<\/tr>\n<\/thead>\n<tbody>\n<tr>\n<td style=\"border: 1px solid #ccc; padding: 8px;\">125g<\/td>\n<td style=\"border: 1px solid #ccc; padding: 8px;\">Fer-blanc<\/td>\n<td style=\"border: 1px solid #ccc; padding: 8px;\">Rectangulaire<\/td>\n<td style=\"border: 1px solid #ccc; padding: 8px;\">Ouverture facile gr\u00e2ce \u00e0 la tirette<\/td>\n<td style=\"border: 1px solid #ccc; padding: 8px;\">Longueur : 106mm, Largeur : 60mm, Hauteur : 28mm (22mm)<\/td>\n<\/tr>\n<\/tbody>\n<\/table>\n<\/section>\n<section style=\"margin-bottom: 25px;\">\n<h2 style=\"font-size: 20px; margin-bottom: 10px;\">\ud83c\udf1f Avantages des bo\u00eetes en fer-blanc de qualit\u00e9 alimentaire<\/h2>\n<ul style=\"padding-left: 20px;\">\n<li>Le fer blanc de haute qualit\u00e9 pr\u00e9serve l'int\u00e9grit\u00e9 du produit et emp\u00eache la rouille.<\/li>\n<li>Ouverture facile pour le confort du consommateur.<\/li>\n<li>Les bo\u00eetes \u00e0 double couture prot\u00e8gent contre la contamination, l'exposition \u00e0 l'oxyg\u00e8ne et la lixiviation du plomb.<\/li>\n<li>Parfait pour les march\u00e9s de d\u00e9tail et d'exportation qui exigent un emballage s\u00fbr des aliments \u00e0 faible teneur en acide.<\/li>\n<li>Pas de fuite : L'\u00e9tanch\u00e9it\u00e9 parfaite \u00e9vite les pertes de liquide et la contamination.<\/li>\n<li>S\u00e9curit\u00e9 alimentaire : Produit conform\u00e9ment aux normes de s\u00e9curit\u00e9 alimentaire.<\/li>\n<li>Personnalisable : \u00c9tiquettes imprim\u00e9es, couleur et logo de la marque disponibles.<\/li>\n<li>Respect de l'environnement : le fer blanc recyclable 100% contribue \u00e0 un emballage durable.<\/li>\n<\/ul>\n<\/section>\n<section style=\"margin-bottom: 25px;\">\n<h2 style=\"font-size: 20px; margin-bottom: 10px;\">\ud83d\udee0 Applications<\/h2>\n<ul style=\"padding-left: 20px;\">\n<li>Emballage pour sardines, thon et autres produits de la mer.<\/li>\n<li>Bo\u00eetes individuelles pour la vente au d\u00e9tail dans les magasins de proximit\u00e9 et les supermarch\u00e9s.<\/li>\n<li>Emballages pour l'exportation et la vente en gros de produits alimentaires n\u00e9cessitant une fermeture s\u00fbre.<\/li>\n<li>Bo\u00eetes de conserve personnalis\u00e9es pour les coffrets cadeaux ou les applications uniques de produits de la mer.<\/li>\n<\/ul>\n<\/section>\n<section style=\"margin-bottom: 25px;\">\n<h2 style=\"font-size: 20px; margin-bottom: 10px;\">\ud83e\uddbe Avantages pour les fabricants et les d\u00e9taillants<\/h2>\n<ul style=\"padding-left: 20px;\">\n<li>Am\u00e9lioration de la dur\u00e9e de conservation et de la s\u00e9curit\u00e9 des produits.<\/li>\n<li>Les \u00e9tiquettes sp\u00e9cialis\u00e9es et les d\u00e9tails d'impression uniques augmentent la reconnaissance de la marque.<\/li>\n<li>Conception empilable pour un stockage et un transport efficaces.<\/li>\n<li>Nettoyage facile et accessibilit\u00e9 conviviale.<\/li>\n<\/ul>\n<\/section>\n<section style=\"margin-bottom: 25px;\">\n<h2 style=\"font-size: 20px; margin-bottom: 10px;\">\ud83d\udce6 Emballage et approvisionnement<\/h2>\n<p>Chaque bo\u00eete de sardines vides de 125 g est soigneusement emball\u00e9e pour \u00e9viter tout dommage pendant le transport. Elles conviennent \u00e0 l'emballage des boutiques ou \u00e0 la production de masse. Les services OEM garantissent que toutes les bo\u00eetes r\u00e9pondent aux normes internationales.<\/p>\n<\/section>\n<section style=\"margin-bottom: 25px;\">\n<h2 style=\"font-size: 20px; margin-bottom: 10px;\">\ud83c\udf0d Engagement en mati\u00e8re de d\u00e9veloppement durable<\/h2>\n<p>Production \u00e9cologique utilisant du fer blanc recyclable 100%. Les pratiques de fabrication conscientes r\u00e9duisent les d\u00e9chets et favorisent l'emballage durable.<\/p>\n<\/section>\n<section>\n<h2 style=\"font-size: 20px; margin-bottom: 10px;\">\u2705 R\u00e9sum\u00e9<\/h2>\n<p>Nos bo\u00eetes de sardines vides \u00e0 ouverture facile sont fiables, s\u00fbres et conviviales. Fabriqu\u00e9es en fer blanc de qualit\u00e9 alimentaire, ces bo\u00eetes rectangulaires offrent fra\u00eecheur, durabilit\u00e9, commodit\u00e9 et possibilit\u00e9s de marquage tout en soutenant des solutions d'emballage durables.<\/p>\n<\/section>\n<\/section>","protected":false},"excerpt":{"rendered":"<p>Haute qualit\u00e9 <strong>Bo\u00eete en fer blanc de qualit\u00e9 alimentaire<\/strong> con\u00e7u comme un <strong>bo\u00eete de sardines vide<\/strong> avec ouverture facile. Parfait pour l'emballage du thon, des sardines et d'autres produits de la mer, garantissant la fra\u00eecheur et la s\u00e9curit\u00e9 du produit, ainsi qu'un stockage \u00e0 l'abri des fuites.<\/p>","protected":false},"featured_media":5599,"comment_status":"closed","ping_status":"closed","template":"","meta":{"_acf_changed":false},"product_brand":[],"product_cat":[43],"product_tag":[],"class_list":{"0":"post-5295","1":"product","2":"type-product","3":"status-publish","4":"has-post-thumbnail","6":"product_cat-tinplate-materials","8":"first","9":"instock","10":"shipping-taxable","11":"product-type-grouped"},"acf":[],"_links":{"self":[{"href":"https:\/\/goldensoarpackage.com\/fr\/wp-json\/wp\/v2\/product\/5295","targetHints":{"allow":["GET"]}}],"collection":[{"href":"https:\/\/goldensoarpackage.com\/fr\/wp-json\/wp\/v2\/product"}],"about":[{"href":"https:\/\/goldensoarpackage.com\/fr\/wp-json\/wp\/v2\/types\/product"}],"replies":[{"embeddable":true,"href":"https:\/\/goldensoarpackage.com\/fr\/wp-json\/wp\/v2\/comments?post=5295"}],"wp:featuredmedia":[{"embeddable":true,"href":"https:\/\/goldensoarpackage.com\/fr\/wp-json\/wp\/v2\/media\/5599"}],"wp:attachment":[{"href":"https:\/\/goldensoarpackage.com\/fr\/wp-json\/wp\/v2\/media?parent=5295"}],"wp:term":[{"taxonomy":"product_brand","embeddable":true,"href":"https:\/\/goldensoarpackage.com\/fr\/wp-json\/wp\/v2\/product_brand?post=5295"},{"taxonomy":"product_cat","embeddable":true,"href":"https:\/\/goldensoarpackage.com\/fr\/wp-json\/wp\/v2\/product_cat?post=5295"},{"taxonomy":"product_tag","embeddable":true,"href":"https:\/\/goldensoarpackage.com\/fr\/wp-json\/wp\/v2\/product_tag?post=5295"}],"curies":[{"name":"wp","href":"https:\/\/api.w.org\/{rel}","templated":true}]}}