{"id":7027,"date":"2025-09-09T08:34:40","date_gmt":"2025-09-09T08:34:40","guid":{"rendered":"https:\/\/goldensoarpackage.com\/?post_type=product&#038;p=7027"},"modified":"2025-09-09T08:51:35","modified_gmt":"2025-09-09T08:51:35","slug":"dispensadores-de-locion-pp-con-frasco-bomba-airless","status":"publish","type":"product","link":"https:\/\/goldensoarpackage.com\/es\/dispensadores-de-locion-pp-con-frasco-bomba-airless\/","title":{"rendered":"Botella de Bomba Airless PP Envase de Embalaje Cosm\u00e9tico | Dispensadores de Loci\u00f3n Rellenables para Suero Crema Champ\u00fa 15ml 30ml 50ml"},"content":{"rendered":"<section style=\"font-family: Inter, Arial, sans-serif; color: #222; line-height: 1.6; width: 100%; margin: 0 auto;\">\n<header style=\"margin-bottom: 12px;\">\n<h1 style=\"font-size: 24px; margin: 0 0 6px 0; color: #0b63ce; text-align: center;\">\u2728 Premium Airless Pump Bottle Envases para cosm\u00e9ticos con dispensadores de loci\u00f3n rellenables<\/h1>\n<\/header>\n<p style=\"margin-top: 14px;\">El frasco con bomba airless es una de las bombas m\u00e1s vendidas y fiables para el envasado de cosm\u00e9ticos. Equipados con un fiable sistema de bomba de vac\u00edo, estos envases impedir\u00e1n que sus productos (como sueros, cremas, lociones e incluso champ\u00fas) se oxiden y contaminen, adem\u00e1s de evitar que se desperdicien por exceso de dispensaci\u00f3n. Estos dispensadores de loci\u00f3n de PP (polipropileno) de alta calidad ofrecen tanto la durabilidad del pl\u00e1stico como un aspecto elegante. Vienen en envases de 15 ml, 30 ml, 50 ml y mini tarros de vac\u00edo para uso profesional o minorista. \u2728<\/p>\n<h2 style=\"font-size: 20px; margin: 18px 0 8px 0; color: #0b63ce;\">\u2728 Ventajas de la botella con bomba sin aire<\/h2>\n<ul style=\"margin: 0 0 12px 20px; padding: 0; list-style: disc; color: #333;\">\n<li style=\"margin: 6px 0;\">Fabricado en pl\u00e1stico PP ecol\u00f3gico de alta calidad y larga duraci\u00f3n para un uso cosm\u00e9tico seguro. \u267b\ufe0f<\/li>\n<li style=\"margin: 6px 0;\">Disponible en pr\u00e1cticos 3 tama\u00f1os: <strong>15 ml, 30 ml, 50 ml<\/strong>. \ud83d\udce6<\/li>\n<li style=\"margin: 6px 0;\">Dise\u00f1o de mini jarra de vac\u00edo, sin contacto con el aire, para prolongar la vida \u00fatil del producto. \ud83d\udee1\ufe0f<\/li>\n<li style=\"margin: 6px 0;\">Peso ligero: <strong>25 g \/ 27 g \/ 32 g<\/strong> (peso neto seg\u00fan capacidad). \u2696\ufe0f<\/li>\n<li style=\"margin: 6px 0;\">Tama\u00f1o peque\u00f1o: alturas de <strong>79 mm, 103 mm, 135 mm<\/strong> con un di\u00e1metro de <strong>33 mm<\/strong>. \ud83d\udccf<\/li>\n<li style=\"margin: 6px 0;\">Bombas de loci\u00f3n de bloqueo para una dosificaci\u00f3n precisa y limpia. \ud83d\udca7<\/li>\n<li style=\"margin: 6px 0;\">Embalaje pr\u00e1ctico para pedidos al por mayor, al por menor u OEM. \ud83d\udecd\ufe0f<\/li>\n<\/ul>\n<h2 style=\"font-size: 20px; margin: 18px 0 8px 0; color: #0b63ce;\">Especificaciones del producto<\/h2>\n<table style=\"width: 100%; border-collapse: collapse; font-size: 14px; margin-bottom: 14px;\">\n<thead>\n<tr style=\"background: #f6f8fa;\">\n<th style=\"border: 1px solid #e1e4e8; padding: 8px; text-align: center;\">Capacidad<\/th>\n<th style=\"border: 1px solid #e1e4e8; padding: 8px; text-align: center;\">Altura<\/th>\n<th style=\"border: 1px solid #e1e4e8; padding: 8px; text-align: center;\">Di\u00e1metro<\/th>\n<th style=\"border: 1px solid #e1e4e8; padding: 8px; text-align: center;\">Peso<\/th>\n<th style=\"border: 1px solid #e1e4e8; padding: 8px; text-align: center;\">Material<\/th>\n<th style=\"border: 1px solid #e1e4e8; padding: 8px; text-align: center;\">Embalaje<\/th>\n<\/tr>\n<\/thead>\n<tbody>\n<tr>\n<td style=\"border: 1px solid #e1e4e8; padding: 8px; text-align: center;\">15 ml<\/td>\n<td style=\"border: 1px solid #e1e4e8; padding: 8px; text-align: center;\">79 mm<\/td>\n<td style=\"border: 1px solid #e1e4e8; padding: 8px; text-align: center;\">33 mm<\/td>\n<td style=\"border: 1px solid #e1e4e8; padding: 8px; text-align: center;\">25g<\/td>\n<td style=\"border: 1px solid #e1e4e8; padding: 8px; text-align: center;\">PP<\/td>\n<td style=\"border: 1px solid #e1e4e8; padding: 8px; text-align: center;\">Bolsa<\/td>\n<\/tr>\n<tr style=\"background: #fbfcfd;\">\n<td style=\"border: 1px solid #e1e4e8; padding: 8px; text-align: center;\">30 ml<\/td>\n<td style=\"border: 1px solid #e1e4e8; padding: 8px; text-align: center;\">103 mm<\/td>\n<td style=\"border: 1px solid #e1e4e8; padding: 8px; text-align: center;\">33 mm<\/td>\n<td style=\"border: 1px solid #e1e4e8; padding: 8px; text-align: center;\">27g<\/td>\n<td style=\"border: 1px solid #e1e4e8; padding: 8px; text-align: center;\">PP<\/td>\n<td style=\"border: 1px solid #e1e4e8; padding: 8px; text-align: center;\">Bolsa<\/td>\n<\/tr>\n<tr>\n<td style=\"border: 1px solid #e1e4e8; padding: 8px; text-align: center;\">50 ml<\/td>\n<td style=\"border: 1px solid #e1e4e8; padding: 8px; text-align: center;\">135 mm<\/td>\n<td style=\"border: 1px solid #e1e4e8; padding: 8px; text-align: center;\">33 mm<\/td>\n<td style=\"border: 1px solid #e1e4e8; padding: 8px; text-align: center;\">32g<\/td>\n<td style=\"border: 1px solid #e1e4e8; padding: 8px; text-align: center;\">PP<\/td>\n<td style=\"border: 1px solid #e1e4e8; padding: 8px; text-align: center;\">Bolsa<\/td>\n<\/tr>\n<\/tbody>\n<\/table>\n<h2 style=\"font-size: 20px; margin: 18px 0 8px 0; color: #0b63ce;\">\ud83c\udf0d Usos de las botellas con bomba Airless<\/h2>\n<p style=\"margin: 0 0 12px 0;\">Estas botellas de pl\u00e1stico con bomba sin aire se utilizan en diversos sectores. En el cuidado de la piel, son bombas ideales para sueros antienvejecimiento, cremas hidratantes y protectores solares. Como botellas de viaje para art\u00edculos de tocador, funcionan muy bien como peque\u00f1os envases de loci\u00f3n para champ\u00fas, acondicionadores y lociones del tama\u00f1o de un bolso. Tambi\u00e9n son ideales para usos farmac\u00e9uticos o cosm\u00e9ticos, como cremas, pomadas, extractos de hierbas, etc. Su diminuto tama\u00f1o los ha hecho especialmente populares entre los viajeros y las marcas que promueven envases sostenibles y rellenables. \u2708\ufe0f\ud83c\udf31<\/p>\n<h2 style=\"font-size: 20px; margin: 18px 0 8px 0; color: #0b63ce;\">\ud83d\udca1 \u00bfPor qu\u00e9 elegir?<\/h2>\n<ul style=\"margin: 0 0 12px 20px; padding: 0; list-style: disc; color: #333;\">\n<li style=\"margin: 6px 0;\">20 experiencia en la fabricaci\u00f3n de envases cosm\u00e9ticos. \ud83c\udfed<\/li>\n<li style=\"margin: 6px 0;\">Personalizaci\u00f3n OEM y ODM disponible: logotipo, autocolores e impresi\u00f3n. \ud83c\udfa8<\/li>\n<li style=\"margin: 6px 0;\">Uno de los fabricantes del mercado certificados por la FDA como seguros para los alimentos: orgullosos de nuestros productos, rendimiento y servicio. \u2705<\/li>\n<li style=\"margin: 6px 0;\">Flybox ligero y duradero para un transporte y almacenamiento seguros. \ud83d\udce6<\/li>\n<li style=\"margin: 6px 0;\">Tama\u00f1os peque\u00f1os aptos tanto para peque\u00f1as\/grandes empresas como para marcas startup. \ud83d\ude80<\/li>\n<\/ul>\n<h2 style=\"font-size: 20px; margin: 18px 0 8px 0; color: #0b63ce;\">\ud83d\udce6 Embalaje y env\u00edo<\/h2>\n<p style=\"margin: 0 0 12px 0;\">Cada botella de bomba sin aire se embala en un envoltorio resistente o una bolsa de espuma para evitar da\u00f1os durante el transporte. Los pedidos por volumen est\u00e1n bien dise\u00f1ados para no causar ara\u00f1azos ni deformaciones. Nuestro servicio de log\u00edstica confiable es internacional, lo que permite que los dispensadores de loci\u00f3n se entreguen a las puertas de los clientes en cualquier parte del mundo. \ud83d\ude9a<\/p>\n<h2 style=\"font-size: 20px; margin: 18px 0 8px 0; color: #0b63ce;\">\ud83d\udd27 Servicios OEM y de personalizaci\u00f3n<\/h2>\n<p style=\"margin: 0 0 12px 0;\">Con m\u00e1s de 20 a\u00f1os de experiencia en el sector, ofrecemos envases cosm\u00e9ticos OEM y envases cosm\u00e9ticos ODM. Al ofrecer logotipos y colores de marca personalizados, combinaci\u00f3n de colores Pantone en los envases y dise\u00f1os exclusivos de dispensadores, nuestro equipo a\u00f1ade valor a su l\u00ednea de cosm\u00e9ticos. Tanto si va a lanzar un peque\u00f1o lote como si va a empezar a distribuirlo, podemos personalizar un programa para usted. \ud83d\udee0\ufe0f<\/p>\n<h2 style=\"font-size: 20px; margin: 18px 0 8px 0; color: #0b63ce;\">\ud83c\udf31 Sostenibilidad y ventajas ecol\u00f3gicas<\/h2>\n<p style=\"margin: 0 0 12px 0;\">En un mundo cada vez m\u00e1s concienciado con el medio ambiente, los envases sostenibles ya no son una opci\u00f3n. Nuestra botella con bomba sin aire de PP es reciclable, ligera y rellenable para ayudar a reducir el pl\u00e1stico de un solo uso. Esta soluci\u00f3n ecol\u00f3gica no s\u00f3lo protege el medio ambiente, sino que impulsa su marca al satisfacer las demandas mundiales de sostenibilidad. \u267b\ufe0f<\/p>\n<\/section>","protected":false},"excerpt":{"rendered":"<p>Descubra los envases cosm\u00e9ticos premium de frascos con bomba sin aire de PP dise\u00f1ados para sueros, lociones, cremas y champ\u00fas. Estos dispensadores de loci\u00f3n rellenables garantizan higiene, dosificaci\u00f3n precisa y elegantes mini frascos al vac\u00edo disponibles en 15 ml, 30 ml y 50 ml.<\/p>","protected":false},"featured_media":7030,"comment_status":"closed","ping_status":"closed","template":"","meta":{"_acf_changed":false},"product_brand":[],"product_cat":[36],"product_tag":[],"class_list":{"0":"post-7027","1":"product","2":"type-product","3":"status-publish","4":"has-post-thumbnail","6":"product_cat-pp-materials","8":"first","9":"instock","10":"shipping-taxable","11":"product-type-grouped"},"acf":[],"_links":{"self":[{"href":"https:\/\/goldensoarpackage.com\/es\/wp-json\/wp\/v2\/product\/7027","targetHints":{"allow":["GET"]}}],"collection":[{"href":"https:\/\/goldensoarpackage.com\/es\/wp-json\/wp\/v2\/product"}],"about":[{"href":"https:\/\/goldensoarpackage.com\/es\/wp-json\/wp\/v2\/types\/product"}],"replies":[{"embeddable":true,"href":"https:\/\/goldensoarpackage.com\/es\/wp-json\/wp\/v2\/comments?post=7027"}],"wp:featuredmedia":[{"embeddable":true,"href":"https:\/\/goldensoarpackage.com\/es\/wp-json\/wp\/v2\/media\/7030"}],"wp:attachment":[{"href":"https:\/\/goldensoarpackage.com\/es\/wp-json\/wp\/v2\/media?parent=7027"}],"wp:term":[{"taxonomy":"product_brand","embeddable":true,"href":"https:\/\/goldensoarpackage.com\/es\/wp-json\/wp\/v2\/product_brand?post=7027"},{"taxonomy":"product_cat","embeddable":true,"href":"https:\/\/goldensoarpackage.com\/es\/wp-json\/wp\/v2\/product_cat?post=7027"},{"taxonomy":"product_tag","embeddable":true,"href":"https:\/\/goldensoarpackage.com\/es\/wp-json\/wp\/v2\/product_tag?post=7027"}],"curies":[{"name":"wp","href":"https:\/\/api.w.org\/{rel}","templated":true}]}}