{"id":6543,"date":"2025-08-30T10:04:26","date_gmt":"2025-08-30T10:04:26","guid":{"rendered":"https:\/\/goldensoarpackage.com\/?post_type=product&#038;p=6543"},"modified":"2025-09-09T05:10:20","modified_gmt":"2025-09-09T05:10:20","slug":"botella-de-perfume-en-spray-botella-de-aluminio-vacia","status":"publish","type":"product","link":"https:\/\/goldensoarpackage.com\/es\/botella-de-perfume-en-spray-botella-de-aluminio-vacia\/","title":{"rendered":"Botella Vac\u00eda de Aluminio UV 100ml Botella Pulverizadora de Perfume para Alcohol y L\u00edquidos Cosm\u00e9ticos"},"content":{"rendered":"<section style=\"width: 100%; font-family: Arial, sans-serif; line-height: 1.5; color: #333;\">\n<header>\n<h1 style=\"font-size: 24px; font-weight: bold; color: #111; text-align: center;\">100ml Botella Vac\u00eda de Spray Cosm\u00e9tico Botella de Aluminio UV para Alcohol y L\u00edquido Cosm\u00e9tico<\/h1>\n<p style=\"color: #666; width: 100%; margin: auto;\">Ideales para la lujosa presentaci\u00f3n de sus fragancias de primera calidad o productos cosm\u00e9ticos a base de alcohol, nuestros frascos pulverizadores para perfumes y desinfectantes de manos de 100 ml (3,4 oz) tambi\u00e9n se adaptan perfectamente a una gran variedad de bebidas alcoh\u00f3licas y espirituosas de alta gama. Ideales para venta al por menor o servicios.<\/p>\n<p>&nbsp;<\/p>\n<\/header>\n<h2 style=\"font-size: 20px; font-weight: bold; margin-top: 25px;\">\ud83c\udf0d Frascos de Aluminio Premium para Perfume y Cosm\u00e9ticos<\/h2>\n<p>Los 100 ml <strong>frasco de perfume en spray<\/strong> y <strong>botellas de alcohol en spray<\/strong> son vers\u00e1tiles y pueden aplicarse a diversos cosm\u00e9ticos, aromas y productos de cuidado personal. Estos envases ligeros y ecol\u00f3gicos tambi\u00e9n proporcionan una protecci\u00f3n ligera para su producto y son resistentes a los impactos.<\/p>\n<h2 style=\"font-size: 20px; font-weight: bold; margin-top: 25px;\">\ud83d\udd27 Por qu\u00e9 nuestra botella pulverizadora de aluminio es la mejor opci\u00f3n<\/h2>\n<ul style=\"margin-left: 20px;\">\n<li>Fabricado con aluminio de alta calidad para ofrecer un atractivo acabado pulido<\/li>\n<li>Revestimiento UV, que ofrece protecci\u00f3n a las f\u00f3rmulas sensibles a la luz<\/li>\n<li>Capacidad de 100ML: ideal para perfumes, cosm\u00e9ticos a base de alcohol, etc.<\/li>\n<li>Color natural cl\u00e1sico del aluminio para un aspecto elegante<\/li>\n<li>Ligero y ecol\u00f3gico, reduce el uso de pl\u00e1stico en la industria<\/li>\n<li>El dise\u00f1o a prueba de fugas evita derrames y fugas molestas<\/li>\n<li>Perfecto tanto para uso personal como comercial para envases de cosm\u00e9ticos y perfumes<\/li>\n<\/ul>\n<h2 style=\"font-size: 20px; font-weight: bold; margin-top: 25px;\">Especificaciones t\u00e9cnicas<\/h2>\n<table style=\"width: 100%; border-collapse: collapse; margin-top: 15px; font-size: 14px; text-align: left;\">\n<tbody>\n<tr style=\"background: #f2f2f2; font-weight: bold;\">\n<td style=\"border: 1px solid #ccc; padding: 8px;\">Art\u00edculo<\/td>\n<td style=\"border: 1px solid #ccc; padding: 8px;\">Detalles<\/td>\n<\/tr>\n<tr>\n<td style=\"border: 1px solid #ccc; padding: 8px;\">Modelo<\/td>\n<td style=\"border: 1px solid #ccc; padding: 8px;\">A-GS013<\/td>\n<\/tr>\n<tr>\n<td style=\"border: 1px solid #ccc; padding: 8px;\">Material<\/td>\n<td style=\"border: 1px solid #ccc; padding: 8px;\">Frasco de aluminio para perfume<\/td>\n<\/tr>\n<tr>\n<td style=\"border: 1px solid #ccc; padding: 8px;\">Capacidad<\/td>\n<td style=\"border: 1px solid #ccc; padding: 8px;\">100 ml<\/td>\n<\/tr>\n<tr>\n<td style=\"border: 1px solid #ccc; padding: 8px;\">Especificaci\u00f3n<\/td>\n<td style=\"border: 1px solid #ccc; padding: 8px;\">110 mm de altura \u00d7 40 mm de di\u00e1metro<\/td>\n<\/tr>\n<tr>\n<td style=\"border: 1px solid #ccc; padding: 8px;\">Contenido Peso<\/td>\n<td style=\"border: 1px solid #ccc; padding: 8px;\">17.8g<\/td>\n<\/tr>\n<tr>\n<td style=\"border: 1px solid #ccc; padding: 8px;\">Acabado superficial<\/td>\n<td style=\"border: 1px solid #ccc; padding: 8px;\">Revestimiento protector UV (brillante\/mate opcional)<\/td>\n<\/tr>\n<tr>\n<td style=\"border: 1px solid #ccc; padding: 8px;\">Opciones de cierre<\/td>\n<td style=\"border: 1px solid #ccc; padding: 8px;\">Pulverizador de niebla fina, bomba de loci\u00f3n, tap\u00f3n de rosca<\/td>\n<\/tr>\n<\/tbody>\n<\/table>\n<h2 style=\"font-size: 20px; font-weight: bold; margin-top: 25px;\">\ud83d\udca1 Marca y usabilidad personalizables<\/h2>\n<p>La botella pulverizadora con cuerpo de aluminio ofrece un \u00e1rea de marca de tama\u00f1o generoso. Tanto si necesita serigraf\u00eda, relieve o etiquetado personalizado, podemos ayudarle a que su marca brille. El color natural de la botella es perfecto para exhibir su producto, y la base lisa y recta a\u00f1ade un dise\u00f1o elegante para proporcionar un aspecto y un tacto superiores.<\/p>\n<h2 style=\"font-size: 20px; font-weight: bold; margin-top: 25px;\">\u2699\ufe0f Experiencia en OEM y personalizaci\u00f3n<\/h2>\n<p>Con a\u00f1os de experiencia en soluciones de envasado OEM y ODM, ofrecemos servicios de envasado a medida para la industria de perfumer\u00eda y cosm\u00e9tica. Podemos personalizar el tama\u00f1o, la forma y el acabado de sus envases para adaptarlos a las necesidades exclusivas de su marca. Tanto si busca acabados mates, brillantes o met\u00e1licos, le ofrecemos varias opciones para crear el envase perfecto para sus productos.<\/p>\n<ul style=\"margin-left: 20px;\">\n<li>Tama\u00f1os y vol\u00famenes de llenado a medida (incluidos 100 ml)<\/li>\n<li>Aluminio de primera calidad y revestimientos ecol\u00f3gicos<\/li>\n<li>Colores, logotipos y acabados de superficie personalizados (mate, brillante, met\u00e1lico, esmerilado...)<\/li>\n<li>Opciones de marcaje, como serigraf\u00eda, estampaci\u00f3n en caliente y etiquetado<\/li>\n<li>Igualaci\u00f3n de colores Pantone para una integridad de marca coherente<\/li>\n<li>Cantidades de pedido flexibles, desde peque\u00f1os a grandes vol\u00famenes<\/li>\n<\/ul>\n<h2 style=\"font-size: 20px; font-weight: bold; margin-top: 25px;\">\u267b\ufe0f Compromiso ecol\u00f3gico<\/h2>\n<p>Nuestra <strong>frascos de perfume en spray<\/strong> enfatizan la sostenibilidad: fabricados en aluminio duradero apto para uso alimentario y equipados con una pajita reutilizable para que su uso sea m\u00e1s seguro y emocionante para los ni\u00f1os. Al elegir el aluminio, est\u00e1 ayudando a reducir la contaminaci\u00f3n en vertederos, oc\u00e9anos y arroyos. Al utilizar nuestras botellas, contribuye a las pr\u00e1cticas ecol\u00f3gicas y, al mismo tiempo, mantiene un envase lujoso y de alta calidad para sus productos.<\/p>\n<h2 style=\"font-size: 20px; font-weight: bold; margin-top: 25px;\">\ud83d\ude80 Aplicaciones en todos los sectores<\/h2>\n<p>Nuestros 100 ml <strong>botellas de aluminio en spray<\/strong> son adecuados para una gran variedad de industrias, entre ellas:<\/p>\n<ul style=\"margin-left: 20px;\">\n<li>Perfumes y fragancias<\/li>\n<li>Cosm\u00e9ticos con alcohol como base, como t\u00f3nicos, sprays, etc.<\/li>\n<li>Productos cosm\u00e9ticos que requieren envases herm\u00e9ticos y con protecci\u00f3n UV<\/li>\n<li>Art\u00edculos de prestigio para el cuidado personal y el bienestar<\/li>\n<\/ul>\n<h2 style=\"font-size: 20px; font-weight: bold; margin-top: 25px;\">\u00bfPor qu\u00e9 elegir nuestra soluci\u00f3n de envasado?<\/h2>\n<p>Nuestro aluminio <strong>frascos de perfume en spray<\/strong> pueden personalizarse por completo para ofrecer la experiencia de envasado definitiva que distinguir\u00e1 su producto de los dem\u00e1s. Proporcionamos ajustes personalizados de dise\u00f1o, tama\u00f1o y marca para adaptarnos a la visi\u00f3n medioambiental de su marca y a\u00f1adir valor a sus productos. Perm\u00edtanos dise\u00f1ar hoy mismo el envase ideal para sus fragancias o productos cosm\u00e9ticos.<\/p>\n<\/section>","protected":false},"excerpt":{"rendered":"<p>Compre productos de alta calidad <strong data-start=\"202\" data-end=\"227\">frascos de perfume en spray<\/strong> y <strong data-start=\"232\" data-end=\"257\">botellas de alcohol en spray<\/strong>. Este frasco de aluminio con revestimiento UV de 100 ml es perfecto para cosm\u00e9ticos y perfumes, y presenta un dise\u00f1o elegante y duradero con un color natural. Ideal para soluciones de envasado de marcas premium.<\/p>","protected":false},"featured_media":6547,"comment_status":"closed","ping_status":"closed","template":"","meta":{"_acf_changed":false},"product_brand":[],"product_cat":[39],"product_tag":[],"class_list":{"0":"post-6543","1":"product","2":"type-product","3":"status-publish","4":"has-post-thumbnail","6":"product_cat-aluminum-materials","8":"first","9":"instock","10":"shipping-taxable","11":"product-type-grouped"},"acf":[],"_links":{"self":[{"href":"https:\/\/goldensoarpackage.com\/es\/wp-json\/wp\/v2\/product\/6543","targetHints":{"allow":["GET"]}}],"collection":[{"href":"https:\/\/goldensoarpackage.com\/es\/wp-json\/wp\/v2\/product"}],"about":[{"href":"https:\/\/goldensoarpackage.com\/es\/wp-json\/wp\/v2\/types\/product"}],"replies":[{"embeddable":true,"href":"https:\/\/goldensoarpackage.com\/es\/wp-json\/wp\/v2\/comments?post=6543"}],"wp:featuredmedia":[{"embeddable":true,"href":"https:\/\/goldensoarpackage.com\/es\/wp-json\/wp\/v2\/media\/6547"}],"wp:attachment":[{"href":"https:\/\/goldensoarpackage.com\/es\/wp-json\/wp\/v2\/media?parent=6543"}],"wp:term":[{"taxonomy":"product_brand","embeddable":true,"href":"https:\/\/goldensoarpackage.com\/es\/wp-json\/wp\/v2\/product_brand?post=6543"},{"taxonomy":"product_cat","embeddable":true,"href":"https:\/\/goldensoarpackage.com\/es\/wp-json\/wp\/v2\/product_cat?post=6543"},{"taxonomy":"product_tag","embeddable":true,"href":"https:\/\/goldensoarpackage.com\/es\/wp-json\/wp\/v2\/product_tag?post=6543"}],"curies":[{"name":"wp","href":"https:\/\/api.w.org\/{rel}","templated":true}]}}