{"id":6532,"date":"2025-08-30T08:29:54","date_gmt":"2025-08-30T08:29:54","guid":{"rendered":"https:\/\/goldensoarpackage.com\/?post_type=product&#038;p=6532"},"modified":"2025-09-09T05:11:37","modified_gmt":"2025-09-09T05:11:37","slug":"botes-de-aerosol-de-aluminio-botellas-de-rosca","status":"publish","type":"product","link":"https:\/\/goldensoarpackage.com\/es\/botes-de-aerosol-de-aluminio-botellas-de-rosca\/","title":{"rendered":"Aerosoles de aluminio personalizados 8ml-200ml Botellas con cuello de rosca para medicina, cuidado personal y cosm\u00e9tica"},"content":{"rendered":"<section style=\"width: 100%; font-family: Arial, sans-serif; line-height: 1.6; color: #333;\">\n<header>\n<h1 style=\"font-size: 22px; font-weight: bold; color: #111; text-align: center;\">Botella met\u00e1lica vac\u00eda de aluminio para aerosol de 8 ml - Botella de aluminio con cuello roscado de 200 ml para medicina, cuidado personal y cosm\u00e9tica<\/h1>\n<p style=\"color: #666; max-width: 900px; margin: auto;\">Descubra nuestra gama de botes de aerosol de aluminio personalizables, dise\u00f1ados para uso m\u00e9dico, cuidado personal y cosm\u00e9tica. Estos duraderos envases de aluminio con cuello de rosca vienen en tama\u00f1os de 8 ml a 200 ml y ofrecen una dispensaci\u00f3n segura y fiable para una gran variedad de aplicaciones.<\/p>\n<\/header>\n<h2 style=\"font-size: 20px; font-weight: bold; margin-top: 25px;\">\ud83c\udf0d Aerosoles de aluminio personalizados: La soluci\u00f3n de envasado definitiva<\/h2>\n<p>Nuestra <strong style=\"color: #0073e6;\">aerosoles de aluminio<\/strong> son la opci\u00f3n de envasado perfecta para productos m\u00e9dicos, de cuidado personal y cosm\u00e9ticos. Estos envases son ligeros, duraderos y altamente personalizables, por lo que ofrecen una opci\u00f3n ecol\u00f3gica de primera calidad para las marcas que buscan crear una experiencia de usuario de alta gama.<\/p>\n<h2 style=\"font-size: 20px; font-weight: bold; margin-top: 25px;\">Caracter\u00edsticas de nuestros botes de aluminio en aerosol<\/h2>\n<ul style=\"margin-left: 20px;\">\n<li>Fabricado en aluminio duradero de alta calidad<\/li>\n<li>Disponibles en una amplia gama de tama\u00f1os (de 8 ml a 200 ml) con cuellos de rosca para una dispensaci\u00f3n segura y controlada.<\/li>\n<li>Personalizable con logotipos, ilustraciones y relieve para mejorar el reconocimiento de la marca.<\/li>\n<li>Perfecto para su uso en aplicaciones m\u00e9dicas, de cuidado personal y cosm\u00e9ticas<\/li>\n<li>Su dise\u00f1o ligero reduce los gastos de env\u00edo<\/li>\n<li>Material ecol\u00f3gico y totalmente reciclable<\/li>\n<li>Disponible en varios tama\u00f1os de cuello para adaptarse a diferentes sistemas de dispensaci\u00f3n<\/li>\n<\/ul>\n<h2 style=\"font-size: 20px; font-weight: bold; margin-top: 25px;\">Especificaciones t\u00e9cnicas<\/h2>\n<table style=\"width: 100%; margin-top: 15px; font-size: 14px;\" border=\"1\" cellspacing=\"0\">\n<tbody>\n<tr style=\"background: #f7f7f7;\">\n<td>Nombre<\/td>\n<td colspan=\"2\">Capacidad<\/td>\n<td>Peso de la botella<\/td>\n<td>Tama\u00f1o del cuello<\/td>\n<td>Material<\/td>\n<td>Di\u00e1metro<\/td>\n<td>Altura<\/td>\n<\/tr>\n<tr>\n<td rowspan=\"4\">Bote de aluminio de 15 mm - Cuello roscado<\/td>\n<td colspan=\"2\">8 ml<\/td>\n<td>3g<\/td>\n<td>13 hilos<\/td>\n<td>Aluminio<\/td>\n<td>15mm*62mm<\/td>\n<td>62 mm<\/td>\n<\/tr>\n<tr>\n<td colspan=\"2\">10 ml<\/td>\n<td>3.7g<\/td>\n<td>13 hilos<\/td>\n<td>Aluminio<\/td>\n<td>15mm*78mm<\/td>\n<td>78 mm<\/td>\n<\/tr>\n<tr>\n<td colspan=\"2\">15 ml<\/td>\n<td>5.2g<\/td>\n<td>13 hilos<\/td>\n<td>Aluminio<\/td>\n<td>15mm*110mm<\/td>\n<td>110 mm<\/td>\n<\/tr>\n<tr>\n<td colspan=\"2\">15 ml<\/td>\n<td>5.2g<\/td>\n<td>13 hilos<\/td>\n<td>Aluminio<\/td>\n<td>15mm*131mm<\/td>\n<td>131 mm<\/td>\n<\/tr>\n<tr>\n<td rowspan=\"4\">Bote de aluminio de 19 mm - Cuello roscado<\/td>\n<td colspan=\"2\">10 ml<\/td>\n<td>3.75g<\/td>\n<td>15-hilos<\/td>\n<td>Aluminio<\/td>\n<td>19mm*58mm<\/td>\n<td>58 mm<\/td>\n<\/tr>\n<tr>\n<td colspan=\"2\">20 ml<\/td>\n<td>6.15g<\/td>\n<td>15-hilos<\/td>\n<td>Aluminio<\/td>\n<td>19mm*95mm<\/td>\n<td>95 mm<\/td>\n<\/tr>\n<tr>\n<td colspan=\"2\">25 ml<\/td>\n<td>7.65g<\/td>\n<td>15-hilos<\/td>\n<td>Aluminio<\/td>\n<td>19mm*118mm<\/td>\n<td>118 mm<\/td>\n<\/tr>\n<tr>\n<td colspan=\"2\">25 ml<\/td>\n<td>7.65g<\/td>\n<td>15-hilos<\/td>\n<td>Aluminio<\/td>\n<td>19mm*140mm<\/td>\n<td>140 mm<\/td>\n<\/tr>\n<tr>\n<td rowspan=\"4\">Bote de aluminio de 22 mm - Cuello roscado<\/td>\n<td colspan=\"2\">10 ml<\/td>\n<td>4.2g<\/td>\n<td>18-hilos<\/td>\n<td>Aluminio<\/td>\n<td>22mm*50mm<\/td>\n<td>50 mm<\/td>\n<\/tr>\n<tr>\n<td colspan=\"2\">15 ml<\/td>\n<td>5.2g<\/td>\n<td>18-hilos<\/td>\n<td>Aluminio<\/td>\n<td>22mm*60mm<\/td>\n<td>60 mm<\/td>\n<\/tr>\n<tr>\n<td colspan=\"2\">25 ml<\/td>\n<td>6.3g<\/td>\n<td>18-hilos<\/td>\n<td>Aluminio<\/td>\n<td>22mm*75mm<\/td>\n<td>75 mm<\/td>\n<\/tr>\n<tr>\n<td colspan=\"2\">25 ml<\/td>\n<td>6.3g<\/td>\n<td>18-hilos<\/td>\n<td>Aluminio<\/td>\n<td>22mm*100mm<\/td>\n<td>100 mm<\/td>\n<\/tr>\n<tr>\n<td rowspan=\"4\">Bote de aluminio de 25 mm - Cuello roscado<\/td>\n<td colspan=\"2\">20 ml<\/td>\n<td>6.2g<\/td>\n<td>20 hilos<\/td>\n<td>Aluminio<\/td>\n<td>25mm*65mm<\/td>\n<td>65 mm<\/td>\n<\/tr>\n<tr>\n<td colspan=\"2\">25 ml<\/td>\n<td>7.65g<\/td>\n<td>20 hilos<\/td>\n<td>Aluminio<\/td>\n<td>25mm*80mm<\/td>\n<td>80 mm<\/td>\n<\/tr>\n<tr>\n<td colspan=\"2\">30 ml<\/td>\n<td>9.1g<\/td>\n<td>20 hilos<\/td>\n<td>Aluminio<\/td>\n<td>25mm*95mm<\/td>\n<td>95 mm<\/td>\n<\/tr>\n<tr>\n<td colspan=\"2\">30 ml<\/td>\n<td>9.1g<\/td>\n<td>20 hilos<\/td>\n<td>Aluminio<\/td>\n<td>25mm*125mm<\/td>\n<td>125 mm<\/td>\n<\/tr>\n<tr>\n<td rowspan=\"4\">Bote de aluminio de 32 mm - Cuello roscado<\/td>\n<td colspan=\"2\">30 ml<\/td>\n<td>8.3g<\/td>\n<td>20 hilos<\/td>\n<td>Aluminio<\/td>\n<td>32mm*58mm<\/td>\n<td>58 mm<\/td>\n<\/tr>\n<tr>\n<td colspan=\"2\">40 ml<\/td>\n<td>11g<\/td>\n<td>20 hilos<\/td>\n<td>Aluminio<\/td>\n<td>32mm*77mm<\/td>\n<td>77 mm<\/td>\n<\/tr>\n<tr>\n<td colspan=\"2\">50 ml<\/td>\n<td>14g<\/td>\n<td>20 hilos<\/td>\n<td>Aluminio<\/td>\n<td>32mm*98mm<\/td>\n<td>98 mm<\/td>\n<\/tr>\n<tr>\n<td colspan=\"2\">50 ml<\/td>\n<td>14g<\/td>\n<td>20 hilos<\/td>\n<td>Aluminio<\/td>\n<td>32mm*125mm<\/td>\n<td>125 mm<\/td>\n<\/tr>\n<tr>\n<td rowspan=\"4\">Bote de aluminio de 35 mm - Cuello roscado<\/td>\n<td colspan=\"2\">45 ml<\/td>\n<td>10.5g<\/td>\n<td>24 hilos<\/td>\n<td>Aluminio<\/td>\n<td>35mm*72mm<\/td>\n<td>72 mm<\/td>\n<\/tr>\n<tr>\n<td colspan=\"2\">60 ml<\/td>\n<td>14g<\/td>\n<td>24 hilos<\/td>\n<td>Aluminio<\/td>\n<td>35mm*95mm<\/td>\n<td>95 mm<\/td>\n<\/tr>\n<tr>\n<td colspan=\"2\">80 ml<\/td>\n<td>15.6g<\/td>\n<td>24 hilos<\/td>\n<td>Aluminio<\/td>\n<td>35mm*106mm<\/td>\n<td>106 mm<\/td>\n<\/tr>\n<tr>\n<td colspan=\"2\">80 ml<\/td>\n<td>15.6g<\/td>\n<td>24 hilos<\/td>\n<td>Aluminio<\/td>\n<td>35mm*135mm<\/td>\n<td>135 mm<\/td>\n<\/tr>\n<tr>\n<td rowspan=\"4\">Bote de aluminio de 40 mm - Cuello roscado<\/td>\n<td colspan=\"2\">90 ml<\/td>\n<td>16.5g<\/td>\n<td>24 hilos<\/td>\n<td>Aluminio<\/td>\n<td>40mm*98mm<\/td>\n<td>98 mm<\/td>\n<\/tr>\n<tr>\n<td colspan=\"2\">100 ml<\/td>\n<td>19g<\/td>\n<td>24 hilos<\/td>\n<td>Aluminio<\/td>\n<td>40mm*110mm<\/td>\n<td>110 mm<\/td>\n<\/tr>\n<tr>\n<td colspan=\"2\">120 ml<\/td>\n<td>23.7g<\/td>\n<td>24 hilos<\/td>\n<td>Aluminio<\/td>\n<td>40mm*135mm<\/td>\n<td>135 mm<\/td>\n<\/tr>\n<tr>\n<td colspan=\"2\">120 ml<\/td>\n<td>23.7g<\/td>\n<td>24 hilos<\/td>\n<td>Aluminio<\/td>\n<td>40mm*155mm<\/td>\n<td>155 mm<\/td>\n<\/tr>\n<tr>\n<td rowspan=\"4\">Bote de aluminio de 45\/48 mm - Cuello roscado<\/td>\n<td colspan=\"2\">150 ml<\/td>\n<td>29g<\/td>\n<td>24 hilos<\/td>\n<td>Aluminio<\/td>\n<td>45mm*145mm<\/td>\n<td>145 mm<\/td>\n<\/tr>\n<tr>\n<td colspan=\"2\">200 ml<\/td>\n<td>31.5g<\/td>\n<td>24 hilos<\/td>\n<td>Aluminio<\/td>\n<td>48mm*150mm<\/td>\n<td>150 mm<\/td>\n<\/tr>\n<tr>\n<td colspan=\"2\">250 ml<\/td>\n<td>36g<\/td>\n<td>24 hilos<\/td>\n<td>Aluminio<\/td>\n<td>48mm*175mm<\/td>\n<td>175 mm<\/td>\n<\/tr>\n<tr>\n<td colspan=\"2\">250 ml<\/td>\n<td>36g<\/td>\n<td>24 hilos<\/td>\n<td>Aluminio<\/td>\n<td>48mm*195mm<\/td>\n<td>195 mm<\/td>\n<\/tr>\n<tr>\n<td rowspan=\"3\">Bote de aluminio de 50 mm - Cuello roscado<\/td>\n<td colspan=\"2\">150 ml<\/td>\n<td>25.8g<\/td>\n<td>42 hilos<\/td>\n<td>Aluminio<\/td>\n<td>50mm*115mm<\/td>\n<td>115 mm<\/td>\n<\/tr>\n<tr>\n<td colspan=\"2\">200 ml<\/td>\n<td>29.5g<\/td>\n<td>42 hilos<\/td>\n<td>Aluminio<\/td>\n<td>50mm*150mm<\/td>\n<td>150 mm<\/td>\n<\/tr>\n<tr>\n<td colspan=\"2\">200 ml<\/td>\n<td>29.5g<\/td>\n<td>42 hilos<\/td>\n<td>Aluminio<\/td>\n<td>50mm*190mm<\/td>\n<td>190 mm<\/td>\n<\/tr>\n<\/tbody>\n<\/table>\n<h2 style=\"font-size: 20px; font-weight: bold; margin-top: 25px;\">\ud83d\udca1 Marca y usabilidad personalizables<\/h2>\n<p>Nuestra <strong style=\"color: #0073e6;\">aerosoles de aluminio<\/strong> ofrecen una gran superficie para la personalizaci\u00f3n de la marca. Tanto si busca acabados mates, brillantes, met\u00e1licos o esmerilados, le ofrecemos todas las posibilidades de personalizaci\u00f3n, como la impresi\u00f3n de logotipos, el grabado en relieve y la integraci\u00f3n de dise\u00f1os. Estos toques personalizados garantizan que su producto destaque en la estanter\u00eda.<\/p>\n<h2 style=\"font-size: 20px; font-weight: bold; margin-top: 25px;\">\u2699\ufe0f Experiencia en OEM y personalizaci\u00f3n<\/h2>\n<p>Con a\u00f1os de experiencia en soluciones de envasado OEM, ofrecemos latas de aerosol totalmente personalizables en tama\u00f1os que van de 8 ml a 200 ml. Podemos adaptar los materiales, las dimensiones y los acabados para que coincidan con la identidad de su marca y los requisitos del producto. Nuestro equipo se compromete a ofrecer un servicio r\u00e1pido, precios competitivos y resultados de alta calidad para todas sus necesidades de envasado de aerosoles.<\/p>\n<ul style=\"margin-left: 20px;\">\n<li>Tama\u00f1os y vol\u00famenes de llenado personalizados (de 8 ml a 200 ml)<\/li>\n<li>Opciones de materiales como aluminio de alta calidad y revestimientos ecol\u00f3gicos<\/li>\n<li>Tratamientos superficiales como acabados mates, brillantes, met\u00e1licos o esmerilados.<\/li>\n<li>Personalizaci\u00f3n del logotipo mediante serigraf\u00eda, estampaci\u00f3n en caliente o etiquetado<\/li>\n<li>Igualaci\u00f3n de colores Pantone para la coherencia de la marca corporativa<\/li>\n<li>Vol\u00famenes de pedido flexibles, que se adaptan tanto a pedidos peque\u00f1os como grandes<\/li>\n<\/ul>\n<h2 style=\"font-size: 20px; font-weight: bold; margin-top: 25px;\">\u267b\ufe0f Compromiso ecol\u00f3gico<\/h2>\n<p>La sostenibilidad est\u00e1 en el centro de nuestras latas de aerosol. Todos nuestros envases est\u00e1n fabricados con aluminio reciclable, lo que garantiza que su soluci\u00f3n de envasado sea tan responsable con el medio ambiente como funcional. Al elegir nuestros productos, contribuye a reducir los residuos de envases y apoya las pr\u00e1cticas ecol\u00f3gicas en toda la cadena de suministro.<\/p>\n<h2 style=\"font-size: 20px; font-weight: bold; margin-top: 25px;\">\ud83d\ude80 Aplicaciones en todos los sectores<\/h2>\n<p>Nuestra <strong style=\"color: #d6336c;\">mini botes de aerosol<\/strong> son adecuados para una gran variedad de industrias, entre ellas:<\/p>\n<ul style=\"margin-left: 20px;\">\n<li>Productos m\u00e9dicos (como desinfectantes, pomadas y aerosoles)<\/li>\n<li>Productos de cuidado personal (como desodorantes, sprays corporales y sueros)<\/li>\n<li>Productos cosm\u00e9ticos que requieren un envase herm\u00e9tico<\/li>\n<li>Productos farmac\u00e9uticos y l\u00edneas de cuidado personal de lujo<\/li>\n<\/ul>\n<\/section>","protected":false},"excerpt":{"rendered":"<p>Explorar la alta calidad <strong data-start=\"221\" data-end=\"243\">aerosoles<\/strong> de aluminio resistente para aplicaciones m\u00e9dicas, de cuidado personal y cosm\u00e9ticas. Nuestros <strong data-start=\"343\" data-end=\"373\">envases de aluminio para botellas<\/strong> se presenta en varios tama\u00f1os, de 8 ml a 200 ml, con opciones de cuello de rosca para una dispensaci\u00f3n segura.<\/p>","protected":false},"featured_media":6537,"comment_status":"closed","ping_status":"closed","template":"","meta":{"_acf_changed":false},"product_brand":[],"product_cat":[39],"product_tag":[],"class_list":{"0":"post-6532","1":"product","2":"type-product","3":"status-publish","4":"has-post-thumbnail","6":"product_cat-aluminum-materials","8":"first","9":"instock","10":"shipping-taxable","11":"product-type-grouped"},"acf":[],"_links":{"self":[{"href":"https:\/\/goldensoarpackage.com\/es\/wp-json\/wp\/v2\/product\/6532","targetHints":{"allow":["GET"]}}],"collection":[{"href":"https:\/\/goldensoarpackage.com\/es\/wp-json\/wp\/v2\/product"}],"about":[{"href":"https:\/\/goldensoarpackage.com\/es\/wp-json\/wp\/v2\/types\/product"}],"replies":[{"embeddable":true,"href":"https:\/\/goldensoarpackage.com\/es\/wp-json\/wp\/v2\/comments?post=6532"}],"wp:featuredmedia":[{"embeddable":true,"href":"https:\/\/goldensoarpackage.com\/es\/wp-json\/wp\/v2\/media\/6537"}],"wp:attachment":[{"href":"https:\/\/goldensoarpackage.com\/es\/wp-json\/wp\/v2\/media?parent=6532"}],"wp:term":[{"taxonomy":"product_brand","embeddable":true,"href":"https:\/\/goldensoarpackage.com\/es\/wp-json\/wp\/v2\/product_brand?post=6532"},{"taxonomy":"product_cat","embeddable":true,"href":"https:\/\/goldensoarpackage.com\/es\/wp-json\/wp\/v2\/product_cat?post=6532"},{"taxonomy":"product_tag","embeddable":true,"href":"https:\/\/goldensoarpackage.com\/es\/wp-json\/wp\/v2\/product_tag?post=6532"}],"curies":[{"name":"wp","href":"https:\/\/api.w.org\/{rel}","templated":true}]}}