{"id":6524,"date":"2025-08-30T07:56:16","date_gmt":"2025-08-30T07:56:16","guid":{"rendered":"https:\/\/goldensoarpackage.com\/?post_type=product&#038;p=6524"},"modified":"2025-10-13T06:49:50","modified_gmt":"2025-10-13T06:49:50","slug":"mini-botes-de-aluminio-para-aerosoles-medicos-personalizados","status":"publish","type":"product","link":"https:\/\/goldensoarpackage.com\/es\/mini-botes-de-aluminio-para-aerosoles-medicos-personalizados\/","title":{"rendered":"Mini botes de aerosol de aluminio personalizados con bayoneta para uso m\u00e9dico, cosm\u00e9tico y de cuidado personal"},"content":{"rendered":"<section style=\"width: 100%; font-family: Arial, sans-serif; line-height: 1.6; color: #333;\">\n<header>\n<h1 style=\"font-size: 22px; font-weight: bold; color: #111; text-align: center;\">Custom Metal vac\u00edo de aluminio aerosol Mini latas de aerosol con bayoneta para el cuidado m\u00e9dico \/ personal \/ cosm\u00e9tica<\/h1>\n<p style=\"color: #666; max-width: 900px; margin: auto;\">Suministro de una gama flexible de <strong style=\"color: #0073e6;\">latas de aerosol de aluminio<\/strong> para uso m\u00e9dico, cuidado personal y cosm\u00e9tico. Nuestra <strong style=\"color: #d6336c;\">mini latas de aerosol<\/strong> son personalizables y se fabrican siguiendo las normas de calidad m\u00e1s estrictas.<\/p>\n<\/header>\n<h2 style=\"font-size: 20px; font-weight: bold; margin-top: 25px;\">\ud83c\udf0d Latas de aerosol de aluminio a medida: La soluci\u00f3n de envasado perfecta<\/h2>\n<p>En <strong style=\"color: #0073e6;\">aerosol de aluminio<\/strong> es una opci\u00f3n de envasado de alto rendimiento, ligera, duradera y f\u00e1cil de usar. Estos envases, perfectos para productos m\u00e9dicos, de belleza y de cuidado personal, ofrecen una opci\u00f3n de envasado elegante y fiable. Tanto si est\u00e1 introduciendo un producto como cambiando de marca, nuestros <strong style=\"color: #d6336c;\">mini latas de aerosol<\/strong> est\u00e1n listos para ti.<\/p>\n<h2 style=\"font-size: 20px; font-weight: bold; margin-top: 25px;\">\ud83d\udd27 Caracter\u00edsticas de nuestras latas de aerosol de aluminio transparente<\/h2>\n<ul style=\"margin-left: 20px;\">\n<li>Fabricado en aluminio duradero de alta calidad<\/li>\n<li>Disponible en 5 tama\u00f1os de 5 ml a 180 ml<\/li>\n<li>Personal\u00edcelo con el logotipo, el nombre o las ilustraciones de un individuo para una presentaci\u00f3n de alta gama<\/li>\n<li>Con cierre de bayoneta para una buena y f\u00e1cil dosificaci\u00f3n<\/li>\n<li>Ideal para aplicaciones medicinales, de cuidado personal y cosm\u00e9ticas<\/li>\n<li>Su dise\u00f1o ligero reduce los gastos de env\u00edo<\/li>\n<li>Material ecol\u00f3gico y reciclable<\/li>\n<\/ul>\n<h2 style=\"font-size: 20px; font-weight: bold; margin-top: 25px;\">Especificaciones t\u00e9cnicas<\/h2>\n<table style=\"margin-top: 15px; font-size: 14px;\" border=\"1\" width=\"100%\" cellspacing=\"0\" cellpadding=\"0\">\n<tbody>\n<tr style=\"background: #f7f7f7;\">\n<td><strong>Nombre<\/strong><\/td>\n<td><strong>Capacidad<\/strong><\/td>\n<td><strong>Peso de la botella<\/strong><\/td>\n<td><strong>Material<\/strong><\/td>\n<td><strong>Di\u00e1metro<\/strong><\/td>\n<td><strong>Altura<\/strong><\/td>\n<\/tr>\n<tr>\n<td rowspan=\"4\">Bote de aluminio de 19 mm con bayoneta<\/td>\n<td>5 ml<\/td>\n<td>3.66g<\/td>\n<td>Aluminio<\/td>\n<td>19mm*49mm<\/td>\n<td>49 mm<\/td>\n<\/tr>\n<tr>\n<td>8 ml<\/td>\n<td>4.15g<\/td>\n<td>Aluminio<\/td>\n<td>19mm*58mm<\/td>\n<td>58 mm<\/td>\n<\/tr>\n<tr>\n<td>8 ml<\/td>\n<td>4.15g<\/td>\n<td>Aluminio<\/td>\n<td>19mm*75mm<\/td>\n<td>75 mm<\/td>\n<\/tr>\n<tr>\n<td>8 ml<\/td>\n<td>4.15g<\/td>\n<td>Aluminio<\/td>\n<td>19mm*82mm<\/td>\n<td>82 mm<\/td>\n<\/tr>\n<tr>\n<td rowspan=\"4\">Bote de aluminio de 25 mm con bayoneta<\/td>\n<td>20 ml<\/td>\n<td>6.3g<\/td>\n<td>Aluminio<\/td>\n<td>25mm*65mm<\/td>\n<td>65 mm<\/td>\n<\/tr>\n<tr>\n<td>30 ml<\/td>\n<td>7.76g<\/td>\n<td>Aluminio<\/td>\n<td>25mm*85mm<\/td>\n<td>85 mm<\/td>\n<\/tr>\n<tr>\n<td>50 ml<\/td>\n<td>9.97g<\/td>\n<td>Aluminio<\/td>\n<td>25mm*100mm<\/td>\n<td>100 mm<\/td>\n<\/tr>\n<tr>\n<td>50 ml<\/td>\n<td>9.97g<\/td>\n<td>Aluminio<\/td>\n<td>25mm*125mm<\/td>\n<td>125 mm<\/td>\n<\/tr>\n<tr>\n<td rowspan=\"2\">Bote de aluminio de 28 mm con bayoneta<\/td>\n<td>50 ml<\/td>\n<td>14.37g<\/td>\n<td>Aluminio<\/td>\n<td>28mm*110mm<\/td>\n<td>110 mm<\/td>\n<\/tr>\n<tr>\n<td>50 ml<\/td>\n<td>14.37g<\/td>\n<td>Aluminio<\/td>\n<td>28mm*135mm<\/td>\n<td>135 mm<\/td>\n<\/tr>\n<tr>\n<td rowspan=\"6\">Bote de aluminio de 35 mm con bayoneta<\/td>\n<td>30-100 ml<\/td>\n<td>11.72g<\/td>\n<td>Aluminio<\/td>\n<td>35mm*88mm<\/td>\n<td>65-120 mm<\/td>\n<\/tr>\n<tr>\n<td>30-100 ml<\/td>\n<td>11.72g<\/td>\n<td>Aluminio<\/td>\n<td>35mm*110mm<\/td>\n<td>65-120 mm<\/td>\n<\/tr>\n<tr>\n<td>30-100 ml<\/td>\n<td>10.06g<\/td>\n<td>Aluminio<\/td>\n<td>35mm*65mm<\/td>\n<td>65-120 mm<\/td>\n<\/tr>\n<tr>\n<td>30-100 ml<\/td>\n<td>10.06g<\/td>\n<td>Aluminio<\/td>\n<td>35mm*95mm<\/td>\n<td>65-120 mm<\/td>\n<\/tr>\n<tr>\n<td>30-100 ml<\/td>\n<td>15.08g<\/td>\n<td>Aluminio<\/td>\n<td>35mm*110mm<\/td>\n<td>65-120 mm<\/td>\n<\/tr>\n<tr>\n<td>30-100 ml<\/td>\n<td>15.08g<\/td>\n<td>Aluminio<\/td>\n<td>35mm*140mm<\/td>\n<td>65-120 mm<\/td>\n<\/tr>\n<tr>\n<td rowspan=\"2\">Bote de aluminio de 40 mm con bayoneta<\/td>\n<td>80-180 ml<\/td>\n<td>16.57g<\/td>\n<td>Aluminio<\/td>\n<td>40mm*108mm<\/td>\n<td>90-190 mm<\/td>\n<\/tr>\n<tr>\n<td>80-180 ml<\/td>\n<td>16.57g<\/td>\n<td>Aluminio<\/td>\n<td>40mm*140mm<\/td>\n<td>90-190 mm<\/td>\n<\/tr>\n<\/tbody>\n<\/table>\n<h2 style=\"font-size: 20px; font-weight: bold; margin-top: 25px;\">\ud83d\udca1 Marca y usabilidad personalizables<\/h2>\n<p>En <strong style=\"color: #0073e6;\">lata de aerosol de aluminio<\/strong> ofrece una gran superficie de impresi\u00f3n para lograr el m\u00e1ximo impacto de marca. Lo mismo ocurre con los colores personalizados, los logotipos, las ilustraciones e incluso las opciones de relieve, que le ayudar\u00e1n a destacar su marca. Tanto si busca un aspecto limpio y profesional como algo salvaje que llame la atenci\u00f3n, podemos ayudarle a transformar su idea en realidad.<\/p>\n<h2 style=\"font-size: 20px; font-weight: bold; margin-top: 25px;\">\u2699\ufe0f Experiencia en OEM y personalizaci\u00f3n<\/h2>\n<p>Ofrecemos servicio de embalaje ODM personalizado OEM para nuestros <strong style=\"color: #d6336c;\">mini latas de aerosol<\/strong> con a\u00f1os de experiencia. Podemos personalizar el tama\u00f1o, el material y los acabados para satisfacer sus requisitos espec\u00edficos, desde formas y tama\u00f1os a medida hasta acabados mates o brillantes o combinaci\u00f3n de colores Pantone. Nuestro equipo de primera clase se compromete a ofrecer un servicio r\u00e1pido y precios competitivos para todas sus necesidades de envasado de aerosoles.<\/p>\n<ul style=\"margin-left: 20px;\">\n<li>Tama\u00f1os y vol\u00famenes de llenado est\u00e1ndar y a medida (gama de opciones de 5 ml a 180 ml)<\/li>\n<li>Aluminio de alta calidad y revestimientos ecol\u00f3gicos<\/li>\n<li>Tratamientos superficiales como mate, brillante, met\u00e1lico o esmerilado<\/li>\n<li>Opciones de serigraf\u00eda, estampaci\u00f3n en caliente o etiquetado para logotipos<\/li>\n<li>Igualaci\u00f3n de colores Pantone para su marca<\/li>\n<li>Flexibilidad en los vol\u00famenes de los pedidos, ya sean grandes o peque\u00f1os<\/li>\n<\/ul>\n<h2 style=\"font-size: 20px; font-weight: bold; margin-top: 25px;\">\u267b\ufe0f Compromiso ecol\u00f3gico<\/h2>\n<p>La sostenibilidad est\u00e1 en el centro de nuestra <strong style=\"color: #0073e6;\">latas de aerosol<\/strong>. Nuestras latas son totalmente reciclables en el proceso lata a lata para reducir los residuos y su huella de carbono. Al seleccionar nuestra l\u00ednea de productos, est\u00e1 apoyando las pr\u00e1cticas empresariales ecol\u00f3gicas a la vez que disfruta de un envasado resistente y de alta calidad para sus art\u00edculos.<\/p>\n<h2 style=\"font-size: 20px; font-weight: bold; margin-top: 25px;\">\ud83d\ude80 Aplicaciones en todos los sectores<\/h2>\n<p>Nuestra <strong style=\"color: #d6336c;\">mini latas de aerosol<\/strong> son ideales para una amplia gama de industrias, entre ellas:<\/p>\n<ul style=\"margin-left: 20px;\">\n<li>Productos m\u00e9dicos<\/li>\n<li>Productos de cuidado personal como desodorantes, sprays y sueros<\/li>\n<li>Productos cosm\u00e9ticos que requieren un envase herm\u00e9tico<\/li>\n<li>Envases de lujo para productos farmac\u00e9uticos y de cuidado personal<\/li>\n<\/ul>\n<\/section>","protected":false},"excerpt":{"rendered":"<p>Descubra los aerosoles de aluminio personalizados de alta calidad para aplicaciones m\u00e9dicas, de cuidado personal y cosm\u00e9ticas. Nuestros mini botes de aerosol est\u00e1n disponibles en varios tama\u00f1os, con una resistente estructura de aluminio y dise\u00f1os personalizables. Perfectos para sus necesidades de marca y envasado.<\/p>","protected":false},"featured_media":9162,"comment_status":"closed","ping_status":"closed","template":"","meta":{"_acf_changed":false},"product_brand":[],"product_cat":[39],"product_tag":[],"class_list":{"0":"post-6524","1":"product","2":"type-product","3":"status-publish","4":"has-post-thumbnail","6":"product_cat-aluminum-materials","8":"first","9":"instock","10":"shipping-taxable","11":"product-type-grouped"},"acf":[],"_links":{"self":[{"href":"https:\/\/goldensoarpackage.com\/es\/wp-json\/wp\/v2\/product\/6524","targetHints":{"allow":["GET"]}}],"collection":[{"href":"https:\/\/goldensoarpackage.com\/es\/wp-json\/wp\/v2\/product"}],"about":[{"href":"https:\/\/goldensoarpackage.com\/es\/wp-json\/wp\/v2\/types\/product"}],"replies":[{"embeddable":true,"href":"https:\/\/goldensoarpackage.com\/es\/wp-json\/wp\/v2\/comments?post=6524"}],"wp:featuredmedia":[{"embeddable":true,"href":"https:\/\/goldensoarpackage.com\/es\/wp-json\/wp\/v2\/media\/9162"}],"wp:attachment":[{"href":"https:\/\/goldensoarpackage.com\/es\/wp-json\/wp\/v2\/media?parent=6524"}],"wp:term":[{"taxonomy":"product_brand","embeddable":true,"href":"https:\/\/goldensoarpackage.com\/es\/wp-json\/wp\/v2\/product_brand?post=6524"},{"taxonomy":"product_cat","embeddable":true,"href":"https:\/\/goldensoarpackage.com\/es\/wp-json\/wp\/v2\/product_cat?post=6524"},{"taxonomy":"product_tag","embeddable":true,"href":"https:\/\/goldensoarpackage.com\/es\/wp-json\/wp\/v2\/product_tag?post=6524"}],"curies":[{"name":"wp","href":"https:\/\/api.w.org\/{rel}","templated":true}]}}