{"id":6510,"date":"2025-08-30T03:35:30","date_gmt":"2025-08-30T03:35:30","guid":{"rendered":"https:\/\/goldensoarpackage.com\/?post_type=product&#038;p=6510"},"modified":"2025-10-13T06:19:44","modified_gmt":"2025-10-13T06:19:44","slug":"sistema-de-rellenado-de-botellas-con-bomba-airless","status":"publish","type":"product","link":"https:\/\/goldensoarpackage.com\/es\/sistema-de-rellenado-de-botellas-con-bomba-airless\/","title":{"rendered":"Sistema de rellenado de botellas con bomba Airless Innovador envase ecol\u00f3gico Soluci\u00f3n OEM personalizable"},"content":{"rendered":"<section style=\"width: 100%; font-family: Arial, sans-serif; line-height: 1.6; color: #333;\">\n<header>\n<h1 style=\"font-size: 26px; font-weight: bold; text-align: center; color: #111;\">Innovador sistema de rellenado de botellas Botellas con bomba Airless<\/h1>\n<p style=\"color: #555; width: 100%; margin: auto;\">Una nueva generaci\u00f3n <span style=\"color: #0073e6; font-weight: bold;\">rellenar <\/span><span style=\"color: #d6336c; font-weight: bold;\">botellas con bomba sin aire<\/span> que combina dise\u00f1o ecol\u00f3gico, facilidad de uso y funciones OEM personalizables para marcas de todo el mundo.<\/p>\n<\/header>\n<h2 style=\"font-size: 20px; font-weight: bold; margin-top: 25px;\">\ud83c\udf0d El envasado sostenible se une al alto rendimiento<\/h2>\n<p>En <strong style=\"color: #0073e6;\">sistema de rellenado de botellas<\/strong> est\u00e1 pensado para marcas que quieren reducir el uso de pl\u00e1stico sin renunciar a una experiencia de producto de lujo. El duradero estuche exterior est\u00e1 dise\u00f1ado para ser reutilizado, mientras que el interior... <strong style=\"color: #d6336c;\">botellas airless<\/strong> pueden sustituirse de forma r\u00e1pida y segura con un solo clic. Este sistema no solo minimiza los residuos, sino que tambi\u00e9n crea nuevas oportunidades de marca mediante dise\u00f1os de cajas atrevidos y credenciales ecol\u00f3gicas.<\/p>\n<h2 style=\"font-size: 20px; font-weight: bold; margin-top: 25px;\">\ud83d\udd27 Caracter\u00edsticas principales del sistema de botellas de recarga<\/h2>\n<div style=\"display: flex; flex-wrap: wrap; gap: 20px;\">\n<p><!-- Left Side --><\/p>\n<div style=\"flex: 1; min-width: 800px;\">\n<ul style=\"margin-left: 20px;\">\n<li style=\"margin-top: 25px;\">Como \u201ccara\u201d que representa al producto, presenta fielmente sus caracter\u00edsticas. Simplemente sustituyendo la botella interior, la carcasa exterior puede reutilizarse continuamente.<\/li>\n<li style=\"margin-top: 25px;\">A trav\u00e9s de la abertura reservada en la parte posterior de la carcasa exterior, se puede ver c\u00f3mo se contrae la botella interior. El dise\u00f1o de la botella interior es de tipo vac\u00edo, lo que garantiza que el contenido nunca quede expuesto al aire exterior. Al mismo tiempo, como la botella se contrae, se pueden dispensar incluso formulaciones espesas sin dejar apenas residuos en el interior.<\/li>\n<li style=\"margin-top: 25px;\">La carcasa exterior sirve de marco de soporte, manteniendo la estabilidad general a pesar de que la botella interior al vac\u00edo est\u00e1 dise\u00f1ada para contraerse y deformarse. El dise\u00f1o exterior no s\u00f3lo ofrece un fuerte impacto visual, sino que la exclusiva estructura en espiral de la botella interior tambi\u00e9n crea un elegante patr\u00f3n de contracci\u00f3n a medida que el contenido se agota gradualmente.<\/li>\n<li style=\"margin-top: 25px;\">Cuando se combina con una bomba de palanca, el dise\u00f1o de la botella resulta sorprendentemente innovador y llamativo. La bomba est\u00e1 dise\u00f1ada para ofrecer comodidad, permitiendo a los usuarios dispensar f\u00e1cilmente el contenido con una sola mano.<\/li>\n<li style=\"margin-top: 25px;\">El dise\u00f1o ecol\u00f3gico reduce el consumo total de pl\u00e1stico.<\/li>\n<li style=\"margin-top: 25px;\">Opciones de marca OEM y personalizables para marcas mundiales de cosm\u00e9tica, cuidado del cabello y cuidado de la piel.<\/li>\n<\/ul>\n<\/div>\n<p><!-- Right Side --><\/p>\n<div style=\"flex: 1; min-width: 300px;\">\n<figure id=\"attachment_6550\" aria-describedby=\"caption-attachment-6550\" style=\"width: 290px\" class=\"wp-caption alignnone\"><img decoding=\"async\" class=\"size-medium wp-image-6550\" src=\"https:\/\/goldensoarpackage.com\/wp-content\/uploads\/2025\/08\/refill-bottle-system3-300x236.jpg\" alt=\"\" width=\"300\" height=\"236\" srcset=\"https:\/\/goldensoarpackage.com\/wp-content\/uploads\/2025\/08\/refill-bottle-system3-300x236.jpg 300w, https:\/\/goldensoarpackage.com\/wp-content\/uploads\/2025\/08\/refill-bottle-system3-768x604.jpg 768w, https:\/\/goldensoarpackage.com\/wp-content\/uploads\/2025\/08\/refill-bottle-system3.jpg 1000w\" sizes=\"(max-width: 300px) 100vw, 300px\" \/><figcaption id=\"caption-attachment-6550\" class=\"wp-caption-text\"><\/p>\n<p><img decoding=\"async\" class=\"alignnone size-medium wp-image-6549\" style=\"font-size: 16px;\" src=\"https:\/\/goldensoarpackage.com\/wp-content\/uploads\/2025\/08\/refill-bottle-system2-300x224.jpg\" alt=\"\" width=\"300\" height=\"224\" srcset=\"https:\/\/goldensoarpackage.com\/wp-content\/uploads\/2025\/08\/refill-bottle-system2-300x224.jpg 300w, https:\/\/goldensoarpackage.com\/wp-content\/uploads\/2025\/08\/refill-bottle-system2-768x574.jpg 768w, https:\/\/goldensoarpackage.com\/wp-content\/uploads\/2025\/08\/refill-bottle-system2.jpg 1000w\" sizes=\"(max-width: 300px) 100vw, 300px\" \/><\/figcaption><\/figure>\n<\/div>\n<\/div>\n<h2 style=\"font-size: 20px; font-weight: bold; margin-top: 25px;\">\ud83e\uddf4 Botellas con bomba sin aire: C\u00f3mo preservar la integridad de la f\u00f3rmula<\/h2>\n<p>A diferencia de los envases tradicionales, nuestros <span style=\"color: #d6336c; font-weight: bold;\">botellas con bomba sin aire<\/span> utilizan una avanzada estructura sin aire para proteger las f\u00f3rmulas sensibles. A medida que la botella de recarga se pliega a lo largo de sus pliegues predise\u00f1ados, no hay reflujo de aire, lo que garantiza que incluso las f\u00f3rmulas muy viscosas, como mascarillas capilares, sueros o lociones, puedan dispensarse por completo. Esto hace que el sistema sea ideal para aplicaciones cosm\u00e9ticas, farmac\u00e9uticas y de cuidado personal de primera calidad en las que la estabilidad del producto es fundamental.<\/p>\n<h2 style=\"font-size: 20px; font-weight: bold; margin-top: 25px;\">Especificaciones t\u00e9cnicas<\/h2>\n<table style=\"width: 100%; border-collapse: collapse; margin-bottom: 10px; font-size: 14px;\">\n<thead>\n<tr style=\"background-color: #f4f4f4;\">\n<th style=\"border: 1px solid #ccc; padding: 8px;\">Art\u00edculo<\/th>\n<th style=\"border: 1px solid #ccc; padding: 8px;\">Detalles<\/th>\n<\/tr>\n<\/thead>\n<tbody>\n<tr>\n<td style=\"border: 1px solid #ccc; padding: 8px;\">Nombre del producto<\/td>\n<td style=\"border: 1px solid #ccc; padding: 8px;\">Botellas con bomba sin aire<\/td>\n<\/tr>\n<tr>\n<td style=\"border: 1px solid #ccc; padding: 8px;\">C\u00f3digo del producto<\/td>\n<td style=\"border: 1px solid #ccc; padding: 8px;\">P-GS003<\/td>\n<\/tr>\n<tr>\n<td style=\"border: 1px solid #ccc; padding: 8px;\" rowspan=\"3\">Material<\/td>\n<td style=\"border: 1px solid #ccc; padding: 8px;\">Bomba: PP<\/td>\n<\/tr>\n<tr>\n<td style=\"border: 1px solid #ccc; padding: 8px;\">Botella interior: PE<\/td>\n<\/tr>\n<tr>\n<td style=\"border: 1px solid #ccc; padding: 8px;\">Estuche exterior: PP<\/td>\n<\/tr>\n<tr>\n<td style=\"border: 1px solid #ccc; padding: 8px;\" rowspan=\"2\">Capacidad<\/td>\n<td style=\"border: 1px solid #ccc; padding: 8px;\">Capacidad total: 451,9 ml<\/td>\n<\/tr>\n<tr>\n<td style=\"border: 1px solid #ccc; padding: 8px;\">Capacidad recomendada: 420 ml<\/td>\n<\/tr>\n<tr>\n<td style=\"border: 1px solid #ccc; padding: 8px;\" rowspan=\"3\">Contenido Peso<\/td>\n<td style=\"border: 1px solid #ccc; padding: 8px;\">Bomba: 17,3 g<\/td>\n<\/tr>\n<tr>\n<td style=\"border: 1px solid #ccc; padding: 8px;\">Botella interior: 25,5 g<\/td>\n<\/tr>\n<tr>\n<td style=\"border: 1px solid #ccc; padding: 8px;\">Estuche exterior: 65 g<\/td>\n<\/tr>\n<tr>\n<td style=\"border: 1px solid #ccc; padding: 8px;\" rowspan=\"3\">Especificaci\u00f3n<\/td>\n<td style=\"border: 1px solid #ccc; padding: 8px;\">Bomba: 94*33*33mm<\/td>\n<\/tr>\n<tr>\n<td style=\"border: 1px solid #ccc; padding: 8px;\">Botella interior: 151*69*74mm<\/td>\n<\/tr>\n<tr>\n<td style=\"border: 1px solid #ccc; padding: 8px;\">Caja exterior: 165*87*88mm<\/td>\n<\/tr>\n<tr>\n<td style=\"border: 1px solid #ccc; padding: 8px;\">OEM\/ODM<\/td>\n<td style=\"border: 1px solid #ccc; padding: 8px;\">Disponible (logotipo, embalaje y color personalizados)<\/td>\n<\/tr>\n<\/tbody>\n<\/table>\n<h2 style=\"font-size: 20px; font-weight: bold; margin-top: 25px;\">\ud83d\udca1 Dise\u00f1o innovador para la marca y la usabilidad<\/h2>\n<p>El estuche exterior presenta superficies llamativas ideales para una imagen de marca impactante. Las empresas pueden utilizar colores personalizados, logotipos en relieve o ilustraciones impresas para crear una fuerte presencia en los estantes. El dise\u00f1o de marco semiabierto no solo mejora la est\u00e9tica, sino que tambi\u00e9n permite ver la botella interior cuando se pliega durante su uso, lo que ofrece a los consumidores un indicador visual de la cantidad restante.<\/p>\n<h2 style=\"font-size: 20px; font-weight: bold; margin-top: 25px;\">\u2699\ufe0f Experiencia en OEM y personalizaci\u00f3n<\/h2>\n<p>Con una amplia experiencia en el sector de las soluciones de envasado OEM y ODM, ofrecemos personalizaci\u00f3n completa para <span style=\"color: #0073e6; font-weight: bold;\">rellenar<\/span>\u00a0<span style=\"color: #d6336c; font-weight: bold;\">botellas con bomba sin aire<\/span>. Desde dimensiones a medida y materiales personalizados hasta colores Pantone y acabados superficiales, nuestro equipo satisface los requisitos espec\u00edficos de las marcas de cosm\u00e9ticos, cuidado de la piel, cuidado del cabello y envases sanitarios. Los clientes OEM se benefician de vol\u00famenes de pedido flexibles, precios competitivos y capacidad de exportaci\u00f3n a todo el mundo.<\/p>\n<ul style=\"margin-left: 20px;\">\n<li>Tama\u00f1os y vol\u00famenes de llenado personalizados (gama de 100 ml a 500 ml disponible)<\/li>\n<li>Opciones de materiales como PP, PET, HDPE y biorresinas ecol\u00f3gicas<\/li>\n<li>Tratamientos superficiales como acabados mates, brillantes, met\u00e1licos o esmerilados.<\/li>\n<li>Personalizaci\u00f3n del logotipo mediante serigraf\u00eda, estampaci\u00f3n en caliente o etiquetado<\/li>\n<li>Igualaci\u00f3n de colores Pantone para la coherencia de la marca corporativa<\/li>\n<li>Apoyo al dise\u00f1o de envases para canales minoristas y profesionales<\/li>\n<\/ul>\n<h2 style=\"font-size: 20px; font-weight: bold; margin-top: 25px;\">\u267b\ufe0f Compromiso ecol\u00f3gico<\/h2>\n<p>La sostenibilidad est\u00e1 en el centro de nuestra <strong style=\"color: #0073e6;\">botella de recarga<\/strong> sistema. Al reutilizar el estuche exterior y sustituir \u00fanicamente la botella interior, el consumo de pl\u00e1stico se reduce considerablemente. Las ligeras botellas de recambio de HDPE + LDPE utilizan menos material a la vez que garantizan la durabilidad y un almacenamiento seguro. Este dise\u00f1o no s\u00f3lo responde a las tendencias mundiales de envasado ecol\u00f3gico, sino que tambi\u00e9n mejora la percepci\u00f3n que tienen los consumidores de las marcas responsables con el medio ambiente.<\/p>\n<h2 style=\"font-size: 20px; font-weight: bold; margin-top: 25px;\">\ud83d\ude80 Aplicaciones en todos los sectores<\/h2>\n<p>Nuestra recarga <strong style=\"color: #d6336c;\">botellas airless<\/strong> sistema de envasado es vers\u00e1til y adecuado para:<\/p>\n<ul style=\"margin-left: 20px;\">\n<li>Productos para el cuidado del cabello como champ\u00fas, acondicionadores y mascarillas<\/li>\n<li>Productos para el cuidado de la piel como cremas, lociones y sueros<\/li>\n<li>Productos cosm\u00e9ticos que requieren una conservaci\u00f3n sensible al ox\u00edgeno<\/li>\n<li>Cremas farmac\u00e9uticas y formulaciones de grado m\u00e9dico<\/li>\n<li>L\u00edneas de productos de lujo y ecol\u00f3gicos para el cuidado personal<\/li>\n<\/ul>\n<h2 style=\"font-size: 20px; font-weight: bold; margin-top: 25px;\">\u2728 \u00bfPor qu\u00e9 elegir nuestra soluci\u00f3n de envasado?<\/h2>\n<ul style=\"margin-left: 20px;\">\n<li>Innovadora tecnolog\u00eda sin aire para una dosificaci\u00f3n completa<\/li>\n<li>Dise\u00f1o OEM personalizable para satisfacer las necesidades de la marca<\/li>\n<li>Soluci\u00f3n ecol\u00f3gica para reducir los residuos pl\u00e1sticos<\/li>\n<li>Gran facilidad de uso con una sola mano<\/li>\n<li>Experiencia demostrada en la exportaci\u00f3n de envases cosm\u00e9ticos e industriales<\/li>\n<\/ul>\n<h2 style=\"font-size: 20px; font-weight: bold; margin-top: 25px;\">\ud83d\udce6 F\u00e1cil montaje y experiencia de usuario<\/h2>\n<p>El sistema de recarga est\u00e1 dise\u00f1ado para un uso sin esfuerzo. Basta con acoplar la bomba a la botella de recarga, deslizarla en el estuche exterior y bloquearla en su sitio con un solo clic. Los consumidores se benefician de una dispensaci\u00f3n suave con una sola mano y de un indicador visible del producto restante. Esta experiencia intuitiva aumenta la satisfacci\u00f3n del cliente y fomenta la repetici\u00f3n de la compra.<\/p>\n<\/section>","protected":false},"excerpt":{"rendered":"<p>Descubra nuestro innovador sistema de rellenado de botellas con bomba sin aire, dise\u00f1ado para envases ecol\u00f3gicos. Con un estuche exterior reutilizable, f\u00e1cil sustituci\u00f3n y soluciones OEM personalizables para aplicaciones de cuidado del cabello, cuidado de la piel y cosm\u00e9tica.<\/p>","protected":false},"featured_media":9152,"comment_status":"closed","ping_status":"closed","template":"","meta":{"_acf_changed":false},"product_brand":[],"product_cat":[31],"product_tag":[],"class_list":{"0":"post-6510","1":"product","2":"type-product","3":"status-publish","4":"has-post-thumbnail","6":"product_cat-pe-materials","8":"first","9":"instock","10":"shipping-taxable","11":"product-type-grouped"},"acf":[],"_links":{"self":[{"href":"https:\/\/goldensoarpackage.com\/es\/wp-json\/wp\/v2\/product\/6510","targetHints":{"allow":["GET"]}}],"collection":[{"href":"https:\/\/goldensoarpackage.com\/es\/wp-json\/wp\/v2\/product"}],"about":[{"href":"https:\/\/goldensoarpackage.com\/es\/wp-json\/wp\/v2\/types\/product"}],"replies":[{"embeddable":true,"href":"https:\/\/goldensoarpackage.com\/es\/wp-json\/wp\/v2\/comments?post=6510"}],"wp:featuredmedia":[{"embeddable":true,"href":"https:\/\/goldensoarpackage.com\/es\/wp-json\/wp\/v2\/media\/9152"}],"wp:attachment":[{"href":"https:\/\/goldensoarpackage.com\/es\/wp-json\/wp\/v2\/media?parent=6510"}],"wp:term":[{"taxonomy":"product_brand","embeddable":true,"href":"https:\/\/goldensoarpackage.com\/es\/wp-json\/wp\/v2\/product_brand?post=6510"},{"taxonomy":"product_cat","embeddable":true,"href":"https:\/\/goldensoarpackage.com\/es\/wp-json\/wp\/v2\/product_cat?post=6510"},{"taxonomy":"product_tag","embeddable":true,"href":"https:\/\/goldensoarpackage.com\/es\/wp-json\/wp\/v2\/product_tag?post=6510"}],"curies":[{"name":"wp","href":"https:\/\/api.w.org\/{rel}","templated":true}]}}