{"id":6500,"date":"2025-08-29T09:13:54","date_gmt":"2025-08-29T09:13:54","guid":{"rendered":"https:\/\/goldensoarpackage.com\/?post_type=product&#038;p=6500"},"modified":"2025-10-13T06:12:27","modified_gmt":"2025-10-13T06:12:27","slug":"botella-de-detergente-linda-botella-de-plastico","status":"publish","type":"product","link":"https:\/\/goldensoarpackage.com\/es\/botella-de-detergente-linda-botella-de-plastico\/","title":{"rendered":"Botellas de detergente para la ropa Cute Whale Shape 1000ml Botellas de pl\u00e1stico vac\u00edas Embalaje PE personalizable"},"content":{"rendered":"<section style=\"font-family: Arial, sans-serif; line-height: 1.7; color: #333; width: 100%; padding: 15px;\">\n<header>\n<h1 style=\"font-size: 22px; color: #2e86c1; text-align: center;\">Botella Creativa de Detergente para la Ropa de 1000ml \ud83d\udc0b<\/h1>\n<p>Premium <strong style=\"color: #ff5733;\">botella de detergente<\/strong>\u00a0Dise\u00f1ados para ofrecer estilo, funcionalidad y durabilidad. Perfectos para desinfectantes, c\u00e1psulas de lavander\u00eda, lej\u00eda y limpiadores de tejidos. Ideal para uso dom\u00e9stico o comercial con opciones de envasado OEM y personalizables.<\/p>\n<\/header>\n<section>\n<h2 style=\"margin-top: 25px; font-size: 20px; color: #1f618d;\">Dise\u00f1o \u00fanico en forma de ballena \ud83c\udf0a<\/h2>\n<p>Nuestras botellas de detergente para ropa de 1000 ml presentan una creativa forma de ballena que destaca en entornos comerciales o dom\u00e9sticos. Este divertido dise\u00f1o mejora el agarre y la comodidad de vertido al tiempo que mantiene la practicidad. Transforme el est\u00e1ndar <strong style=\"color: #ff5733;\">botella de pl\u00e1stico vac\u00eda<\/strong>\u00a0en soluciones de envasado atractivas y funcionales.<\/p>\n<\/section>\n<section>\n<h2 style=\"margin-top: 25px; font-size: 20px; color: #1f618d;\">Construcci\u00f3n duradera de PE y PP \ud83d\udca7<\/h2>\n<p>Fabricadas con PE de alta calidad para el cuerpo de la botella y PP para el cabezal de la bomba, estas botellas ofrecen una excelente resistencia qu\u00edmica, un rendimiento a prueba de fugas y una larga durabilidad. La capacidad de 1000 ml admite una gran variedad de l\u00edquidos de limpieza, como desinfectantes, lej\u00eda, pastillas para la colada y suavizantes. La producci\u00f3n de grado OEM garantiza una calidad y seguridad constantes.<\/p>\n<\/section>\n<section>\n<h2 style=\"margin-top: 25px; font-size: 20px; color: #1f618d;\">Bomba suave y ergon\u00f3mica \ud83e\uddf4<\/h2>\n<p>El cabezal de bomba de PP permite dispensar l\u00edquidos de forma suave y sin derrames. Dise\u00f1ado para ofrecer comodidad y eficacia, proporciona un control preciso con cada bombeo, lo que lo hace perfecto para aplicaciones de limpieza dom\u00e9sticas o comerciales. Reduzca los residuos y mejore la comodidad con una funcionalidad ergon\u00f3mica.<\/p>\n<\/section>\n<section>\n<h2 style=\"margin-top: 25px; font-size: 20px; color: #1f618d;\">Aplicaciones vers\u00e1tiles \ud83c\udfe0\ud83e\uddfc<\/h2>\n<p>Estas botellas son ideales para una amplia gama de soluciones de limpieza, como detergentes para la ropa, desinfectantes, lej\u00eda, limpiadores de tejidos y otros productos l\u00edquidos. El generoso volumen de 1.000 ml reduce la necesidad de rellenarlas con frecuencia, lo que las hace perfectas para el uso diario tanto en entornos residenciales como comerciales. La forma de ballena a\u00f1ade un toque \u00fanico que realza el atractivo de los estantes.<\/p>\n<\/section>\n<section>\n<h2 style=\"margin-top: 25px; font-size: 20px; color: #1f618d;\">Opciones OEM y personalizables \u2728<\/h2>\n<p>Con una amplia experiencia en el sector, ofrecemos servicios completos de OEM y personalizaci\u00f3n. Elija la impresi\u00f3n de etiquetas, opciones de color, estilos de bomba y acabados para crear su identidad de marca. Estos <strong style=\"color: #ff5733;\">botella de pl\u00e1stico vac\u00eda<\/strong>\u00a0est\u00e1n dise\u00f1ados para satisfacer las necesidades espec\u00edficas de las marcas, manteniendo al mismo tiempo unos est\u00e1ndares de alta calidad.<\/p>\n<\/section>\n<section>\n<h2 style=\"margin-top: 25px; font-size: 20px; color: #1f618d;\">Materiales ecol\u00f3gicos y seguros \ud83c\udf31<\/h2>\n<p>Fabricadas con PE y PP reciclables, estas botellas de detergente son seguras, no t\u00f3xicas y no contienen BPA. Al dar prioridad a la sostenibilidad, combinan seguridad y durabilidad. Perfectas para hogares con conciencia ecol\u00f3gica o empresas que buscan envases responsables con el medio ambiente.<\/p>\n<\/section>\n<section>\n<h2 style=\"margin-top: 25px; font-size: 20px; color: #1f618d;\">Especificaciones del producto \ud83d\udccc<\/h2>\n<table style=\"width: 100%; border-collapse: collapse; margin-bottom: 10px; font-size: 14px;\">\n<thead>\n<tr style=\"background-color: #f4f4f4;\">\n<th style=\"border: 1px solid #ccc; padding: 8px;\">Art\u00edculo<\/th>\n<th style=\"border: 1px solid #ccc; padding: 8px;\">Detalles<\/th>\n<\/tr>\n<\/thead>\n<tbody>\n<tr>\n<td style=\"border: 1px solid #ccc; padding: 8px;\">Nombre del producto<\/td>\n<td style=\"border: 1px solid #ccc; padding: 8px;\">Botellas dispensadoras de PE<\/td>\n<\/tr>\n<tr>\n<td style=\"border: 1px solid #ccc; padding: 8px;\">C\u00f3digo del producto<\/td>\n<td style=\"border: 1px solid #ccc; padding: 8px;\">P-GS021<\/td>\n<\/tr>\n<tr>\n<td style=\"border: 1px solid #ccc; padding: 8px;\">Material<\/td>\n<td style=\"border: 1px solid #ccc; padding: 8px;\">PE<\/td>\n<\/tr>\n<tr>\n<td style=\"border: 1px solid #ccc; padding: 8px;\">Capacidad<\/td>\n<td style=\"border: 1px solid #ccc; padding: 8px;\">1000 ml<\/td>\n<\/tr>\n<tr>\n<td style=\"border: 1px solid #ccc; padding: 8px;\">Contenido Peso<\/td>\n<td style=\"border: 1px solid #ccc; padding: 8px;\">54 hilos, 200 g<\/td>\n<\/tr>\n<tr>\n<td style=\"border: 1px solid #ccc; padding: 8px;\">Color<\/td>\n<td style=\"border: 1px solid #ccc; padding: 8px;\">Combinaci\u00f3n personalizada disponible<\/td>\n<\/tr>\n<tr>\n<td style=\"border: 1px solid #ccc; padding: 8px;\">M\u00e9todos de logotipo<\/td>\n<td style=\"border: 1px solid #ccc; padding: 8px;\">Estampado en seda, gofrado, repujado<\/td>\n<\/tr>\n<tr>\n<td style=\"border: 1px solid #ccc; padding: 8px;\">Aplicable<\/td>\n<td style=\"border: 1px solid #ccc; padding: 8px;\">Detergente, agente de limpieza<\/td>\n<\/tr>\n<tr>\n<td style=\"border: 1px solid #ccc; padding: 8px;\">OEM\/ODM<\/td>\n<td style=\"border: 1px solid #ccc; padding: 8px;\">Disponible (logotipo, embalaje y color personalizados)<\/td>\n<\/tr>\n<\/tbody>\n<\/table>\n<p><img decoding=\"async\" class=\"wp-image-6505 size-full aligncenter\" src=\"https:\/\/goldensoarpackage.com\/wp-content\/uploads\/2025\/08\/Specification-1.jpg\" alt=\"\" width=\"439\" height=\"481\" srcset=\"https:\/\/goldensoarpackage.com\/wp-content\/uploads\/2025\/08\/Specification-1.jpg 439w, https:\/\/goldensoarpackage.com\/wp-content\/uploads\/2025\/08\/Specification-1-274x300.jpg 274w\" sizes=\"(max-width: 439px) 100vw, 439px\" \/><\/p>\n<\/section>\n<section>\n<h2 style=\"margin-top: 25px; font-size: 20px; color: #1f618d;\">Ventajas de nuestra botella de detergente para ropa \ud83c\udfc6<\/h2>\n<ul style=\"color: #333;\">\n<li>El distintivo dise\u00f1o en forma de ballena aumenta la visibilidad en los estantes y el atractivo de la marca<\/li>\n<li>Materiales de PE y PP resistentes para un uso duradero<\/li>\n<li>Bomba ergon\u00f3mica para una dosificaci\u00f3n precisa y sin derrames<\/li>\n<li>Amplia aplicaci\u00f3n para m\u00faltiples soluciones de limpieza<\/li>\n<li>Opciones OEM y personalizables para adaptarse a la identidad de la marca<\/li>\n<li>Ecol\u00f3gico, sin BPA y seguro para el uso diario<\/li>\n<\/ul>\n<\/section>\n<section>\n<h2 style=\"margin-top: 25px; font-size: 20px; color: #1f618d;\">Perfecto para uso dom\u00e9stico y comercial \ud83c\udfe2\ud83c\udfe1<\/h2>\n<p>Ideales para hogares, servicios de lavander\u00eda o comercios minoristas, estas botellas combinan practicidad, est\u00e9tica y seguridad. El dise\u00f1o ergon\u00f3mico y la gran capacidad satisfacen las demandas de limpieza diarias, mientras que las opciones de OEM y personalizaci\u00f3n permiten soluciones de marca a medida. Mejore sus envases con soluciones funcionales y creativas <strong style=\"color: #ff5733;\">botella de detergente<\/strong>.<\/p>\n<\/section>\n<section>\n<h2 style=\"margin-top: 25px; font-size: 20px; color: #1f618d;\">Conclusi\u00f3n \ud83c\udfaf<\/h2>\n<p>Nuestra bonita botella creativa de detergente para ropa de 1000 ml de PE es m\u00e1s que un recipiente: es una soluci\u00f3n elegante, funcional y personalizable para almacenar y dispensar productos de limpieza. Con conocimientos de OEM y d\u00e9cadas de experiencia en el sector, proporcionamos soluciones fiables y personalizadas. <strong style=\"color: #ff5733;\">botella de detergente<\/strong>\u00a0que satisfacen las necesidades modernas de dise\u00f1o, calidad y sostenibilidad. Actualice hoy mismo sus envases y su imagen de marca con estas innovadoras botellas de pl\u00e1stico vac\u00edas.<\/p>\n<\/section>\n<\/section>","protected":false},"excerpt":{"rendered":"<p>Explore nuestra botella de detergente para ropa de 1000 ml con un creativo dise\u00f1o en forma de ballena, ideal para desinfectantes, lej\u00eda y limpiadores de tejidos. Botellas de pl\u00e1stico vac\u00edas duraderas con opciones OEM y personalizables para envases de marca y uso comercial.<\/p>","protected":false},"featured_media":9147,"comment_status":"closed","ping_status":"closed","template":"","meta":{"_acf_changed":false},"product_brand":[],"product_cat":[31],"product_tag":[],"class_list":{"0":"post-6500","1":"product","2":"type-product","3":"status-publish","4":"has-post-thumbnail","6":"product_cat-pe-materials","8":"first","9":"instock","10":"shipping-taxable","11":"product-type-grouped"},"acf":[],"_links":{"self":[{"href":"https:\/\/goldensoarpackage.com\/es\/wp-json\/wp\/v2\/product\/6500","targetHints":{"allow":["GET"]}}],"collection":[{"href":"https:\/\/goldensoarpackage.com\/es\/wp-json\/wp\/v2\/product"}],"about":[{"href":"https:\/\/goldensoarpackage.com\/es\/wp-json\/wp\/v2\/types\/product"}],"replies":[{"embeddable":true,"href":"https:\/\/goldensoarpackage.com\/es\/wp-json\/wp\/v2\/comments?post=6500"}],"wp:featuredmedia":[{"embeddable":true,"href":"https:\/\/goldensoarpackage.com\/es\/wp-json\/wp\/v2\/media\/9147"}],"wp:attachment":[{"href":"https:\/\/goldensoarpackage.com\/es\/wp-json\/wp\/v2\/media?parent=6500"}],"wp:term":[{"taxonomy":"product_brand","embeddable":true,"href":"https:\/\/goldensoarpackage.com\/es\/wp-json\/wp\/v2\/product_brand?post=6500"},{"taxonomy":"product_cat","embeddable":true,"href":"https:\/\/goldensoarpackage.com\/es\/wp-json\/wp\/v2\/product_cat?post=6500"},{"taxonomy":"product_tag","embeddable":true,"href":"https:\/\/goldensoarpackage.com\/es\/wp-json\/wp\/v2\/product_tag?post=6500"}],"curies":[{"name":"wp","href":"https:\/\/api.w.org\/{rel}","templated":true}]}}