{"id":6211,"date":"2025-08-27T08:57:04","date_gmt":"2025-08-27T08:57:04","guid":{"rendered":"https:\/\/goldensoarpackage.com\/?post_type=product&#038;p=6211"},"modified":"2025-10-13T05:50:25","modified_gmt":"2025-10-13T05:50:25","slug":"botellas-exprimibles-de-4-oz-pe-botella-de-locion-de-viaje","status":"publish","type":"product","link":"https:\/\/goldensoarpackage.com\/es\/botellas-exprimibles-de-4-oz-pe-botella-de-locion-de-viaje\/","title":{"rendered":"4 oz Squeeze Botellas PE Flip Top Recargable Botellas de Loci\u00f3n de Viaje para Champ\u00fa Gel de Ducha Cuidado de la Piel Cosm\u00e9ticos Embalaje OEM Personalizado"},"content":{"rendered":"<section style=\"font-family: Arial, sans-serif; line-height: 1.7; color: #333; width: 100%; padding: 15px;\">\n<header>\n<h1 style=\"font-size: 22px; color: #222; text-align: center; margin-bottom: 15px;\">PE Flip Top Squeeze Bottle 100ml Refillable Travel Lotion Bottle - OEM &amp; Custom Packaging Solution<\/h1>\n<\/header>\n<article>Dise\u00f1ados para un estilo de vida moderno y unas necesidades de envasado fiables, nuestros <span style=\"color: #0073e6; font-weight: bold;\">Botellas exprimibles de 4 oz <\/span>(capacidad de 120 ml, recargable, tap\u00f3n abatible) ofrecen funcionalidad, comodidad y un rendimiento ecol\u00f3gico.<br \/>\nEstos <span style=\"color: #e67300; font-weight: bold;\">frascos de loci\u00f3n de viaje<\/span> son ligeros, duraderos e ideales para guardar champ\u00fa, gel de ducha, loci\u00f3n, productos para el cuidado de la piel o cosm\u00e9ticos durante el uso diario y los viajes.<\/p>\n<h2 style=\"margin-top: 20px; font-size: 20px; color: #444;\">\ud83d\udccc Aspectos destacados del producto<\/h2>\n<ul style=\"margin-left: 20px;\">\n<li><b>Material:<\/b> Cuerpo de la botella de PE de alta calidad, tap\u00f3n abatible de PP<\/li>\n<li><b>Opciones de capacidad:<\/b> 120 ml (capacidad total 131 ml), 150 ml (capacidad total 163 ml)<\/li>\n<li><b>Cierre:<\/b> Tapa abatible segura, f\u00e1cil de usar con una sola mano<\/li>\n<li><b>Dise\u00f1o:<\/b> Cuerpo exprimible para una dispensaci\u00f3n suave<\/li>\n<li><b>Uso:<\/b> Champ\u00fa, gel de ducha, loci\u00f3n corporal, acondicionador, crema para el cuidado de la piel, neceseres de viaje<\/li>\n<li><b>Acabado:<\/b> Dise\u00f1o limpio y sencillo con opciones de personalizaci\u00f3n OEM<\/li>\n<\/ul>\n<h2 style=\"margin-top: 20px; font-size: 20px; color: #444;\">Especificaciones t\u00e9cnicas<\/h2>\n<table style=\"width: 100%; border-collapse: collapse; margin-bottom: 10px; font-size: 14px;\">\n<thead>\n<tr style=\"background-color: #f4f4f4;\">\n<th style=\"border: 1px solid #ccc; padding: 8px;\">Art\u00edculo<\/th>\n<th style=\"border: 1px solid #ccc; padding: 8px;\">Detalles<\/th>\n<\/tr>\n<\/thead>\n<tbody>\n<tr>\n<td style=\"border: 1px solid #ccc; padding: 8px;\">Nombre del producto<\/td>\n<td style=\"border: 1px solid #ccc; padding: 8px;\">Botellas exprimibles de 4 oz<\/td>\n<\/tr>\n<tr>\n<td style=\"border: 1px solid #ccc; padding: 8px;\">C\u00f3digo del producto<\/td>\n<td style=\"border: 1px solid #ccc; padding: 8px;\">P-GS008<\/td>\n<\/tr>\n<tr>\n<td style=\"border: 1px solid #ccc; padding: 8px;\">Material<\/td>\n<td style=\"border: 1px solid #ccc; padding: 8px;\">Botella de PE + tapa de PP<\/td>\n<\/tr>\n<tr>\n<td style=\"border: 1px solid #ccc; padding: 8px;\" rowspan=\"2\">Capacidad<\/td>\n<td style=\"border: 1px solid #ccc; padding: 8px;\">Capacidad total de la botella de 120 ml: 131 ml<\/td>\n<\/tr>\n<tr>\n<td style=\"border: 1px solid #ccc; padding: 8px;\">Capacidad total de la botella de 150 ml: 163 ml<\/td>\n<\/tr>\n<tr>\n<td style=\"border: 1px solid #ccc; padding: 8px;\" rowspan=\"3\">Contenido Peso<\/td>\n<td style=\"border: 1px solid #ccc; padding: 8px;\">Tapa: 6.8g<\/td>\n<\/tr>\n<tr>\n<td style=\"border: 1px solid #ccc; padding: 8px;\">Frasco de 120 ml: 13,3 g<\/td>\n<\/tr>\n<tr>\n<td style=\"border: 1px solid #ccc; padding: 8px;\">Frasco de 150 ml: 15,3 g<\/td>\n<\/tr>\n<tr>\n<td style=\"border: 1px solid #ccc; padding: 8px;\" rowspan=\"3\">Especificaci\u00f3n<\/td>\n<td style=\"border: 1px solid #ccc; padding: 8px;\">Tapa: 22*35*35mm<\/td>\n<\/tr>\n<tr>\n<td style=\"border: 1px solid #ccc; padding: 8px;\">Botella de 120 ml: 109*48*48 mm<\/td>\n<\/tr>\n<tr>\n<td style=\"border: 1px solid #ccc; padding: 8px;\">Botella de 150 ml: 128*48*48 mm<\/td>\n<\/tr>\n<tr>\n<td style=\"border: 1px solid #ccc; padding: 8px;\">Aplicable<\/td>\n<td style=\"border: 1px solid #ccc; padding: 8px;\">Gel de ducha, Champ\u00fa, Loci\u00f3n corporal<\/td>\n<\/tr>\n<tr>\n<td style=\"border: 1px solid #ccc; padding: 8px;\">OEM\/ODM<\/td>\n<td style=\"border: 1px solid #ccc; padding: 8px;\">Disponible (logotipo, embalaje y color personalizados)<\/td>\n<\/tr>\n<\/tbody>\n<\/table>\n<h2 style=\"margin-top: 20px; font-size: 20px; color: #444;\">\ud83c\udf0d Elecci\u00f3n ecol\u00f3gica y reutilizable<\/h2>\n<p>A diferencia de los pl\u00e1sticos de un solo uso, estos <span style=\"color: #0073e6; font-weight: bold;\">Botellas exprimibles de 4 oz <\/span>son recargables y est\u00e1n dise\u00f1adas para un uso repetido. El cuerpo de PE es ligero pero resistente, mientras que el tap\u00f3n abatible de PP garantiza un cierre seguro y una dispensaci\u00f3n f\u00e1cil. Esto las hace perfectas como <span style=\"color: #e67300; font-weight: bold;\">frascos de loci\u00f3n de viaje <\/span>para viajeros frecuentes, aventureros al aire libre y consumidores con conciencia ecol\u00f3gica que dan prioridad a la sostenibilidad.<\/p>\n<h2 style=\"margin-top: 20px; font-size: 20px; color: #444;\">\ud83d\udca1 Aplicaciones vers\u00e1tiles<\/h2>\n<ul style=\"margin-left: 20px;\">\n<li>Rutinas diarias de cuidado de la piel: cremas, t\u00f3nicos y lociones corporales.<\/li>\n<li>Esenciales de viaje - champ\u00fa, gel de ducha, acondicionador<\/li>\n<li>Proyectos cosm\u00e9ticos DIY - mezclas de aceites esenciales, cuidado de la piel casero<\/li>\n<li>Uso dom\u00e9stico y al aire libre - desinfectantes, protectores solares, detergentes<\/li>\n<li>Envases promocionales para marcas de belleza<\/li>\n<\/ul>\n<h2 style=\"margin-top: 20px; font-size: 20px; color: #444;\">\ud83d\udd27 Servicios OEM y de personalizaci\u00f3n<\/h2>\n<p>Con una amplia experiencia en OEM y ODM, ofrecemos soluciones a medida para satisfacer las necesidades de las marcas y la industria.<br \/>\nEn <b>correspondencia de colores pantone<\/b> y <b>impresi\u00f3n de logotipos<\/b> a <b>acabado superficial<\/b> y <b>desarrollo de moldes \u00fanicos<\/b>, transformamos la norma <span style=\"color: #0073e6; font-weight: bold;\">Botellas exprimibles de 4 oz <\/span>en marca <span style=\"color: #e67300; font-weight: bold;\">frascos de loci\u00f3n de viaje<\/span> que reflejen perfectamente su identidad.<\/p>\n<ul style=\"margin-left: 20px;\">\n<li>Estampaci\u00f3n, impresi\u00f3n o etiquetado de logotipos personalizados<\/li>\n<li>Acabados de botella mate, brillante o esmerilado<\/li>\n<li>Diferentes estilos de cierre (tapa de disco, bomba, pulverizador)<\/li>\n<li>Personalizaci\u00f3n del color de la botella y el tap\u00f3n<\/li>\n<li>PCR ecol\u00f3gico u opciones de materiales biol\u00f3gicos<\/li>\n<\/ul>\n<h2 style=\"margin-top: 20px; font-size: 20px; color: #444;\">\ud83d\ude80 Fuerza de fabricaci\u00f3n<\/h2>\n<p>Respaldados por avanzadas l\u00edneas de producci\u00f3n y un estricto control de calidad, garantizamos que cada botella cumpla las normas internacionales.<br \/>\nNuestra experiencia como fabricantes de equipos originales abarca sectores como el cuidado personal, la cosm\u00e9tica, los suministros para hoteles y los kits de viaje.<br \/>\nApoyamos tanto <b>pedidos al por mayor<\/b> y <b>personalizaci\u00f3n de lotes peque\u00f1os<\/b> para atender las diversas demandas del mercado.<\/p>\n<h2 style=\"margin-top: 20px; font-size: 20px; color: #444;\">\ud83c\udfc6 \u00bfPor qu\u00e9 elegirnos?<\/h2>\n<p>Elegir nuestro <span style=\"color: #0073e6; font-weight: bold;\">Botellas exprimibles de 4 oz<\/span> significa invertir en <b>durabilidad, sostenibilidad y dise\u00f1o centrado en la marca<\/b>.<br \/>\nEstas botellas est\u00e1n dise\u00f1adas a prueba de fugas, son f\u00e1ciles de apretar y est\u00e1n listas para viajar.<br \/>\nCombinadas con nuestros servicios de personalizaci\u00f3n, son la opci\u00f3n ideal para nuevas empresas, marcas de belleza consolidadas y empresas de accesorios de viaje.<br \/>\nSu versatilidad garantiza que funcionen igual de bien para <span style=\"color: #e67300; font-weight: bold;\">frascos de loci\u00f3n de viaje<\/span>, envases para el cuidado del cabello o productos de higiene personal.<\/p>\n<h2 style=\"margin-top: 20px; font-size: 20px; color: #444;\">Conclusi\u00f3n<\/h2>\n<p>La botella de PE Flip Top Squeeze Bottle (120 ml \/ 4 oz) es m\u00e1s que un recipiente: es un compa\u00f1ero de viaje fiable y una soluci\u00f3n de envasado inteligente.<br \/>\nCon materiales ecol\u00f3gicos, dise\u00f1o rellenable y posibilidades de personalizaci\u00f3n OEM, ofrece a marcas y consumidores por igual el equilibrio perfecto entre practicidad y sostenibilidad.<br \/>\nActualice hoy mismo su estrategia de envasado con <span style=\"color: #0073e6; font-weight: bold;\">Botellas exprimibles de 4 oz <\/span>y vers\u00e1til <span style=\"color: #e67300; font-weight: bold;\">frascos de loci\u00f3n de viaje<\/span> dise\u00f1ado para satisfacer las exigencias modernas.<\/p>\n<\/article>\n<\/section>","protected":false},"excerpt":{"rendered":"<p>Botellas exprimibles premium de 4 oz con cuerpo de PE y tapa abatible de PP, rellenables y port\u00e1tiles. Perfectas como botellas de loci\u00f3n de viaje para champ\u00fa, gel de ducha, cuidado de la piel y cosm\u00e9ticos. Duraderas, ligeras, personalizables e ideales para pedidos OEM al por mayor.<\/p>","protected":false},"featured_media":9133,"comment_status":"closed","ping_status":"closed","template":"","meta":{"_acf_changed":false},"product_brand":[],"product_cat":[31],"product_tag":[],"class_list":{"0":"post-6211","1":"product","2":"type-product","3":"status-publish","4":"has-post-thumbnail","6":"product_cat-pe-materials","8":"first","9":"instock","10":"shipping-taxable","11":"product-type-grouped"},"acf":[],"_links":{"self":[{"href":"https:\/\/goldensoarpackage.com\/es\/wp-json\/wp\/v2\/product\/6211","targetHints":{"allow":["GET"]}}],"collection":[{"href":"https:\/\/goldensoarpackage.com\/es\/wp-json\/wp\/v2\/product"}],"about":[{"href":"https:\/\/goldensoarpackage.com\/es\/wp-json\/wp\/v2\/types\/product"}],"replies":[{"embeddable":true,"href":"https:\/\/goldensoarpackage.com\/es\/wp-json\/wp\/v2\/comments?post=6211"}],"wp:featuredmedia":[{"embeddable":true,"href":"https:\/\/goldensoarpackage.com\/es\/wp-json\/wp\/v2\/media\/9133"}],"wp:attachment":[{"href":"https:\/\/goldensoarpackage.com\/es\/wp-json\/wp\/v2\/media?parent=6211"}],"wp:term":[{"taxonomy":"product_brand","embeddable":true,"href":"https:\/\/goldensoarpackage.com\/es\/wp-json\/wp\/v2\/product_brand?post=6211"},{"taxonomy":"product_cat","embeddable":true,"href":"https:\/\/goldensoarpackage.com\/es\/wp-json\/wp\/v2\/product_cat?post=6211"},{"taxonomy":"product_tag","embeddable":true,"href":"https:\/\/goldensoarpackage.com\/es\/wp-json\/wp\/v2\/product_tag?post=6211"}],"curies":[{"name":"wp","href":"https:\/\/api.w.org\/{rel}","templated":true}]}}