{"id":6151,"date":"2025-08-26T07:34:00","date_gmt":"2025-08-26T07:34:00","guid":{"rendered":"https:\/\/goldensoarpackage.com\/?post_type=product&#038;p=6151"},"modified":"2025-10-13T05:41:32","modified_gmt":"2025-10-13T05:41:32","slug":"frasco-de-dentifrico-frascos-vacios-de-jabon-de-manos","status":"publish","type":"product","link":"https:\/\/goldensoarpackage.com\/es\/frasco-de-dentifrico-frascos-vacios-de-jabon-de-manos\/","title":{"rendered":"Pato Pasta de Dientes Botella Creativa 300ml PE Embalaje Jab\u00f3n de Manos Champ\u00fa Loci\u00f3n Corporal Botellas Vac\u00edas de Jab\u00f3n de Manos con Soporte de Tel\u00e9fono para Cepillo de Dientes"},"content":{"rendered":"<section style=\"width: 100%; font-family: Arial, sans-serif; line-height: 1.6;\">\n<header>\n<h1 style=\"color: #0073aa; font-size: 26px; text-align: center; margin-bottom: 15px;\">Creative Duck Toothpaste Bottle 300ml with Toothbrush and Phone Holder | Plastic PE Hand Wash Shampoo Body Lotion Empty Packaging Bottle<\/h1>\n<\/header>\n<article>\n<h3 style=\"margin-top: 20px;\">Productos<\/h3>\n<p>En <strong>Botella creativa de pasta de dientes de pato<\/strong> es una soluci\u00f3n de envasado innovadora y multifuncional que combina un dise\u00f1o divertido con la practicidad cotidiana. Con su capacidad de 300 ml, su estructura ligera de 50 g y su soporte integrado para el cepillo de dientes y el tel\u00e9fono, esta botella es algo m\u00e1s que un simple dispensador: es un pr\u00e1ctico accesorio de estilo de vida. Ya sea para <strong>frasco de dent\u00edfrico<\/strong> aplicaciones, <strong>botellas de jab\u00f3n de manos<\/strong>, Este creativo dise\u00f1o en forma de pato a\u00f1ade car\u00e1cter y funcionalidad a su l\u00ednea de productos.<\/p>\n<h3 style=\"margin-top: 20px;\">Caracter\u00edsticas principales<\/h3>\n<ul>\n<li>Material: Cuerpo de la botella de PE duradero con cabezal de bomba de PP fiable<\/li>\n<li>Capacidad: 300 ml, adecuada para m\u00faltiples aplicaciones l\u00edquidas<\/li>\n<li>Contenido Peso: 50 g (especificaci\u00f3n de 28 hilos)<\/li>\n<li>Dise\u00f1o de pato creativo con soporte para cepillo de dientes y tel\u00e9fono incorporado<\/li>\n<li>Materiales seguros, reutilizables y ecol\u00f3gicos<\/li>\n<li>Personalizable para proyectos de marca y OEM<\/li>\n<\/ul>\n<h3 style=\"margin-top: 20px;\">Ventajas<\/h3>\n<p>\u2714\ufe0f <strong>Dise\u00f1o de pato \u00fanico<\/strong>: Atrae a ni\u00f1os y familias al tiempo que destaca en las estanter\u00edas.<br \/>\n\u2714\ufe0f <strong>Aplicaciones vers\u00e1tiles<\/strong>: Puede utilizarse como bote de pasta de dientes, dispensador de jab\u00f3n de manos, envase de champ\u00fa o bote de loci\u00f3n.<br \/>\n\u2714\ufe0f <strong>Conveniencia<\/strong>: La integraci\u00f3n de un soporte para cepillo de dientes y tel\u00e9fono lo hace muy funcional.<br \/>\n\u2714\ufe0f <strong>Ligero y duradero<\/strong>: El peso de la botella de 50 g garantiza un f\u00e1cil manejo y portabilidad.<br \/>\n\u2714\ufe0f <strong>OEM Personalizable<\/strong>: Colores, logotipos y estilos de envasado adaptados a la identidad de la marca.<br \/>\n\u2714\ufe0f <strong>Venta al por mayor<\/strong>: Ideal para empresas que necesitan pedidos al por mayor de <span style=\"color: #2980b9;\">botellas de jab\u00f3n de manos<\/span>.<\/p>\n<h3 style=\"margin-top: 20px;\">Aplicaciones<\/h3>\n<ul>\n<li>Bote de dent\u00edfrico infantil para rutinas de higiene l\u00fadicas<\/li>\n<li>Dispensador de lavamanos para ba\u00f1os y cocinas<\/li>\n<li>Envase de champ\u00fa y acondicionador para el cuidado diario del cabello<\/li>\n<li>Frasco de loci\u00f3n corporal para rutinas de cuidado de la piel<\/li>\n<li>Suministro al por mayor de botellas vac\u00edas de jab\u00f3n de manos para su distribuci\u00f3n mundial<\/li>\n<\/ul>\n<h3 style=\"margin-top: 20px;\">Servicios OEM y de personalizaci\u00f3n<\/h3>\n<p>Nuestra empresa ofrece <strong>Servicios OEM y ODM<\/strong> avalada por m\u00e1s de una d\u00e9cada de experiencia en el sector del envasado de cosm\u00e9ticos. En <strong>colores de botella personalizados<\/strong> a <strong>impresi\u00f3n de logotipos<\/strong> y <strong>variaciones de la bomba<\/strong>, Ofrecemos soluciones integrales para que sus productos destaquen. Tambi\u00e9n dise\u00f1amos moldes y estructuras de envasado a medida, garantizando una experiencia \u00fanica para el consumidor al tiempo que apoyamos la producci\u00f3n a gran escala. <strong>frasco de dent\u00edfrico<\/strong> y <strong>botellas de jab\u00f3n de manos<\/strong> proyectos.<\/p>\n<h3 style=\"margin-top: 20px;\">Especificaciones t\u00e9cnicas<\/h3>\n<table style=\"width: 100%; border-collapse: collapse; margin-bottom: 10px; font-size: 14px;\">\n<thead>\n<tr style=\"background-color: #f4f4f4;\">\n<th style=\"border: 1px solid #ccc; padding: 8px;\">Art\u00edculo<\/th>\n<th style=\"border: 1px solid #ccc; padding: 8px;\">Detalles<\/th>\n<\/tr>\n<\/thead>\n<tbody>\n<tr>\n<td style=\"border: 1px solid #ccc; padding: 8px;\">Nombre del producto<\/td>\n<td style=\"border: 1px solid #ccc; padding: 8px;\">Botella creativa de pasta de dientes de pato<\/td>\n<\/tr>\n<tr>\n<td style=\"border: 1px solid #ccc; padding: 8px;\">C\u00f3digo del producto<\/td>\n<td style=\"border: 1px solid #ccc; padding: 8px;\">P-GS018<\/td>\n<\/tr>\n<tr>\n<td style=\"border: 1px solid #ccc; padding: 8px;\">Material<\/td>\n<td style=\"border: 1px solid #ccc; padding: 8px;\">Botella de PE + cabezal de bomba de PP<\/td>\n<\/tr>\n<tr>\n<td style=\"border: 1px solid #ccc; padding: 8px;\">Capacidad<\/td>\n<td style=\"border: 1px solid #ccc; padding: 8px;\">300 ml<\/td>\n<\/tr>\n<tr>\n<td style=\"border: 1px solid #ccc; padding: 8px;\">Peso<\/td>\n<td style=\"border: 1px solid #ccc; padding: 8px;\">50g<\/td>\n<\/tr>\n<tr>\n<td style=\"border: 1px solid #ccc; padding: 8px;\">Hilo<\/td>\n<td style=\"border: 1px solid #ccc; padding: 8px;\">28 hilos<\/td>\n<\/tr>\n<tr>\n<td style=\"border: 1px solid #ccc; padding: 8px;\">Color<\/td>\n<td style=\"border: 1px solid #ccc; padding: 8px;\">Combinaci\u00f3n personalizada disponible<\/td>\n<\/tr>\n<tr>\n<td style=\"border: 1px solid #ccc; padding: 8px;\">M\u00e9todos de logotipo<\/td>\n<td style=\"border: 1px solid #ccc; padding: 8px;\">Estampado en seda, gofrado, repujado<\/td>\n<\/tr>\n<tr>\n<td style=\"border: 1px solid #ccc; padding: 8px;\">Aplicable<\/td>\n<td style=\"border: 1px solid #ccc; padding: 8px;\">Gel de ducha, Champ\u00fa, Loci\u00f3n corporal<\/td>\n<\/tr>\n<tr>\n<td style=\"border: 1px solid #ccc; padding: 8px;\">OEM\/ODM<\/td>\n<td style=\"border: 1px solid #ccc; padding: 8px;\">Disponible (logotipo, embalaje y color personalizados)<\/td>\n<\/tr>\n<\/tbody>\n<\/table>\n<h3><img decoding=\"async\" class=\"wp-image-6155 size-full aligncenter\" src=\"https:\/\/goldensoarpackage.com\/wp-content\/uploads\/2025\/08\/size-3.jpg\" alt=\"\" width=\"672\" height=\"423\" srcset=\"https:\/\/goldensoarpackage.com\/wp-content\/uploads\/2025\/08\/size-3.jpg 672w, https:\/\/goldensoarpackage.com\/wp-content\/uploads\/2025\/08\/size-3-300x189.jpg 300w\" sizes=\"(max-width: 672px) 100vw, 672px\" \/><\/h3>\n<h3 style=\"margin-top: 20px;\">\u00bfPor qu\u00e9 elegirnos?<\/h3>\n<ul>\n<li>\u2714\ufe0f M\u00e1s de 10 a\u00f1os de experiencia en envasado OEM y ODM<\/li>\n<li>\u2714\ufe0f Gran capacidad para gestionar pedidos peque\u00f1os y grandes<\/li>\n<li>\u2714\ufe0f Materiales de producci\u00f3n sostenibles y respetuosos con el medio ambiente<\/li>\n<li>\u2714\ufe0f Riguroso control de calidad para productos fiables<\/li>\n<li>\u2714\ufe0f Apoyo log\u00edstico mundial profesional<\/li>\n<\/ul>\n<h3 style=\"margin-top: 20px;\">Conclusi\u00f3n<\/h3>\n<p>En <strong>Pato Creativo Pasta de Dientes Frasco 300ml<\/strong> redefine el envasado combinando utilidad, creatividad y sostenibilidad. Ligero, duradero y personalizable, es perfecto para hogares, marcas de cuidado personal y distribuidores a granel que buscan soluciones de envasado innovadoras. Con <strong>Servicios personalizables OEM<\/strong>, Este producto garantiza a su marca la m\u00e1xima visibilidad y atractivo para el consumidor. Ya sea como <span style=\"color: #27ae60;\">frasco de dent\u00edfrico<\/span> o suministrado como <span style=\"color: #d35400;\">botellas de jab\u00f3n de manos<\/span> para venta al por mayor, ofrece estilo, funcionalidad y valor duradero. \ud83e\udd86\u2728<\/p>\n<\/article>\n<\/section>","protected":false},"excerpt":{"rendered":"<p>Creativo bote de pasta de dientes de 300 ml con cepillo de dientes y soporte para tel\u00e9fono, fabricado en PE con bomba de PP. Dise\u00f1o ligero de 50 g perfecto para champ\u00fa, loci\u00f3n corporal y botellas vac\u00edas de jab\u00f3n de manos. Soluciones de envasado de cosm\u00e9ticos personalizables OEM disponibles.<\/p>","protected":false},"featured_media":9130,"comment_status":"closed","ping_status":"closed","template":"","meta":{"_acf_changed":false},"product_brand":[],"product_cat":[31],"product_tag":[],"class_list":{"0":"post-6151","1":"product","2":"type-product","3":"status-publish","4":"has-post-thumbnail","6":"product_cat-pe-materials","8":"first","9":"instock","10":"shipping-taxable","11":"product-type-grouped"},"acf":[],"_links":{"self":[{"href":"https:\/\/goldensoarpackage.com\/es\/wp-json\/wp\/v2\/product\/6151","targetHints":{"allow":["GET"]}}],"collection":[{"href":"https:\/\/goldensoarpackage.com\/es\/wp-json\/wp\/v2\/product"}],"about":[{"href":"https:\/\/goldensoarpackage.com\/es\/wp-json\/wp\/v2\/types\/product"}],"replies":[{"embeddable":true,"href":"https:\/\/goldensoarpackage.com\/es\/wp-json\/wp\/v2\/comments?post=6151"}],"wp:featuredmedia":[{"embeddable":true,"href":"https:\/\/goldensoarpackage.com\/es\/wp-json\/wp\/v2\/media\/9130"}],"wp:attachment":[{"href":"https:\/\/goldensoarpackage.com\/es\/wp-json\/wp\/v2\/media?parent=6151"}],"wp:term":[{"taxonomy":"product_brand","embeddable":true,"href":"https:\/\/goldensoarpackage.com\/es\/wp-json\/wp\/v2\/product_brand?post=6151"},{"taxonomy":"product_cat","embeddable":true,"href":"https:\/\/goldensoarpackage.com\/es\/wp-json\/wp\/v2\/product_cat?post=6151"},{"taxonomy":"product_tag","embeddable":true,"href":"https:\/\/goldensoarpackage.com\/es\/wp-json\/wp\/v2\/product_tag?post=6151"}],"curies":[{"name":"wp","href":"https:\/\/api.w.org\/{rel}","templated":true}]}}