{"id":6138,"date":"2025-08-26T06:27:43","date_gmt":"2025-08-26T06:27:43","guid":{"rendered":"https:\/\/goldensoarpackage.com\/?post_type=product&#038;p=6138"},"modified":"2025-10-13T05:31:18","modified_gmt":"2025-10-13T05:31:18","slug":"botella-con-bomba-de-espuma-bonita-botella-lavamanos-vacia","status":"publish","type":"product","link":"https:\/\/goldensoarpackage.com\/es\/botella-con-bomba-de-espuma-bonita-botella-lavamanos-vacia\/","title":{"rendered":"Botella de espuma de la bomba Lindo creativo vac\u00edo de la mano de la botella de lavado de 350 ml PE envase de pl\u00e1stico espumante Ni\u00f1os Embalaje Mousse limpiador facial"},"content":{"rendered":"<section style=\"width: 100%; font-family: Arial, sans-serif; line-height: 1.6;\">\n<header>\n<h1 style=\"font-size: 24px; font-weight: bold; text-align: center;\">Bonita botella creativa de jab\u00f3n de manos de PE 350ml Bomba de espuma Botella de pl\u00e1stico Botella de espuma limpiadora facial para ni\u00f1os Embalaje<\/h1>\n<\/header>\n<article>\n<h3 style=\"margin-top: 20px;\">Productos<\/h3>\n<p>En <span style=\"color: #d35400; font-weight: bold;\">botella con bomba de espuma<\/span> es una soluci\u00f3n de envasado moderna, creativa y funcional dise\u00f1ada para una amplia gama de productos de base l\u00edquida. Con una capacidad de 350 ml y un cuerpo ligero de solo 60 g, este <span style=\"color: #2980b9; font-weight: bold;\">botella lavamanos vac\u00eda<\/span> no s\u00f3lo es duradero, sino tambi\u00e9n muy pr\u00e1ctico para el uso diario. Fabricado con material PE respetuoso con el medio ambiente y equipado con un cabezal de bomba de PP, garantiza una suave formaci\u00f3n de espuma y una agradable experiencia de uso. Este envase, perfecto para productos infantiles, limpiadores faciales, jabones de manos y formulaciones en mousse, es la elecci\u00f3n preferida de marcas de cosm\u00e9ticos, fabricantes de productos para el hogar y empresas de cuidado personal.<\/p>\n<h3 style=\"margin-top: 20px;\">Caracter\u00edsticas principales<\/h3>\n<ul>\n<li>Material: Botella de PE + cabezal de bomba de PP<\/li>\n<li>Capacidad: 350 ml<\/li>\n<li>Peso: 60 g (dise\u00f1o de 40 hilos)<\/li>\n<li>Dise\u00f1o: Lindo y creativo, adecuado para los ni\u00f1os<\/li>\n<li>Funci\u00f3n: Bomba de gran acci\u00f3n espumante para espuma, jab\u00f3n de manos o limpiador facial<\/li>\n<li>Servicios OEM y personalizables<\/li>\n<\/ul>\n<h3 style=\"margin-top: 20px;\">Ventajas<\/h3>\n<p>\u2714\ufe0f <strong>Perfecta formaci\u00f3n de espuma<\/strong>: Proporciona una espuma rica y fina ideal para jab\u00f3n de manos, espuma y limpiadores faciales.<br \/>\n\u2714\ufe0f <strong>Seguro para los ni\u00f1os<\/strong>: Su bonito dise\u00f1o y su cuerpo ligero lo hacen ideal para los ni\u00f1os.<br \/>\n\u2714\ufe0f <strong>Durabilidad y fiabilidad<\/strong>: La construcci\u00f3n en PE + PP garantiza un rendimiento duradero.<br \/>\n\u2714\ufe0f <strong>Envases personalizables<\/strong>: Disponible en colores personalizados, logotipos impresos y dise\u00f1os exclusivos para la marca.<br \/>\n\u2714\ufe0f <strong>Ecol\u00f3gico<\/strong>: El material reutilizable y reciclable favorece un envasado sostenible.<\/p>\n<h3>Aplicaciones<\/h3>\n<ul>\n<li>Espuma lavamanos<\/li>\n<li>Botellas de jab\u00f3n l\u00edquido para ni\u00f1os<\/li>\n<li>Envases de mousse limpiadora facial<\/li>\n<li>Espumas de ba\u00f1o y ducha<\/li>\n<li>Envases de espuma para cosm\u00e9ticos de tama\u00f1o viaje<\/li>\n<\/ul>\n<h3 style=\"margin-top: 20px;\">OEM y personalizaci\u00f3n<\/h3>\n<p>Ofrecemos servicios profesionales de OEM y ODM para marcas de productos cosm\u00e9ticos y de limpieza. En <strong>impresi\u00f3n de logotipos personalizados<\/strong>, <strong>variaciones de color de las bombas<\/strong>, a <strong>dise\u00f1os \u00fanicos de moldes para botellas<\/strong>, Nuestro equipo se asegura de que sus envases est\u00e9n en consonancia con su identidad de marca. Con a\u00f1os de experiencia en el sector, ofrecemos producci\u00f3n a granel, entrega global y gesti\u00f3n flexible de pedidos para satisfacer las distintas necesidades empresariales.<\/p>\n<h3 style=\"margin-top: 20px;\">Especificaciones t\u00e9cnicas<\/h3>\n<table style=\"width: 100%; border-collapse: collapse; margin-bottom: 10px; font-size: 14px;\">\n<thead>\n<tr style=\"background-color: #f4f4f4;\">\n<th style=\"border: 1px solid #ccc; padding: 8px;\">Art\u00edculo<\/th>\n<th style=\"border: 1px solid #ccc; padding: 8px;\">Detalles<\/th>\n<\/tr>\n<\/thead>\n<tbody>\n<tr>\n<td style=\"border: 1px solid #ccc; padding: 8px;\">Nombre del producto<\/td>\n<td style=\"border: 1px solid #ccc; padding: 8px;\">Botella con bomba de espuma<\/td>\n<\/tr>\n<tr>\n<td style=\"border: 1px solid #ccc; padding: 8px;\">C\u00f3digo del producto<\/td>\n<td style=\"border: 1px solid #ccc; padding: 8px;\">P-GS015<\/td>\n<\/tr>\n<tr>\n<td style=\"border: 1px solid #ccc; padding: 8px;\">Material<\/td>\n<td style=\"border: 1px solid #ccc; padding: 8px;\">Botella de PE + cabezal de bomba de PP<\/td>\n<\/tr>\n<tr>\n<td style=\"border: 1px solid #ccc; padding: 8px;\">Capacidad<\/td>\n<td style=\"border: 1px solid #ccc; padding: 8px;\">350 ml<\/td>\n<\/tr>\n<tr>\n<td style=\"border: 1px solid #ccc; padding: 8px;\">Peso<\/td>\n<td style=\"border: 1px solid #ccc; padding: 8px;\">60g<\/td>\n<\/tr>\n<tr>\n<td style=\"border: 1px solid #ccc; padding: 8px;\">Hilo<\/td>\n<td style=\"border: 1px solid #ccc; padding: 8px;\">40 hilos<\/td>\n<\/tr>\n<tr>\n<td style=\"border: 1px solid #ccc; padding: 8px;\">Color<\/td>\n<td style=\"border: 1px solid #ccc; padding: 8px;\">Combinaci\u00f3n personalizada disponible<\/td>\n<\/tr>\n<tr>\n<td style=\"border: 1px solid #ccc; padding: 8px;\">M\u00e9todos de logotipo<\/td>\n<td style=\"border: 1px solid #ccc; padding: 8px;\">Estampado en seda, gofrado, repujado<\/td>\n<\/tr>\n<tr>\n<td style=\"border: 1px solid #ccc; padding: 8px;\">Aplicable<\/td>\n<td style=\"border: 1px solid #ccc; padding: 8px;\">Gel de ducha, Champ\u00fa, Loci\u00f3n corporal<\/td>\n<\/tr>\n<tr>\n<td style=\"border: 1px solid #ccc; padding: 8px;\">OEM\/ODM<\/td>\n<td style=\"border: 1px solid #ccc; padding: 8px;\">Disponible (logotipo, embalaje y color personalizados)<\/td>\n<\/tr>\n<\/tbody>\n<\/table>\n<p><img decoding=\"async\" class=\"wp-image-6144 size-full aligncenter\" src=\"https:\/\/goldensoarpackage.com\/wp-content\/uploads\/2025\/08\/Size.jpg\" alt=\"\" width=\"635\" height=\"329\" srcset=\"https:\/\/goldensoarpackage.com\/wp-content\/uploads\/2025\/08\/Size.jpg 635w, https:\/\/goldensoarpackage.com\/wp-content\/uploads\/2025\/08\/Size-300x155.jpg 300w\" sizes=\"(max-width: 635px) 100vw, 635px\" \/><\/p>\n<h3 style=\"margin-top: 20px;\">\u00bfPor qu\u00e9 elegir nuestra botella con bomba de espuma?<\/h3>\n<ul>\n<li>\u2714\ufe0f M\u00e1s de 10 a\u00f1os de experiencia en envasado OEM y ODM<\/li>\n<li>\u2714\ufe0f F\u00e1brica avanzada con est\u00e1ndares de alta calidad<\/li>\n<li>\u2714\ufe0f Cantidades de pedido flexibles y plazos de entrega r\u00e1pidos<\/li>\n<li>\u2714\ufe0f Materiales sostenibles y respetuosos con el medio ambiente<\/li>\n<li>\u2714\ufe0f Dise\u00f1os creativos aptos para ni\u00f1os y familias<\/li>\n<\/ul>\n<h3 style=\"margin-top: 20px;\">Conclusi\u00f3n<\/h3>\n<p>En <span style=\"color: #27ae60; font-weight: bold;\">botella con bomba de espuma<\/span> es la elecci\u00f3n definitiva para marcas y empresas que buscan una soluci\u00f3n de envasado segura, duradera y atractiva. Como <span style=\"color: #2980b9; font-weight: bold;\">botella lavamanos vac\u00eda<\/span> Con una estructura ligera, es lo bastante vers\u00e1til para productos infantiles, limpiadores faciales y jabones espumosos de uso dom\u00e9stico. Combinado con nuestros servicios OEM y personalizables, ofrece infinitas posibilidades de diferenciaci\u00f3n de marca y atractivo para el consumidor. \ud83c\udf3f\u2728<\/p>\n<\/article>\n<\/section>","protected":false},"excerpt":{"rendered":"<p>Botella con bomba de espuma de 350 ml de alta calidad con cuerpo de PE y cabezal de bomba de PP. Botella lavamanos vac\u00eda ligera de 60 g dise\u00f1ada para aplicaciones de jab\u00f3n espumoso, envases para ni\u00f1os, limpiadores faciales y mousses. Opciones de personalizaci\u00f3n OEM disponibles.<\/p>","protected":false},"featured_media":9122,"comment_status":"closed","ping_status":"closed","template":"","meta":{"_acf_changed":false},"product_brand":[],"product_cat":[31],"product_tag":[],"class_list":{"0":"post-6138","1":"product","2":"type-product","3":"status-publish","4":"has-post-thumbnail","6":"product_cat-pe-materials","8":"first","9":"instock","10":"shipping-taxable","11":"product-type-grouped"},"acf":[],"_links":{"self":[{"href":"https:\/\/goldensoarpackage.com\/es\/wp-json\/wp\/v2\/product\/6138","targetHints":{"allow":["GET"]}}],"collection":[{"href":"https:\/\/goldensoarpackage.com\/es\/wp-json\/wp\/v2\/product"}],"about":[{"href":"https:\/\/goldensoarpackage.com\/es\/wp-json\/wp\/v2\/types\/product"}],"replies":[{"embeddable":true,"href":"https:\/\/goldensoarpackage.com\/es\/wp-json\/wp\/v2\/comments?post=6138"}],"wp:featuredmedia":[{"embeddable":true,"href":"https:\/\/goldensoarpackage.com\/es\/wp-json\/wp\/v2\/media\/9122"}],"wp:attachment":[{"href":"https:\/\/goldensoarpackage.com\/es\/wp-json\/wp\/v2\/media?parent=6138"}],"wp:term":[{"taxonomy":"product_brand","embeddable":true,"href":"https:\/\/goldensoarpackage.com\/es\/wp-json\/wp\/v2\/product_brand?post=6138"},{"taxonomy":"product_cat","embeddable":true,"href":"https:\/\/goldensoarpackage.com\/es\/wp-json\/wp\/v2\/product_cat?post=6138"},{"taxonomy":"product_tag","embeddable":true,"href":"https:\/\/goldensoarpackage.com\/es\/wp-json\/wp\/v2\/product_tag?post=6138"}],"curies":[{"name":"wp","href":"https:\/\/api.w.org\/{rel}","templated":true}]}}