{"id":6137,"date":"2025-08-26T05:57:41","date_gmt":"2025-08-26T05:57:41","guid":{"rendered":"https:\/\/goldensoarpackage.com\/?post_type=product&#038;p=6137"},"modified":"2025-08-26T06:25:37","modified_gmt":"2025-08-26T06:25:37","slug":"latas-de-aluminio-para-aerosoles-latas-de-aluminio-vacias","status":"publish","type":"product","link":"https:\/\/goldensoarpackage.com\/es\/latas-de-aluminio-para-aerosoles-latas-de-aluminio-vacias\/","title":{"rendered":"Latas de aluminio vac\u00edas | Latas de aerosol de aluminio de alta calidad para aerosoles cosm\u00e9ticos y envases de insecticidas OEM personalizables"},"content":{"rendered":"<div style=\"width: 1200px;\" class=\"wp-video\"><video class=\"wp-video-shortcode\" id=\"video-6137-1\" width=\"1200\" height=\"675\" preload=\"metadata\" controls=\"controls\"><source type=\"video\/mp4\" src=\"https:\/\/goldensoarpackage.com\/wp-content\/uploads\/2025\/08\/A-GS014.mp4?_=1\" \/><a href=\"https:\/\/goldensoarpackage.com\/wp-content\/uploads\/2025\/08\/A-GS014.mp4\">https:\/\/goldensoarpackage.com\/wp-content\/uploads\/2025\/08\/A-GS014.mp4<\/a><\/video><\/div>\n<section style=\"font-family: Arial, sans-serif; line-height: 1.7; color: #333; max-width: 100%; padding: 15px;\">\n<header>\n<h1 style=\"color: #0073aa; font-size: 26px; text-align: center; margin-bottom: 15px;\">\ud83c\udf0d Latas de aluminio cil\u00edndricas vac\u00edas para aerosoles cosm\u00e9ticos e insecticidas<\/h1>\n<\/header>\n<p><!-- Introduction --><\/p>\n<section>\n<h2 style=\"color: #d35400; font-size: 22px; margin-top: 20px;\">\ud83d\udccc Introducci\u00f3n<\/h2>\n<p>Nuestra <span style=\"color: #0073aa; font-weight: bold;\">latas de aerosol de aluminio<\/span> y <span style=\"color: #0073aa; font-weight: bold;\">latas de aluminio vac\u00edas<\/span> se fabrican con aluminio de gran pureza para satisfacer la creciente demanda de soluciones de envasado seguras, duraderas y personalizables. Estas latas cil\u00edndricas de metal se utilizan ampliamente en sectores que van desde la cosm\u00e9tica y la farmacia hasta los insecticidas dom\u00e9sticos y los sprays industriales.<br \/>\nCon un dise\u00f1o sin juntas, un sellado excelente y resistencia a la corrosi\u00f3n, ofrecen una opci\u00f3n de envasado de primera calidad para marcas globales que valoran el rendimiento, la sostenibilidad y el atractivo para el mercado.<\/p>\n<\/section>\n<p><!-- OEM + Customization --><\/p>\n<section>\n<h2 style=\"color: #27ae60; font-size: 22px; margin-top: 20px;\">\ud83c\udfed Experiencia en OEM y personalizaci\u00f3n<\/h2>\n<p>Con m\u00e1s de una d\u00e9cada de experiencia en el sector, estamos especializados en <strong>Producci\u00f3n OEM y personalizable<\/strong> de latas de aluminio para aerosoles. Nuestras capacidades incluyen tama\u00f1os a medida, acabados superficiales personalizados, impresi\u00f3n de etiquetas privadas y revestimientos interiores protectores dise\u00f1ados para adaptarse a la formulaci\u00f3n de su producto.<br \/>\nSi necesita <span style=\"color: #0073aa; font-weight: bold;\">envases de aerosoles cosm\u00e9ticos<\/span>, <span style=\"color: #0073aa; font-weight: bold;\">aerosoles farmac\u00e9uticos<\/span>, o <span style=\"color: #0073aa; font-weight: bold;\">botes de insecticida<\/span>, Ofrecemos soluciones flexibles que se adaptan a su estrategia de marca y a sus requisitos de conformidad.<\/p>\n<ul style=\"margin-left: 20px;\">\n<li>\ud83c\udfa8 Impresi\u00f3n personalizada de hasta 8 colores con acabado brillante o mate.<\/li>\n<li>\ud83d\udce6 Marca blanca y dise\u00f1o OEM para mercados mundiales<\/li>\n<li>\ud83d\udd12 Recubrimientos interiores para proteger contra f\u00f3rmulas agresivas<\/li>\n<li>\u2699\ufe0f MOQ flexible con capacidad de producci\u00f3n a granel<\/li>\n<li>\ud83c\udf31 Aluminio reciclable respetuoso con el medio ambiente para apoyar los objetivos de sostenibilidad.<\/li>\n<\/ul>\n<\/section>\n<p><!-- Applications --><\/p>\n<section>\n<h2 style=\"color: #8e44ad; font-size: 22px; margin-top: 20px;\">\ud83d\udee0\ufe0f Aplicaciones de los envases de aluminio para aerosoles<\/h2>\n<p>La versatilidad de <span style=\"color: #0073aa; font-weight: bold;\">latas de aluminio vac\u00edas <\/span>las hace adecuadas para una amplia gama de aplicaciones de envasado:<\/p>\n<ul style=\"margin-left: 20px;\">\n<li><strong>Industria cosm\u00e9tica:<\/strong> Aerosoles para el cabello, desodorantes, espumas de afeitar, perfumes corporales<\/li>\n<li><strong>Productos farmac\u00e9uticos:<\/strong> Aerosoles m\u00e9dicos, desinfectantes, aerosoles para el tratamiento de la piel<\/li>\n<li><strong>Productos para el hogar:<\/strong> Ambientadores, repelentes de insectos, sprays de limpieza<\/li>\n<li><strong>Comida y bebida:<\/strong> Nata montada, aceite comestible en spray<\/li>\n<li><strong>Industria y automoci\u00f3n:<\/strong> Lubricantes, sprays antioxidantes, limpiadores de autom\u00f3viles<\/li>\n<\/ul>\n<\/section>\n<p><!-- Specifications --><\/p>\n<section>\n<h2 style=\"color: #c0392b; font-size: 22px; margin-top: 20px;\">Especificaciones del producto<\/h2>\n<p>Nuestra gama de <span style=\"color: #0073aa; font-weight: bold;\">latas de aerosol de aluminio <\/span>incluye m\u00faltiples tama\u00f1os y capacidades para satisfacer diversas necesidades de envasado. A continuaci\u00f3n se indican las dimensiones est\u00e1ndar:<\/p>\n<div style=\"overflow-x: auto;\">\n<table border=\"1\" width=\"100%\" cellspacing=\"0\" cellpadding=\"0\">\n<tbody>\n<tr style=\"background: #0073aa; color: #fff; text-align: center;\">\n<td style=\"text-align: center;\">Di\u00e1metro (mm)<\/td>\n<td style=\"text-align: center;\">Altura (mm)<\/td>\n<td style=\"text-align: center;\" colspan=\"3\">Capacidad nominal(ml)<\/td>\n<td style=\"text-align: center;\" colspan=\"3\">Capacidad de llenado(ml)<\/td>\n<\/tr>\n<tr>\n<td style=\"text-align: center;\" rowspan=\"5\">\u00d845<\/td>\n<td style=\"text-align: center;\">100<\/td>\n<td style=\"text-align: center;\" colspan=\"3\">70\/100<\/td>\n<td style=\"text-align: center;\" colspan=\"3\">140<\/td>\n<\/tr>\n<tr style=\"background: #f9f9f9;\">\n<td style=\"text-align: center;\">105<\/td>\n<td style=\"text-align: center;\" colspan=\"3\">120<\/td>\n<td style=\"text-align: center;\" colspan=\"3\">150<\/td>\n<\/tr>\n<tr>\n<td style=\"text-align: center;\">118<\/td>\n<td style=\"text-align: center;\" colspan=\"3\">125<\/td>\n<td style=\"text-align: center;\" colspan=\"3\">165<\/td>\n<\/tr>\n<tr style=\"background: #f9f9f9;\">\n<td style=\"text-align: center;\">140<\/td>\n<td style=\"text-align: center;\" colspan=\"3\">150<\/td>\n<td style=\"text-align: center;\" colspan=\"3\">200<\/td>\n<\/tr>\n<tr>\n<td style=\"text-align: center;\">178<\/td>\n<td style=\"text-align: center;\" colspan=\"3\">200<\/td>\n<td style=\"text-align: center;\" colspan=\"3\">250<\/td>\n<\/tr>\n<tr style=\"background: #0073aa; color: #fff;\">\n<td style=\"text-align: center;\">Di\u00e1metro (mm)<\/td>\n<td style=\"text-align: center;\">Altura (mm)<\/td>\n<td style=\"text-align: center;\" colspan=\"3\">Capacidad nominal(ml)<\/td>\n<td style=\"text-align: center;\" colspan=\"3\">Capacidad de llenado(ml)<\/td>\n<\/tr>\n<tr>\n<td style=\"text-align: center;\" rowspan=\"8\">\u00d852<\/td>\n<td style=\"text-align: center;\">105<\/td>\n<td style=\"text-align: center;\" colspan=\"3\">150<\/td>\n<td style=\"text-align: center;\" colspan=\"3\">200<\/td>\n<\/tr>\n<tr style=\"background: #f9f9f9;\">\n<td style=\"text-align: center;\">130<\/td>\n<td style=\"text-align: center;\" colspan=\"3\">200<\/td>\n<td style=\"text-align: center;\" colspan=\"3\">250<\/td>\n<\/tr>\n<tr>\n<td style=\"text-align: center;\">141<\/td>\n<td style=\"text-align: center;\" colspan=\"3\">210<\/td>\n<td style=\"text-align: center;\" colspan=\"3\">270<\/td>\n<\/tr>\n<tr style=\"background: #f9f9f9;\">\n<td style=\"text-align: center;\">156<\/td>\n<td style=\"text-align: center;\" colspan=\"3\">220<\/td>\n<td style=\"text-align: center;\" colspan=\"3\">295<\/td>\n<\/tr>\n<tr>\n<td style=\"text-align: center;\">165<\/td>\n<td style=\"text-align: center;\" colspan=\"3\">300<\/td>\n<td style=\"text-align: center;\" colspan=\"3\">320<\/td>\n<\/tr>\n<tr style=\"background: #f9f9f9;\">\n<td style=\"text-align: center;\">195<\/td>\n<td style=\"text-align: center;\" colspan=\"3\">330<\/td>\n<td style=\"text-align: center;\" colspan=\"3\">400<\/td>\n<\/tr>\n<tr>\n<td style=\"text-align: center;\">200<\/td>\n<td style=\"text-align: center;\" colspan=\"3\">320\/330<\/td>\n<td style=\"text-align: center;\" colspan=\"3\">420<\/td>\n<\/tr>\n<tr style=\"background: #f9f9f9;\">\n<td style=\"text-align: center;\">210<\/td>\n<td style=\"text-align: center;\" colspan=\"3\">320\/380<\/td>\n<td style=\"text-align: center;\" colspan=\"3\">440<\/td>\n<\/tr>\n<tr style=\"background: #0073aa; color: #fff;\">\n<td style=\"text-align: center;\">Di\u00e1metro (mm)<\/td>\n<td style=\"text-align: center;\">Altura (mm)<\/td>\n<td style=\"text-align: center;\" colspan=\"3\">Capacidad nominal(ml)<\/td>\n<td style=\"text-align: center;\" colspan=\"3\">Capacidad de llenado(ml)<\/td>\n<\/tr>\n<tr>\n<td style=\"text-align: center;\" rowspan=\"3\">\u00d857<\/td>\n<td style=\"text-align: center;\">164<\/td>\n<td style=\"text-align: center;\" colspan=\"3\">300<\/td>\n<td style=\"text-align: center;\" colspan=\"3\">375<\/td>\n<\/tr>\n<tr style=\"background: #f9f9f9;\">\n<td style=\"text-align: center;\">207<\/td>\n<td style=\"text-align: center;\" colspan=\"3\">400<\/td>\n<td style=\"text-align: center;\" colspan=\"3\">480<\/td>\n<\/tr>\n<tr>\n<td style=\"text-align: center;\">257<\/td>\n<td style=\"text-align: center;\" colspan=\"3\">500<\/td>\n<td style=\"text-align: center;\" colspan=\"3\">600<\/td>\n<\/tr>\n<tr style=\"background: #0073aa; color: #fff;\">\n<td style=\"text-align: center;\">Di\u00e1metro (mm)<\/td>\n<td style=\"text-align: center;\">Altura (mm)<\/td>\n<td style=\"text-align: center;\" colspan=\"3\">Capacidad nominal(ml)<\/td>\n<td style=\"text-align: center;\" colspan=\"3\">Capacidad de llenado(ml)<\/td>\n<\/tr>\n<tr>\n<td style=\"text-align: center;\" rowspan=\"6\">\u00d865<\/td>\n<td style=\"text-align: center;\">100<\/td>\n<td style=\"text-align: center;\" colspan=\"3\">235\/300<\/td>\n<td style=\"text-align: center;\" colspan=\"3\">290<\/td>\n<\/tr>\n<tr style=\"background: #f9f9f9;\">\n<td style=\"text-align: center;\">125<\/td>\n<td style=\"text-align: center;\" colspan=\"3\">300<\/td>\n<td style=\"text-align: center;\" colspan=\"3\">350<\/td>\n<\/tr>\n<tr>\n<td style=\"text-align: center;\">158<\/td>\n<td style=\"text-align: center;\" colspan=\"3\">400\/450<\/td>\n<td style=\"text-align: center;\" colspan=\"3\">460<\/td>\n<\/tr>\n<tr style=\"background: #f9f9f9;\">\n<td style=\"text-align: center;\">195<\/td>\n<td style=\"text-align: center;\" colspan=\"3\">500<\/td>\n<td style=\"text-align: center;\" colspan=\"3\">580<\/td>\n<\/tr>\n<tr>\n<td style=\"text-align: center;\">240<\/td>\n<td style=\"text-align: center;\" colspan=\"3\">600<\/td>\n<td style=\"text-align: center;\" colspan=\"3\">720<\/td>\n<\/tr>\n<tr style=\"background: #f9f9f9;\">\n<td style=\"text-align: center;\">300<\/td>\n<td style=\"text-align: center;\" colspan=\"3\">750<\/td>\n<td style=\"text-align: center;\" colspan=\"3\">920<\/td>\n<\/tr>\n<tr style=\"background: #0073aa; color: #fff;\">\n<td style=\"text-align: center;\">Di\u00e1metro (mm)<\/td>\n<td style=\"text-align: center;\">Altura (mm)<\/td>\n<td style=\"text-align: center;\" colspan=\"3\">Capacidad nominal(ml)<\/td>\n<td style=\"text-align: center;\" colspan=\"3\">Capacidad de llenado(ml)<\/td>\n<\/tr>\n<tr>\n<td style=\"text-align: center;\" rowspan=\"2\">\u00d870<\/td>\n<td style=\"text-align: center;\">210<\/td>\n<td style=\"text-align: center;\" colspan=\"3\">650\/750<\/td>\n<td style=\"text-align: center;\" colspan=\"3\">750<\/td>\n<\/tr>\n<tr style=\"background: #f9f9f9;\">\n<td style=\"text-align: center;\">240<\/td>\n<td style=\"text-align: center;\" colspan=\"3\">750\/850<\/td>\n<td style=\"text-align: center;\" colspan=\"3\">\u00a0850<\/td>\n<\/tr>\n<\/tbody>\n<\/table>\n<\/div>\n<\/section>\n<p><!-- Advantages --><\/p>\n<section>\n<h2 style=\"color: #2980b9; font-size: 22px; margin-top: 20px;\">\ud83d\udca1 Ventajas de elegir botes de aerosol de aluminio<\/h2>\n<ul style=\"margin-left: 20px;\">\n<li>\ud83d\udd12 Estructura sin costuras para una m\u00e1xima resistencia a la presi\u00f3n y seguridad.<\/li>\n<li>\ud83e\udeb6 Dise\u00f1o ligero con una gran durabilidad.<\/li>\n<li>\ud83c\udf31 Material totalmente reciclable que apoya los objetivos ecol\u00f3gicos.<\/li>\n<li>\ud83c\udfa8 Amplia personalizaci\u00f3n con opciones de impresi\u00f3n, gofrado y revestimiento<\/li>\n<li>\ud83d\udce6 MOQ flexible y plazo de ejecuci\u00f3n r\u00e1pido para los clientes del OEM.<\/li>\n<\/ul>\n<\/section>\n<p><!-- Packaging & Delivery --><\/p>\n<section>\n<h2 style=\"color: #16a085; font-size: 22px; margin-top: 20px;\">\ud83d\udce6 Embalaje y entrega<\/h2>\n<p>Todos <span style=\"color: #0073aa; font-weight: bold;\">latas de aluminio vac\u00edas<\/span> se embalan cuidadosamente para garantizar una entrega segura:<\/p>\n<ul style=\"margin-left: 20px;\">\n<li><strong>Embalaje:<\/strong> Cajas de cart\u00f3n con separadores de protecci\u00f3n o pal\u00e9s de exportaci\u00f3n<\/li>\n<li><strong>MOQ:<\/strong> Negociable, normalmente 10.000 unidades por especificaci\u00f3n<\/li>\n<li><strong>Plazo de entrega:<\/strong> 15 - 25 d\u00edas laborables tras la confirmaci\u00f3n<\/li>\n<li><strong>Personalizaci\u00f3n:<\/strong> Impresi\u00f3n de logotipos, revestimientos y dise\u00f1os multicolor disponibles<\/li>\n<\/ul>\n<\/section>\n<p><!-- Sustainability --><\/p>\n<section>\n<h2 style=\"color: #9b59b6; font-size: 22px; margin-top: 20px;\">\ud83c\udf31 Compromiso de sostenibilidad<\/h2>\n<p>Nos dedicamos a reducir el impacto ambiental ofreciendo <span style=\"color: #0073aa; font-weight: bold;\">100% envase de aluminio reciclable<\/span>.<br \/>\nAl elegir nuestro <strong>latas de aerosol de aluminio<\/strong>, usted se alinea con las pr\u00e1cticas respetuosas con el medio ambiente a la vez que ofrece envases de alto rendimiento a los consumidores.<br \/>\nNuestro proceso de producci\u00f3n hace hincapi\u00e9 en la eficiencia energ\u00e9tica, la recuperaci\u00f3n de materiales y el cumplimiento de las normas internacionales de seguridad.<\/p>\n<\/section>\n<p><!-- Conclusion --><\/p>\n<section>\n<h2 style=\"color: #e67e22; font-size: 22px; margin-top: 20px;\">\ud83d\ude80 Conclusi\u00f3n<\/h2>\n<p>Nuestra <span style=\"color: #0073aa; font-weight: bold;\">latas de aluminio vac\u00edas<\/span> y <span style=\"color: #0073aa; font-weight: bold;\">latas de aerosol de aluminio<\/span> ofrecen una soluci\u00f3n de envasado de primera calidad para cosm\u00e9ticos, insecticidas, productos farmac\u00e9uticos, alimentos y productos industriales. Con s\u00f3lidas capacidades de personalizaci\u00f3n OEM, materiales de alta calidad y un compromiso con la sostenibilidad, somos su socio de confianza para las necesidades globales de envasado.<\/p>\n<\/section>\n<\/section>","protected":false},"excerpt":{"rendered":"<p>Descubra las latas de aerosol de aluminio de primera calidad y las latas de aluminio vac\u00edas dise\u00f1adas para el envasado de aerosoles cosm\u00e9ticos e insecticidas. OEM y personalizaci\u00f3n disponibles con aluminio duradero, ligero y reciclable para industrias globales.<\/p>","protected":false},"featured_media":6096,"comment_status":"closed","ping_status":"closed","template":"","meta":{"_acf_changed":false},"product_brand":[],"product_cat":[39],"product_tag":[],"class_list":{"0":"post-6137","1":"product","2":"type-product","3":"status-publish","4":"has-post-thumbnail","6":"product_cat-aluminum-materials","8":"first","9":"instock","10":"shipping-taxable","11":"product-type-grouped"},"acf":[],"_links":{"self":[{"href":"https:\/\/goldensoarpackage.com\/es\/wp-json\/wp\/v2\/product\/6137","targetHints":{"allow":["GET"]}}],"collection":[{"href":"https:\/\/goldensoarpackage.com\/es\/wp-json\/wp\/v2\/product"}],"about":[{"href":"https:\/\/goldensoarpackage.com\/es\/wp-json\/wp\/v2\/types\/product"}],"replies":[{"embeddable":true,"href":"https:\/\/goldensoarpackage.com\/es\/wp-json\/wp\/v2\/comments?post=6137"}],"wp:featuredmedia":[{"embeddable":true,"href":"https:\/\/goldensoarpackage.com\/es\/wp-json\/wp\/v2\/media\/6096"}],"wp:attachment":[{"href":"https:\/\/goldensoarpackage.com\/es\/wp-json\/wp\/v2\/media?parent=6137"}],"wp:term":[{"taxonomy":"product_brand","embeddable":true,"href":"https:\/\/goldensoarpackage.com\/es\/wp-json\/wp\/v2\/product_brand?post=6137"},{"taxonomy":"product_cat","embeddable":true,"href":"https:\/\/goldensoarpackage.com\/es\/wp-json\/wp\/v2\/product_cat?post=6137"},{"taxonomy":"product_tag","embeddable":true,"href":"https:\/\/goldensoarpackage.com\/es\/wp-json\/wp\/v2\/product_tag?post=6137"}],"curies":[{"name":"wp","href":"https:\/\/api.w.org\/{rel}","templated":true}]}}