{"id":6098,"date":"2025-08-25T08:59:37","date_gmt":"2025-08-25T08:59:37","guid":{"rendered":"https:\/\/goldensoarpackage.com\/?post_type=product&#038;p=6098"},"modified":"2025-08-26T02:26:33","modified_gmt":"2025-08-26T02:26:33","slug":"componentes-de-latas-de-aerosol-superior-e-inferior","status":"publish","type":"product","link":"https:\/\/goldensoarpackage.com\/es\/componentes-de-latas-de-aerosol-superior-e-inferior\/","title":{"rendered":"Componentes de latas de aerosol vac\u00edas Piezas de pulverizaci\u00f3n superior e inferior de latas de aerosol Cono y c\u00fapula OEM personalizables"},"content":{"rendered":"<div style=\"width: 1200px;\" class=\"wp-video\"><video class=\"wp-video-shortcode\" id=\"video-6098-1\" width=\"1200\" height=\"675\" preload=\"metadata\" controls=\"controls\"><source type=\"video\/mp4\" src=\"https:\/\/goldensoarpackage.com\/wp-content\/uploads\/2025\/08\/A-GS015.mp4?_=1\" \/><a href=\"https:\/\/goldensoarpackage.com\/wp-content\/uploads\/2025\/08\/A-GS015.mp4\">https:\/\/goldensoarpackage.com\/wp-content\/uploads\/2025\/08\/A-GS015.mp4<\/a><\/video><\/div>\n<section style=\"font-family: Arial, sans-serif; line-height: 1.7; color: #333; max-width: 100%; padding: 15px;\">\n<header>\n<h1 style=\"color: #0073aa; font-size: 26px; text-align: center; margin-bottom: 15px;\">\u2699\ufe0f Componentes de latas de aerosol vac\u00edas - Piezas de pulverizaci\u00f3n superior e inferior de latas de aerosol c\u00f3nicas y abovedadas, cubiertas, tapas, tapones<\/h1>\n<\/header>\n<p><!-- Introduction --><\/p>\n<section>\n<h2 style=\"color: #d35400; font-size: 22px; margin-top: 20px;\">\ud83d\udccc Introducci\u00f3n<\/h2>\n<p>Nuestra <span style=\"color: #0073aa; font-weight: bold;\">componentes de latas de aerosol<\/span>, incluyendo <span style=\"color: #0073aa; font-weight: bold;\">tapa y fondo de bote de aerosol<\/span> est\u00e1n dise\u00f1adas para ofrecer un rendimiento fiable, una estanquidad excelente y un atractivo est\u00e9tico para m\u00faltiples sectores.<br \/>\nFabricados con hojalata y aluminio de alta calidad, estos conos, c\u00fapulas y tapas de aerosol est\u00e1n dise\u00f1ados con precisi\u00f3n para adaptarse a latas de aerosol met\u00e1licas de diferentes di\u00e1metros. Tanto si se utilizan en cosm\u00e9ticos, aerosoles dom\u00e9sticos, productos farmac\u00e9uticos o aplicaciones industriales, nuestros componentes garantizan la seguridad, la durabilidad y la compatibilidad con las normas mundiales de envasado.<\/p>\n<\/section>\n<p><!-- OEM Customization --><\/p>\n<section>\n<h2 style=\"color: #27ae60; font-size: 22px; margin-top: 20px;\">\ud83c\udfed Experiencia en OEM y personalizaci\u00f3n<\/h2>\n<p>Gracias a nuestra gran capacidad de OEM y personalizaci\u00f3n, ofrecemos soluciones flexibles adaptadas a las necesidades de su mercado. Nuestra <strong>componentes de latas de aerosol<\/strong> admiten impresi\u00f3n personalizada, m\u00faltiples acabados de revestimiento, ajustes de resistencia a la presi\u00f3n y marcas personalizadas.<br \/>\nEsto permite a los clientes dise\u00f1ar envases \u00fanicos que mejoran el reconocimiento de la marca y la protecci\u00f3n del producto.<\/p>\n<ul style=\"margin-left: 20px;\">\n<li>\ud83c\udfa8 M\u00faltiples colores exteriores: blanco, plateado, dorado, rojo, negro<\/li>\n<li>\ud83d\udee1\ufe0f Lacas interiores: lisa, laca dorada para una mayor protecci\u00f3n<\/li>\n<li>\u2699\ufe0f Opciones para diferentes di\u00e1metros y espesores<\/li>\n<li>\ud83d\udce6 MOQ flexible y producci\u00f3n a granel a gran escala.<\/li>\n<li>\ud83c\udf31 Materiales reciclables que favorecen un embalaje ecol\u00f3gico<\/li>\n<\/ul>\n<\/section>\n<p><!-- Applications --><\/p>\n<section>\n<h2 style=\"color: #8e44ad; font-size: 22px; margin-top: 20px;\">\ud83d\udee0\ufe0f Aplicaciones de los componentes de los botes de aerosol<\/h2>\n<p>Nuestra <span style=\"color: #0073aa; font-weight: bold;\">tapa y fondo de bote de aerosol<\/span> son compatibles con una amplia variedad de aplicaciones, entre las que se incluyen:<\/p>\n<ul style=\"margin-left: 20px;\">\n<li><strong>Envasado de cosm\u00e9ticos:<\/strong> Aerosoles para el cabello, desodorantes, body mists, espumas de afeitar<\/li>\n<li><strong>Productos farmac\u00e9uticos:<\/strong> Aerosoles m\u00e9dicos, desinfectantes, aerosoles terap\u00e9uticos<\/li>\n<li><strong>Enseres dom\u00e9sticos:<\/strong> Repelentes de insectos, ambientadores, sprays de limpieza<\/li>\n<li><strong>Industria y automoci\u00f3n:<\/strong> Lubricantes, sprays antioxidantes, limpiadores<\/li>\n<li><strong>Aplicaciones alimentarias:<\/strong> Dispensadores de nata montada, pulverizadores de aceite comestible<\/li>\n<\/ul>\n<\/section>\n<p><!-- Specifications --><\/p>\n<section>\n<h2 style=\"color: #c0392b; font-size: 22px; margin-top: 20px;\">Especificaciones del producto<\/h2>\n<p>A continuaci\u00f3n figura la ficha t\u00e9cnica de nuestro <span style=\"color: #0073aa; font-weight: bold;\">componentes de latas de aerosol<\/span>, incluyendo la parte superior e inferior de conos y c\u00fapulas. Estos par\u00e1metros garantizan el rendimiento y la seguridad en diferentes condiciones de llenado y pulverizaci\u00f3n:<\/p>\n<div style=\"overflow-x: auto;\">\n<table style=\"width: 100%; border-collapse: collapse; text-align: center; margin-top: 10px;\">\n<thead>\n<tr style=\"background: #0073aa; color: #fff;\">\n<th style=\"padding: 8px; border: 1px solid #ddd; text-align: center;\">Di\u00e1metro (mm)<\/th>\n<th style=\"padding: 8px; border: 1px solid #ddd; text-align: center;\">Color exterior<\/th>\n<th style=\"padding: 8px; border: 1px solid #ddd; text-align: center;\">Laca interior<\/th>\n<th style=\"padding: 8px; border: 1px solid #ddd; text-align: center;\">Presi\u00f3n de deformaci\u00f3n (MPa)<\/th>\n<th style=\"padding: 8px; border: 1px solid #ddd; text-align: center;\">Presi\u00f3n de rotura (MPa)<\/th>\n<th style=\"padding: 8px; border: 1px solid #ddd; text-align: center;\">Espesor (mm)<\/th>\n<\/tr>\n<\/thead>\n<tbody>\n<tr>\n<td style=\"text-align: center;\">\u00f845<\/td>\n<td style=\"text-align: center;\" rowspan=\"5\">Blanco<br \/>\nPlata<br \/>\nDorado<br \/>\nRojo<br \/>\nNegro<\/td>\n<td style=\"text-align: center;\" rowspan=\"5\">Llano<br \/>\nDorado<br \/>\nLaca<\/td>\n<td style=\"text-align: center;\">1.2 ~ 1.8<\/td>\n<td style=\"text-align: center;\">1.2 ~ 1.8<\/td>\n<td style=\"text-align: center;\">0.28<\/td>\n<\/tr>\n<tr style=\"background: #f9f9f9;\">\n<td style=\"text-align: center;\">\u00f852<\/td>\n<td style=\"text-align: center;\">1.2 ~ 1.8<\/td>\n<td style=\"text-align: center;\">1.2 ~ 1.8<\/td>\n<td style=\"text-align: center;\">0.28<\/td>\n<\/tr>\n<tr>\n<td style=\"text-align: center;\">\u00f857<\/td>\n<td style=\"text-align: center;\">1.2<\/td>\n<td style=\"text-align: center;\">1.2<\/td>\n<td style=\"text-align: center;\">0.28<\/td>\n<\/tr>\n<tr style=\"background: #f9f9f9;\">\n<td style=\"text-align: center;\">\u00f865<\/td>\n<td style=\"text-align: center;\">1.2 ~ 1.8<\/td>\n<td style=\"text-align: center;\">1.2 ~ 1.8<\/td>\n<td style=\"text-align: center;\">0.32 \/ 0.35 \/ 0.40<\/td>\n<\/tr>\n<tr>\n<td style=\"text-align: center;\">\u00f870<\/td>\n<td style=\"text-align: center;\">1.2<\/td>\n<td style=\"text-align: center;\">1.2<\/td>\n<td style=\"text-align: center;\">0.35<\/td>\n<\/tr>\n<\/tbody>\n<\/table>\n<\/div>\n<\/section>\n<p><!-- Advantages --><\/p>\n<section>\n<h2 style=\"color: #2980b9; font-size: 22px; margin-top: 20px;\">\ud83d\udca1 Ventajas de nuestros componentes para latas de aerosol<\/h2>\n<ul style=\"margin-left: 20px;\">\n<li>\ud83d\udd12 Fuerte resistencia a la presi\u00f3n que garantiza un almacenamiento y uso seguros.<\/li>\n<li>\ud83d\udee1\ufe0f Sellado fiable para evitar fugas y mantener la integridad del producto<\/li>\n<li>\ud83e\udeb6 Ligero y duradero para facilitar su transporte.<\/li>\n<li>\ud83c\udfa8 Amplia gama de colores y opciones de revestimiento para una mayor flexibilidad de marca<\/li>\n<li>\ud83c\udf31 Totalmente reciclable, lo que contribuye a un envasado respetuoso con el medio ambiente.<\/li>\n<li>\u2699\ufe0f Soporte OEM con espesores, niveles de presi\u00f3n y acabados personalizados<\/li>\n<\/ul>\n<\/section>\n<p><!-- Packaging & Delivery --><\/p>\n<section>\n<h2 style=\"color: #16a085; font-size: 22px; margin-top: 20px;\">\ud83d\udce6 Embalaje y entrega<\/h2>\n<p>Para garantizar la calidad del producto durante el env\u00edo y el almacenamiento, nuestros <strong>tapa y fondo de bote de aerosol <\/strong>las piezas se embalan con medidas de protecci\u00f3n:<\/p>\n<ul style=\"margin-left: 20px;\">\n<li><strong>Embalaje:<\/strong> Cajas de exportaci\u00f3n est\u00e1ndar con separadores o pal\u00e9s<\/li>\n<li><strong>MOQ:<\/strong> Negociable, flexible para clientes OEM<\/li>\n<li><strong>Plazo de entrega:<\/strong> 15 - 25 d\u00edas laborables seg\u00fan cantidad y personalizaci\u00f3n<\/li>\n<li><strong>Entrega:<\/strong> Por transporte mar\u00edtimo, a\u00e9reo o urgente<\/li>\n<\/ul>\n<\/section>\n<p><!-- Sustainability --><\/p>\n<section>\n<h2 style=\"color: #9b59b6; font-size: 22px; margin-top: 20px;\">\ud83c\udf31 Compromiso con la sostenibilidad<\/h2>\n<p>Nuestro proceso de producci\u00f3n hace hincapi\u00e9 en las pr\u00e1cticas respetuosas con el medio ambiente, desde el abastecimiento de materiales hasta el reciclaje y la reducci\u00f3n de residuos. Al elegir <span style=\"color: #0073aa; font-weight: bold;\">componentes de latas de aerosol <\/span>fabricados con metales reciclables, no s\u00f3lo garantiza la seguridad y el rendimiento, sino que tambi\u00e9n contribuye a las iniciativas de sostenibilidad global. Esto hace que nuestras soluciones sean ideales para las marcas que buscan reforzar su responsabilidad medioambiental.<\/p>\n<\/section>\n<p><!-- Conclusion --><\/p>\n<section>\n<h2 style=\"color: #e67e22; font-size: 22px; margin-top: 20px;\">\ud83d\ude80 Conclusi\u00f3n<\/h2>\n<p>Nuestra <span style=\"color: #0073aa; font-weight: bold;\">componentes de latas de aerosol<\/span>, incluyendo <span style=\"color: #0073aa; font-weight: bold;\">tapa y fondo de bote de aerosol<\/span>, Ofrecemos soluciones seguras, duraderas y personalizables para las necesidades globales de envasado. Con capacidades OEM, t\u00e9cnicas de producci\u00f3n avanzadas y un estricto control de calidad, suministramos componentes que cumplen las normas internacionales y apoyan el crecimiento de su marca. Tanto si necesita conos, c\u00fapulas, tapas, tapones o cubiertas para aerosoles, somos su socio de confianza en el envasado de aerosoles de alto rendimiento.<\/p>\n<\/section>\n<\/section>","protected":false},"excerpt":{"rendered":"<p>Componentes de primera calidad para latas de aerosol, incluidas piezas superiores e inferiores, conos, c\u00fapulas, tapas y cubiertas de aerosol. Dise\u00f1os OEM y personalizables disponibles con materiales duraderos, resistencia a la presi\u00f3n y opciones multicolor.<\/p>","protected":false},"featured_media":6099,"comment_status":"closed","ping_status":"closed","template":"","meta":{"_acf_changed":false},"product_brand":[],"product_cat":[39],"product_tag":[],"class_list":{"0":"post-6098","1":"product","2":"type-product","3":"status-publish","4":"has-post-thumbnail","6":"product_cat-aluminum-materials","8":"first","9":"instock","10":"shipping-taxable","11":"product-type-grouped"},"acf":[],"_links":{"self":[{"href":"https:\/\/goldensoarpackage.com\/es\/wp-json\/wp\/v2\/product\/6098","targetHints":{"allow":["GET"]}}],"collection":[{"href":"https:\/\/goldensoarpackage.com\/es\/wp-json\/wp\/v2\/product"}],"about":[{"href":"https:\/\/goldensoarpackage.com\/es\/wp-json\/wp\/v2\/types\/product"}],"replies":[{"embeddable":true,"href":"https:\/\/goldensoarpackage.com\/es\/wp-json\/wp\/v2\/comments?post=6098"}],"wp:featuredmedia":[{"embeddable":true,"href":"https:\/\/goldensoarpackage.com\/es\/wp-json\/wp\/v2\/media\/6099"}],"wp:attachment":[{"href":"https:\/\/goldensoarpackage.com\/es\/wp-json\/wp\/v2\/media?parent=6098"}],"wp:term":[{"taxonomy":"product_brand","embeddable":true,"href":"https:\/\/goldensoarpackage.com\/es\/wp-json\/wp\/v2\/product_brand?post=6098"},{"taxonomy":"product_cat","embeddable":true,"href":"https:\/\/goldensoarpackage.com\/es\/wp-json\/wp\/v2\/product_cat?post=6098"},{"taxonomy":"product_tag","embeddable":true,"href":"https:\/\/goldensoarpackage.com\/es\/wp-json\/wp\/v2\/product_tag?post=6098"}],"curies":[{"name":"wp","href":"https:\/\/api.w.org\/{rel}","templated":true}]}}