{"id":6049,"date":"2025-08-23T09:26:29","date_gmt":"2025-08-23T09:26:29","guid":{"rendered":"https:\/\/goldensoarpackage.com\/?post_type=product&#038;p=6049"},"modified":"2025-08-23T09:47:28","modified_gmt":"2025-08-23T09:47:28","slug":"cepillo-de-ducha-peine-de-masaje-de-silicona","status":"publish","type":"product","link":"https:\/\/goldensoarpackage.com\/es\/cepillo-de-ducha-peine-de-masaje-de-silicona\/","title":{"rendered":"Cepillo de Ducha para el Cabello Peine de Silicona para Masaje del Cuero Cabelludo Cepillo de Champ\u00fa Suave Herramientas para el Cabello para la Limpieza de Ra\u00edces y el Cuidado del Cabello"},"content":{"rendered":"<section style=\"width: 100%; font-family: Arial,sans-serif; line-height: 1.6; color: #333;\">\n<header>\n<h1 style=\"font-size: 24px; font-weight: bold; text-align: center;\">Peine de silicona para masajear el cuero cabelludo Cepillo de ducha Herramientas para peinar el cabello<\/h1>\n<\/header>\n<p>Mejore su rutina de cuidado del cabello con el <strong>Peine de silicona para masaje del cuero cabelludo<\/strong>. Este cepillo de ducha est\u00e1 dise\u00f1ado para realizar limpiezas profundas que relajan y masajean el cuero cabelludo, por lo que es un complemento perfecto para su rutina diaria de cuidado del cabello. El cepillo est\u00e1 hecho de silicona de alta calidad y duradera, es suave y flexible para proporcionar un suave masaje sin ara\u00f1ar el cuero cabelludo. Tama\u00f1o: este rizador de pelo mide 72*81*30mm y s\u00f3lo pesa 68g, el tama\u00f1o es adecuado para uso dom\u00e9stico, servicios de peluquer\u00eda y viajes.<\/p>\n<h2 style=\"font-size: 20px; font-weight: bold; margin-top: 20px;\">\ud83c\udf1f Aspectos destacados del producto<\/h2>\n<ul style=\"margin: 10px 0 10px 20px;\">\n<li>Los suaves dedos de silicona ayudan a realizar un suave masaje y a exfoliar el cuero cabelludo.<\/li>\n<li>Tama\u00f1o peque\u00f1o y port\u00e1til, 72*81*30mm y 68g, para que puedas sujetarlo c\u00f3modamente.<\/li>\n<li>Su dise\u00f1o el\u00e1stico lo hace ergon\u00f3mico y f\u00e1cil de usar mientras se aplica el champ\u00fa y se masajea.<\/li>\n<li>Resistente al agua y f\u00e1cil de limpiar con agua tibia y jab\u00f3n.<\/li>\n<li>Adecuado para todo tipo de cabellos: gruesos, finos, rizados o lisos.<\/li>\n<li>Servicios OEM\/ODM disponibles para la marca, el embalaje y los colores.<\/li>\n<\/ul>\n<h2 style=\"font-size: 20px; font-weight: bold; margin-top: 20px;\">\u2714\ufe0f \u00bfPor qu\u00e9 elegir el cepillo de ducha?<\/h2>\n<p>Este peine de masaje del cuero cabelludo es mejor que los cepillos tradicionales porque est\u00e1 hecho de silicona suave y duradera. Mejora la circulaci\u00f3n sangu\u00ednea, aportando nutrientes a los fol\u00edculos pilosos para promover un crecimiento m\u00e1s sano. Tambi\u00e9n ayuda a eliminar la caspa y a minimizar la obstrucci\u00f3n de los poros. A diferencia de los cepillos de pl\u00e1stico duro, \u00e9ste es suave pero eficaz, no ara\u00f1a el cuero cabelludo ni engancha el pelo. Higi\u00e9nico, respetuoso con el medio ambiente y reutilizable, fomenta las pr\u00e1cticas de cuidado del cabello de bajo impacto a la vez que proporciona una experiencia de masaje tipo spa en casa o fuera de ella.<\/p>\n<h2 style=\"font-size: 20px; font-weight: bold; margin-top: 20px;\">\ud83d\udcbc Aplicaciones vers\u00e1tiles<\/h2>\n<ul style=\"margin: 10px 0 10px 20px;\">\n<li>\ud83d\udec1 Rutina diaria de cuidado del cabello: lavado con champ\u00fa, acondicionador y masaje del cuero cabelludo.<\/li>\n<li>\ud83d\udc86 Uso en spa y peluquer\u00eda: relaja y suelta el cabello durante los tratamientos.<\/li>\n<li>\ud83d\udc76 Perfecto para ni\u00f1os y cueros cabelludos sensibles.<\/li>\n<li>\ud83d\udebf F\u00e1cil de transportar: compacta y ligera para viajes y bolsas de deporte.<\/li>\n<li>\ud83e\uddf4 Tratamientos capilares: distribuye uniformemente aceites, sueros o mascarillas.<\/li>\n<\/ul>\n<h2 style=\"font-size: 20px; font-weight: bold; margin-top: 20px;\">Especificaciones del producto<\/h2>\n<table style=\"width: 100%; border-collapse: collapse; font-size: 14px; margin-bottom: 10px;\">\n<thead>\n<tr style=\"background-color: #f4f4f4;\">\n<th style=\"border: 1px solid #ccc; padding: 8px;\">Art\u00edculo<\/th>\n<th style=\"border: 1px solid #ccc; padding: 8px;\">Detalles<\/th>\n<\/tr>\n<\/thead>\n<tbody>\n<tr>\n<td style=\"border: 1px solid #ccc; padding: 8px;\">Nombre del producto<\/td>\n<td style=\"border: 1px solid #ccc; padding: 8px;\">Peine de silicona para masaje del cuero cabelludo<\/td>\n<\/tr>\n<tr>\n<td style=\"border: 1px solid #ccc; padding: 8px;\">Modelo<\/td>\n<td style=\"border: 1px solid #ccc; padding: 8px;\">S-GS026<\/td>\n<\/tr>\n<tr>\n<td style=\"border: 1px solid #ccc; padding: 8px;\">Talla<\/td>\n<td style=\"border: 1px solid #ccc; padding: 8px;\">72*81*30mm<\/td>\n<\/tr>\n<tr>\n<td style=\"border: 1px solid #ccc; padding: 8px;\">Peso<\/td>\n<td style=\"border: 1px solid #ccc; padding: 8px;\">68g<\/td>\n<\/tr>\n<tr>\n<td style=\"border: 1px solid #ccc; padding: 8px;\">Material<\/td>\n<td style=\"border: 1px solid #ccc; padding: 8px;\">Silicona alimentaria<\/td>\n<\/tr>\n<tr>\n<td style=\"border: 1px solid #ccc; padding: 8px;\">Color<\/td>\n<td style=\"border: 1px solid #ccc; padding: 8px;\">Combinaci\u00f3n personalizada disponible<\/td>\n<\/tr>\n<tr>\n<td style=\"border: 1px solid #ccc; padding: 8px;\">M\u00e9todos de logotipo<\/td>\n<td style=\"border: 1px solid #ccc; padding: 8px;\">Estampado en seda, gofrado, repujado<\/td>\n<\/tr>\n<tr>\n<td style=\"border: 1px solid #ccc; padding: 8px;\">Funciones<\/td>\n<td style=\"border: 1px solid #ccc; padding: 8px;\">Lavarse, exfoliaci\u00f3n, masaje de ba\u00f1o de beb\u00e9, masaje corporal suave<\/td>\n<\/tr>\n<tr>\n<td style=\"border: 1px solid #ccc; padding: 8px;\">OEM\/ODM<\/td>\n<td style=\"border: 1px solid #ccc; padding: 8px;\">Disponible (logotipo, embalaje y color personalizados)<\/td>\n<\/tr>\n<\/tbody>\n<\/table>\n<h2 style=\"font-size: 20px; font-weight: bold; margin-top: 20px;\">\ud83d\udd27 Experiencia en OEM y personalizaci\u00f3n<\/h2>\n<p>Con d\u00e9cadas de experiencia en el desarrollo y fabricaci\u00f3n de herramientas de silicona para el cabello, ofrecemos servicios OEM y OBM a marcas mundiales, cadenas de tiendas y distribuidores. La personalizaci\u00f3n incluye:<\/p>\n<ul style=\"margin: 10px 0 10px 20px;\">\n<li>\ud83c\udfa8 Igualaci\u00f3n de colores Pantone para una identidad de marca coherente.<\/li>\n<li>\ud83d\udda8\ufe0f Impresi\u00f3n del logotipo mediante serigraf\u00eda, gofrado o transferencia t\u00e9rmica.<\/li>\n<li>\ud83d\udce6 Personalizaci\u00f3n de embalajes, incluidas cajas de regalo, cartones ecol\u00f3gicos y tarjetas bl\u00edster.<\/li>\n<li>MOQ flexible para pedidos grandes y peque\u00f1os.<\/li>\n<\/ul>\n<h2 style=\"font-size: 20px; font-weight: bold; margin-top: 20px;\">\ud83c\udf0d Sostenibilidad y potencial de mercado<\/h2>\n<p>En <strong>Peine de silicona para masaje del cuero cabelludo<\/strong> es una alternativa sostenible a los cepillos convencionales. Con la creciente demanda de productos ecol\u00f3gicos por parte de los consumidores, este cepillo de pelo para ducha es perfecto para los mercados de estilo de vida, spa, salones de belleza y comercio electr\u00f3nico. Proporciona higiene, comodidad y una experiencia de cuidado profesional en todo el mundo.<\/p>\n<h2 style=\"font-size: 20px; font-weight: bold; margin-top: 20px;\">\ud83d\udee1\ufe0f Normas de calidad y seguridad<\/h2>\n<p>Cada cepillo se somete a rigurosos controles de calidad para garantizar su durabilidad, elasticidad y rendimiento. Fabricado con silicona importada de calidad alimentaria, cumple las normas FDA, SGS e ISO. Duradero y seguro, es adecuado para todas las edades y todos los tipos de cabello.<\/p>\n<h2 style=\"font-size: 20px; font-weight: bold; margin-top: 20px;\">\ud83d\ude9a Embalaje y entrega<\/h2>\n<ul style=\"margin: 10px 0 10px 20px;\">\n<li>Embalaje est\u00e1ndar: bolsa OPP a granel.<\/li>\n<li>Embalaje personalizado: cajas de regalo de marca o cartones ecol\u00f3gicos.<\/li>\n<li>Plazo de entrega: 7-15 d\u00edas laborables para pedidos al por mayor.<\/li>\n<li>Env\u00edos a todo el mundo con log\u00edstica profesional.<\/li>\n<\/ul>\n<h2 style=\"font-size: 20px; font-weight: bold; margin-top: 20px;\">Principales ventajas<\/h2>\n<ul style=\"margin: 10px 0 10px 20px;\">\n<li>\u2705 Las suaves cerdas de silicona masajean y limpian suavemente las ra\u00edces del cabello.<\/li>\n<li>\u2705 Perfecto para usar en casa, en el spa o durante los viajes.<\/li>\n<li>\u2705 Reutilizable, lavable e impermeable para un cuidado sostenible del cabello.<\/li>\n<li>\u2705 Funciona bien con champ\u00fas, acondicionadores y aceites capilares.<\/li>\n<li>Servicios OEM\/ODM para personalizaci\u00f3n de marcas, embalajes y colores.<\/li>\n<li>\u2705 Certificado de seguridad con las normas FDA, SGS e ISO.<\/li>\n<\/ul>\n<h2 style=\"font-size: 20px; font-weight: bold; margin-top: 20px;\">\ud83c\udfaf Conclusi\u00f3n<\/h2>\n<p>En <strong>Peine de silicona para masaje del cuero cabelludo<\/strong> es un cepillo de ducha c\u00f3modo, ecol\u00f3gico y vers\u00e1til dise\u00f1ado para favorecer la salud del cuero cabelludo y el crecimiento del cabello. Adecuado para uso dom\u00e9stico, en salones de belleza o en viajes, combina sostenibilidad y funcionalidad. Con opciones de OEM y personalizaci\u00f3n, es una excelente opci\u00f3n tanto para consumidores con conciencia ecol\u00f3gica como para distribuidores profesionales. \ud83c\udf31<\/p>\n<\/section>","protected":false},"excerpt":{"rendered":"<p>Experimente una limpieza profunda de las ra\u00edces del cabello con el cepillo de ducha para el cabello. Este peine de silicona para masajear el cuero cabelludo proporciona una exfoliaci\u00f3n suave, mejora la circulaci\u00f3n sangu\u00ednea y es perfecto para el champ\u00fa, el masaje y el cuidado del cabello. Duradero, port\u00e1til y personalizable para marcas OEM.<\/p>","protected":false},"featured_media":6050,"comment_status":"closed","ping_status":"closed","template":"","meta":{"_acf_changed":false},"product_brand":[],"product_cat":[49],"product_tag":[],"class_list":{"0":"post-6049","1":"product","2":"type-product","3":"status-publish","4":"has-post-thumbnail","6":"product_cat-silicone-materials","8":"first","9":"instock","10":"shipping-taxable","11":"product-type-grouped"},"acf":[],"_links":{"self":[{"href":"https:\/\/goldensoarpackage.com\/es\/wp-json\/wp\/v2\/product\/6049","targetHints":{"allow":["GET"]}}],"collection":[{"href":"https:\/\/goldensoarpackage.com\/es\/wp-json\/wp\/v2\/product"}],"about":[{"href":"https:\/\/goldensoarpackage.com\/es\/wp-json\/wp\/v2\/types\/product"}],"replies":[{"embeddable":true,"href":"https:\/\/goldensoarpackage.com\/es\/wp-json\/wp\/v2\/comments?post=6049"}],"wp:featuredmedia":[{"embeddable":true,"href":"https:\/\/goldensoarpackage.com\/es\/wp-json\/wp\/v2\/media\/6050"}],"wp:attachment":[{"href":"https:\/\/goldensoarpackage.com\/es\/wp-json\/wp\/v2\/media?parent=6049"}],"wp:term":[{"taxonomy":"product_brand","embeddable":true,"href":"https:\/\/goldensoarpackage.com\/es\/wp-json\/wp\/v2\/product_brand?post=6049"},{"taxonomy":"product_cat","embeddable":true,"href":"https:\/\/goldensoarpackage.com\/es\/wp-json\/wp\/v2\/product_cat?post=6049"},{"taxonomy":"product_tag","embeddable":true,"href":"https:\/\/goldensoarpackage.com\/es\/wp-json\/wp\/v2\/product_tag?post=6049"}],"curies":[{"name":"wp","href":"https:\/\/api.w.org\/{rel}","templated":true}]}}