{"id":6017,"date":"2025-08-23T05:35:26","date_gmt":"2025-08-23T05:35:26","guid":{"rendered":"https:\/\/goldensoarpackage.com\/?post_type=product&#038;p=6017"},"modified":"2025-08-23T08:18:04","modified_gmt":"2025-08-23T08:18:04","slug":"envases-de-champu-tamano-viaje-botella-de-viaje","status":"publish","type":"product","link":"https:\/\/goldensoarpackage.com\/es\/envases-de-champu-tamano-viaje-botella-de-viaje\/","title":{"rendered":"Envases de champ\u00fa de viaje de silicona a prueba de fugas Botellas de viaje rellenables Loci\u00f3n Gel de ducha Art\u00edculos de tocador"},"content":{"rendered":"<section style=\"width: 100%; font-family: Arial,sans-serif; line-height: 1.6; color: #333;\">\n<header>\n<h1 style=\"font-size: 24px; font-weight: bold; text-align: center;\">Tama\u00f1o de viaje Champ\u00fa Botella Silicona Suave Port\u00e1til Loci\u00f3n Gel de Ducha Art\u00edculos de tocador<\/h1>\n<\/header>\n<p>Hagamos sus viajes m\u00e1s f\u00e1ciles, ecol\u00f3gicos y hermosos con <strong>Champ\u00fa de viaje<\/strong>\u00a1! Fabricadas con silicona alimentaria 100% y tapa de PP resistente, estas botellas de viaje son suaves, ligeras y duraderas. La silicona no es t\u00f3xica ni tiene sabor, y la tapa de PP es segura y a prueba de fugas, por lo que son aptos para viajes en avi\u00f3n. Tanto si desea guardar champ\u00fa, gel de ducha, acondicionador, loci\u00f3n corporal o desinfectante, esta botella de viaje de 90 ml le ofrece comodidad con un dise\u00f1o sostenible.<\/p>\n<h2 style=\"font-size: 20px; font-weight: bold; margin-top: 20px;\">\ud83c\udf1f Aspectos destacados del producto<\/h2>\n<ul style=\"margin: 10px 0 10px 20px;\">\n<li>90ml \/ 3oz Tama\u00f1o de viaje aprobado por la TSA, perfecto para vuelos.<\/li>\n<li>Fabricado con silicona alimentaria 100% + tapa de PP para mayor durabilidad.<\/li>\n<li>El dise\u00f1o a prueba de fugas evita derrames en el equipaje.<\/li>\n<li>Cuerpo blando y estrujable para facilitar la dispensaci\u00f3n.<\/li>\n<li>Servicio OEM y ODM para marcas y embalajes.<\/li>\n<\/ul>\n<h2 style=\"font-size: 20px; font-weight: bold; margin-top: 20px;\">\u2714\ufe0f \u00bfPor qu\u00e9 elegir botellas de viaje vac\u00edas?<\/h2>\n<p>Superiores a las botellas de pl\u00e1stico duro, estas <strong>envases de champ\u00fa tama\u00f1o viaje<\/strong> son flexibles pero resistentes. El cuerpo de silicona blanda facilita la dispensaci\u00f3n, mientras que el tap\u00f3n herm\u00e9tico evita las fugas. Perfectas para vuelos, gimnasios, acampadas o desplazamientos. Ligeras y reutilizables, contribuyen a reducir los residuos pl\u00e1sticos al tiempo que mantienen su cuidado personal seguro y port\u00e1til.<\/p>\n<h2 style=\"font-size: 20px; font-weight: bold; margin-top: 20px;\">\ud83d\udcbc Aplicaciones vers\u00e1tiles<\/h2>\n<p>Estas mini botellas de viaje son multifuncionales, adecuadas para:<\/p>\n<ul style=\"margin: 10px 0 10px 20px;\">\n<li>\ud83e\uddf4 Cuidado del cabello - Champ\u00fa, acondicionador, sueros de peinado.<\/li>\n<li>\ud83d\udc84 Cuidado de la piel - Lociones, cremas, protectores solares, hidratantes.<\/li>\n<li>\ud83d\udc76 Baby Essentials - Aceite para beb\u00e9s, loci\u00f3n, champ\u00fa suave.<\/li>\n<li>\ud83e\udd57 Alimentaci\u00f3n y Cocina - Salsas, ali\u00f1os para ensaladas, condimentos.<\/li>\n<li>\ud83c\udfd5\ufe0f Outdoor Adventures - Desinfectantes, jab\u00f3n, geles, crema solar.<\/li>\n<\/ul>\n<h2 style=\"font-size: 20px; font-weight: bold; margin-top: 20px;\">Especificaciones del producto<\/h2>\n<table style=\"width: 100%; border-collapse: collapse; font-size: 14px; margin-bottom: 10px;\">\n<thead>\n<tr style=\"background-color: #f4f4f4;\">\n<th style=\"border: 1px solid #ccc; padding: 8px;\">Art\u00edculo<\/th>\n<th style=\"border: 1px solid #ccc; padding: 8px;\">Detalles<\/th>\n<\/tr>\n<\/thead>\n<tbody>\n<tr>\n<td style=\"border: 1px solid #ccc; padding: 8px;\">Nombre del producto<\/td>\n<td style=\"border: 1px solid #ccc; padding: 8px;\">Envases de champ\u00fa de viaje<\/td>\n<\/tr>\n<tr>\n<td style=\"border: 1px solid #ccc; padding: 8px;\">Modelo<\/td>\n<td style=\"border: 1px solid #ccc; padding: 8px;\">S-GS019<\/td>\n<\/tr>\n<tr>\n<td style=\"border: 1px solid #ccc; padding: 8px;\">Material<\/td>\n<td style=\"border: 1px solid #ccc; padding: 8px;\">Silicona alimentaria (botella) + PP (tapa)<\/td>\n<\/tr>\n<tr>\n<td style=\"border: 1px solid #ccc; padding: 8px;\">Talla<\/td>\n<td style=\"border: 1px solid #ccc; padding: 8px;\">30*130mm<\/td>\n<\/tr>\n<tr>\n<td style=\"border: 1px solid #ccc; padding: 8px;\">Capacidad<\/td>\n<td style=\"border: 1px solid #ccc; padding: 8px;\">90 ml<\/td>\n<\/tr>\n<tr>\n<td style=\"border: 1px solid #ccc; padding: 8px;\">Color<\/td>\n<td style=\"border: 1px solid #ccc; padding: 8px;\">Personalizable<\/td>\n<\/tr>\n<tr>\n<td style=\"border: 1px solid #ccc; padding: 8px;\">Caracter\u00edsticas<\/td>\n<td style=\"border: 1px solid #ccc; padding: 8px;\">Rat\u00f3n con forma de animal de dibujos animados, a prueba de fugas, estrujable, rellenable, compacto, apto para viajes<\/td>\n<\/tr>\n<tr>\n<td style=\"border: 1px solid #ccc; padding: 8px;\">Opciones OEM<\/td>\n<td style=\"border: 1px solid #ccc; padding: 8px;\">Colores personalizados, impresi\u00f3n de logotipos, envasado, etiquetado<\/td>\n<\/tr>\n<\/tbody>\n<\/table>\n<h2 style=\"font-size: 20px; font-weight: bold; margin-top: 20px;\">\ud83d\udd27 Experiencia en OEM y personalizaci\u00f3n<\/h2>\n<p>Somos fabricantes profesionales que ofrecen <strong>Servicios OEM y ODM<\/strong> para marcas y minoristas de todo el mundo. Con d\u00e9cadas de experiencia en la producci\u00f3n de botellas de silicona, ofrecemos personalizaci\u00f3n flexible, incluyendo:<\/p>\n<ul style=\"margin: 10px 0 10px 20px;\">\n<li>\ud83c\udfa8 Adaptaci\u00f3n de los colores Pantone a las paletas de las marcas.<\/li>\n<li>\ud83d\udda8\ufe0f Impresi\u00f3n del logotipo: serigraf\u00eda, gofrado, transferencia t\u00e9rmica.<\/li>\n<li>\ud83d\udce6 Embalaje personalizado: cartones ecol\u00f3gicos, tarjetas bl\u00edster, cajas de regalo.<\/li>\n<li>MOQ flexible, admite pedidos peque\u00f1os y al por mayor.<\/li>\n<\/ul>\n<h2 style=\"font-size: 20px; font-weight: bold; margin-top: 20px;\">\ud83c\udf0d Sostenibilidad y potencial de mercado<\/h2>\n<p>A medida que crece la demanda de soluciones ecol\u00f3gicas, la <strong>envases de champ\u00fa tama\u00f1o viaje<\/strong>\u00a0ofrecen grandes oportunidades en los mercados del comercio electr\u00f3nico, el estilo de vida minorista, la cosm\u00e9tica y los accesorios de viaje. Elegantes, pr\u00e1cticas y reutilizables, ayudan a posicionar su marca como responsable con el medio ambiente.<\/p>\n<h2 style=\"font-size: 20px; font-weight: bold; margin-top: 20px;\">\ud83d\udee1\ufe0f Normas de calidad y seguridad<\/h2>\n<p>Cada botella se somete a estrictas pruebas de fugas, durabilidad y rendimiento en diversas condiciones. Fabricadas con silicona importada de calidad alimentaria y PP, cumplen <strong>Certificaciones FDA, SGS e ISO<\/strong>, garantizando la fiabilidad y el uso a largo plazo en todo el mundo.<\/p>\n<h2 style=\"font-size: 20px; font-weight: bold; margin-top: 20px;\">\ud83d\ude9a Embalaje y entrega<\/h2>\n<ul style=\"margin: 10px 0 10px 20px;\">\n<li>Embalaje est\u00e1ndar: Bolsa OPP con cart\u00f3n a granel.<\/li>\n<li>Opciones personalizadas: cartones ecol\u00f3gicos de marca, cajas de regalo, envases para minoristas.<\/li>\n<li>Plazo de entrega: 7-15 d\u00edas laborables para pedidos al por mayor.<\/li>\n<li>Apoyo log\u00edstico global para una entrega segura.<\/li>\n<\/ul>\n<h2 style=\"font-size: 20px; font-weight: bold; margin-top: 20px;\">Principales ventajas<\/h2>\n<ul style=\"margin: 10px 0 10px 20px;\">\n<li>Tama\u00f1o de 90 ml aprobado por la TSA.<\/li>\n<li>\u2705 Dise\u00f1o a prueba de fugas, exprimible y rellenable.<\/li>\n<li>\u2705 Uso polivalente: art\u00edculos de tocador, cosm\u00e9ticos, alimentaci\u00f3n, beb\u00e9, exterior.<\/li>\n<li>Reutilizable y respetuoso con el medio ambiente.<\/li>\n<li>Personalizaci\u00f3n OEM y ODM de la marca.<\/li>\n<li>\u2705 Certificado conforme a las normas internacionales de calidad.<\/li>\n<\/ul>\n<h2 style=\"font-size: 20px; font-weight: bold; margin-top: 20px;\">\ud83c\udfaf Conclusi\u00f3n<\/h2>\n<p>En <strong>S-GS019 botella de viaje rellenable ecol\u00f3gica<\/strong> es una soluci\u00f3n pr\u00e1ctica y personalizable para viajeros, familias y marcas. Gracias a su dise\u00f1o elegante, su garant\u00eda a prueba de fugas y su enfoque sostenible, es la opci\u00f3n ideal para el estilo de vida ecol\u00f3gico de hoy en d\u00eda. \ud83c\udf31<\/p>\n<\/section>","protected":false},"excerpt":{"rendered":"<p>Duraderos envases de champ\u00fa de viaje fabricados en silicona alimentaria con tapas de PP a prueba de fugas. Estas botellas vac\u00edas de tama\u00f1o de viaje son exprimibles, rellenables, aprobadas por la TSA y personalizables para art\u00edculos de tocador, champ\u00fa, acondicionador, loci\u00f3n y gel de ducha.<\/p>","protected":false},"featured_media":6041,"comment_status":"closed","ping_status":"closed","template":"","meta":{"_acf_changed":false},"product_brand":[],"product_cat":[49],"product_tag":[],"class_list":{"0":"post-6017","1":"product","2":"type-product","3":"status-publish","4":"has-post-thumbnail","6":"product_cat-silicone-materials","8":"first","9":"instock","10":"shipping-taxable","11":"product-type-grouped"},"acf":[],"_links":{"self":[{"href":"https:\/\/goldensoarpackage.com\/es\/wp-json\/wp\/v2\/product\/6017","targetHints":{"allow":["GET"]}}],"collection":[{"href":"https:\/\/goldensoarpackage.com\/es\/wp-json\/wp\/v2\/product"}],"about":[{"href":"https:\/\/goldensoarpackage.com\/es\/wp-json\/wp\/v2\/types\/product"}],"replies":[{"embeddable":true,"href":"https:\/\/goldensoarpackage.com\/es\/wp-json\/wp\/v2\/comments?post=6017"}],"wp:featuredmedia":[{"embeddable":true,"href":"https:\/\/goldensoarpackage.com\/es\/wp-json\/wp\/v2\/media\/6041"}],"wp:attachment":[{"href":"https:\/\/goldensoarpackage.com\/es\/wp-json\/wp\/v2\/media?parent=6017"}],"wp:term":[{"taxonomy":"product_brand","embeddable":true,"href":"https:\/\/goldensoarpackage.com\/es\/wp-json\/wp\/v2\/product_brand?post=6017"},{"taxonomy":"product_cat","embeddable":true,"href":"https:\/\/goldensoarpackage.com\/es\/wp-json\/wp\/v2\/product_cat?post=6017"},{"taxonomy":"product_tag","embeddable":true,"href":"https:\/\/goldensoarpackage.com\/es\/wp-json\/wp\/v2\/product_tag?post=6017"}],"curies":[{"name":"wp","href":"https:\/\/api.w.org\/{rel}","templated":true}]}}