{"id":6016,"date":"2025-08-23T05:34:17","date_gmt":"2025-08-23T05:34:17","guid":{"rendered":"https:\/\/goldensoarpackage.com\/?post_type=product&#038;p=6016"},"modified":"2025-08-23T07:35:31","modified_gmt":"2025-08-23T07:35:31","slug":"set-de-botellas-de-viaje-para-articulos-de-tocador","status":"publish","type":"product","link":"https:\/\/goldensoarpackage.com\/es\/set-de-botellas-de-viaje-para-articulos-de-tocador\/","title":{"rendered":"Botellas de viaje para art\u00edculos de tocador 3 oz a prueba de fugas Recargable Travel Container Set BPA Free Silicona Squeezable Accesorios"},"content":{"rendered":"<section style=\"width: 100%; font-family: Arial,sans-serif; line-height: 1.6; color: #333;\">\n<header>\n<h1 style=\"font-size: 24px; font-weight: bold; text-align: center;\">Botellas de viaje con neceser | 3oz Leak Proof Refillable Squeeze Silicone Travel Container Set<\/h1>\n<\/header>\n<p>En <strong>Frascos de viaje para art\u00edculos de aseo<\/strong>, La elecci\u00f3n de los profesionales para sus organizadores de equipaje de camping, viajes y art\u00edculos de aseo personal. Nuestro juego de botellas de viaje de 3 oz es respetuoso con el medio ambiente, lo que le permite reducir los residuos de pl\u00e1stico a la vez que le proporciona accesorios de viaje reutilizables y seguros. 100% cuerpo de silicona de calidad alimentaria rematado con tapa de PP a prueba de fugas, las botellas son suaves, exprimibles, y libre de BPA. Tanto si se trata de champ\u00fa, acondicionador, loci\u00f3n, desinfectante de manos o productos para el cuidado de la piel, estos recipientes mantienen sus productos esenciales seguros y sin estr\u00e9s durante cualquier viaje.<\/p>\n<h2 style=\"font-size: 20px; font-weight: bold; margin-top: 20px;\">\ud83c\udf1f Aspectos destacados del producto<\/h2>\n<ul style=\"margin: 10px 0 10px 20px;\">\n<li>Tama\u00f1o de viaje aprobado por la TSA de 90 ml, ideal para vuelos.<\/li>\n<li>100% silicona alimentaria + tapa de PP, seguro y duradero.<\/li>\n<li>El dise\u00f1o a prueba de fugas elimina fugas y derrames en el equipaje.<\/li>\n<li>Exprimibles y rellenables, c\u00f3modos y ecol\u00f3gicos.<\/li>\n<li>OEM \/ ODM personalizable para la marca y el embalaje.<\/li>\n<\/ul>\n<h2 style=\"font-size: 20px; font-weight: bold; margin-top: 20px;\">\u2714\ufe0f \u00bfPor qu\u00e9 este set de contenedores de viaje?<\/h2>\n<p>El juego de envases de viaje est\u00e1 fabricado en silicona de primera calidad, que ofrece una durabilidad excelente en comparaci\u00f3n con las botellas de pl\u00e1stico tradicionales. Su cuerpo exprimible permite dispensar sin esfuerzo, y el tap\u00f3n a prueba de fugas evita los derrames durante los vuelos, las sesiones de gimnasio, la pr\u00e1ctica de yoga o las aventuras al aire libre. No son s\u00f3lo pr\u00e1cticos <strong>botellas de viaje para art\u00edculos de aseo<\/strong>, son reutilizables y sostenibles, y le ayudan a reducir el pl\u00e1stico de un solo uso sin renunciar a un estilo de vida moderno y m\u00f3vil.<\/p>\n<h2 style=\"font-size: 20px; font-weight: bold; margin-top: 20px;\">\ud83d\udcbc Aplicaciones vers\u00e1tiles<\/h2>\n<p>Este <strong>set de botellas de viaje<\/strong> va m\u00e1s all\u00e1 de los art\u00edculos de tocador y se adapta a muchos usos cotidianos:<\/p>\n<ul style=\"margin: 10px 0 10px 20px;\">\n<li>\ud83e\uddf4 Cuidado del cabello - Champ\u00fa, acondicionador y sueros capilares.<\/li>\n<li>\ud83d\udc84 Cuidado de la piel y maquillaje - Lociones, cremas, protectores solares.<\/li>\n<li>\ud83d\udc76 Cuidado del beb\u00e9 - Loci\u00f3n, aceite o champ\u00fa suave para beb\u00e9s.<\/li>\n<li>\ud83e\udd57 Alimentaci\u00f3n y Cocina - Salsas, ali\u00f1os para ensaladas, condimentos.<\/li>\n<li>\ud83c\udfd5\ufe0f Outdoor Adventures - Desinfectante, jab\u00f3n, geles, crema solar.<\/li>\n<\/ul>\n<h2 style=\"font-size: 20px; font-weight: bold; margin-top: 20px;\">Especificaciones del producto<\/h2>\n<table style=\"width: 100%; border-collapse: collapse; font-size: 14px; margin-bottom: 10px;\">\n<thead>\n<tr style=\"background-color: #f4f4f4;\">\n<th style=\"border: 1px solid #ccc; padding: 8px;\">Art\u00edculo<\/th>\n<th style=\"border: 1px solid #ccc; padding: 8px;\">Detalles<\/th>\n<\/tr>\n<\/thead>\n<tbody>\n<tr>\n<td style=\"border: 1px solid #ccc; padding: 8px;\">Nombre del producto<\/td>\n<td style=\"border: 1px solid #ccc; padding: 8px;\">Set de contenedores de viaje<\/td>\n<\/tr>\n<tr>\n<td style=\"border: 1px solid #ccc; padding: 8px;\">Modelo<\/td>\n<td style=\"border: 1px solid #ccc; padding: 8px;\">S-GS018<\/td>\n<\/tr>\n<tr>\n<td style=\"border: 1px solid #ccc; padding: 8px;\">Material<\/td>\n<td style=\"border: 1px solid #ccc; padding: 8px;\">Silicona alimentaria (botella) + PP (tapa)<\/td>\n<\/tr>\n<tr>\n<td style=\"border: 1px solid #ccc; padding: 8px;\">Talla<\/td>\n<td style=\"border: 1px solid #ccc; padding: 8px;\">35*130mm<\/td>\n<\/tr>\n<tr>\n<td style=\"border: 1px solid #ccc; padding: 8px;\">Capacidad<\/td>\n<td style=\"border: 1px solid #ccc; padding: 8px;\">90 ml<\/td>\n<\/tr>\n<tr>\n<td style=\"border: 1px solid #ccc; padding: 8px;\">Color<\/td>\n<td style=\"border: 1px solid #ccc; padding: 8px;\">Personalizable<\/td>\n<\/tr>\n<tr>\n<td style=\"border: 1px solid #ccc; padding: 8px;\">Caracter\u00edsticas<\/td>\n<td style=\"border: 1px solid #ccc; padding: 8px;\">Rat\u00f3n con forma de animal de dibujos animados, a prueba de fugas, estrujable, rellenable, compacto, apto para viajes<\/td>\n<\/tr>\n<tr>\n<td style=\"border: 1px solid #ccc; padding: 8px;\">Opciones OEM<\/td>\n<td style=\"border: 1px solid #ccc; padding: 8px;\">Colores personalizados, impresi\u00f3n de logotipos, envasado, etiquetado<\/td>\n<\/tr>\n<\/tbody>\n<\/table>\n<h2 style=\"font-size: 20px; font-weight: bold; margin-top: 20px;\">\ud83d\udd27 Experiencia en OEM y personalizaci\u00f3n<\/h2>\n<p>Con a\u00f1os de experiencia en fabricaci\u00f3n y exportaci\u00f3n, ofrecemos una amplia <strong>Servicios OEM y ODM<\/strong>. Nuestro equipo apoya a marcas y minoristas internacionales con soluciones a medida que refuerzan la competitividad en el mercado. Las opciones incluyen:<\/p>\n<ul style=\"margin: 10px 0 10px 20px;\">\n<li>\ud83c\udfa8 Personalizaci\u00f3n del color Pantone para mantener la coherencia de la marca.<\/li>\n<li>\ud83d\udda8\ufe0f Impresi\u00f3n del logotipo: serigraf\u00eda, gofrado, transferencia t\u00e9rmica.<\/li>\n<li>\ud83d\udce6 Embalaje personalizado: cajas de regalo, cartones ecol\u00f3gicos, tarjetas bl\u00edster.<\/li>\n<li>Se aceptan pedidos peque\u00f1os y al por mayor.<\/li>\n<\/ul>\n<h2 style=\"font-size: 20px; font-weight: bold; margin-top: 20px;\">\ud83c\udf0d Sostenibilidad y potencial de mercado<\/h2>\n<p>A medida que crece la conciencia ecol\u00f3gica, las botellas de silicona reutilizables son cada vez m\u00e1s populares. El set S-GS018 ofrece durabilidad, moda y responsabilidad medioambiental. Los minoristas, las marcas de estilo de vida, las empresas de cosm\u00e9ticos y las plataformas de comercio electr\u00f3nico pueden posicionar estas <strong>botellas de viaje para art\u00edculos de aseo<\/strong> como soluciones rentables y ecol\u00f3gicas para los viajeros de hoy.<\/p>\n<h2 style=\"font-size: 20px; font-weight: bold; margin-top: 20px;\">\ud83d\udee1\ufe0f Normas de calidad y seguridad<\/h2>\n<p>Cada botella S-GS018 se somete a estrictas pruebas de resistencia a la presi\u00f3n, la vibraci\u00f3n y la temperatura. Fabricadas con materiales de silicona y PP importados, estas botellas cumplen las normas FDA, SGS e ISO, lo que garantiza su seguridad, durabilidad y fiabilidad global.<\/p>\n<h2 style=\"font-size: 20px; font-weight: bold; margin-top: 20px;\">\ud83d\ude9a Embalaje y entrega<\/h2>\n<ul style=\"margin: 10px 0 10px 20px;\">\n<li>Embalaje est\u00e1ndar: Bolsa OPP con cart\u00f3n a granel.<\/li>\n<li>Embalaje personalizado: cajas de regalo, cartones ecol\u00f3gicos, embalaje de marca.<\/li>\n<li>Plazo de entrega: 7-15 d\u00edas laborables para pedidos al por mayor.<\/li>\n<li>Env\u00edos a todo el mundo con un apoyo log\u00edstico fiable.<\/li>\n<\/ul>\n<h2 style=\"font-size: 20px; font-weight: bold; margin-top: 20px;\">Principales ventajas<\/h2>\n<ul style=\"margin: 10px 0 10px 20px;\">\n<li>\u2705 Tama\u00f1o de viaje de 3oz aprobado por la TSA, perfecto para vuelos.<\/li>\n<li>\u2705 A prueba de fugas y exprimible para facilitar la dispensaci\u00f3n.<\/li>\n<li>\u2705 Multiuso: art\u00edculos de tocador, cosm\u00e9ticos, cuidado del beb\u00e9, cocina, exterior.<\/li>\n<li>\u2705 Ecol\u00f3gico y reutilizable para reducir los residuos de pl\u00e1stico.<\/li>\n<li>Servicios OEM\/ODM de marca y envasado.<\/li>\n<li>\u2705 Certificado conforme a las normas internacionales de seguridad y calidad.<\/li>\n<\/ul>\n<h2 style=\"font-size: 20px; font-weight: bold; margin-top: 20px;\">\ud83c\udfaf Conclusi\u00f3n<\/h2>\n<p>En <strong>S-GS018 Botellas de viaje de 3 oz para art\u00edculos de tocador<\/strong> combinan un dise\u00f1o refinado con la funcionalidad. Como reutilizable y personalizable <strong>juego de contenedores de viaje<\/strong>, son a prueba de fugas, respetuosas con el medio ambiente y perfectas para particulares o empresas que buscan accesorios de viaje con su marca. \ud83c\udf31<\/p>\n<\/section>","protected":false},"excerpt":{"rendered":"<p>Mejore su viaje con botellas de viaje para art\u00edculos de aseo. Este set de envases de viaje de 3 oz no contiene BPA, es a prueba de fugas, rellenable y est\u00e1 hecho de silicona estrujable. Ideal para champ\u00fa, acondicionador, loci\u00f3n y otros productos esenciales. Respetuoso con el medio ambiente y aprobado por la TSA.<\/p>","protected":false},"featured_media":6036,"comment_status":"closed","ping_status":"closed","template":"","meta":{"_acf_changed":false},"product_brand":[],"product_cat":[49],"product_tag":[],"class_list":{"0":"post-6016","1":"product","2":"type-product","3":"status-publish","4":"has-post-thumbnail","6":"product_cat-silicone-materials","8":"first","9":"instock","10":"shipping-taxable","11":"product-type-grouped"},"acf":[],"_links":{"self":[{"href":"https:\/\/goldensoarpackage.com\/es\/wp-json\/wp\/v2\/product\/6016","targetHints":{"allow":["GET"]}}],"collection":[{"href":"https:\/\/goldensoarpackage.com\/es\/wp-json\/wp\/v2\/product"}],"about":[{"href":"https:\/\/goldensoarpackage.com\/es\/wp-json\/wp\/v2\/types\/product"}],"replies":[{"embeddable":true,"href":"https:\/\/goldensoarpackage.com\/es\/wp-json\/wp\/v2\/comments?post=6016"}],"wp:featuredmedia":[{"embeddable":true,"href":"https:\/\/goldensoarpackage.com\/es\/wp-json\/wp\/v2\/media\/6036"}],"wp:attachment":[{"href":"https:\/\/goldensoarpackage.com\/es\/wp-json\/wp\/v2\/media?parent=6016"}],"wp:term":[{"taxonomy":"product_brand","embeddable":true,"href":"https:\/\/goldensoarpackage.com\/es\/wp-json\/wp\/v2\/product_brand?post=6016"},{"taxonomy":"product_cat","embeddable":true,"href":"https:\/\/goldensoarpackage.com\/es\/wp-json\/wp\/v2\/product_cat?post=6016"},{"taxonomy":"product_tag","embeddable":true,"href":"https:\/\/goldensoarpackage.com\/es\/wp-json\/wp\/v2\/product_tag?post=6016"}],"curies":[{"name":"wp","href":"https:\/\/api.w.org\/{rel}","templated":true}]}}