{"id":6013,"date":"2025-08-23T05:24:12","date_gmt":"2025-08-23T05:24:12","guid":{"rendered":"https:\/\/goldensoarpackage.com\/?post_type=product&#038;p=6013"},"modified":"2025-08-25T01:39:37","modified_gmt":"2025-08-25T01:39:37","slug":"set-de-botellas-de-viaje-pequenos-envases-exprimibles","status":"publish","type":"product","link":"https:\/\/goldensoarpackage.com\/es\/set-de-botellas-de-viaje-pequenos-envases-exprimibles\/","title":{"rendered":"90ml Botella de viaje Set Peque\u00f1o Squeeze Envase Silicona Sub-Bottle Champ\u00fa Loci\u00f3n Port\u00e1til Recargable Cosm\u00e9ticos Art\u00edculos de tocador Botellas"},"content":{"rendered":"<section style=\"width: 100%; font-family: Arial,Helvetica,sans-serif; line-height: 1.6; color: #333;\">\n<header>\n<h1 style=\"font-size: 24px; margin-bottom: 10px; text-align: center;\">Set de botellas de viaje Creative Silicone Sub-Bottle de 90 ml Peque\u00f1os envases exprimibles<\/h1>\n<\/header>\n<p style=\"margin-bottom: 15px;\">La experiencia de viajar deber\u00eda ser la comodidad, sin preocuparse por botellas pesadas o desorden en su bolsa. El set de botellas de viaje de 90 ml est\u00e1 pensado para facilitar sus viajes con botellas exprimibles m\u00e1s peque\u00f1as que son port\u00e1tiles y f\u00e1ciles de llevar, y est\u00e1n aprobadas para el equipaje de mano. Fabricadas con silicona alimentaria de alta calidad, cada botella es segura, suave y respetuosa con el medio ambiente Fabuloso producto Botellas de viaje de 7 ml. No importa para qu\u00e9 est\u00e9 haciendo la maleta, champ\u00fas, acondicionadores, lociones o cualquier otro producto esencial, estas botellas reducir\u00e1n la frustraci\u00f3n y le har\u00e1n sentir m\u00e1s eficiente y c\u00f3modo.<\/p>\n<h2 style=\"font-size: 20px; margin: 15px 0;\">\ud83d\udc3e Dise\u00f1o pr\u00e1ctico y funcionalidad<\/h2>\n<p style=\"margin-bottom: 15px;\">No se trata de las t\u00edpicas botellas endebles, las duraderas botellas de goteo de puntos tienen un dise\u00f1o moderno que permite exprimirlas y dispensarlas con facilidad. El pr\u00e1ctico tubo de 90 ml aprobado por la TSA le permite llevar su Honey Punch a todas partes. Su abertura de boca ancha facilita el llenado y la limpieza, y tiene un tap\u00f3n a prueba de fugas que puede atar a la botella vac\u00eda para facilitar su transporte.<\/p>\n<ul style=\"margin-bottom: 15px;\">\n<li>Cuerpo blando de silicona - Puede doblarse y retorcerse para facilitar la presi\u00f3n de trabajo.<\/li>\n<li>Tama\u00f1o peque\u00f1o - Ideal para bolsos de mano, equipaje de mano, bolsas de gimnasio.<\/li>\n<li>A prueba de fugas - Tap\u00f3n de PP a presi\u00f3n para un viaje antiderrame.<\/li>\n<li>Port\u00e1til y duradero: ligero para facilitar su transporte, pero duradero para un uso regular.<\/li>\n<\/ul>\n<h2 style=\"font-size: 20px; margin: 15px 0;\">\u2728 Principales caracter\u00edsticas y ventajas<\/h2>\n<ul style=\"margin-bottom: 15px;\">\n<li>Material seguro - 100% silicona alimentaria + tapa de PP, sano y no t\u00f3xico.<\/li>\n<li>Conciencia ecol\u00f3gica - Di no al agua embotellada de un solo uso.<\/li>\n<li>F\u00e1cil de transportar: el envase de 90 ml es compatible con la TSA para evitar l\u00edquidos en el aeropuerto.<\/li>\n<li>Personalizable: con logotipo, colores Pantone, embalaje. Servicios OEM y ODM con personalizaci\u00f3n para diversos productos.<\/li>\n<li>F\u00e1cil de mantener - Gran abertura para rellenar o limpiar.<\/li>\n<li>Multiusos - Ideal para art\u00edculos de tocador, cosm\u00e9ticos e incluso especias de cocina.<\/li>\n<\/ul>\n<h2 style=\"font-size: 20px; margin: 15px 0;\">Aplicaciones<\/h2>\n<ul style=\"margin-bottom: 15px;\">\n<li>\ud83d\udc86 Champ\u00fa y acondicionador - Se acab\u00f3 el desorden.<\/li>\n<li>\ud83d\udc84 Cuidado de la piel y maquillaje - Cremas hidratantes, sueros y protectores solares.<\/li>\n<li>\ud83e\uddf4 Art\u00edculos de aseo - Jab\u00f3n l\u00edquido, desinfectante de manos, geles de ducha.<\/li>\n<li>\ud83d\udc76 Cuidado del beb\u00e9 - Aceites, lociones suaves y cremas para beb\u00e9s.<\/li>\n<li>\ud83e\udd57 Cocina y condimentos - Aderezos para ensaladas, salsas, aceite de cocina.<\/li>\n<li>\ud83c\udfd5\ufe0f Outdoor &amp; Travel - Compa\u00f1ero fiable para acampadas, deportes y aventuras.<\/li>\n<\/ul>\n<h2 style=\"font-size: 20px; margin: 15px 0;\">Especificaciones<\/h2>\n<table style=\"width: 100%; border-collapse: collapse; font-size: 14px; margin-bottom: 10px;\">\n<thead>\n<tr style=\"background-color: #f4f4f4;\">\n<th style=\"border: 1px solid #ccc; padding: 8px;\">Art\u00edculo<\/th>\n<th style=\"border: 1px solid #ccc; padding: 8px;\">Detalles<\/th>\n<\/tr>\n<\/thead>\n<tbody>\n<tr>\n<td style=\"border: 1px solid #ccc; padding: 8px;\">Nombre del producto<\/td>\n<td style=\"border: 1px solid #ccc; padding: 8px;\">Juego de botellas de viaje<\/td>\n<\/tr>\n<tr>\n<td style=\"border: 1px solid #ccc; padding: 8px;\">Modelo<\/td>\n<td style=\"border: 1px solid #ccc; padding: 8px;\">S-GS015<\/td>\n<\/tr>\n<tr>\n<td style=\"border: 1px solid #ccc; padding: 8px;\">Material<\/td>\n<td style=\"border: 1px solid #ccc; padding: 8px;\">Silicona alimentaria (botella) + PP (tapa)<\/td>\n<\/tr>\n<tr>\n<td style=\"border: 1px solid #ccc; padding: 8px;\">Talla<\/td>\n<td style=\"border: 1px solid #ccc; padding: 8px;\">62mm(35mm)*140mm<\/td>\n<\/tr>\n<tr>\n<td style=\"border: 1px solid #ccc; padding: 8px;\">Capacidad<\/td>\n<td style=\"border: 1px solid #ccc; padding: 8px;\">90 ml<\/td>\n<\/tr>\n<tr>\n<td style=\"border: 1px solid #ccc; padding: 8px;\">Peso<\/td>\n<td style=\"border: 1px solid #ccc; padding: 8px;\">39g<\/td>\n<\/tr>\n<tr>\n<td style=\"border: 1px solid #ccc; padding: 8px;\">Color<\/td>\n<td style=\"border: 1px solid #ccc; padding: 8px;\">Personalizable<\/td>\n<\/tr>\n<tr>\n<td style=\"border: 1px solid #ccc; padding: 8px;\">Caracter\u00edsticas<\/td>\n<td style=\"border: 1px solid #ccc; padding: 8px;\">Rat\u00f3n con forma de animal de dibujos animados, a prueba de fugas, estrujable, rellenable, compacto, apto para viajes<\/td>\n<\/tr>\n<tr>\n<td style=\"border: 1px solid #ccc; padding: 8px;\">Opciones OEM<\/td>\n<td style=\"border: 1px solid #ccc; padding: 8px;\">Colores personalizados, impresi\u00f3n de logotipos, envasado, etiquetado<\/td>\n<\/tr>\n<\/tbody>\n<\/table>\n<h2 style=\"font-size: 20px; margin: 15px 0;\">\ud83d\udd27 Capacidad de OEM y personalizaci\u00f3n<\/h2>\n<p style=\"margin-bottom: 15px;\">Tenemos experiencia en OEM y ODM, y entre nuestros clientes se encuentran empresas de marca, minoristas y distribuidores de todo el mundo. Nuestro equipo ofrece marcas personalizadas, embalajes, combinaci\u00f3n de colores, decoraci\u00f3n interna y mucho m\u00e1s para mejorar su l\u00ednea de productos.<\/p>\n<ul style=\"margin-bottom: 15px;\">\n<li>Opciones de impresi\u00f3n: Serigraf\u00eda, Relieve, Transferencia t\u00e9rmica.<\/li>\n<li>\ud83d\udd39 Pantone Color Matched para garantizar una identidad de marca precisa.<\/li>\n<li>Embalaje: Cajas de regalo, tarjetas bl\u00edster, cajas de cart\u00f3n de dise\u00f1o ecol\u00f3gico.<\/li>\n<li>\ud83d\udd39 MOQ flexible para pedidos grandes y peque\u00f1os.<\/li>\n<\/ul>\n<h2 style=\"font-size: 20px; margin: 15px 0;\">\ud83c\udf0d Potencial de mercado<\/h2>\n<p style=\"margin-bottom: 15px;\">Cada vez hay m\u00e1s demanda de accesorios de viaje sostenibles, reutilizables y que marquen tendencia en todo el mundo. Nuestro kit de botellas de viaje es ideal para viajeros, profesionales y consumidores con conciencia ecol\u00f3gica. Con un tama\u00f1o compacto, un aspecto encantador y una funci\u00f3n pr\u00e1ctica, es ampliamente aceptado por marcas, tiendas de regalos y plataformas de comercio electr\u00f3nico de todo el mundo.<\/p>\n<h2 style=\"font-size: 20px; margin: 15px 0;\">\ud83d\udee1\ufe0f Normas de calidad y seguridad<\/h2>\n<p style=\"margin-bottom: 15px;\">Cada botella se somete a pruebas de rendimiento a prueba de fugas y durabilidad. Certificadas seg\u00fan las normas FDA, SGS e ISO. Producido de forma sostenible con un m\u00ednimo de residuos y procesos ecol\u00f3gicos.<\/p>\n<h2 style=\"font-size: 20px; margin: 15px 0;\">\ud83d\ude9a Embalaje y entrega<\/h2>\n<ul style=\"margin-bottom: 15px;\">\n<li>Embalaje normal: Bolsa OPP, cart\u00f3n a granel.<\/li>\n<li>Personalizaci\u00f3n: Cajas de regalo de marca premium.<\/li>\n<li>Plazo de entrega: 7-15 d\u00edas laborables para pedidos al por mayor.<\/li>\n<li>Env\u00edos: Apoyo log\u00edstico mundial fiable.<\/li>\n<\/ul>\n<h2 style=\"font-size: 20px; margin: 15px 0;\">\u2b50 Ventajas de este set de botellas de viaje<\/h2>\n<ul style=\"margin-bottom: 15px;\">\n<li>\u2705 Alternativa ecol\u00f3gica a las botellas de pl\u00e1stico desechables.<\/li>\n<li>\u2705 Compacto, ligero y aprobado por las aerol\u00edneas.<\/li>\n<li>\u2705 Multi-Uso para el hogar, viajes, camping, gimnasio u oficina.<\/li>\n<li>\u2705 OEM disponible con personalizaci\u00f3n de logotipo, color y embalaje.<\/li>\n<li>\u2705 Dise\u00f1ado para la comodidad y la sostenibilidad.<\/li>\n<\/ul>\n<h2 style=\"font-size: 20px; margin: 15px 0;\">\ud83c\udfaf Conclusi\u00f3n<\/h2>\n<p style=\"margin-bottom: 15px;\">En <strong>Set de botella de viaje de silicona creativa de 90 ml<\/strong> no es s\u00f3lo una soluci\u00f3n de almacenamiento, sino tambi\u00e9n un reflejo de un estilo de vida moderno y respetuoso con el medio ambiente. Tanto si eres una empresa que busca opciones personalizables OEM como un viajero que necesita comodidad, estas botellas exprimibles son perfectas: ligeras, herm\u00e9ticas, reutilizables y sostenibles. \ud83c\udf31<\/p>\n<\/section>","protected":false},"excerpt":{"rendered":"<p>Eche un vistazo al set de botellas de viaje de 90 ml, botellas de viaje puras de 50 ml fabricadas en silicona estrujable. Envases de viaje reutilizables para champ\u00fa, acondicionador, loci\u00f3n o art\u00edculos de tocador. Opciones OEM personalizables disponibles.<\/p>","protected":false},"featured_media":6022,"comment_status":"closed","ping_status":"closed","template":"","meta":{"_acf_changed":false},"product_brand":[],"product_cat":[49],"product_tag":[],"class_list":{"0":"post-6013","1":"product","2":"type-product","3":"status-publish","4":"has-post-thumbnail","6":"product_cat-silicone-materials","8":"first","9":"instock","10":"shipping-taxable","11":"product-type-grouped"},"acf":[],"_links":{"self":[{"href":"https:\/\/goldensoarpackage.com\/es\/wp-json\/wp\/v2\/product\/6013","targetHints":{"allow":["GET"]}}],"collection":[{"href":"https:\/\/goldensoarpackage.com\/es\/wp-json\/wp\/v2\/product"}],"about":[{"href":"https:\/\/goldensoarpackage.com\/es\/wp-json\/wp\/v2\/types\/product"}],"replies":[{"embeddable":true,"href":"https:\/\/goldensoarpackage.com\/es\/wp-json\/wp\/v2\/comments?post=6013"}],"wp:featuredmedia":[{"embeddable":true,"href":"https:\/\/goldensoarpackage.com\/es\/wp-json\/wp\/v2\/media\/6022"}],"wp:attachment":[{"href":"https:\/\/goldensoarpackage.com\/es\/wp-json\/wp\/v2\/media?parent=6013"}],"wp:term":[{"taxonomy":"product_brand","embeddable":true,"href":"https:\/\/goldensoarpackage.com\/es\/wp-json\/wp\/v2\/product_brand?post=6013"},{"taxonomy":"product_cat","embeddable":true,"href":"https:\/\/goldensoarpackage.com\/es\/wp-json\/wp\/v2\/product_cat?post=6013"},{"taxonomy":"product_tag","embeddable":true,"href":"https:\/\/goldensoarpackage.com\/es\/wp-json\/wp\/v2\/product_tag?post=6013"}],"curies":[{"name":"wp","href":"https:\/\/api.w.org\/{rel}","templated":true}]}}