{"id":6000,"date":"2025-08-23T02:43:09","date_gmt":"2025-08-23T02:43:09","guid":{"rendered":"https:\/\/goldensoarpackage.com\/?post_type=product&#038;p=6000"},"modified":"2025-08-23T10:00:57","modified_gmt":"2025-08-23T10:00:57","slug":"botellas-de-viaje-hermeticas-pequenos-recipientes","status":"publish","type":"product","link":"https:\/\/goldensoarpackage.com\/es\/botellas-de-viaje-hermeticas-pequenos-recipientes\/","title":{"rendered":"Botellas de viaje de silicona a prueba de fugas 40ml Peque\u00f1os envases de viaje rellenables Cosm\u00e9ticos Art\u00edculos de tocador Botella de cuidado de la piel port\u00e1til OEM Personalizable"},"content":{"rendered":"<section style=\"width: 100%; font-family: Arial, sans-serif; line-height: 1.6; color: #333;\">\n<header>\n<h1 style=\"font-size: 1.8em; color: #222222; text-align: center;\">Botellas de viaje a prueba de fugas Botella de almacenamiento port\u00e1til de silicona de 40 ml para productos de cuidado de la piel, cosm\u00e9ticos, art\u00edculos de tocador y productos para la madre y el ni\u00f1o<\/h1>\n<\/header>\n<p>Cuando se est\u00e1 de viaje, la comodidad y la seguridad es lo \u00fanico que importa. Las botellas de tama\u00f1o de viaje de nuestro pr\u00e1ctico set de botellas de viaje a prueba de fugas evitar\u00e1n que sus productos para el cuidado de la piel, el maquillaje y el cuidado personal se derramen o se conviertan en una tragedia dentro del bolso. Nuestra botella port\u00e1til de silicona de 40 ml para almacenamiento de viaje es una soluci\u00f3n ideal si busca la combinaci\u00f3n perfecta de dise\u00f1o ecol\u00f3gico y funcionalidad compacta. Lo lleve donde lo lleve, se sentir\u00e1 libre de preocupaciones, sin tener que preocuparse por llevar demasiado l\u00edquido durante el viaje.<\/p>\n<h2 style=\"font-size: 1.6em; margin-top: 20px; color: #444;\">\u00bfPor qu\u00e9 elegir contenedores peque\u00f1os de viaje?<\/h2>\n<p>Con el aumento de las restricciones de las compa\u00f1\u00edas a\u00e9reas y la mayor demanda de productos de higiene personal, los frascos peque\u00f1os de viaje se han convertido en una necesidad. En lugar de pl\u00e1stico fr\u00e1gil, se obtiene una construcci\u00f3n flexible, ligera y resistente con material de silicona. Elimina las fugas, ofrece una gran durabilidad y constituye una alternativa ecol\u00f3gica a las botellas desechables. El tama\u00f1o de 40 ml es pr\u00e1ctico para llevar de viaje o meter en el bolso, el neceser, el neceser de maquillaje o el equipaje de mano.<\/p>\n<h2 style=\"font-size: 1.6em; margin-top: 20px; color: #444;\">Especificaciones<\/h2>\n<table style=\"width: 100%; border-collapse: collapse; font-size: 14px; margin-bottom: 10px;\">\n<thead>\n<tr style=\"background-color: #f4f4f4;\">\n<th style=\"border: 1px solid #ccc; padding: 8px;\">Art\u00edculo<\/th>\n<th style=\"border: 1px solid #ccc; padding: 8px;\">Detalles<\/th>\n<\/tr>\n<\/thead>\n<tbody>\n<tr>\n<td style=\"border: 1px solid #ccc; padding: 8px;\">Nombre del producto<\/td>\n<td style=\"border: 1px solid #ccc; padding: 8px;\">Botellas de viaje a prueba de fugas<\/td>\n<\/tr>\n<tr>\n<td style=\"border: 1px solid #ccc; padding: 8px;\">Modelo<\/td>\n<td style=\"border: 1px solid #ccc; padding: 8px;\">S-GS010<\/td>\n<\/tr>\n<tr>\n<td style=\"border: 1px solid #ccc; padding: 8px;\">Material<\/td>\n<td style=\"border: 1px solid #ccc; padding: 8px;\">Silicona ecol\u00f3gica (botella) + PP (tapa)<\/td>\n<\/tr>\n<tr>\n<td style=\"border: 1px solid #ccc; padding: 8px;\">Talla<\/td>\n<td style=\"border: 1px solid #ccc; padding: 8px;\">70*93mm<\/td>\n<\/tr>\n<tr>\n<td style=\"border: 1px solid #ccc; padding: 8px;\">Capacidad<\/td>\n<td style=\"border: 1px solid #ccc; padding: 8px;\">40 ml<\/td>\n<\/tr>\n<tr>\n<td style=\"border: 1px solid #ccc; padding: 8px;\">Peso<\/td>\n<td style=\"border: 1px solid #ccc; padding: 8px;\">29.5g<\/td>\n<\/tr>\n<tr>\n<td style=\"border: 1px solid #ccc; padding: 8px;\">Color<\/td>\n<td style=\"border: 1px solid #ccc; padding: 8px;\">Personalizable<\/td>\n<\/tr>\n<tr>\n<td style=\"border: 1px solid #ccc; padding: 8px;\">Caracter\u00edsticas<\/td>\n<td style=\"border: 1px solid #ccc; padding: 8px;\">Rat\u00f3n con forma de animal de dibujos animados, a prueba de fugas, estrujable, rellenable, compacto, apto para viajes<\/td>\n<\/tr>\n<tr>\n<td style=\"border: 1px solid #ccc; padding: 8px;\">Opciones OEM<\/td>\n<td style=\"border: 1px solid #ccc; padding: 8px;\">Colores personalizados, impresi\u00f3n de logotipos, envasado, etiquetado<\/td>\n<\/tr>\n<\/tbody>\n<\/table>\n<h2 style=\"font-size: 1.6em; margin-top: 20px; color: #444;\">Caracter\u00edsticas y ventajas<\/h2>\n<ul style=\"padding-left: 20px; list-style: disc;\">\n<li>Seguro, ecol\u00f3gico y saludable: Sin BPA, respetuoso con el medio ambiente, apto para l\u00edquidos sensibles.<\/li>\n<li>A prueba de fugas: Dise\u00f1ado con tapas de PP seguras para evitar derrames.<\/li>\n<li>Port\u00e1til: Tama\u00f1o de viaje de 40 ml perfecto para bolsos, maletas y equipaje de mano.<\/li>\n<li>Fiable: La silicona de alta elasticidad no se agrieta ni se deforma.<\/li>\n<li>A medida: Opciones OEM\/ODM con su logotipo, colores y envase.<\/li>\n<li>Reutilizable y respetuoso con el medio ambiente: Fabricado para reducir los pl\u00e1sticos de un solo uso.<\/li>\n<\/ul>\n<h2 style=\"font-size: 1.6em; margin-top: 20px; color: #444;\">Aplicaciones<\/h2>\n<ul style=\"padding-left: 20px; list-style: circle;\">\n<li>\ud83d\udc84 Cosm\u00e9ticos y cuidado de la piel: cremas, lociones, bases de maquillaje, sueros.<\/li>\n<li>\ud83c\udf38 Portafragancias: lo suficientemente compacto como para transportar fragancias sin fugas.<\/li>\n<li>\ud83e\uddf4 Art\u00edculos de aseo: champ\u00fa, acondicionador y gel de ducha para viajes cortos.<\/li>\n<li>\ud83c\udf7c Productos para la madre y el beb\u00e9: perfecto para aceite o loci\u00f3n para beb\u00e9s.<\/li>\n<li>\ud83e\udd57 Condimentos - soluci\u00f3n port\u00e1til para salsas, aderezos y aceites.<\/li>\n<li>\ud83c\udfde\ufe0f Actividades al aire libre: camping, senderismo, kits de viaje para deportes.<\/li>\n<\/ul>\n<h2 style=\"font-size: 1.6em; margin-top: 20px; color: #444;\">Experiencia en OEM y personalizaci\u00f3n<\/h2>\n<p>Nuestra f\u00e1brica ofrece servicios OEM y ODM para envases peque\u00f1os de viaje. Gracias a nuestra amplia experiencia en la creaci\u00f3n de marcas y envases, simplificamos el envasado minorista, las campa\u00f1as promocionales y el suministro mayorista con opciones de personalizaci\u00f3n completas.<\/p>\n<ul style=\"padding-left: 20px; list-style: square;\">\n<li>\ud83d\udd39 Logotipo: Serigraf\u00eda, relieve, transferencia de calor.<\/li>\n<li>\ud83d\udd39 Pantone Color Matching: Personalizaci\u00f3n precisa de los colores de la marca.<\/li>\n<li>Embalaje: Cajas de regalo, tarjetas bl\u00edster o cartones ecol\u00f3gicos.<\/li>\n<li>\ud83d\udd39 Venta al por mayor: MOQ flexible con precios competitivos.<\/li>\n<\/ul>\n<h2 style=\"font-size: 1.6em; margin-top: 20px; color: #444;\">Normas de calidad y seguridad<\/h2>\n<p>La prevenci\u00f3n de fugas, la durabilidad y la seguridad son las m\u00e1ximas prioridades en el dise\u00f1o de S-GS010. Fabricado con silicona de calidad alimentaria importada y materiales de PP, el biber\u00f3n cumple las normas FDA, SGS e ISO. Tambi\u00e9n utilizamos pr\u00e1cticas de producci\u00f3n ecol\u00f3gicas para minimizar el impacto medioambiental.<\/p>\n<h2 style=\"font-size: 1.6em; margin-top: 20px; color: #444;\">Por qu\u00e9 destaca este producto<\/h2>\n<p>Nuestras botellas de viaje a prueba de fugas superan a las botellas de pl\u00e1stico normales. Son flexibles, no t\u00f3xicas y duraderas. Ligeras y port\u00e1tiles, son ideales para viajar. Las empresas pueden beneficiarse de soluciones personalizadas que mejoran el reconocimiento de la marca y refuerzan la fidelidad de los clientes.<\/p>\n<h2 style=\"font-size: 1.6em; margin-top: 20px; color: #444;\">Potencial del mercado mundial<\/h2>\n<p>La demanda de accesorios de viaje miniaturizados y ecol\u00f3gicos est\u00e1 creciendo r\u00e1pidamente. Nuestros peque\u00f1os envases de viaje de silicona de 40 ml atraen a los mercados mundiales, incluidas las marcas de cosm\u00e9ticos, los minoristas de estilo de vida y las plataformas de comercio electr\u00f3nico. Su portabilidad, seguridad y dise\u00f1o sostenible atraen a consumidores concienciados con el medio ambiente de todo el mundo.<\/p>\n<h2 style=\"font-size: 1.6em; margin-top: 20px; color: #444;\">Embalaje y entrega<\/h2>\n<ul style=\"padding-left: 20px; list-style: disc;\">\n<li>\ud83d\udce6 Est\u00e1ndar: Bolsa OPP, caja de cart\u00f3n a granel.<\/li>\n<li>\ud83c\udf81 Premium: Caja de regalo personalizada, opciones de marca.<\/li>\n<li>\ud83d\ude9a Plazo de entrega: 7-15 d\u00edas laborables para pedidos al por mayor.<\/li>\n<li>\ud83c\udf0d Env\u00edos a todo el mundo con socios log\u00edsticos de confianza.<\/li>\n<\/ul>\n<h2 style=\"font-size: 1.6em; margin-top: 20px; color: #444;\">Conclusi\u00f3n<\/h2>\n<p>La botella de viaje port\u00e1til de silicona de 40 ml es m\u00e1s que otra botella vac\u00eda. Representa durabilidad, valor de marca y sostenibilidad. Ideal para uso personal o aplicaciones OEM, combina la comodidad del consumidor con una personalizaci\u00f3n de nivel empresarial. Al elegir nuestras botellas de viaje a prueba de fugas y peque\u00f1os recipientes de viaje, ganar\u00e1 en innovaci\u00f3n, fiabilidad y oportunidades globales de marca.<\/p>\n<\/section>","protected":false},"excerpt":{"rendered":"<p>Descubra las botellas de viaje de silicona de 40 ml a prueba de fugas, dise\u00f1adas como peque\u00f1os recipientes de viaje rellenables para productos de cuidado de la piel, cosm\u00e9ticos y art\u00edculos de tocador. Ligeros, duraderos, sin BPA y personalizables con opciones de marca OEM para mercados globales.<\/p>","protected":false},"featured_media":6004,"comment_status":"closed","ping_status":"closed","template":"","meta":{"_acf_changed":false},"product_brand":[],"product_cat":[49],"product_tag":[],"class_list":{"0":"post-6000","1":"product","2":"type-product","3":"status-publish","4":"has-post-thumbnail","6":"product_cat-silicone-materials","8":"first","9":"instock","10":"shipping-taxable","11":"product-type-grouped"},"acf":[],"_links":{"self":[{"href":"https:\/\/goldensoarpackage.com\/es\/wp-json\/wp\/v2\/product\/6000","targetHints":{"allow":["GET"]}}],"collection":[{"href":"https:\/\/goldensoarpackage.com\/es\/wp-json\/wp\/v2\/product"}],"about":[{"href":"https:\/\/goldensoarpackage.com\/es\/wp-json\/wp\/v2\/types\/product"}],"replies":[{"embeddable":true,"href":"https:\/\/goldensoarpackage.com\/es\/wp-json\/wp\/v2\/comments?post=6000"}],"wp:featuredmedia":[{"embeddable":true,"href":"https:\/\/goldensoarpackage.com\/es\/wp-json\/wp\/v2\/media\/6004"}],"wp:attachment":[{"href":"https:\/\/goldensoarpackage.com\/es\/wp-json\/wp\/v2\/media?parent=6000"}],"wp:term":[{"taxonomy":"product_brand","embeddable":true,"href":"https:\/\/goldensoarpackage.com\/es\/wp-json\/wp\/v2\/product_brand?post=6000"},{"taxonomy":"product_cat","embeddable":true,"href":"https:\/\/goldensoarpackage.com\/es\/wp-json\/wp\/v2\/product_cat?post=6000"},{"taxonomy":"product_tag","embeddable":true,"href":"https:\/\/goldensoarpackage.com\/es\/wp-json\/wp\/v2\/product_tag?post=6000"}],"curies":[{"name":"wp","href":"https:\/\/api.w.org\/{rel}","templated":true}]}}