{"id":5683,"date":"2025-08-20T02:40:23","date_gmt":"2025-08-20T02:40:23","guid":{"rendered":"https:\/\/goldensoarpackage.com\/?post_type=product&#038;p=5683"},"modified":"2025-08-21T02:30:18","modified_gmt":"2025-08-21T02:30:18","slug":"cepillo-suave-para-bebes-cepillo-de-bano-de-silicona","status":"publish","type":"product","link":"https:\/\/goldensoarpackage.com\/es\/cepillo-suave-para-bebes-cepillo-de-bano-de-silicona\/","title":{"rendered":"Cocodrilo de dibujos animados Cepillo suave para beb\u00e9s Cepillo de ba\u00f1o de silicona Cepillo de masaje suave para el ba\u00f1o Herramienta de ba\u00f1o de silicona de calidad alimentaria"},"content":{"rendered":"<section style=\"width: 100%; font-family: Arial, sans-serif; line-height: 1.6; color: #333;\">\n<header style=\"margin-bottom: 18px;\">\n<h1 style=\"font-size: 24px; margin: 0px 0px 8px; text-align: center;\">\ud83d\udc0a Cepillo suave para beb\u00e9s con forma de cocodrilo de dibujos animados<\/h1>\n<p style=\"margin: 0px; opacity: 0.85; text-align: center;\">Cepillo de ba\u00f1o de silicona con orificio para colgar - Bonito, seguro y ecol\u00f3gico para todas las edades.<\/p>\n<\/header>\n<section style=\"margin-bottom: 20px;\">En <strong>Cocodrilo de dibujos animados Cepillo de ba\u00f1o<\/strong> es a la vez <strong>bonito y pr\u00e1ctico<\/strong>, ideal para el cuidado diario de la salud y la piel. Fabricado en silicona de grado alimentario, es apto para todas las edades y muchos usos m\u00e1s all\u00e1 de su imaginaci\u00f3n. La divertida forma de cocodrilo, las suaves aletas y el mango ergon\u00f3mico hacen que la hora del ba\u00f1o sea agradable para todos.<\/section>\n<section style=\"margin-bottom: 20px;\">\n<h2 style=\"font-size: 18px; margin-bottom: 8px;\">Caracter\u00edsticas principales<\/h2>\n<ul style=\"margin: 0; padding-left: 18px;\">\n<li><strong>Bonita forma de dibujo animado:<\/strong> El dise\u00f1o de cocodrilo encanta a los ni\u00f1os, ayuda a cultivar buenos h\u00e1bitos de ba\u00f1o.<\/li>\n<li><strong>Cerdas suaves:<\/strong> Las cerdas flexibles de silicona limpian con seguridad sin abrasi\u00f3n.<\/li>\n<li><strong>Silicona de primera calidad:<\/strong> Apto para uso alimentario, sin BPA, apto para congelador, microondas y lavavajillas.<\/li>\n<li><strong>Higi\u00e9nico y limpio:<\/strong> Silicona no porosa resistente al crecimiento bacteriano; f\u00e1cil de esterilizar.<\/li>\n<li><strong>Multiusos:<\/strong> Ideal como cepillo para beb\u00e9s, masajeador del cuero cabelludo, cepillo corporal o herramienta para el cuidado de la piel.<\/li>\n<li><strong>Agujero para colgar:<\/strong> Para un almacenamiento c\u00f3modo y un drenaje r\u00e1pido.<\/li>\n<li><strong>OEM y personalizable:<\/strong> Posibilidad de personalizar los colores, la marca y el embalaje.<\/li>\n<\/ul>\n<\/section>\n<section style=\"margin-bottom: 20px;\">\n<h2 style=\"font-size: 18px; margin-bottom: 8px;\">Especificaciones t\u00e9cnicas<\/h2>\n<table style=\"width: 100%; border-collapse: collapse; font-size: 14px; margin-bottom: 10px;\">\n<thead>\n<tr style=\"background-color: #f4f4f4;\">\n<th style=\"border: 1px solid #ccc; padding: 8px;\">Art\u00edculo<\/th>\n<th style=\"border: 1px solid #ccc; padding: 8px;\">Detalles<\/th>\n<\/tr>\n<\/thead>\n<tbody>\n<tr>\n<td style=\"border: 1px solid #ccc; padding: 8px;\">Nombre del producto<\/td>\n<td style=\"border: 1px solid #ccc; padding: 8px;\">Cocodrilo de dibujos animados Cepillo de ba\u00f1o<\/td>\n<\/tr>\n<tr>\n<td style=\"border: 1px solid #ccc; padding: 8px;\">Modelo<\/td>\n<td style=\"border: 1px solid #ccc; padding: 8px;\">S-GS025<\/td>\n<\/tr>\n<tr>\n<td style=\"border: 1px solid #ccc; padding: 8px;\">Material<\/td>\n<td style=\"border: 1px solid #ccc; padding: 8px;\">Silicona alimentaria<\/td>\n<\/tr>\n<tr>\n<td style=\"border: 1px solid #ccc; padding: 8px;\">Talla<\/td>\n<td style=\"border: 1px solid #ccc; padding: 8px;\">135 \u00d7 74 \u00d7 32 mm<\/td>\n<\/tr>\n<tr>\n<td style=\"border: 1px solid #ccc; padding: 8px;\">Peso<\/td>\n<td style=\"border: 1px solid #ccc; padding: 8px;\">100g<\/td>\n<\/tr>\n<tr>\n<td style=\"border: 1px solid #ccc; padding: 8px;\">Color<\/td>\n<td style=\"border: 1px solid #ccc; padding: 8px;\">Personalizable (se aceptan OEM)<\/td>\n<\/tr>\n<tr>\n<td style=\"border: 1px solid #ccc; padding: 8px;\">Caracter\u00edsticas<\/td>\n<td style=\"border: 1px solid #ccc; padding: 8px;\">Cerdas suaves + Agujero para colgar<\/td>\n<\/tr>\n<tr>\n<td style=\"border: 1px solid #ccc; padding: 8px;\">OEM\/ODM<\/td>\n<td style=\"border: 1px solid #ccc; padding: 8px;\">Aceptable (logotipo, color, embalaje)<\/td>\n<\/tr>\n<\/tbody>\n<\/table>\n<\/section>\n<section style=\"margin-bottom: 20px;\">\n<h2 style=\"font-size: 18px; margin-bottom: 8px;\">\ud83d\udca1 \u00bfPor qu\u00e9 elegir este cepillo suave para beb\u00e9s?<\/h2>\n<p>La hora del ba\u00f1o debe ser <strong>seguro, agradable y eficaz<\/strong>. Las suaves cerdas de silicona son delicadas con el cuero cabelludo sensible de los beb\u00e9s y suficientemente el\u00e1sticas para un masaje relajante. Los adultos pueden utilizarlo como <strong>exfoliante corporal, masajeador del cuero cabelludo o cepillo para el cuidado de la piel<\/strong>. Las mascotas tambi\u00e9n disfrutar\u00e1n de un cepillado suave.<\/p>\n<\/section>\n<section style=\"margin-bottom: 20px;\">\n<h2 style=\"font-size: 18px; margin-bottom: 8px;\">\ud83c\udfd5\ufe0f Aplicaciones<\/h2>\n<ul style=\"margin: 0; padding-left: 18px;\">\n<li><strong>Para beb\u00e9s:<\/strong> Limpieza suave para pieles delicadas.<\/li>\n<li><strong>Para ni\u00f1os:<\/strong> Su bonita forma hace que la hora del ba\u00f1o sea divertida.<\/li>\n<li><strong>Para adultos:<\/strong> Utilizar como masajeador corporal, exfoliante, cepillo para el cuero cabelludo.<\/li>\n<li><strong>Para mascotas:<\/strong> Seguro para el ba\u00f1o de perros y gatos.<\/li>\n<li><strong>Para viajar:<\/strong> Compacto y ligero para viajes.<\/li>\n<\/ul>\n<\/section>\n<section style=\"margin-bottom: 20px;\">\n<h2 style=\"font-size: 18px; margin-bottom: 8px;\">\ud83d\udd27 Servicios OEM y de personalizaci\u00f3n<\/h2>\n<p>Ofrecemos servicios profesionales <strong>Personalizaci\u00f3n OEM y ODM<\/strong> con opciones que incluyen:<\/p>\n<ul style=\"margin: 0; padding-left: 18px;\">\n<li>Impresi\u00f3n y estampado de logotipos \ud83d\udda8\ufe0f<\/li>\n<li>Producci\u00f3n en color personalizada \ud83c\udfa8<\/li>\n<li>Dise\u00f1o de envases (cajas ecol\u00f3gicas, sets de venta al por menor) \ud83d\udce6<\/li>\n<li>Cantidades de pedido flexibles para minoristas y mayoristas<\/li>\n<\/ul>\n<p>Todos los productos cumplen <strong>Normas SGS, FDA e ISO<\/strong>.<\/p>\n<\/section>\n<section style=\"margin-bottom: 20px;\">\n<h2 style=\"font-size: 18px; margin-bottom: 8px;\">\ud83c\udf0d Dise\u00f1o respetuoso con el medio ambiente<\/h2>\n<p>Este cepillo de ba\u00f1o de silicona reutilizable reduce los residuos medioambientales al sustituir a los cepillos de pl\u00e1stico desechables. Fabricado con <strong>silicona alimentaria duradera<\/strong>, La agricultura sostenible, que apoya un estilo de vida sostenible al tiempo que ahorra costes a las familias y las empresas.<\/p>\n<\/section>\n<section style=\"margin-bottom: 20px;\">\n<h2 style=\"font-size: 18px; margin-bottom: 8px;\">\ud83d\udce6 Embalaje y opciones de env\u00edo<\/h2>\n<ul style=\"margin: 0; padding-left: 18px;\">\n<li><strong>Est\u00e1ndar:<\/strong> Bolsa OPP<\/li>\n<li><strong>A medida:<\/strong> Cajas ecol\u00f3gicas o sets listos para la venta<\/li>\n<li><strong>Al por mayor:<\/strong> Caja de cart\u00f3n con envoltorio protector<\/li>\n<li><strong>Plazo de entrega:<\/strong> 7-15 d\u00edas seg\u00fan el tama\u00f1o del pedido<\/li>\n<\/ul>\n<\/section>\n<section style=\"margin-bottom: 20px;\">\n<h2 style=\"font-size: 18px; margin-bottom: 8px;\">\ud83d\udcca Comparativa: Cepillo de ba\u00f1o de silicona vs Cepillo de pl\u00e1stico<\/h2>\n<table style=\"border-collapse: collapse; width: 100%; font-size: 14px;\">\n<tbody>\n<tr style=\"background-color: #f4f4f4;\">\n<th style=\"border: 1px solid #ccc; padding: 6px;\">Caracter\u00edstica<\/th>\n<th style=\"border: 1px solid #ccc; padding: 6px;\">Cepillo de ba\u00f1o de silicona<\/th>\n<th style=\"border: 1px solid #ccc; padding: 6px;\">Cepillo de ba\u00f1o de pl\u00e1stico<\/th>\n<\/tr>\n<tr>\n<td style=\"border: 1px solid #ccc; padding: 6px;\">Material<\/td>\n<td style=\"border: 1px solid #ccc; padding: 6px;\">Silicona alimentaria<\/td>\n<td style=\"border: 1px solid #ccc; padding: 6px;\">Pl\u00e1stico duro<\/td>\n<\/tr>\n<tr>\n<td style=\"border: 1px solid #ccc; padding: 6px;\">Seguridad cut\u00e1nea<\/td>\n<td style=\"border: 1px solid #ccc; padding: 6px;\">Cerdas suaves y delicadas<\/td>\n<td style=\"border: 1px solid #ccc; padding: 6px;\">Duro, puede ara\u00f1ar<\/td>\n<\/tr>\n<tr>\n<td style=\"border: 1px solid #ccc; padding: 6px;\">Durabilidad<\/td>\n<td style=\"border: 1px solid #ccc; padding: 6px;\">Flexible y duradero<\/td>\n<td style=\"border: 1px solid #ccc; padding: 6px;\">Quebradizo, se agrieta f\u00e1cilmente<\/td>\n<\/tr>\n<tr>\n<td style=\"border: 1px solid #ccc; padding: 6px;\">Ecol\u00f3gico<\/td>\n<td style=\"border: 1px solid #ccc; padding: 6px;\">Reutilizable, sostenible<\/td>\n<td style=\"border: 1px solid #ccc; padding: 6px;\">Desechable, derrochador<\/td>\n<\/tr>\n<tr>\n<td style=\"border: 1px solid #ccc; padding: 6px;\">Dise\u00f1o<\/td>\n<td style=\"border: 1px solid #ccc; padding: 6px;\">Cocodrilo de dibujos animados, personalizable<\/td>\n<td style=\"border: 1px solid #ccc; padding: 6px;\">Gen\u00e9rico, limitado<\/td>\n<\/tr>\n<\/tbody>\n<\/table>\n<\/section>\n<section>\n<h2 style=\"font-size: 18px; margin-bottom: 8px;\">\u2728 Conclusi\u00f3n<\/h2>\n<p>En <strong>Cocodrilo de dibujos animados Cepillo de ba\u00f1o<\/strong> hace que la hora del ba\u00f1o sea divertida, segura y sostenible. Apta para beb\u00e9s, ni\u00f1os, adultos e incluso mascotas, es una opci\u00f3n ecol\u00f3gica, personalizable y duradera tanto para uso personal como para proyectos promocionales.<\/p>\n<p><strong>\u00a1Pon tus manos (y pies) en este divertido, seguro y sostenible cepillo de ba\u00f1o con forma de cocodrilo hoy mismo! \ud83d\udc0a\u2728<\/strong><\/p>\n<\/section>\n<\/section>","protected":false},"excerpt":{"rendered":"<p>Descubra un suave cepillo para beb\u00e9s de cocodrilo de dibujos animados fabricado con silicona de calidad alimentaria. Este cepillo de ba\u00f1o de silicona es suave, duradero, ligero y est\u00e1 dise\u00f1ado para beb\u00e9s o adultos. Perfecto para el cuidado de la piel, masaje de ba\u00f1o, dise\u00f1os personalizables OEM, y el uso diario ecol\u00f3gico.<\/p>","protected":false},"featured_media":5745,"comment_status":"closed","ping_status":"closed","template":"","meta":{"_acf_changed":false},"product_brand":[],"product_cat":[49],"product_tag":[],"class_list":{"0":"post-5683","1":"product","2":"type-product","3":"status-publish","4":"has-post-thumbnail","6":"product_cat-silicone-materials","8":"first","9":"instock","10":"shipping-taxable","11":"product-type-grouped"},"acf":[],"_links":{"self":[{"href":"https:\/\/goldensoarpackage.com\/es\/wp-json\/wp\/v2\/product\/5683","targetHints":{"allow":["GET"]}}],"collection":[{"href":"https:\/\/goldensoarpackage.com\/es\/wp-json\/wp\/v2\/product"}],"about":[{"href":"https:\/\/goldensoarpackage.com\/es\/wp-json\/wp\/v2\/types\/product"}],"replies":[{"embeddable":true,"href":"https:\/\/goldensoarpackage.com\/es\/wp-json\/wp\/v2\/comments?post=5683"}],"wp:featuredmedia":[{"embeddable":true,"href":"https:\/\/goldensoarpackage.com\/es\/wp-json\/wp\/v2\/media\/5745"}],"wp:attachment":[{"href":"https:\/\/goldensoarpackage.com\/es\/wp-json\/wp\/v2\/media?parent=5683"}],"wp:term":[{"taxonomy":"product_brand","embeddable":true,"href":"https:\/\/goldensoarpackage.com\/es\/wp-json\/wp\/v2\/product_brand?post=5683"},{"taxonomy":"product_cat","embeddable":true,"href":"https:\/\/goldensoarpackage.com\/es\/wp-json\/wp\/v2\/product_cat?post=5683"},{"taxonomy":"product_tag","embeddable":true,"href":"https:\/\/goldensoarpackage.com\/es\/wp-json\/wp\/v2\/product_tag?post=5683"}],"curies":[{"name":"wp","href":"https:\/\/api.w.org\/{rel}","templated":true}]}}