{"id":5632,"date":"2025-08-19T06:25:50","date_gmt":"2025-08-19T06:25:50","guid":{"rendered":"https:\/\/goldensoarpackage.com\/?post_type=product&#038;p=5632"},"modified":"2025-09-23T04:13:23","modified_gmt":"2025-09-23T04:13:23","slug":"botellas-de-viaje-de-silicona-envase-exprimible","status":"publish","type":"product","link":"https:\/\/goldensoarpackage.com\/es\/botellas-de-viaje-de-silicona-envase-exprimible\/","title":{"rendered":"3pcs Silicone Travel Bottles Leak Proof Small Squeezable Containers Set 60ml 90ml Refillable Toiletries Shampoo Lotion Shower Gel Portable OEM Customizable"},"content":{"rendered":"<section class=\"product-card\" style=\"font-family: Arial,Helvetica,sans-serif; line-height: 1.6; color: #111;\">\n<header style=\"text-align: center; margin-bottom: 1rem;\">\n<h1 style=\"font-size: 24px; font-weight: bold; margin: 0;\">Set de botellas de silicona de viaje - Peque\u00f1os envases exprimibles a prueba de fugas para art\u00edculos de aseo personal<\/h1>\n<p style=\"margin: 10px 0; font-size: 16px;\">Nuestras botellas de viaje de silicona son los accesorios de viaje perfectos.<\/p>\n<p>&nbsp;<\/p>\n<\/header>\n<section style=\"margin-bottom: 25px;\">\n<h2 style=\"font-size: 20px; margin-bottom: 8px;\">\ud83c\udf1f Aspectos destacados<\/h2>\n<p style=\"margin: 1rem 0;\">DESTACADO EN HVAC \/ Home &amp; Garage Organizing. MAXIMIZA TODOS LOS ESPACIOS DE ALMACENAMIENTO. Estos contenedores son resistentes, exprimibles y reutilizables. Dise\u00f1ados para ser pr\u00e1cticos, duraderos y ecol\u00f3gicos.<\/p>\n<p style=\"margin: 1rem 0;\">F\u00e1cil de transportar champ\u00fa, loci\u00f3n, gel de ducha o productos para el cuidado de la piel sin preocuparse por las fugas. Perfecto para los amantes de los viajes, los viajeros frecuentes, los viajeros de negocios o las marcas que buscan productos promocionales personalizados.<\/p>\n<\/section>\n<section style=\"margin-bottom: 25px;\">\n<h2 style=\"font-size: 20px; margin-bottom: 8px;\">Especificaciones del producto<\/h2>\n<table style=\"width: 100%; border-collapse: collapse; font-size: 14px; margin-bottom: 10px;\">\n<thead>\n<tr style=\"background-color: #f4f4f4;\">\n<th style=\"border: 1px solid #ccc; padding: 8px;\">Art\u00edculo<\/th>\n<th style=\"border: 1px solid #ccc; padding: 8px;\">Detalles<\/th>\n<\/tr>\n<\/thead>\n<tbody>\n<tr>\n<td style=\"border: 1px solid #ccc; padding: 8px;\">Nombre del producto<\/td>\n<td style=\"border: 1px solid #ccc; padding: 8px;\">Botellas exprimibles para loci\u00f3n (3 uds.)<\/td>\n<\/tr>\n<tr>\n<td style=\"border: 1px solid #ccc; padding: 8px;\">Modelo<\/td>\n<td style=\"border: 1px solid #ccc; padding: 8px;\">S-GS007<\/td>\n<\/tr>\n<tr>\n<td style=\"border: 1px solid #ccc; padding: 8px;\">Material<\/td>\n<td style=\"border: 1px solid #ccc; padding: 8px;\">Silicona alimentaria (botella) + PP (tapa)<\/td>\n<\/tr>\n<tr>\n<td style=\"border: 1px solid #ccc; padding: 8px;\">Capacidad y tama\u00f1o<\/td>\n<td style=\"border: 1px solid #ccc; padding: 8px;\">60 ml (80 \u00d7 100 mm), 90 ml (95 \u00d7 115 mm)<\/td>\n<\/tr>\n<tr>\n<td style=\"border: 1px solid #ccc; padding: 8px;\">Peso<\/td>\n<td style=\"border: 1px solid #ccc; padding: 8px;\">90 g\/105 g<\/td>\n<\/tr>\n<tr>\n<td style=\"border: 1px solid #ccc; padding: 8px;\">Color<\/td>\n<td style=\"border: 1px solid #ccc; padding: 8px;\">Personalizable<\/td>\n<\/tr>\n<tr>\n<td style=\"border: 1px solid #ccc; padding: 8px;\">Caracter\u00edsticas<\/td>\n<td style=\"border: 1px solid #ccc; padding: 8px;\">A prueba de fugas, exprimible, rellenable, compacta, apta para viajes<\/td>\n<\/tr>\n<tr>\n<td style=\"border: 1px solid #ccc; padding: 8px;\">Opciones OEM<\/td>\n<td style=\"border: 1px solid #ccc; padding: 8px;\">Colores personalizados, impresi\u00f3n de logotipos, envasado, etiquetado<\/td>\n<\/tr>\n<\/tbody>\n<\/table>\n<\/section>\n<section style=\"margin-bottom: 25px;\">\n<h2 style=\"font-size: 20px; margin-bottom: 8px;\">Caracter\u00edsticas principales<\/h2>\n<ul style=\"margin: 0 0 1rem 1.2rem;\">\n<li>\u2705 Resistente a las fugas: el tap\u00f3n mejorado evita los derrames en la bolsa.<\/li>\n<li>\u2705 TSA Friendly - Ideal para equipaje de mano y controles de aeropuerto.<\/li>\n<li>\u2705 Silicona resistente: duradera pero flexible.<\/li>\n<li>\u2705 Ligero y port\u00e1til - Cabe en bolsos, mochilas o maletas.<\/li>\n<li>\u2705 Rellenable y reutilizable: alternativa ecol\u00f3gica a los pl\u00e1sticos de un solo uso.<\/li>\n<li>\u2705 OEM + Personalizable - A\u00f1ada su logotipo, cambie la marca o los colores.<\/li>\n<\/ul>\n<\/section>\n<section style=\"margin-bottom: 25px;\">\n<h2 style=\"font-size: 20px; margin-bottom: 8px;\">\ud83c\udf0d \u00bfPor qu\u00e9 elegir botellas de viaje de silicona?<\/h2>\n<p style=\"margin: 0 0 1rem;\">Los escapes de los productos de aseo son un problema habitual para los viajeros. Nuestros frascos de silicona presentan un dise\u00f1o de tap\u00f3n seguro con silicona duradera y exprimible, lo que te permite utilizar hasta la \u00faltima gota de champ\u00fa, loci\u00f3n o gel.<\/p>\n<\/section>\n<section style=\"margin-bottom: 25px;\">\n<h2 style=\"font-size: 20px; margin-bottom: 8px;\">Aplicaciones<\/h2>\n<ul style=\"margin: 0 0 1rem 1.2rem;\">\n<li>Champ\u00fa y acondicionador<\/li>\n<li>\u2714 Loci\u00f3n y protector solar<\/li>\n<li>\u2714 Gel de ducha y jab\u00f3n corporal<\/li>\n<li>\u2714 Desinfectante de manos, jab\u00f3n, cremas para la piel<\/li>\n<li>\u2714 Viajes, gimnasio, hotel, camping al aire libre<\/li>\n<\/ul>\n<\/section>\n<section style=\"margin-bottom: 25px;\">\n<h2 style=\"font-size: 20px; margin-bottom: 8px;\">\ud83c\udfed Servicios OEM y de personalizaci\u00f3n<\/h2>\n<p style=\"margin: 0 0 1rem;\">Ofrecemos soluciones personalizadas para clientes de todo el mundo. Las opciones incluyen:<\/p>\n<ul style=\"margin: 0 0 1rem 1.2rem;\">\n<li>\ud83c\udfa8 Colores personalizados (silicona Pantone)<\/li>\n<li>\ud83d\udda8\ufe0f Impresi\u00f3n de logotipos (serigraf\u00eda, relieve, grabado l\u00e1ser)<\/li>\n<li>\ud83d\udce6 Embalaje (bolsa opp, tarjeta bl\u00edster, caja de regalo).<\/li>\n<li>\ud83d\udd27 Tipos de tap\u00f3n (flip cap, pump cap, spray head)<\/li>\n<\/ul>\n<\/section>\n<section style=\"margin-bottom: 25px;\">\n<h2 style=\"font-size: 20px; margin-bottom: 8px;\">\ud83c\udf31 Compromiso ecol\u00f3gico<\/h2>\n<p style=\"margin: 0 0 1rem;\">Las botellas de silicona reutilizables reducen los residuos de pl\u00e1stico de un solo uso. Fabricadas con silicona alimentaria sin BPA, son seguras para uso personal y familiar, al tiempo que apoyan la sostenibilidad.<\/p>\n<\/section>\n<section style=\"margin-bottom: 25px;\">\n<h2 style=\"font-size: 20px; margin-bottom: 8px;\">\ud83d\ude80 Ventajas sobre los contenedores tradicionales<\/h2>\n<ul style=\"margin: 0 0 1rem 1.2rem;\">\n<li>\u2714 A prueba de fugas, viaje sin salpicaduras.<\/li>\n<li>\u2714 F\u00e1cil dispensaci\u00f3n con silicona exprimible.<\/li>\n<li>\u2714 Su tama\u00f1o compacto se ajusta a las normativas de las aerol\u00edneas.<\/li>\n<li>Reutilizable y respetuoso con el medio ambiente.<\/li>\n<li>\u2714 El OEM y la personalizaci\u00f3n mejoran la imagen de marca.<\/li>\n<\/ul>\n<\/section>\n<section style=\"margin-bottom: 25px;\">\n<h2 style=\"font-size: 20px; margin-bottom: 8px;\">\ud83d\udce6 Embalaje y entrega<\/h2>\n<p style=\"margin: 0 0 1rem;\">Cada botella se envasa individualmente en una bolsa OPP y se embala para su protecci\u00f3n. Envases a granel disponibles para pedidos al por mayor, ideales para cadenas minoristas, supermercados o regalos promocionales. La rapidez de producci\u00f3n y el env\u00edo internacional garantizan un suministro fiable.<\/p>\n<\/section>\n<section style=\"margin-bottom: 25px;\">\n<h2 style=\"font-size: 20px; margin-bottom: 8px;\">\u2728 Conclusi\u00f3n<\/h2>\n<p style=\"margin: 0 0 1rem;\">Si usted es un viajero que necesita un almacenamiento fiable o una empresa que busca art\u00edculos promocionales OEM, nuestras botellas de viaje de silicona son la soluci\u00f3n perfecta. A prueba de fugas, aprobadas por la TSA, reutilizables, ecol\u00f3gicas y disponibles en tama\u00f1os de 60 ml y 90 ml.<\/p>\n<p>\ud83c\udf0d Elige comodidad. Elige sostenibilidad. Consiga hoy mismo botellas de viaje de silicona OEM\/personalizables.<\/p>\n<\/section>\n<\/section>","protected":false},"excerpt":{"rendered":"<p>Botellas de viaje de silicona de primera calidad dise\u00f1adas como peque\u00f1os recipientes exprimibles para art\u00edculos de aseo. A prueba de fugas, rellenables, aprobados por la TSA, disponibles en tama\u00f1os de 60 ml y 90 ml. Ideales para champ\u00fa, loci\u00f3n y gel de ducha. Personalizables con marca OEM.<\/p>","protected":false},"featured_media":5633,"comment_status":"closed","ping_status":"closed","template":"","meta":{"_acf_changed":false},"product_brand":[],"product_cat":[49],"product_tag":[],"class_list":{"0":"post-5632","1":"product","2":"type-product","3":"status-publish","4":"has-post-thumbnail","6":"product_cat-silicone-materials","8":"first","9":"instock","10":"shipping-taxable","11":"product-type-grouped"},"acf":[],"_links":{"self":[{"href":"https:\/\/goldensoarpackage.com\/es\/wp-json\/wp\/v2\/product\/5632","targetHints":{"allow":["GET"]}}],"collection":[{"href":"https:\/\/goldensoarpackage.com\/es\/wp-json\/wp\/v2\/product"}],"about":[{"href":"https:\/\/goldensoarpackage.com\/es\/wp-json\/wp\/v2\/types\/product"}],"replies":[{"embeddable":true,"href":"https:\/\/goldensoarpackage.com\/es\/wp-json\/wp\/v2\/comments?post=5632"}],"wp:featuredmedia":[{"embeddable":true,"href":"https:\/\/goldensoarpackage.com\/es\/wp-json\/wp\/v2\/media\/5633"}],"wp:attachment":[{"href":"https:\/\/goldensoarpackage.com\/es\/wp-json\/wp\/v2\/media?parent=5632"}],"wp:term":[{"taxonomy":"product_brand","embeddable":true,"href":"https:\/\/goldensoarpackage.com\/es\/wp-json\/wp\/v2\/product_brand?post=5632"},{"taxonomy":"product_cat","embeddable":true,"href":"https:\/\/goldensoarpackage.com\/es\/wp-json\/wp\/v2\/product_cat?post=5632"},{"taxonomy":"product_tag","embeddable":true,"href":"https:\/\/goldensoarpackage.com\/es\/wp-json\/wp\/v2\/product_tag?post=5632"}],"curies":[{"name":"wp","href":"https:\/\/api.w.org\/{rel}","templated":true}]}}